{"id":22,"date":"2014-09-18T12:19:57","date_gmt":"2014-09-18T10:19:57","guid":{"rendered":"http:\/\/agora.xtec.cat\/escolaelcolomer\/?page_id=22"},"modified":"2021-02-25T06:56:36","modified_gmt":"2021-02-25T05:56:36","slug":"lescola","status":"publish","type":"page","link":"https:\/\/agora.xtec.cat\/escolaelcolomer\/lescola\/","title":{"rendered":"L&#8217;escola"},"content":{"rendered":"<p>L\u2019escola el Colomer \u00e9s un centre educatiu, de doble l\u00ednia, que forma part de la xarxa de centres p\u00fablics de Catalunya, la titularitat del qual correspon al Departament d\u2019Ensenyament de la Generalitat de Catalunya.<\/p>\n<p>L\u2019escola est\u00e0 ubicada als terrenys de l\u2019antic mas el Colomer a la urbanitzaci\u00f3 de Font Granada a un quil\u00f2metre del nucli urb\u00e0.<\/p>\n<p>La infrastructura de l\u2019escola inicialment va ser amb m\u00f2duls prefabricats. A l\u2019abril de 2.011 es va fer el trasllat a l\u2019edifici de l\u2019escola nova i a l\u2019octubre del mateix any, es va entregar definitivament l\u2019obra, ocupant la part esportiva (gimn\u00e0s i pista).<\/p>\n<p>En la construcci\u00f3 de l\u2019edifici de l\u2019escola es va descobrir les restes arqueol\u00f2giques, que consisteixen en un forn de cer\u00e0mica i el seu obrador adjacent del segle XIV.<\/p>\n","protected":false},"excerpt":{"rendered":"<p>L\u2019escola el Colomer \u00e9s un centre educatiu, de doble l\u00ednia, que forma part de la xarxa de centres p\u00fablics de Catalunya, la titularitat del qual correspon al Departament d\u2019Ensenyament de la Generalitat de Catalunya.<br \/>\nL\u2019escola est\u00e0 ubicada als terrenys de l\u2019antic mas el Colomer a la&hellip;  <a href=\"https:\/\/agora.xtec.cat\/escolaelcolomer\/lescola\/\" title=\"Read L&#8217;escola\">Llegeix m\u00e9s\u00bb<\/a><\/p>\n","protected":false},"author":1,"featured_media":0,"parent":0,"menu_order":0,"comment_status":"closed","ping_status":"closed","template":"page-templates\/side-menu.php","meta":{"_bbp_topic_count":0,"_bbp_reply_count":0,"_bbp_total_topic_count":0,"_bbp_total_reply_count":0,"_bbp_voice_count":0,"_bbp_anonymous_reply_count":0,"_bbp_topic_count_hidden":0,"_bbp_reply_count_hidden":0,"_bbp_forum_subforum_count":0,"footnotes":""},"class_list":["post-22","page","type-page","status-publish","hentry"],"post_mailing_queue_ids":[],"_links":{"self":[{"href":"https:\/\/agora.xtec.cat\/escolaelcolomer\/wp-json\/wp\/v2\/pages\/22","targetHints":{"allow":["GET"]}}],"collection":[{"href":"https:\/\/agora.xtec.cat\/escolaelcolomer\/wp-json\/wp\/v2\/pages"}],"about":[{"href":"https:\/\/agora.xtec.cat\/escolaelcolomer\/wp-json\/wp\/v2\/types\/page"}],"author":[{"embeddable":true,"href":"https:\/\/agora.xtec.cat\/escolaelcolomer\/wp-json\/wp\/v2\/users\/1"}],"replies":[{"embeddable":true,"href":"https:\/\/agora.xtec.cat\/escolaelcolomer\/wp-json\/wp\/v2\/comments?post=22"}],"version-history":[{"count":1,"href":"https:\/\/agora.xtec.cat\/escolaelcolomer\/wp-json\/wp\/v2\/pages\/22\/revisions"}],"predecessor-version":[{"id":1070,"href":"https:\/\/agora.xtec.cat\/escolaelcolomer\/wp-json\/wp\/v2\/pages\/22\/revisions\/1070"}],"wp:attachment":[{"href":"https:\/\/agora.xtec.cat\/escolaelcolomer\/wp-json\/wp\/v2\/media?parent=22"}],"curies":[{"name":"wp","href":"https:\/\/api.w.org\/{rel}","templated":true}]}}