{"id":1331,"date":"2019-02-27T09:43:18","date_gmt":"2019-02-27T08:43:18","guid":{"rendered":"http:\/\/agora.xtec.cat\/escolaelcolomer\/?page_id=1331"},"modified":"2022-06-29T12:09:53","modified_gmt":"2022-06-29T10:09:53","slug":"projecte-linguistic","status":"publish","type":"page","link":"https:\/\/agora.xtec.cat\/escolaelcolomer\/lescola\/projecte-educatiu\/projecte-linguistic\/","title":{"rendered":"Projecte Ling\u00fc\u00edstic de Centre"},"content":{"rendered":"<p>El <strong>Projecte Ling\u00fc\u00edstic de Centre<\/strong> (PLC) \u00e9s el document que recull els aspectes relatius a l\u2019ensenyament \/ aprenentatge i a l\u2019\u00fas de les lleng\u00fces a l\u2019escola.<\/p>\n<p>En aquest document queden definits el tractament de la llengua catalana, com a llengua vehicular i d\u2019aprenentatge, el proc\u00e9s d\u2019ensenyament i aprenentatge de la llengua castellana, i les opcions amb refer\u00e8ncia a les lleng\u00fces estrangeres, en el nostre cas, la llengua anglesa,\u00a0 i els criteris generals per a les adequacions de les lleng\u00fces a la realitat socioling\u00fc\u00edstica de l\u2019Escola El Colomer, de Bigues i Riells del Fai.<\/p>\n<p><a href=\"https:\/\/agora.xtec.cat\/escolaelcolomer\/wp-content\/uploads\/usu1894\/2022\/06\/PLC-desembre-2018-definitiu-diligencia-juny-2022-.pdf\">PLC desembre 2018 definitiu + dilig\u00e8ncia juny 2022<\/a><\/p>\n<p>&nbsp;<\/p>\n","protected":false},"excerpt":{"rendered":"<p>El Projecte Ling\u00fc\u00edstic de Centre (PLC) \u00e9s el document que recull els aspectes relatius a l\u2019ensenyament \/ aprenentatge i a l\u2019\u00fas de les lleng\u00fces a l\u2019escola.<br \/>\nEn aquest document queden definits el tractament de la llengua catalana, com a llengua vehicular i d\u2019aprenentatge, el proc\u00e9s d\u2019ensenyament&hellip;  <a href=\"https:\/\/agora.xtec.cat\/escolaelcolomer\/lescola\/projecte-educatiu\/projecte-linguistic\/\" title=\"Read Projecte Ling\u00fc\u00edstic de Centre\">Llegeix m\u00e9s\u00bb<\/a><\/p>\n","protected":false},"author":3,"featured_media":0,"parent":64,"menu_order":0,"comment_status":"closed","ping_status":"closed","template":"page-templates\/side-menu.php","meta":{"_bbp_topic_count":0,"_bbp_reply_count":0,"_bbp_total_topic_count":0,"_bbp_total_reply_count":0,"_bbp_voice_count":0,"_bbp_anonymous_reply_count":0,"_bbp_topic_count_hidden":0,"_bbp_reply_count_hidden":0,"_bbp_forum_subforum_count":0,"footnotes":""},"class_list":["post-1331","page","type-page","status-publish","hentry"],"post_mailing_queue_ids":[],"_links":{"self":[{"href":"https:\/\/agora.xtec.cat\/escolaelcolomer\/wp-json\/wp\/v2\/pages\/1331","targetHints":{"allow":["GET"]}}],"collection":[{"href":"https:\/\/agora.xtec.cat\/escolaelcolomer\/wp-json\/wp\/v2\/pages"}],"about":[{"href":"https:\/\/agora.xtec.cat\/escolaelcolomer\/wp-json\/wp\/v2\/types\/page"}],"author":[{"embeddable":true,"href":"https:\/\/agora.xtec.cat\/escolaelcolomer\/wp-json\/wp\/v2\/users\/3"}],"replies":[{"embeddable":true,"href":"https:\/\/agora.xtec.cat\/escolaelcolomer\/wp-json\/wp\/v2\/comments?post=1331"}],"version-history":[{"count":4,"href":"https:\/\/agora.xtec.cat\/escolaelcolomer\/wp-json\/wp\/v2\/pages\/1331\/revisions"}],"predecessor-version":[{"id":3464,"href":"https:\/\/agora.xtec.cat\/escolaelcolomer\/wp-json\/wp\/v2\/pages\/1331\/revisions\/3464"}],"up":[{"embeddable":true,"href":"https:\/\/agora.xtec.cat\/escolaelcolomer\/wp-json\/wp\/v2\/pages\/64"}],"wp:attachment":[{"href":"https:\/\/agora.xtec.cat\/escolaelcolomer\/wp-json\/wp\/v2\/media?parent=1331"}],"curies":[{"name":"wp","href":"https:\/\/api.w.org\/{rel}","templated":true}]}}