{"id":764,"date":"2019-03-08T09:58:21","date_gmt":"2019-03-08T08:58:21","guid":{"rendered":"http:\/\/agora.xtec.cat\/escolaelbruc\/?page_id=764"},"modified":"2025-05-13T12:06:15","modified_gmt":"2025-05-13T10:06:15","slug":"el-nostre-equip","status":"publish","type":"page","link":"https:\/\/agora.xtec.cat\/escolaelbruc\/lescola\/el-nostre-equip\/","title":{"rendered":"Comunitat educativa de l&#8217;escola"},"content":{"rendered":"<p>L&#8217;equip de l&#8217;escola per aquest curs 2024-2025 \u00e9s:<\/p>\n<p>&nbsp;<\/p>\n<table style=\"width: 43.19%; height: 811px;\" width=\"72%\">\n<tbody>\n<tr>\n<td width=\"23%\">CURS<\/td>\n<td width=\"37%\">DOCENT<\/td>\n<td width=\"37%\">Horari d&#8217;atenci\u00f3<\/td>\n<\/tr>\n<tr>\n<td width=\"23%\">P3<\/td>\n<td width=\"37%\">Jon Badiola<\/td>\n<td width=\"37%\">Dilluns de 12:30-13:30 hores<\/td>\n<\/tr>\n<tr>\n<td width=\"23%\">P4<\/td>\n<td width=\"37%\">Laura Alonso<\/td>\n<td width=\"37%\">Dilluns de 12:30-13:30 hores<\/td>\n<\/tr>\n<tr>\n<td width=\"23%\">P5 i coordinadora infantil<\/td>\n<td width=\"37%\">Al\u00edcia Salazar<\/td>\n<td width=\"37%\">Dilluns de 12:30-13:30 hores<\/td>\n<\/tr>\n<tr>\n<td width=\"23%\">1r<\/td>\n<td width=\"37%\">Raquel Belmonte<\/td>\n<td width=\"37%\">Dilluns de 12:30-13:30 hores<\/td>\n<\/tr>\n<tr>\n<td width=\"23%\">2n i ED<\/td>\n<td width=\"37%\">Anna Albesa<\/td>\n<td width=\"37%\">Dilluns de 12:30-13:30 hores<\/td>\n<\/tr>\n<tr>\n<td width=\"23%\">3r i coordinaci\u00f3 TAC<\/td>\n<td width=\"37%\">Zaira Aloy<\/td>\n<td width=\"37%\">Dilluns de 12:30-13:30 hores<\/td>\n<\/tr>\n<tr>\n<td width=\"23%\">4t<\/td>\n<td width=\"37%\">Eva Maria Garrido<\/td>\n<td width=\"37%\">Dilluns de 12:30-13:30 hores<\/td>\n<\/tr>\n<tr>\n<td width=\"23%\">5\u00e8 i coordinaci\u00f3 LIC<\/td>\n<td width=\"37%\">Paola Andolz<\/td>\n<td width=\"37%\">Dilluns de 12:30-13:30 hores<\/td>\n<\/tr>\n<tr>\n<td width=\"23%\">6\u00e8 i coordinaci\u00f3 riscos<\/td>\n<td width=\"37%\">David L\u00f3pez<\/td>\n<td width=\"37%\">Dilluns de 12:30-13:30 hores<\/td>\n<\/tr>\n<tr>\n<td width=\"23%\">Angl\u00e8s<\/td>\n<td width=\"37%\">Margarita Jordana<\/td>\n<td width=\"37%\">Dilluns de 12:30-13:30 hores<\/td>\n<\/tr>\n<tr>\n<td width=\"23%\">M\u00fasica i coordinaci\u00f3 prim\u00e0ria<\/td>\n<td width=\"37%\">Rut Mart\u00ed<\/td>\n<td width=\"37%\">Dilluns de 12:30-13:30 hores<\/td>\n<\/tr>\n<tr>\n<td width=\"23%\">Atenci\u00f3 Diversitat i ED<\/td>\n<td width=\"37%\">Gemma Babot<\/td>\n<td width=\"37%\">Amb cita pr\u00e8via<\/td>\n<\/tr>\n<tr>\n<td width=\"23%\">Suport i ED<\/td>\n<td width=\"37%\">Nina Ros<\/td>\n<td width=\"37%\">Dilluns de 12:30-13:30 hores<\/td>\n<\/tr>\n<tr>\n<td width=\"23%\">Vetlladora<\/td>\n<td width=\"37%\">M\u00f2nica Armengol<\/td>\n<td width=\"37%\"><\/td>\n<\/tr>\n<tr>\n<td width=\"23%\">EAP<\/p>\n<p>CREDA<\/td>\n<td width=\"37%\">Diana Sanfeliu<\/p>\n<p>Emma Sellar\u00e9s<\/td>\n<td width=\"37%\"><\/td>\n<\/tr>\n<tr>\n<td width=\"23%\">Administrativa<\/td>\n<td width=\"37%\">Magdalena Carbonero<\/td>\n<td width=\"37%\"><\/td>\n<\/tr>\n<tr>\n<td width=\"23%\">Consergeria<\/td>\n<td width=\"37%\">Jordi Pons<\/td>\n<td width=\"37%\"><\/td>\n<\/tr>\n<tr>\n<td width=\"23%\">Coord. menjador<\/td>\n<td width=\"37%\">Bel<\/td>\n<td width=\"37%\"><\/td>\n<\/tr>\n<tr>\n<td width=\"23%\"><\/td>\n<td width=\"37%\"><\/td>\n<td width=\"37%\"><\/td>\n<\/tr>\n<tr>\n<td width=\"23%\"><\/td>\n<td width=\"37%\"><\/td>\n<td width=\"37%\"><\/td>\n<\/tr>\n<\/tbody>\n<\/table>\n","protected":false},"excerpt":{"rendered":"<p>L&#8217;equip de l&#8217;escola per aquest curs 2024-2025 \u00e9s:<br \/>\n&nbsp;<\/p>\n<p>CURS<br \/>\nDOCENT<br \/>\nHorari d&#8217;atenci\u00f3<\/p>\n<p>P3<br \/>\nJon Badiola<br \/>\nDilluns de 12:30-13:30 hores<\/p>\n<p>P4<br \/>\nLaura Alonso<br \/>\nDilluns de 12:30-13:30 hores<\/p>\n<p>P5 i coordinadora infantil<br \/>\nAl\u00edcia Salazar<br \/>\nDilluns de 12:30-13:30 hores<\/p>\n<p>1r<br \/>\nRaquel Belmonte<br \/>\nDilluns de 12:30-13:30 hores<\/p>\n<p>2n i ED<br \/>\nAnna Albesa<br \/>\nDilluns de 12:30-13:30 hores<\/p>\n<p>3r i coordinaci\u00f3 TAC<br \/>\nZaira Aloy<br \/>\nDilluns de 12:30-13:30 hores<\/p>\n<p>4t<br \/>\nEva Maria Garrido<br \/>\nDilluns de 12:30-13:30&hellip;  <a href=\"https:\/\/agora.xtec.cat\/escolaelbruc\/lescola\/el-nostre-equip\/\" title=\"Read Comunitat educativa de l&#8217;escola\">Llegeix m\u00e9s\u00bb<\/a><\/p>\n","protected":false},"author":1,"featured_media":0,"parent":22,"menu_order":0,"comment_status":"closed","ping_status":"closed","template":"page-templates\/side-menu.php","meta":{"_bbp_topic_count":0,"_bbp_reply_count":0,"_bbp_total_topic_count":0,"_bbp_total_reply_count":0,"_bbp_voice_count":0,"_bbp_anonymous_reply_count":0,"_bbp_topic_count_hidden":0,"_bbp_reply_count_hidden":0,"_bbp_forum_subforum_count":0,"footnotes":""},"class_list":["post-764","page","type-page","status-publish","hentry"],"post_mailing_queue_ids":[],"_links":{"self":[{"href":"https:\/\/agora.xtec.cat\/escolaelbruc\/wp-json\/wp\/v2\/pages\/764","targetHints":{"allow":["GET"]}}],"collection":[{"href":"https:\/\/agora.xtec.cat\/escolaelbruc\/wp-json\/wp\/v2\/pages"}],"about":[{"href":"https:\/\/agora.xtec.cat\/escolaelbruc\/wp-json\/wp\/v2\/types\/page"}],"author":[{"embeddable":true,"href":"https:\/\/agora.xtec.cat\/escolaelbruc\/wp-json\/wp\/v2\/users\/1"}],"replies":[{"embeddable":true,"href":"https:\/\/agora.xtec.cat\/escolaelbruc\/wp-json\/wp\/v2\/comments?post=764"}],"version-history":[{"count":6,"href":"https:\/\/agora.xtec.cat\/escolaelbruc\/wp-json\/wp\/v2\/pages\/764\/revisions"}],"predecessor-version":[{"id":3733,"href":"https:\/\/agora.xtec.cat\/escolaelbruc\/wp-json\/wp\/v2\/pages\/764\/revisions\/3733"}],"up":[{"embeddable":true,"href":"https:\/\/agora.xtec.cat\/escolaelbruc\/wp-json\/wp\/v2\/pages\/22"}],"wp:attachment":[{"href":"https:\/\/agora.xtec.cat\/escolaelbruc\/wp-json\/wp\/v2\/media?parent=764"}],"curies":[{"name":"wp","href":"https:\/\/api.w.org\/{rel}","templated":true}]}}