{"id":3382,"date":"2022-11-15T15:12:17","date_gmt":"2022-11-15T14:12:17","guid":{"rendered":"https:\/\/agora.xtec.cat\/escolaelbruc\/?page_id=3382"},"modified":"2024-05-15T10:26:19","modified_gmt":"2024-05-15T08:26:19","slug":"planificacio-estrategia-digital-de-centre","status":"publish","type":"page","link":"https:\/\/agora.xtec.cat\/escolaelbruc\/part-estrategica\/planificacio-estrategia-digital-de-centre\/","title":{"rendered":"Planificaci\u00f3 estrat\u00e8gia digital de centre"},"content":{"rendered":"<p dir=\"ltr\">En la planificaci\u00f3, es detallen les accions concretes necess\u00e0ries per aconseguir els objectius establerts. Aquestes accions estan programades a quatre anys vista, i es revisen anualment per ajustar-les segons l&#8217;evoluci\u00f3 del centre.<\/p>\n<p dir=\"ltr\">Podeu demanar accedir a veure la planificaci\u00f3 fent clic<a href=\"https:\/\/docs.google.com\/spreadsheets\/d\/1mCTNdyByCBwmf9agIBvOdIuRqyvwRqFG\/edit?usp=sharing&amp;ouid=116793808858875549274&amp;rtpof=true&amp;sd=true\"> aqu\u00ed.<\/a><\/p>\n<p dir=\"ltr\">Per tal d\u2019avaluar la implementaci\u00f3 de l\u2019Estrat\u00e8gia digital, a final de cada curs es reuneix la comissi\u00f3 digital i valora l\u2019assoliment dels criteris dels indicadors de les activitats planificades i dels objectius de l\u2019EDC.<\/p>\n<p dir=\"ltr\">Aquesta avaluaci\u00f3 permet adaptar l&#8217;EDC a l&#8217;evoluci\u00f3 del centre i als canvis en el context i la tecnologia. A partir d&#8217;aquesta revisi\u00f3, es poden ajustar les accions planificades i fins i tot els objectius establerts. L&#8217;EDC \u00e9s un document viu que reflecteix el progr\u00e9s del centre i s&#8217;adapta al seu desenvolupament.<\/p>\n","protected":false},"excerpt":{"rendered":"<p>En la planificaci\u00f3, es detallen les accions concretes necess\u00e0ries per aconseguir els objectius establerts. Aquestes accions estan programades a quatre anys vista, i es revisen anualment per ajustar-les segons l&#8217;evoluci\u00f3 del centre.<br \/>\nPodeu demanar accedir a veure la planificaci\u00f3 fent clic<a href=\"https:\/\/docs.google.com\/spreadsheets\/d\/1mCTNdyByCBwmf9agIBvOdIuRqyvwRqFG\/edit?usp=sharing&amp;ouid=116793808858875549274&amp;rtpof=true&amp;sd=true\"> aqu\u00ed.<\/a><br \/>\nPer tal d\u2019avaluar la&hellip;  <a href=\"https:\/\/agora.xtec.cat\/escolaelbruc\/part-estrategica\/planificacio-estrategia-digital-de-centre\/\" title=\"Read Planificaci\u00f3 estrat\u00e8gia digital de centre\">Llegeix m\u00e9s\u00bb<\/a><\/p>\n","protected":false},"author":13,"featured_media":0,"parent":3207,"menu_order":0,"comment_status":"closed","ping_status":"closed","template":"page-templates\/side-menu.php","meta":{"_bbp_topic_count":0,"_bbp_reply_count":0,"_bbp_total_topic_count":0,"_bbp_total_reply_count":0,"_bbp_voice_count":0,"_bbp_anonymous_reply_count":0,"_bbp_topic_count_hidden":0,"_bbp_reply_count_hidden":0,"_bbp_forum_subforum_count":0,"footnotes":""},"class_list":["post-3382","page","type-page","status-publish","hentry"],"post_mailing_queue_ids":[],"_links":{"self":[{"href":"https:\/\/agora.xtec.cat\/escolaelbruc\/wp-json\/wp\/v2\/pages\/3382","targetHints":{"allow":["GET"]}}],"collection":[{"href":"https:\/\/agora.xtec.cat\/escolaelbruc\/wp-json\/wp\/v2\/pages"}],"about":[{"href":"https:\/\/agora.xtec.cat\/escolaelbruc\/wp-json\/wp\/v2\/types\/page"}],"author":[{"embeddable":true,"href":"https:\/\/agora.xtec.cat\/escolaelbruc\/wp-json\/wp\/v2\/users\/13"}],"replies":[{"embeddable":true,"href":"https:\/\/agora.xtec.cat\/escolaelbruc\/wp-json\/wp\/v2\/comments?post=3382"}],"version-history":[{"count":6,"href":"https:\/\/agora.xtec.cat\/escolaelbruc\/wp-json\/wp\/v2\/pages\/3382\/revisions"}],"predecessor-version":[{"id":3656,"href":"https:\/\/agora.xtec.cat\/escolaelbruc\/wp-json\/wp\/v2\/pages\/3382\/revisions\/3656"}],"up":[{"embeddable":true,"href":"https:\/\/agora.xtec.cat\/escolaelbruc\/wp-json\/wp\/v2\/pages\/3207"}],"wp:attachment":[{"href":"https:\/\/agora.xtec.cat\/escolaelbruc\/wp-json\/wp\/v2\/media?parent=3382"}],"curies":[{"name":"wp","href":"https:\/\/api.w.org\/{rel}","templated":true}]}}