{"id":3372,"date":"2022-11-08T11:23:11","date_gmt":"2022-11-08T10:23:11","guid":{"rendered":"https:\/\/agora.xtec.cat\/escolaelbruc\/?page_id=3372"},"modified":"2024-03-04T08:42:00","modified_gmt":"2024-03-04T07:42:00","slug":"objectius","status":"publish","type":"page","link":"https:\/\/agora.xtec.cat\/escolaelbruc\/part-estrategica\/objectius\/","title":{"rendered":"Objectius"},"content":{"rendered":"<p>Els objectius s\u2019han redactat a partir dels punts detectats en la diagnosi, tot tenint en compte els documents del centre que consten a la cultura digital.<\/p>\n<p>L&#8217;Estrat\u00e8gia Digital de Centre est\u00e0 confeccionada per quatre objectius principals classificats en \u00e0mbits: l&#8217;assoliment de la compet\u00e8ncia docent, la seguretat i protecci\u00f3 de dades, la planificaci\u00f3 i estrat\u00e8gia digital,\u00a0 i un quart ambient relacionat amb les metodologies d&#8217;innovaci\u00f3 i inclusi\u00f3 digital.<\/p>\n<p><a href=\"https:\/\/agora.xtec.cat\/escolaelbruc\/wp-content\/uploads\/usu19\/2022\/11\/DAFO-I-OBJECTIUS.png\"><img loading=\"lazy\" decoding=\"async\" class=\"alignnone size-large wp-image-3379\" src=\"https:\/\/agora.xtec.cat\/escolaelbruc\/wp-content\/uploads\/usu19\/2022\/11\/DAFO-I-OBJECTIUS-724x1024.png\" alt=\"\" width=\"724\" height=\"1024\" srcset=\"https:\/\/agora.xtec.cat\/escolaelbruc\/wp-content\/uploads\/usu19\/2022\/11\/DAFO-I-OBJECTIUS-724x1024.png 724w, https:\/\/agora.xtec.cat\/escolaelbruc\/wp-content\/uploads\/usu19\/2022\/11\/DAFO-I-OBJECTIUS-212x300.png 212w, https:\/\/agora.xtec.cat\/escolaelbruc\/wp-content\/uploads\/usu19\/2022\/11\/DAFO-I-OBJECTIUS-768x1086.png 768w, https:\/\/agora.xtec.cat\/escolaelbruc\/wp-content\/uploads\/usu19\/2022\/11\/DAFO-I-OBJECTIUS-1086x1536.png 1086w, https:\/\/agora.xtec.cat\/escolaelbruc\/wp-content\/uploads\/usu19\/2022\/11\/DAFO-I-OBJECTIUS.png 1414w\" sizes=\"auto, (max-width: 724px) 100vw, 724px\" \/><\/a><\/p>\n<p>Aquests objectius es treballaran al llarg de quatre cursos escolars (curs 22-23, 23-24, 24-25 i 25-26), seguint una temporitzaci\u00f3 en l&#8217;assoliment de cada un d&#8217;ells.<\/p>\n","protected":false},"excerpt":{"rendered":"<p>Els objectius s\u2019han redactat a partir dels punts detectats en la diagnosi, tot tenint en compte els documents del centre que consten a la cultura digital.<br \/>\nL&#8217;Estrat\u00e8gia Digital de Centre est\u00e0 confeccionada per quatre objectius principals classificats en \u00e0mbits: l&#8217;assoliment de la compet\u00e8ncia docent, la seguretat&hellip;  <a href=\"https:\/\/agora.xtec.cat\/escolaelbruc\/part-estrategica\/objectius\/\" title=\"Read Objectius\">Llegeix m\u00e9s\u00bb<\/a><\/p>\n","protected":false},"author":13,"featured_media":0,"parent":3207,"menu_order":1,"comment_status":"closed","ping_status":"closed","template":"page-templates\/side-menu.php","meta":{"_bbp_topic_count":0,"_bbp_reply_count":0,"_bbp_total_topic_count":0,"_bbp_total_reply_count":0,"_bbp_voice_count":0,"_bbp_anonymous_reply_count":0,"_bbp_topic_count_hidden":0,"_bbp_reply_count_hidden":0,"_bbp_forum_subforum_count":0,"footnotes":""},"class_list":["post-3372","page","type-page","status-publish","hentry"],"post_mailing_queue_ids":[],"_links":{"self":[{"href":"https:\/\/agora.xtec.cat\/escolaelbruc\/wp-json\/wp\/v2\/pages\/3372","targetHints":{"allow":["GET"]}}],"collection":[{"href":"https:\/\/agora.xtec.cat\/escolaelbruc\/wp-json\/wp\/v2\/pages"}],"about":[{"href":"https:\/\/agora.xtec.cat\/escolaelbruc\/wp-json\/wp\/v2\/types\/page"}],"author":[{"embeddable":true,"href":"https:\/\/agora.xtec.cat\/escolaelbruc\/wp-json\/wp\/v2\/users\/13"}],"replies":[{"embeddable":true,"href":"https:\/\/agora.xtec.cat\/escolaelbruc\/wp-json\/wp\/v2\/comments?post=3372"}],"version-history":[{"count":4,"href":"https:\/\/agora.xtec.cat\/escolaelbruc\/wp-json\/wp\/v2\/pages\/3372\/revisions"}],"predecessor-version":[{"id":3630,"href":"https:\/\/agora.xtec.cat\/escolaelbruc\/wp-json\/wp\/v2\/pages\/3372\/revisions\/3630"}],"up":[{"embeddable":true,"href":"https:\/\/agora.xtec.cat\/escolaelbruc\/wp-json\/wp\/v2\/pages\/3207"}],"wp:attachment":[{"href":"https:\/\/agora.xtec.cat\/escolaelbruc\/wp-json\/wp\/v2\/media?parent=3372"}],"curies":[{"name":"wp","href":"https:\/\/api.w.org\/{rel}","templated":true}]}}