{"id":3209,"date":"2022-05-20T08:48:56","date_gmt":"2022-05-20T06:48:56","guid":{"rendered":"https:\/\/agora.xtec.cat\/escolaelbruc\/?page_id=3209"},"modified":"2025-05-21T12:00:17","modified_gmt":"2025-05-21T10:00:17","slug":"cultura-digital","status":"publish","type":"page","link":"https:\/\/agora.xtec.cat\/escolaelbruc\/cultura-digital\/","title":{"rendered":"Cultura digital"},"content":{"rendered":"<section id=\"h.2ae156cc48e2368f_7\" class=\"yaqOZd\">\n<div class=\"mYVXT\">\n<div class=\"LS81yb VICjCf j5pSsc db35Fc\" tabindex=\"-1\">\n<div class=\"hJDwNd-AhqUyc-uQSCkd Ft7HRd-AhqUyc-uQSCkd purZT-AhqUyc-II5mzb ZcASvf-AhqUyc-II5mzb pSzOP-AhqUyc-qWD73c Ktthjf-AhqUyc-qWD73c JNdkSc SQVYQc\">\n<div class=\"JNdkSc-SmKAyb LkDMRd\">\n<div class=\"\">\n<div class=\"oKdM2c ZZyype Kzv0Me\">\n<div id=\"h.2ae156cc48e2368f_4\" class=\"hJDwNd-AhqUyc-uQSCkd Ft7HRd-AhqUyc-uQSCkd jXK9ad D2fZ2 zu5uec OjCsFc dmUFtb wHaque g5GTcb\">\n<div class=\"jXK9ad-SmKAyb\">\n<div class=\"tyJCtd mGzaTb Depvyb baZpAe\">\n<p class=\"zfr3Q CDt4Ke \" dir=\"ltr\"><span style=\"font-family: inherit; font-size: 1em;\">La Cultura Digital apareix el conjunt\u00a0 de pr\u00e0ctiques, costums i formes d&#8217;interacci\u00f3 social que es realitzen a trav\u00e9s de mitjans digitals, tot recollit en els documents b\u00e0sics del centre.\u00a0<\/span><\/p>\n<\/div>\n<\/div>\n<\/div>\n<\/div>\n<\/div>\n<\/div>\n<\/div>\n<\/div>\n<\/div>\n<\/section>\n<table style=\"border-collapse: collapse; width: 100%; height: 62px;\">\n<tbody>\n<tr style=\"height: 161px;\">\n<td style=\"width: 50%; height: 10px;\"><b>Documentaci\u00f3 <span class=\"_fadeIn_m1hgl_8\"> (nom\u00e9s s\u2019adjunten els apartats relatius a la cultura digital de centre).<\/span><\/b><\/td>\n<td style=\"width: 50%; height: 10px;\">\n<ul>\n<li>PEC<\/li>\n<li><a href=\"https:\/\/drive.google.com\/file\/d\/1Z_zfCzl4EM4zpNJ9rcwQOoK8N5jn55s5\/view?usp=drive_link\" target=\"_blank\" rel=\"noopener\">PGA<\/a><\/li>\n<li><a href=\"https:\/\/drive.google.com\/file\/d\/1DUTjbCCcApLbNtZGVPLh5jrgLgtJ0Fmd\/view?usp=drive_link\" target=\"_blank\" rel=\"noopener\">Projecte de direcci\u00f3<\/a><\/li>\n<\/ul>\n<\/td>\n<\/tr>\n<tr style=\"height: 101px;\">\n<td style=\"width: 50%; height: 30px;\"><strong>Protocol de comunicaci\u00f3<\/strong><\/td>\n<td style=\"width: 50%; height: 30px;\">\n<ul>\n<li><a href=\"https:\/\/drive.google.com\/file\/d\/1EbdE6T6ZZWbvqezHi6Qdc1Kl9kIiSaTi\/view?usp=drive_link\" target=\"_blank\" rel=\"noopener\">Protocol de comunicaci\u00f3<\/a><\/li>\n<li><a href=\"https:\/\/drive.google.com\/file\/d\/1eZ-WQmP2LhLwmk9yyXtH0EdiwQC5F2Uc\/view?usp=drive_link\" target=\"_blank\" rel=\"noopener\">Drets d&#8217;imatge<\/a><\/li>\n<\/ul>\n<\/td>\n<\/tr>\n<tr style=\"height: 56px;\">\n<td style=\"width: 50%; height: 12px;\"><strong>Serveis i dispositius<\/strong><\/td>\n<td style=\"width: 50%; height: 12px;\">\n<ul>\n<li><a href=\"https:\/\/drive.google.com\/file\/d\/1RBScMprOe5ubo8QhAgTgHXAPj9fzejk-\/view?usp=drive_link\" target=\"_blank\" rel=\"noopener\">Serveis i dispositius<\/a><\/li>\n<\/ul>\n<\/td>\n<\/tr>\n<tr style=\"height: 32px;\">\n<td style=\"width: 50%; height: 10px;\"><strong>Desplegament curricular<\/strong><\/td>\n<td style=\"width: 50%; height: 10px;\">\n<ul>\n<li><a href=\"https:\/\/docs.google.com\/spreadsheets\/d\/1T4WH2BzfoCHoEOUOl_HQw_h_u_cjkXcYaynN3uQ3SmY\/edit?usp=sharing\" target=\"_blank\" rel=\"noopener\">Desplegament curricular<\/a><\/li>\n<\/ul>\n<\/td>\n<\/tr>\n<\/tbody>\n<\/table>\n<table style=\"border-collapse: collapse; width: 100%; height: 102px;\">\n<tbody>\n<tr style=\"height: 101px;\">\n<td style=\"width: 50%; height: 70px;\"><strong>Pla d&#8217;acollida digital<\/strong><\/td>\n<td style=\"width: 50%; height: 70px;\">\n<ul>\n<li><a href=\"https:\/\/drive.google.com\/file\/d\/1HkH6yfPtLCh_rjNv4mdmKG0u0gFuSUi4\/view?usp=sharing\" target=\"_blank\" rel=\"noopener\">Pla d\u2019acollida digital de fam\u00edlies<\/a><\/li>\n<li><a href=\"https:\/\/agora.xtec.cat\/escolaelbruc\/wp-content\/uploads\/usu19\/2024\/05\/Pla-dacollida-digital-docents-23-24-1.pdf\" target=\"_blank\" rel=\"noopener\">Pla d&#8217;acollida digital dels docents<\/a><\/li>\n<li><a href=\"https:\/\/drive.google.com\/file\/d\/1tK8_AGauuh12kEZVO5JAWuEH5Or90nya\/view?usp=drive_link\" target=\"_blank\" rel=\"noopener\">Pla d&#8217;acollida digital d&#8217;alumnes<\/a><\/li>\n<\/ul>\n<\/td>\n<\/tr>\n<tr style=\"height: 32px;\">\n<td style=\"width: 50%; height: 32px;\"><\/td>\n<td style=\"width: 50%; height: 32px;\"><\/td>\n<\/tr>\n<\/tbody>\n<\/table>\n","protected":false},"excerpt":{"rendered":"<p>La Cultura Digital apareix el conjunt\u00a0 de pr\u00e0ctiques, costums i formes d&#8217;interacci\u00f3 social que es realitzen a trav\u00e9s de mitjans digitals, tot recollit en els documents b\u00e0sics del centre.\u00a0<\/p>\n<p>Documentaci\u00f3  (nom\u00e9s s\u2019adjunten els apartats relatius a la cultura digital de centre).<\/p>\n<ul>\n<li>PEC<\/li>\n<li><a href=\"https:\/\/drive.google.com\/file\/d\/1Z_zfCzl4EM4zpNJ9rcwQOoK8N5jn55s5\/view?usp=drive_link\" target=\"_blank\" rel=\"noopener\">PGA<\/a><\/li>\n<li><a href=\"https:\/\/drive.google.com\/file\/d\/1DUTjbCCcApLbNtZGVPLh5jrgLgtJ0Fmd\/view?usp=drive_link\"&hellip;  <a href=\"https:\/\/agora.xtec.cat\/escolaelbruc\/cultura-digital\/\" title=\"Read Cultura digital\">Llegeix m\u00e9s\u00bb<\/a><br \/>\n","protected":false},"author":1,"featured_media":0,"parent":0,"menu_order":0,"comment_status":"closed","ping_status":"closed","template":"","meta":{"_bbp_topic_count":0,"_bbp_reply_count":0,"_bbp_total_topic_count":0,"_bbp_total_reply_count":0,"_bbp_voice_count":0,"_bbp_anonymous_reply_count":0,"_bbp_topic_count_hidden":0,"_bbp_reply_count_hidden":0,"_bbp_forum_subforum_count":0,"footnotes":""},"class_list":["post-3209","page","type-page","status-publish","hentry"],"post_mailing_queue_ids":[],"_links":{"self":[{"href":"https:\/\/agora.xtec.cat\/escolaelbruc\/wp-json\/wp\/v2\/pages\/3209","targetHints":{"allow":["GET"]}}],"collection":[{"href":"https:\/\/agora.xtec.cat\/escolaelbruc\/wp-json\/wp\/v2\/pages"}],"about":[{"href":"https:\/\/agora.xtec.cat\/escolaelbruc\/wp-json\/wp\/v2\/types\/page"}],"author":[{"embeddable":true,"href":"https:\/\/agora.xtec.cat\/escolaelbruc\/wp-json\/wp\/v2\/users\/1"}],"replies":[{"embeddable":true,"href":"https:\/\/agora.xtec.cat\/escolaelbruc\/wp-json\/wp\/v2\/comments?post=3209"}],"version-history":[{"count":6,"href":"https:\/\/agora.xtec.cat\/escolaelbruc\/wp-json\/wp\/v2\/pages\/3209\/revisions"}],"predecessor-version":[{"id":3741,"href":"https:\/\/agora.xtec.cat\/escolaelbruc\/wp-json\/wp\/v2\/pages\/3209\/revisions\/3741"}],"wp:attachment":[{"href":"https:\/\/agora.xtec.cat\/escolaelbruc\/wp-json\/wp\/v2\/media?parent=3209"}],"curies":[{"name":"wp","href":"https:\/\/api.w.org\/{rel}","templated":true}]}}