{"id":993,"date":"2025-10-21T17:03:10","date_gmt":"2025-10-21T15:03:10","guid":{"rendered":"https:\/\/agora.xtec.cat\/escolaelboscdelapabordia\/?page_id=993"},"modified":"2026-01-12T11:18:46","modified_gmt":"2026-01-12T10:18:46","slug":"projectes-transversals-descola","status":"publish","type":"page","link":"https:\/\/agora.xtec.cat\/escolaelboscdelapabordia\/projectes-transversals-descola\/","title":{"rendered":"Projectes transversals d&#8217;escola"},"content":{"rendered":"\n<p><\/p>\n\n\n\n<div class=\"wp-block-getwid-section alignfull alignfull getwid-section-content-custom-width\"><div class=\"wp-block-getwid-section__wrapper getwid-padding-top-large getwid-padding-bottom-large getwid-padding-left-medium getwid-padding-right-medium\" style=\"min-height:70vh\"><div class=\"wp-block-getwid-section__inner-wrapper\" style=\"max-width:740px\"><div class=\"wp-block-getwid-section__background-holder\"><div class=\"wp-block-getwid-section__background\" style=\"background-image:url('https:\/\/agora.xtec.cat\/escolaelboscdelapabordia\/wp-content\/uploads\/usu3610\/2025\/11\/IMG_5485-2-scaled.jpg')\"><div class=\"wp-block-getwid-section__background-image-wrapper\"><img decoding=\"async\" class=\"wp-block-getwid-section__background-image\" src=\"https:\/\/agora.xtec.cat\/escolaelboscdelapabordia\/wp-content\/uploads\/usu3610\/2025\/11\/IMG_5485-2-scaled.jpg\" alt=\"\"\/><\/div><\/div><div class=\"wp-block-getwid-section__foreground\" style=\"opacity:0.65;background-color:#000000\"><\/div><\/div><div class=\"wp-block-getwid-section__content\"><div class=\"wp-block-getwid-section__inner-content\">\n<div class=\"wp-block-getwid-advanced-heading\" style=\"margin-bottom:0px;margin-top:0px\"><span class=\"wp-block-getwid-advanced-heading__content has-text-color\" style=\"text-align:center;color:#ffffff\">Setmana de l&#8217;art i la ci\u00e8ncia 2025<\/span><\/div>\n\n\n\n<div class=\"wp-block-getwid-advanced-heading\" style=\"margin-bottom:30px;margin-top:10px\"><h2 class=\"wp-block-getwid-advanced-heading__content has-text-color\" style=\"text-align:center;color:#ffffff\">TRANSFORMACIONS<\/h2><\/div>\n\n\n\n<p class=\"has-text-align-center has-text-color\" style=\"color:#ffffff\">Durant la setmana del 17 al 21 de novembre vam celebrar la Setmana de Transformacions a l&#8217;escola. Les transformacions s\u00f3n presents en tots els \u00e0mbits de la vida: naturals, socials, personals, art\u00edstics, cient\u00edfics, etc.  <\/p>\n\n\n\n<p class=\"has-text-align-center has-text-color\" style=\"color:#ffffff\">A trav\u00e9s de les diferents propostes i espais transformats, hem pogut observar, comprendre i experimentar els processos de canvi per aprofundir en el coneixement del m\u00f3n que ens envolta. <\/p>\n\n\n\n<p class=\"has-text-align-center has-text-color\" style=\"color:#ffffff\">A partir de totes les viv\u00e8ncies d&#8217;aquesta setmana, s&#8217;iniciaran els projectes d&#8217;aula que es desenvoluparan al llarg de curs. <\/p>\n\n\n\n<div class=\"wp-block-button aligncenter\"><a class=\"wp-block-button__link has-text-color has-background has-text-align-center wp-element-button\" href=\"https:\/\/drive.google.com\/file\/d\/1v12_8r21BPYIaLxiLenDBnXWghK_txq8\/view?usp=drive_link\" style=\"color:#000000;background-color:#ffffff\">                                             V\u00cdDEO DE LA SETMANA DE TRANSFORMACIONS_ CURS 2025-26                                <\/a><\/div>\n<\/div><\/div><\/div><\/div><\/div>\n\n\n\n<p><\/p>\n\n\n\n<p><strong>Una capsa, infinites possibilitats<\/strong><\/p>\n\n\n\n<p>En el marc de la Setmana de les Transformacions, hem impulsat una iniciativa creativa que ha involucrat tot l\u2019alumnat de l&#8217;escola. Totes les aules han partit d\u2019un mateix punt: una capsa de cartr\u00f3 id\u00e8ntica per a tothom.<\/p>\n\n\n\n<p>A partir d\u2019aqu\u00ed, cada grup ha posat en pr\u00e0ctica el proc\u00e9s creatiu: pensar, imaginar, experimentar i transformar. Les capses s\u2019han convertit en espais d\u2019expressi\u00f3 on l\u2019alumnat ha pogut desenvolupar les seves idees, potenciar la creativitat i donar forma al que volien comunicar i representar.<\/p>\n\n\n\n<p>El resultat \u00e9s una exposici\u00f3 diversa i sorprenent que mostra com, davant d\u2019un mateix repte, poden sorgir mirades, solucions i expressions completament diferents. Una proposta que fa valdre la creativitat, el pensament cr\u00edtic i la capacitat de transformaci\u00f3 com a eines d\u2019aprenentatge.<\/p>\n\n\n\n<figure class=\"wp-block-image size-large\"><a href=\"https:\/\/agora.xtec.cat\/escolaelboscdelapabordia\/wp-content\/uploads\/usu3610\/2026\/01\/Captura-de-pantalla-2026-01-12-a-les-11.16.38-1.png\"><img loading=\"lazy\" decoding=\"async\" width=\"1024\" height=\"603\" src=\"https:\/\/agora.xtec.cat\/escolaelboscdelapabordia\/wp-content\/uploads\/usu3610\/2026\/01\/Captura-de-pantalla-2026-01-12-a-les-11.16.38-1-1024x603.png\" alt=\"\" class=\"wp-image-1038\" srcset=\"https:\/\/agora.xtec.cat\/escolaelboscdelapabordia\/wp-content\/uploads\/usu3610\/2026\/01\/Captura-de-pantalla-2026-01-12-a-les-11.16.38-1-1024x603.png 1024w, https:\/\/agora.xtec.cat\/escolaelboscdelapabordia\/wp-content\/uploads\/usu3610\/2026\/01\/Captura-de-pantalla-2026-01-12-a-les-11.16.38-1-300x177.png 300w, https:\/\/agora.xtec.cat\/escolaelboscdelapabordia\/wp-content\/uploads\/usu3610\/2026\/01\/Captura-de-pantalla-2026-01-12-a-les-11.16.38-1-768x452.png 768w, https:\/\/agora.xtec.cat\/escolaelboscdelapabordia\/wp-content\/uploads\/usu3610\/2026\/01\/Captura-de-pantalla-2026-01-12-a-les-11.16.38-1-1536x904.png 1536w, https:\/\/agora.xtec.cat\/escolaelboscdelapabordia\/wp-content\/uploads\/usu3610\/2026\/01\/Captura-de-pantalla-2026-01-12-a-les-11.16.38-1-2048x1205.png 2048w\" sizes=\"auto, (max-width: 1024px) 100vw, 1024px\" \/><\/a><\/figure>\n\n\n\n<p><\/p>\n","protected":false},"excerpt":{"rendered":"<p>Una capsa, infinites possibilitats En el marc de la Setmana de les Transformacions, hem impulsat una iniciativa creativa que ha involucrat tot l\u2019alumnat de l&#8217;escola. Totes les aules han partit d\u2019un mateix punt: una capsa de cartr\u00f3 id\u00e8ntica per a tothom. A partir d\u2019aqu\u00ed, cada grup ha posat en pr\u00e0ctica el proc\u00e9s creatiu: pensar, imaginar, [&hellip;]<\/p>\n","protected":false},"author":1,"featured_media":0,"parent":0,"menu_order":0,"comment_status":"closed","ping_status":"close","template":"","meta":{"site-sidebar-layout":"default","site-content-layout":"","ast-site-content-layout":"default","site-content-style":"default","site-sidebar-style":"default","ast-global-header-display":"","ast-banner-title-visibility":"","ast-main-header-display":"","ast-hfb-above-header-display":"","ast-hfb-below-header-display":"","ast-hfb-mobile-header-display":"","site-post-title":"","ast-breadcrumbs-content":"","ast-featured-img":"","footer-sml-layout":"","theme-transparent-header-meta":"","adv-header-id-meta":"","stick-header-meta":"","header-above-stick-meta":"","header-main-stick-meta":"","header-below-stick-meta":"","astra-migrate-meta-layouts":"set","ast-page-background-enabled":"default","ast-page-background-meta":{"desktop":{"background-color":"var(--ast-global-color-4)","background-image":"","background-repeat":"repeat","background-position":"center center","background-size":"auto","background-attachment":"scroll","background-type":"","background-media":"","overlay-type":"","overlay-color":"","overlay-opacity":"","overlay-gradient":""},"tablet":{"background-color":"","background-image":"","background-repeat":"repeat","background-position":"center center","background-size":"auto","background-attachment":"scroll","background-type":"","background-media":"","overlay-type":"","overlay-color":"","overlay-opacity":"","overlay-gradient":""},"mobile":{"background-color":"","background-image":"","background-repeat":"repeat","background-position":"center center","background-size":"auto","background-attachment":"scroll","background-type":"","background-media":"","overlay-type":"","overlay-color":"","overlay-opacity":"","overlay-gradient":""}},"ast-content-background-meta":{"desktop":{"background-color":"var(--ast-global-color-5)","background-image":"","background-repeat":"repeat","background-position":"center center","background-size":"auto","background-attachment":"scroll","background-type":"","background-media":"","overlay-type":"","overlay-color":"","overlay-opacity":"","overlay-gradient":""},"tablet":{"background-color":"var(--ast-global-color-5)","background-image":"","background-repeat":"repeat","background-position":"center center","background-size":"auto","background-attachment":"scroll","background-type":"","background-media":"","overlay-type":"","overlay-color":"","overlay-opacity":"","overlay-gradient":""},"mobile":{"background-color":"var(--ast-global-color-5)","background-image":"","background-repeat":"repeat","background-position":"center center","background-size":"auto","background-attachment":"scroll","background-type":"","background-media":"","overlay-type":"","overlay-color":"","overlay-opacity":"","overlay-gradient":""}},"footnotes":""},"class_list":["post-993","page","type-page","status-publish","hentry"],"post_mailing_queue_ids":[],"_links":{"self":[{"href":"https:\/\/agora.xtec.cat\/escolaelboscdelapabordia\/wp-json\/wp\/v2\/pages\/993","targetHints":{"allow":["GET"]}}],"collection":[{"href":"https:\/\/agora.xtec.cat\/escolaelboscdelapabordia\/wp-json\/wp\/v2\/pages"}],"about":[{"href":"https:\/\/agora.xtec.cat\/escolaelboscdelapabordia\/wp-json\/wp\/v2\/types\/page"}],"author":[{"embeddable":true,"href":"https:\/\/agora.xtec.cat\/escolaelboscdelapabordia\/wp-json\/wp\/v2\/users\/1"}],"replies":[{"embeddable":true,"href":"https:\/\/agora.xtec.cat\/escolaelboscdelapabordia\/wp-json\/wp\/v2\/comments?post=993"}],"version-history":[{"count":5,"href":"https:\/\/agora.xtec.cat\/escolaelboscdelapabordia\/wp-json\/wp\/v2\/pages\/993\/revisions"}],"predecessor-version":[{"id":1039,"href":"https:\/\/agora.xtec.cat\/escolaelboscdelapabordia\/wp-json\/wp\/v2\/pages\/993\/revisions\/1039"}],"wp:attachment":[{"href":"https:\/\/agora.xtec.cat\/escolaelboscdelapabordia\/wp-json\/wp\/v2\/media?parent=993"}],"curies":[{"name":"wp","href":"https:\/\/api.w.org\/{rel}","templated":true}]}}