{"id":897,"date":"2020-06-23T11:47:03","date_gmt":"2020-06-23T09:47:03","guid":{"rendered":"http:\/\/agora.xtec.cat\/escoladonesdaigua\/?page_id=897"},"modified":"2021-12-09T16:15:42","modified_gmt":"2021-12-09T15:15:42","slug":"pec","status":"publish","type":"page","link":"https:\/\/agora.xtec.cat\/escoladonesdaigua\/pec\/","title":{"rendered":"PEC"},"content":{"rendered":"<p>&nbsp;<\/p>\n<p><a href=\"https:\/\/agora.xtec.cat\/escoladonesdaigua\/wp-content\/uploads\/usu707\/2020\/06\/1.-Llengua-catalana.pdf\">1. Llengua catalana<\/a><\/p>\n<p><a href=\"https:\/\/agora.xtec.cat\/escoladonesdaigua\/wp-content\/uploads\/usu707\/2020\/06\/2.-Llengua-castellana.pdf\">2. Llengua castellana<\/a><\/p>\n<p><a href=\"https:\/\/agora.xtec.cat\/escoladonesdaigua\/wp-content\/uploads\/usu707\/2020\/06\/3.-Llengua-anglesa.pdf\">3. Llengua anglesa<\/a><\/p>\n<p><a href=\"https:\/\/agora.xtec.cat\/escoladonesdaigua\/wp-content\/uploads\/usu707\/2020\/06\/4.-A\u0300mbit-matema\u0300tic.pdf\">4. A\u0300mbit matema\u0300tic<\/a><\/p>\n<p><a href=\"https:\/\/agora.xtec.cat\/escoladonesdaigua\/wp-content\/uploads\/usu707\/2020\/06\/5.-Medi-natural-i-social.pdf\">5. Medi natural i social<\/a><\/p>\n<p><a href=\"https:\/\/agora.xtec.cat\/escoladonesdaigua\/wp-content\/uploads\/usu707\/2020\/06\/6.-A\u0300mbit-arti\u0301stic-mu\u0301sica.pdf\">6. A\u0300mbit arti\u0301stic mu\u0301sica<\/a><\/p>\n<p><a href=\"https:\/\/agora.xtec.cat\/escoladonesdaigua\/wp-content\/uploads\/usu707\/2021\/12\/7.-Ambit-artistic-plastica.pdf\">7. \u00c0mbit art\u00edstic pl\u00e0stica<\/a><\/p>\n<p><a href=\"https:\/\/agora.xtec.cat\/escoladonesdaigua\/wp-content\/uploads\/usu707\/2020\/06\/8.-Educacio\u0301-fi\u0301sica.pdf\">8. Educacio\u0301 fi\u0301sica<\/a><\/p>\n<p><a href=\"https:\/\/agora.xtec.cat\/escoladonesdaigua\/wp-content\/uploads\/usu707\/2020\/06\/9.-A\u0300mbit-educacio\u0301-en-valors.pdf\">9. A\u0300mbit educacio\u0301 en valors<\/a><\/p>\n<p><a href=\"https:\/\/agora.xtec.cat\/escoladonesdaigua\/wp-content\/uploads\/usu707\/2020\/06\/10.-A\u0300mbit-digital.pdf\">10. A\u0300mbit digital<\/a><\/p>\n<p><a href=\"https:\/\/agora.xtec.cat\/escoladonesdaigua\/wp-content\/uploads\/usu707\/2020\/06\/P3-CONTINGUTS-ESPECI\u0301FICS-PER-TRIMESTRES.pdf\">P3 CONTINGUTS ESPECI\u0301FICS PER TRIMESTRES<\/a><\/p>\n<p><a href=\"https:\/\/agora.xtec.cat\/escoladonesdaigua\/wp-content\/uploads\/usu707\/2020\/06\/P4-CONTINGUTS-ESPECI\u0301FICS-PER-TRIMESTRES.pdf\">P4 CONTINGUTS ESPECI\u0301FICS PER TRIMESTRES<\/a><\/p>\n<p><a href=\"https:\/\/agora.xtec.cat\/escoladonesdaigua\/wp-content\/uploads\/usu707\/2020\/06\/P5-CONTINGUTS-ESPECI\u0301FICS-PER-TRIMESTRES.pdf\">P5 CONTINGUTS ESPECI\u0301FICS PER TRIMESTRES<\/a><\/p>\n","protected":false},"excerpt":{"rendered":"<p>&nbsp;<br \/>\n<a href=\"https:\/\/agora.xtec.cat\/escoladonesdaigua\/wp-content\/uploads\/usu707\/2020\/06\/1.-Llengua-catalana.pdf\">1. Llengua catalana<\/a><br \/>\n<a href=\"https:\/\/agora.xtec.cat\/escoladonesdaigua\/wp-content\/uploads\/usu707\/2020\/06\/2.-Llengua-castellana.pdf\">2. Llengua castellana<\/a><br \/>\n<a href=\"https:\/\/agora.xtec.cat\/escoladonesdaigua\/wp-content\/uploads\/usu707\/2020\/06\/3.-Llengua-anglesa.pdf\">3. Llengua anglesa<\/a><br \/>\n<a href=\"https:\/\/agora.xtec.cat\/escoladonesdaigua\/wp-content\/uploads\/usu707\/2020\/06\/4.-A\u0300mbit-matema\u0300tic.pdf\">4. A\u0300mbit matema\u0300tic<\/a><br \/>\n<a href=\"https:\/\/agora.xtec.cat\/escoladonesdaigua\/wp-content\/uploads\/usu707\/2020\/06\/5.-Medi-natural-i-social.pdf\">5. Medi natural i social<\/a><br \/>\n<a href=\"https:\/\/agora.xtec.cat\/escoladonesdaigua\/wp-content\/uploads\/usu707\/2020\/06\/6.-A\u0300mbit-arti\u0301stic-mu\u0301sica.pdf\">6. A\u0300mbit arti\u0301stic mu\u0301sica<\/a><br \/>\n<a href=\"https:\/\/agora.xtec.cat\/escoladonesdaigua\/wp-content\/uploads\/usu707\/2021\/12\/7.-Ambit-artistic-plastica.pdf\">7. \u00c0mbit art\u00edstic pl\u00e0stica<\/a><br \/>\n<a href=\"https:\/\/agora.xtec.cat\/escoladonesdaigua\/wp-content\/uploads\/usu707\/2020\/06\/8.-Educacio\u0301-fi\u0301sica.pdf\">8. Educacio\u0301 fi\u0301sica<\/a><br \/>\n<a href=\"https:\/\/agora.xtec.cat\/escoladonesdaigua\/wp-content\/uploads\/usu707\/2020\/06\/9.-A\u0300mbit-educacio\u0301-en-valors.pdf\">9. A\u0300mbit educacio\u0301 en valors<\/a><br \/>\n<a href=\"https:\/\/agora.xtec.cat\/escoladonesdaigua\/wp-content\/uploads\/usu707\/2020\/06\/10.-A\u0300mbit-digital.pdf\">10. A\u0300mbit digital<\/a><br \/>\n<a href=\"https:\/\/agora.xtec.cat\/escoladonesdaigua\/wp-content\/uploads\/usu707\/2020\/06\/P3-CONTINGUTS-ESPECI\u0301FICS-PER-TRIMESTRES.pdf\">P3 CONTINGUTS ESPECI\u0301FICS PER TRIMESTRES<\/a><br \/>\n<a href=\"https:\/\/agora.xtec.cat\/escoladonesdaigua\/wp-content\/uploads\/usu707\/2020\/06\/P4-CONTINGUTS-ESPECI\u0301FICS-PER-TRIMESTRES.pdf\">P4 CONTINGUTS ESPECI\u0301FICS&hellip;  <a href=\"https:\/\/agora.xtec.cat\/escoladonesdaigua\/pec\/\" title=\"Read PEC\">Llegeix m\u00e9s\u00bb<\/a><\/p>\n","protected":false},"author":5,"featured_media":0,"parent":0,"menu_order":0,"comment_status":"closed","ping_status":"closed","template":"","meta":{"_bbp_topic_count":0,"_bbp_reply_count":0,"_bbp_total_topic_count":0,"_bbp_total_reply_count":0,"_bbp_voice_count":0,"_bbp_anonymous_reply_count":0,"_bbp_topic_count_hidden":0,"_bbp_reply_count_hidden":0,"_bbp_forum_subforum_count":0,"footnotes":""},"class_list":["post-897","page","type-page","status-publish","hentry"],"post_mailing_queue_ids":[],"_links":{"self":[{"href":"https:\/\/agora.xtec.cat\/escoladonesdaigua\/wp-json\/wp\/v2\/pages\/897","targetHints":{"allow":["GET"]}}],"collection":[{"href":"https:\/\/agora.xtec.cat\/escoladonesdaigua\/wp-json\/wp\/v2\/pages"}],"about":[{"href":"https:\/\/agora.xtec.cat\/escoladonesdaigua\/wp-json\/wp\/v2\/types\/page"}],"author":[{"embeddable":true,"href":"https:\/\/agora.xtec.cat\/escoladonesdaigua\/wp-json\/wp\/v2\/users\/5"}],"replies":[{"embeddable":true,"href":"https:\/\/agora.xtec.cat\/escoladonesdaigua\/wp-json\/wp\/v2\/comments?post=897"}],"version-history":[{"count":3,"href":"https:\/\/agora.xtec.cat\/escoladonesdaigua\/wp-json\/wp\/v2\/pages\/897\/revisions"}],"predecessor-version":[{"id":1316,"href":"https:\/\/agora.xtec.cat\/escoladonesdaigua\/wp-json\/wp\/v2\/pages\/897\/revisions\/1316"}],"wp:attachment":[{"href":"https:\/\/agora.xtec.cat\/escoladonesdaigua\/wp-json\/wp\/v2\/media?parent=897"}],"curies":[{"name":"wp","href":"https:\/\/api.w.org\/{rel}","templated":true}]}}