{"id":7,"date":"2014-09-17T15:07:41","date_gmt":"2014-09-17T14:07:41","guid":{"rendered":"http:\/\/agora.xtec.cat\/escoladonesdaigua\/?page_id=7"},"modified":"2025-10-03T15:12:40","modified_gmt":"2025-10-03T13:12:40","slug":"pagines-dinici","status":"publish","type":"page","link":"https:\/\/agora.xtec.cat\/escoladonesdaigua\/","title":{"rendered":"Benvinguts\/des al web de l&#8217;ESCOLA DONES D&#8217;AIGUA!"},"content":{"rendered":"<p style=\"text-align: left;\">L&#8217;eix tem\u00e0tic de l&#8217;escola aquest <span style=\"color: #000000;\"><strong>curs 2025-26<\/strong><\/span> son: <span style=\"color: #ff6600;\"><strong>ELS 4 ELEMENTS DE LA TERRA<\/strong><\/span><\/p>\n<p><b>Els<\/b>\u00a0quatre\u00a0<b>elements<\/b> cl\u00e0ssics s\u00f3n l&#8217;<strong><span style=\"color: #3366ff;\">aigua<\/span><\/strong>, el <span style=\"color: #ff0000;\"><strong>foc<span style=\"color: #000000;\">, <\/span><\/strong><span style=\"color: #000000;\">la<\/span><strong> <span style=\"color: #008000;\">terra<\/span><\/strong><\/span> i l&#8217;<span style=\"color: #808080;\"><strong>aire<\/strong><\/span>. En l&#8217;antiguitat cl\u00e0ssica representaven les quatre formes conegudes de la mat\u00e8ria i eren utilitzats per tal d&#8217;explicar diferents comportaments de la natura.<\/p>\n<p>Com cada any, els diferents grups de l&#8217;escola es batejaran amb el nom que els identificar\u00e0 la resta del curs i, al voltant del qual, es generar\u00e0 un centre d&#8217;inter\u00e8s i recerca.<\/p>\n<p><a href=\"https:\/\/agora.xtec.cat\/escoladonesdaigua\/wp-content\/uploads\/usu707\/2025\/10\/elements.jpg\"><img loading=\"lazy\" decoding=\"async\" class=\"alignleft size-full wp-image-1911\" src=\"https:\/\/agora.xtec.cat\/escoladonesdaigua\/wp-content\/uploads\/usu707\/2025\/10\/elements.jpg\" alt=\"\" width=\"712\" height=\"376\" srcset=\"https:\/\/agora.xtec.cat\/escoladonesdaigua\/wp-content\/uploads\/usu707\/2025\/10\/elements.jpg 712w, https:\/\/agora.xtec.cat\/escoladonesdaigua\/wp-content\/uploads\/usu707\/2025\/10\/elements-300x158.jpg 300w\" sizes=\"auto, (max-width: 712px) 100vw, 712px\" \/><\/a><\/p>\n<p>&nbsp;<\/p>\n<p>&nbsp;<\/p>\n<p>&nbsp;<\/p>\n","protected":false},"excerpt":{"rendered":"<p>L&#8217;eix tem\u00e0tic de l&#8217;escola aquest curs 2025-26 son: ELS 4 ELEMENTS DE LA TERRA<br \/>\nEls\u00a0quatre\u00a0elements cl\u00e0ssics s\u00f3n l&#8217;aigua, el foc, la terra i l&#8217;aire. En l&#8217;antiguitat cl\u00e0ssica representaven les quatre formes conegudes de la mat\u00e8ria i eren utilitzats per tal d&#8217;explicar diferents comportaments de la natura.<br \/>\nCom&hellip;  <a href=\"https:\/\/agora.xtec.cat\/escoladonesdaigua\/\" title=\"Read Benvinguts\/des al web de l&#8217;ESCOLA DONES D&#8217;AIGUA!\">Llegeix m\u00e9s\u00bb<\/a><\/p>\n","protected":false},"author":1,"featured_media":0,"parent":0,"menu_order":0,"comment_status":"closed","ping_status":"closed","template":"","meta":{"_bbp_topic_count":0,"_bbp_reply_count":0,"_bbp_total_topic_count":0,"_bbp_total_reply_count":0,"_bbp_voice_count":0,"_bbp_anonymous_reply_count":0,"_bbp_topic_count_hidden":0,"_bbp_reply_count_hidden":0,"_bbp_forum_subforum_count":0,"footnotes":""},"class_list":["post-7","page","type-page","status-publish","hentry"],"post_mailing_queue_ids":[],"_links":{"self":[{"href":"https:\/\/agora.xtec.cat\/escoladonesdaigua\/wp-json\/wp\/v2\/pages\/7","targetHints":{"allow":["GET"]}}],"collection":[{"href":"https:\/\/agora.xtec.cat\/escoladonesdaigua\/wp-json\/wp\/v2\/pages"}],"about":[{"href":"https:\/\/agora.xtec.cat\/escoladonesdaigua\/wp-json\/wp\/v2\/types\/page"}],"author":[{"embeddable":true,"href":"https:\/\/agora.xtec.cat\/escoladonesdaigua\/wp-json\/wp\/v2\/users\/1"}],"replies":[{"embeddable":true,"href":"https:\/\/agora.xtec.cat\/escoladonesdaigua\/wp-json\/wp\/v2\/comments?post=7"}],"version-history":[{"count":8,"href":"https:\/\/agora.xtec.cat\/escoladonesdaigua\/wp-json\/wp\/v2\/pages\/7\/revisions"}],"predecessor-version":[{"id":1913,"href":"https:\/\/agora.xtec.cat\/escoladonesdaigua\/wp-json\/wp\/v2\/pages\/7\/revisions\/1913"}],"wp:attachment":[{"href":"https:\/\/agora.xtec.cat\/escoladonesdaigua\/wp-json\/wp\/v2\/media?parent=7"}],"curies":[{"name":"wp","href":"https:\/\/api.w.org\/{rel}","templated":true}]}}