{"id":618,"date":"2020-02-18T15:14:16","date_gmt":"2020-02-18T14:14:16","guid":{"rendered":"http:\/\/agora.xtec.cat\/escoladonesdaigua\/?page_id=618"},"modified":"2025-10-03T15:15:34","modified_gmt":"2025-10-03T13:15:34","slug":"menjador","status":"publish","type":"page","link":"https:\/\/agora.xtec.cat\/escoladonesdaigua\/menjador\/","title":{"rendered":"Menjador"},"content":{"rendered":"<p>Cliqueu al seg\u00fcent enlla\u00e7 on trobareu tota la informaci\u00f3 en relaci\u00f3 al servei de menjador SANED:<\/p>\n<p><a href=\"https:\/\/agora.xtec.cat\/escoladonesdaigua\/wp-content\/uploads\/usu707\/2025\/06\/Dones-d-aigua-Info-d-us-2526-OK.pdf\">Info d&#8217;us 2025-26 <\/a><\/p>\n<p><a href=\"https:\/\/agora.xtec.cat\/escoladonesdaigua\/wp-content\/uploads\/usu707\/2025\/10\/Normativa-de-Convivencia-SANED.pdf\">Normativa de Convive\u0300ncia SANED<\/a><\/p>\n","protected":false},"excerpt":{"rendered":"<p>Cliqueu al seg\u00fcent enlla\u00e7 on trobareu tota la informaci\u00f3 en relaci\u00f3 al servei de menjador SANED:<br \/>\n<a href=\"https:\/\/agora.xtec.cat\/escoladonesdaigua\/wp-content\/uploads\/usu707\/2025\/06\/Dones-d-aigua-Info-d-us-2526-OK.pdf\">Info d&#8217;us 2025-26 <\/a><br \/>\n<a href=\"https:\/\/agora.xtec.cat\/escoladonesdaigua\/wp-content\/uploads\/usu707\/2025\/10\/Normativa-de-Convivencia-SANED.pdf\">Normativa de Convive\u0300ncia SANED<\/a><\/p>\n","protected":false},"author":7,"featured_media":0,"parent":0,"menu_order":0,"comment_status":"closed","ping_status":"closed","template":"","meta":{"_bbp_topic_count":0,"_bbp_reply_count":0,"_bbp_total_topic_count":0,"_bbp_total_reply_count":0,"_bbp_voice_count":0,"_bbp_anonymous_reply_count":0,"_bbp_topic_count_hidden":0,"_bbp_reply_count_hidden":0,"_bbp_forum_subforum_count":0,"footnotes":""},"class_list":["post-618","page","type-page","status-publish","hentry"],"post_mailing_queue_ids":[],"_links":{"self":[{"href":"https:\/\/agora.xtec.cat\/escoladonesdaigua\/wp-json\/wp\/v2\/pages\/618","targetHints":{"allow":["GET"]}}],"collection":[{"href":"https:\/\/agora.xtec.cat\/escoladonesdaigua\/wp-json\/wp\/v2\/pages"}],"about":[{"href":"https:\/\/agora.xtec.cat\/escoladonesdaigua\/wp-json\/wp\/v2\/types\/page"}],"author":[{"embeddable":true,"href":"https:\/\/agora.xtec.cat\/escoladonesdaigua\/wp-json\/wp\/v2\/users\/7"}],"replies":[{"embeddable":true,"href":"https:\/\/agora.xtec.cat\/escoladonesdaigua\/wp-json\/wp\/v2\/comments?post=618"}],"version-history":[{"count":6,"href":"https:\/\/agora.xtec.cat\/escoladonesdaigua\/wp-json\/wp\/v2\/pages\/618\/revisions"}],"predecessor-version":[{"id":1915,"href":"https:\/\/agora.xtec.cat\/escoladonesdaigua\/wp-json\/wp\/v2\/pages\/618\/revisions\/1915"}],"wp:attachment":[{"href":"https:\/\/agora.xtec.cat\/escoladonesdaigua\/wp-json\/wp\/v2\/media?parent=618"}],"curies":[{"name":"wp","href":"https:\/\/api.w.org\/{rel}","templated":true}]}}