{"id":524,"date":"2020-02-13T00:43:04","date_gmt":"2020-02-12T23:43:04","guid":{"rendered":"http:\/\/agora.xtec.cat\/escoladonesdaigua\/?page_id=524"},"modified":"2020-02-13T00:43:04","modified_gmt":"2020-02-12T23:43:04","slug":"lectures-recomanades","status":"publish","type":"page","link":"https:\/\/agora.xtec.cat\/escoladonesdaigua\/families\/lectures-recomanades\/","title":{"rendered":"Lectures recomanades"},"content":{"rendered":"<p>Us deixem un llistat de col\u00b7leccions de llibres recomanades segons les edats.<\/p>\n<p>Penseu que aquest llistat \u00e9s de contes i novel\u00b7les per\u00f2 tamb\u00e9 \u00e9s possible que al vostre fill li agradi llegir llibres de temes concrets: cavalls, cotxes, pl\u00e0stica, espai\u2026<\/p>\n<p>El realment important \u00e9s que puguin llegir all\u00f2 que els agrada.<br \/>\n<strong>INFANTIL \u2013 COL\u00b7LECCIONS<\/strong><br \/>\n<em>LLETRA DE PAL<\/em><br \/>\n-Bosc de colors. Ed. Barcanova<br \/>\n-Cavall de mar. Ed. Animallibres<br \/>\n-Cavall volador. Ed. Combel<br \/>\n-La Sika i en Jan. Ed. Barcanova<br \/>\n-En Pol \/ La Laura. Ed. Baula<br \/>\n-Petits contes. Ed. Baula<br \/>\n-Petits descobriments. Ed. Baula<br \/>\n-El meu barri. Ed. Br\u00faixola<br \/>\n-Petits m\u00f3ns. Ed. Baula<br \/>\n-Contes i emocions. Ed. Baula<br \/>\n<em>DOBLE TEXT (PAL I LLIGADA)<\/em><br \/>\n-Cavall volador, zoo \/ acci\u00f3. Ed. Combel<br \/>\n-Bosc de colors \/ Els Tinatons. Ed. Barcanova<br \/>\n-Vull llegir. Ed. Cru\u00eflla<br \/>\n-Sirenetes. Ed. La Galera<br \/>\n-Pol i Laia. Ed. Baula<br \/>\n-M\u2019agradaria ser. Ed. Baula<br \/>\n-El Blauet. Ed. Animallibres<br \/>\n-Anem. Ed. Nadal<\/p>\n<p><em>LLETRA LLIGADA<\/em><br \/>\n-Llegim fent drecera. Ed. Salvatella<br \/>\n-Contes amb sentiments. Ed. Cru\u00eflla<br \/>\n-Cavall volador. Ed. Combel<br \/>\n-Dolents de conte. Ed. Baula<br \/>\n-Contes esbojarrats. Ed. Baula<br \/>\n-Ala Delta. Ed. Baula<br \/>\n-I per qu\u00e8 no? Ed. Baula<br \/>\n-Sopa de llibres. Ed. Barcanova<br \/>\n-Llar de contes. Ed. Barcanova<br \/>\n-Bestioles del jard\u00ed. Ed. Animallibres<\/p>\n<p><strong>PRIM\u00c0RIA \u2013 CICLE INICIAL 1r \/ 2n \u2013 COL\u00b7LECCIONS (lletra d\u2019impremta)<\/strong><br \/>\n-Bat Pat (catal\u00e0 i castell\u00e0). Ed. Estrella Polar<br \/>\n-Vaixell de vapor (colors blanc i blau) (catal\u00e0 i castell\u00e0). Ed Cru\u00eflla<br \/>\n-Bernat Barroer. Ed. Cru\u00eflla<br \/>\n\u2013 Ger\u00f3nimo Stilton. Ed. Destino<br \/>\n\u2013 Sopa de llibres (+ 6 anys) (catal\u00e0 i castell\u00e0). Ed. Barcanova<br \/>\n-Escola de pirates. Ed. Pirueta<br \/>\n\u2013 La colla Pegadol\u00e7a. Ed. Baula<br \/>\n-Petit drac Coco. Ed. La Galera<br \/>\n-El bagul dels monstres. Ed. Animallibres<br \/>\n-Els dinoamics. Ed. Estrella Polar<\/p>\n<p><strong>PRIM\u00c0RIA \u2013 CICLE MITJ\u00c0 3r \/ 4t \u2013 COL\u00b7LECCIONS<\/strong><br \/>\n-Grumets 8 anys (catal\u00e0 i castell\u00e0). Ed. La Galera<br \/>\n-Vaixell de vapor (colors: blau i taronja) (catal\u00e0 i castell\u00e0). Ed. Cru\u00eflla<br \/>\n-Sopa de llibres (+8 anys) (catal\u00e0 i castell\u00e0). Ed. Barcanova<br \/>\n-Gol! (catal\u00e0 i castell\u00e0). Ed. La Galera<br \/>\n-Escola de dansa (catal\u00e0 i castell\u00e0). Ed. La Galera<br \/>\n-Ger\u00f3nimo Stilton (catal\u00e0 i castell\u00e0). Ed. Destino<br \/>\n-Agatha Mistery. Ed. La Galera<br \/>\n-Leila Blue. Ed. La Galera<br \/>\n-La companyia del balta. Ed. Cru\u00eflla<br \/>\n-L\u2019Agus i els monstres. Ed. Combel<br \/>\n-Zona Zombi. Ed. Baula<\/p>\n<p><strong>PRIM\u00c0RIA \u2013 CICLE SUPERIOR 5\u00e8\/ 6\u00e8 \u2013 COL\u00b7LECCIONS<\/strong><br \/>\n-Grumets 10 anys (catal\u00e0 i castell\u00e0). Ed. La Galera<br \/>\n-Vaixell de vapor (colors taronja i vermell) (catal\u00e0 i castell\u00e0). Ed. Cru\u00eflla<br \/>\n-El mussol detectiu. Ed. Animallibres<br \/>\n-Sopa de llibres (+ 10 anys) (catal\u00e0 i castell\u00e0). Ed. Barcanova<br \/>\n-Tom Gates. Ed. Br\u00faixola<br \/>\n\u2013 Diari del Greg (catal\u00e0 i castell\u00e0). Ed. Emp\u00faries<br \/>\n-Els sense por (catal\u00e0 i castellan). Ed. Edeb\u00e9<br \/>\n-Diari d\u2019una penjada (catal\u00e0 i castell\u00e0). Ed. Estrella Polar<br \/>\n-Zona Zombi. Ed. Baula<br \/>\n-La increible hist\u00f2ria de\u2026 Ed. Montena<br \/>\n-Jan Plata. Ed. La Galera<br \/>\n-Oriol Pelacanyes. Ed. Baula<br \/>\n-Els bessons Tapper. Ed. RBA (en catal\u00e0 i castell\u00e0)<\/p>\n","protected":false},"excerpt":{"rendered":"<p>Us deixem un llistat de col\u00b7leccions de llibres recomanades segons les edats.<br \/>\nPenseu que aquest llistat \u00e9s de contes i novel\u00b7les per\u00f2 tamb\u00e9 \u00e9s possible que al vostre fill li agradi llegir llibres de temes concrets: cavalls, cotxes, pl\u00e0stica, espai\u2026<br \/>\nEl realment important \u00e9s que puguin llegir&hellip;  <a href=\"https:\/\/agora.xtec.cat\/escoladonesdaigua\/families\/lectures-recomanades\/\" title=\"Read Lectures recomanades\">Llegeix m\u00e9s\u00bb<\/a><\/p>\n","protected":false},"author":8,"featured_media":0,"parent":513,"menu_order":0,"comment_status":"closed","ping_status":"closed","template":"page-templates\/side-menu.php","meta":{"_bbp_topic_count":0,"_bbp_reply_count":0,"_bbp_total_topic_count":0,"_bbp_total_reply_count":0,"_bbp_voice_count":0,"_bbp_anonymous_reply_count":0,"_bbp_topic_count_hidden":0,"_bbp_reply_count_hidden":0,"_bbp_forum_subforum_count":0,"footnotes":""},"class_list":["post-524","page","type-page","status-publish","hentry"],"post_mailing_queue_ids":[],"_links":{"self":[{"href":"https:\/\/agora.xtec.cat\/escoladonesdaigua\/wp-json\/wp\/v2\/pages\/524","targetHints":{"allow":["GET"]}}],"collection":[{"href":"https:\/\/agora.xtec.cat\/escoladonesdaigua\/wp-json\/wp\/v2\/pages"}],"about":[{"href":"https:\/\/agora.xtec.cat\/escoladonesdaigua\/wp-json\/wp\/v2\/types\/page"}],"author":[{"embeddable":true,"href":"https:\/\/agora.xtec.cat\/escoladonesdaigua\/wp-json\/wp\/v2\/users\/8"}],"replies":[{"embeddable":true,"href":"https:\/\/agora.xtec.cat\/escoladonesdaigua\/wp-json\/wp\/v2\/comments?post=524"}],"version-history":[{"count":1,"href":"https:\/\/agora.xtec.cat\/escoladonesdaigua\/wp-json\/wp\/v2\/pages\/524\/revisions"}],"predecessor-version":[{"id":525,"href":"https:\/\/agora.xtec.cat\/escoladonesdaigua\/wp-json\/wp\/v2\/pages\/524\/revisions\/525"}],"up":[{"embeddable":true,"href":"https:\/\/agora.xtec.cat\/escoladonesdaigua\/wp-json\/wp\/v2\/pages\/513"}],"wp:attachment":[{"href":"https:\/\/agora.xtec.cat\/escoladonesdaigua\/wp-json\/wp\/v2\/media?parent=524"}],"curies":[{"name":"wp","href":"https:\/\/api.w.org\/{rel}","templated":true}]}}