{"id":513,"date":"2020-02-13T00:39:04","date_gmt":"2020-02-12T23:39:04","guid":{"rendered":"http:\/\/agora.xtec.cat\/escoladonesdaigua\/?page_id=513"},"modified":"2020-02-13T00:39:04","modified_gmt":"2020-02-12T23:39:04","slug":"families","status":"publish","type":"page","link":"https:\/\/agora.xtec.cat\/escoladonesdaigua\/families\/","title":{"rendered":"Fam\u00edlies"},"content":{"rendered":"<p>Les fam\u00edlies s\u00f3n representades al Consell Escolar i associades de forma volunt\u00e0ria a l&#8217;AMPA&#8230;<\/p>\n","protected":false},"excerpt":{"rendered":"<p>Les fam\u00edlies s\u00f3n representades al Consell Escolar i associades de forma volunt\u00e0ria a l&#8217;AMPA&#8230;<\/p>\n","protected":false},"author":8,"featured_media":0,"parent":0,"menu_order":0,"comment_status":"closed","ping_status":"closed","template":"","meta":{"_bbp_topic_count":0,"_bbp_reply_count":0,"_bbp_total_topic_count":0,"_bbp_total_reply_count":0,"_bbp_voice_count":0,"_bbp_anonymous_reply_count":0,"_bbp_topic_count_hidden":0,"_bbp_reply_count_hidden":0,"_bbp_forum_subforum_count":0,"footnotes":""},"class_list":["post-513","page","type-page","status-publish","hentry"],"post_mailing_queue_ids":[],"_links":{"self":[{"href":"https:\/\/agora.xtec.cat\/escoladonesdaigua\/wp-json\/wp\/v2\/pages\/513","targetHints":{"allow":["GET"]}}],"collection":[{"href":"https:\/\/agora.xtec.cat\/escoladonesdaigua\/wp-json\/wp\/v2\/pages"}],"about":[{"href":"https:\/\/agora.xtec.cat\/escoladonesdaigua\/wp-json\/wp\/v2\/types\/page"}],"author":[{"embeddable":true,"href":"https:\/\/agora.xtec.cat\/escoladonesdaigua\/wp-json\/wp\/v2\/users\/8"}],"replies":[{"embeddable":true,"href":"https:\/\/agora.xtec.cat\/escoladonesdaigua\/wp-json\/wp\/v2\/comments?post=513"}],"version-history":[{"count":1,"href":"https:\/\/agora.xtec.cat\/escoladonesdaigua\/wp-json\/wp\/v2\/pages\/513\/revisions"}],"predecessor-version":[{"id":515,"href":"https:\/\/agora.xtec.cat\/escoladonesdaigua\/wp-json\/wp\/v2\/pages\/513\/revisions\/515"}],"wp:attachment":[{"href":"https:\/\/agora.xtec.cat\/escoladonesdaigua\/wp-json\/wp\/v2\/media?parent=513"}],"curies":[{"name":"wp","href":"https:\/\/api.w.org\/{rel}","templated":true}]}}