{"id":1505,"date":"2022-09-07T11:35:15","date_gmt":"2022-09-07T09:35:15","guid":{"rendered":"https:\/\/agora.xtec.cat\/escoladonesdaigua\/?page_id=1505"},"modified":"2024-03-01T01:39:23","modified_gmt":"2024-03-01T00:39:23","slug":"boggle","status":"publish","type":"page","link":"https:\/\/agora.xtec.cat\/escoladonesdaigua\/boggle\/","title":{"rendered":"Boggle"},"content":{"rendered":"<p><strong>Boggle <\/strong>\u00e9s un joc de trobar paraules.\u00a0<strong>S\u2019inicia a cicle mitj\u00e0 i \u00e9s el previ a la introducci\u00f3 del SCRABBLE a cicle superior.<\/strong> Es juga amb una caixa que cont\u00e9 setze daus amb lletres a cada cara, un rellotge de sorra, paper i llapis. Es col\u00b7loquen tots els daus a la tapa de la caixa, es remena fent que els daus es disposin correctament i es deixa al centre de la taula.<\/p>\n<p><a href=\"https:\/\/agora.xtec.cat\/escoladonesdaigua\/wp-content\/uploads\/usu707\/2022\/09\/boggle-palabras.jpg\"><img loading=\"lazy\" decoding=\"async\" class=\"size-full wp-image-1506 aligncenter\" src=\"https:\/\/agora.xtec.cat\/escoladonesdaigua\/wp-content\/uploads\/usu707\/2022\/09\/boggle-palabras.jpg\" alt=\"\" width=\"600\" height=\"400\" srcset=\"https:\/\/agora.xtec.cat\/escoladonesdaigua\/wp-content\/uploads\/usu707\/2022\/09\/boggle-palabras.jpg 600w, https:\/\/agora.xtec.cat\/escoladonesdaigua\/wp-content\/uploads\/usu707\/2022\/09\/boggle-palabras-300x200.jpg 300w\" sizes=\"auto, (max-width: 600px) 100vw, 600px\" \/><\/a><\/p>\n","protected":false},"excerpt":{"rendered":"<p>Boggle \u00e9s un joc de trobar paraules.\u00a0S\u2019inicia a cicle mitj\u00e0 i \u00e9s el previ a la introducci\u00f3 del SCRABBLE a cicle superior. Es juga amb una caixa que cont\u00e9 setze daus amb lletres a cada cara, un rellotge de sorra, paper i llapis. Es col\u00b7loquen&hellip;  <a href=\"https:\/\/agora.xtec.cat\/escoladonesdaigua\/boggle\/\" title=\"Read Boggle\">Llegeix m\u00e9s\u00bb<\/a><\/p>\n","protected":false},"author":7,"featured_media":0,"parent":0,"menu_order":0,"comment_status":"closed","ping_status":"closed","template":"","meta":{"_bbp_topic_count":0,"_bbp_reply_count":0,"_bbp_total_topic_count":0,"_bbp_total_reply_count":0,"_bbp_voice_count":0,"_bbp_anonymous_reply_count":0,"_bbp_topic_count_hidden":0,"_bbp_reply_count_hidden":0,"_bbp_forum_subforum_count":0,"footnotes":""},"class_list":["post-1505","page","type-page","status-publish","hentry"],"post_mailing_queue_ids":[],"_links":{"self":[{"href":"https:\/\/agora.xtec.cat\/escoladonesdaigua\/wp-json\/wp\/v2\/pages\/1505","targetHints":{"allow":["GET"]}}],"collection":[{"href":"https:\/\/agora.xtec.cat\/escoladonesdaigua\/wp-json\/wp\/v2\/pages"}],"about":[{"href":"https:\/\/agora.xtec.cat\/escoladonesdaigua\/wp-json\/wp\/v2\/types\/page"}],"author":[{"embeddable":true,"href":"https:\/\/agora.xtec.cat\/escoladonesdaigua\/wp-json\/wp\/v2\/users\/7"}],"replies":[{"embeddable":true,"href":"https:\/\/agora.xtec.cat\/escoladonesdaigua\/wp-json\/wp\/v2\/comments?post=1505"}],"version-history":[{"count":2,"href":"https:\/\/agora.xtec.cat\/escoladonesdaigua\/wp-json\/wp\/v2\/pages\/1505\/revisions"}],"predecessor-version":[{"id":1753,"href":"https:\/\/agora.xtec.cat\/escoladonesdaigua\/wp-json\/wp\/v2\/pages\/1505\/revisions\/1753"}],"wp:attachment":[{"href":"https:\/\/agora.xtec.cat\/escoladonesdaigua\/wp-json\/wp\/v2\/media?parent=1505"}],"curies":[{"name":"wp","href":"https:\/\/api.w.org\/{rel}","templated":true}]}}