{"id":1500,"date":"2022-09-07T11:27:08","date_gmt":"2022-09-07T09:27:08","guid":{"rendered":"https:\/\/agora.xtec.cat\/escoladonesdaigua\/?page_id=1500"},"modified":"2022-09-07T11:28:58","modified_gmt":"2022-09-07T09:28:58","slug":"la-tipologia-textual","status":"publish","type":"page","link":"https:\/\/agora.xtec.cat\/escoladonesdaigua\/la-tipologia-textual\/","title":{"rendered":"La tipologia textual"},"content":{"rendered":"<p>\u00c9s un projecte de centre que es focalitza en el <strong>treball de les diferents tipologies textuals<\/strong>( text narratiu, descriptiu, expositiu&#8230;) <strong>des de les 3 \u00e0rees de lleng\u00fces (catal\u00e0, castell\u00e0 i angl\u00e8s)<\/strong>. La tipologia textual com a <strong>metodologia de treball<\/strong> pren l\u2019alumnat com a constructor del seu propi aprenentatge i propicia la seva autoregulaci\u00f3 (prendre consci\u00e8ncia del propi aprenentatge) a trav\u00e9s de les bastides, bases d\u2019orientaci\u00f3, r\u00fabriques d\u2019autoavaluaci\u00f3 i revisi\u00f3.<\/p>\n","protected":false},"excerpt":{"rendered":"<p>\u00c9s un projecte de centre que es focalitza en el treball de les diferents tipologies textuals( text narratiu, descriptiu, expositiu&#8230;) des de les 3 \u00e0rees de lleng\u00fces (catal\u00e0, castell\u00e0 i angl\u00e8s). La tipologia textual com a metodologia de treball pren l\u2019alumnat com a constructor del&hellip;  <a href=\"https:\/\/agora.xtec.cat\/escoladonesdaigua\/la-tipologia-textual\/\" title=\"Read La tipologia textual\">Llegeix m\u00e9s\u00bb<\/a><\/p>\n","protected":false},"author":7,"featured_media":0,"parent":0,"menu_order":0,"comment_status":"closed","ping_status":"closed","template":"","meta":{"_bbp_topic_count":0,"_bbp_reply_count":0,"_bbp_total_topic_count":0,"_bbp_total_reply_count":0,"_bbp_voice_count":0,"_bbp_anonymous_reply_count":0,"_bbp_topic_count_hidden":0,"_bbp_reply_count_hidden":0,"_bbp_forum_subforum_count":0,"footnotes":""},"class_list":["post-1500","page","type-page","status-publish","hentry"],"post_mailing_queue_ids":[],"_links":{"self":[{"href":"https:\/\/agora.xtec.cat\/escoladonesdaigua\/wp-json\/wp\/v2\/pages\/1500","targetHints":{"allow":["GET"]}}],"collection":[{"href":"https:\/\/agora.xtec.cat\/escoladonesdaigua\/wp-json\/wp\/v2\/pages"}],"about":[{"href":"https:\/\/agora.xtec.cat\/escoladonesdaigua\/wp-json\/wp\/v2\/types\/page"}],"author":[{"embeddable":true,"href":"https:\/\/agora.xtec.cat\/escoladonesdaigua\/wp-json\/wp\/v2\/users\/7"}],"replies":[{"embeddable":true,"href":"https:\/\/agora.xtec.cat\/escoladonesdaigua\/wp-json\/wp\/v2\/comments?post=1500"}],"version-history":[{"count":3,"href":"https:\/\/agora.xtec.cat\/escoladonesdaigua\/wp-json\/wp\/v2\/pages\/1500\/revisions"}],"predecessor-version":[{"id":1504,"href":"https:\/\/agora.xtec.cat\/escoladonesdaigua\/wp-json\/wp\/v2\/pages\/1500\/revisions\/1504"}],"wp:attachment":[{"href":"https:\/\/agora.xtec.cat\/escoladonesdaigua\/wp-json\/wp\/v2\/media?parent=1500"}],"curies":[{"name":"wp","href":"https:\/\/api.w.org\/{rel}","templated":true}]}}