{"id":1137,"date":"2021-04-21T11:19:05","date_gmt":"2021-04-21T09:19:05","guid":{"rendered":"http:\/\/agora.xtec.cat\/escoladonesdaigua\/?page_id=1137"},"modified":"2021-04-21T15:13:25","modified_gmt":"2021-04-21T13:13:25","slug":"videomat","status":"publish","type":"page","link":"https:\/\/agora.xtec.cat\/escoladonesdaigua\/videomat\/","title":{"rendered":"VideoMAT"},"content":{"rendered":"<p>El v\u00eddeoMAT \u00e9s un projecte en el qual els i les alumnes <strong>creen v\u00eddeos on es responen preguntes que posen de manifest aplicacions de les matem\u00e0tiques<\/strong> o la seva pres\u00e8ncia en l\u2019entorn. Hem participat en les darreres 4 edicions i hem estat<strong> guanyadors del curs al 2020 <\/strong>amb el v\u00eddeo: <strong>PERQU\u00c8 LA PIZZA \u00c9S RODONA?<\/strong><\/p>\n<p><iframe loading=\"lazy\" title=\"VIDEOMAT2020: Perqu\u00e8 la pizza \u00e9s rodona?\" width=\"500\" height=\"281\" src=\"https:\/\/www.youtube.com\/embed\/O93QxRc072M?feature=oembed\" frameborder=\"0\" allow=\"accelerometer; autoplay; clipboard-write; encrypted-media; gyroscope; picture-in-picture; web-share\" referrerpolicy=\"strict-origin-when-cross-origin\" allowfullscreen><\/iframe><\/p>\n<p><iframe loading=\"lazy\" title=\"VideoMat2019: Com seria l&#039;estoig d&#039;un gegant?\" width=\"500\" height=\"281\" src=\"https:\/\/www.youtube.com\/embed\/wLlakYxq_lQ?feature=oembed\" frameborder=\"0\" allow=\"accelerometer; autoplay; clipboard-write; encrypted-media; gyroscope; picture-in-picture; web-share\" referrerpolicy=\"strict-origin-when-cross-origin\" allowfullscreen><\/iframe><\/p>\n<p><iframe loading=\"lazy\" title=\"VideoMat2019: Qu\u00e8 ens aporten les figures geom\u00e8triques?\" width=\"500\" height=\"281\" src=\"https:\/\/www.youtube.com\/embed\/zkDqWbrn1vI?feature=oembed\" frameborder=\"0\" allow=\"accelerometer; autoplay; clipboard-write; encrypted-media; gyroscope; picture-in-picture; web-share\" referrerpolicy=\"strict-origin-when-cross-origin\" allowfullscreen><\/iframe><\/p>\n<p><iframe loading=\"lazy\" title=\"Podem calcular els pins morts per TOMICU al nostre poble?\" width=\"500\" height=\"281\" src=\"https:\/\/www.youtube.com\/embed\/Woesx0i9ffc?feature=oembed\" frameborder=\"0\" allow=\"accelerometer; autoplay; clipboard-write; encrypted-media; gyroscope; picture-in-picture; web-share\" referrerpolicy=\"strict-origin-when-cross-origin\" allowfullscreen><\/iframe><\/p>\n<p><iframe loading=\"lazy\" title=\"videoMAT2017Per qu\u00e8 les abelles utilitzen l&#039;hex\u00e0gon?\" width=\"500\" height=\"281\" src=\"https:\/\/www.youtube.com\/embed\/hl5ezcA9UyA?feature=oembed\" frameborder=\"0\" allow=\"accelerometer; autoplay; clipboard-write; encrypted-media; gyroscope; picture-in-picture; web-share\" referrerpolicy=\"strict-origin-when-cross-origin\" allowfullscreen><\/iframe><\/p>\n","protected":false},"excerpt":{"rendered":"<p>El v\u00eddeoMAT \u00e9s un projecte en el qual els i les alumnes creen v\u00eddeos on es responen preguntes que posen de manifest aplicacions de les matem\u00e0tiques o la seva pres\u00e8ncia en l\u2019entorn. Hem participat en les darreres 4 edicions i hem estat guanyadors del curs&hellip;  <a href=\"https:\/\/agora.xtec.cat\/escoladonesdaigua\/videomat\/\" title=\"Read VideoMAT\">Llegeix m\u00e9s\u00bb<\/a><\/p>\n","protected":false},"author":7,"featured_media":0,"parent":0,"menu_order":0,"comment_status":"closed","ping_status":"closed","template":"","meta":{"_bbp_topic_count":0,"_bbp_reply_count":0,"_bbp_total_topic_count":0,"_bbp_total_reply_count":0,"_bbp_voice_count":0,"_bbp_anonymous_reply_count":0,"_bbp_topic_count_hidden":0,"_bbp_reply_count_hidden":0,"_bbp_forum_subforum_count":0,"footnotes":""},"class_list":["post-1137","page","type-page","status-publish","hentry"],"post_mailing_queue_ids":[],"_links":{"self":[{"href":"https:\/\/agora.xtec.cat\/escoladonesdaigua\/wp-json\/wp\/v2\/pages\/1137","targetHints":{"allow":["GET"]}}],"collection":[{"href":"https:\/\/agora.xtec.cat\/escoladonesdaigua\/wp-json\/wp\/v2\/pages"}],"about":[{"href":"https:\/\/agora.xtec.cat\/escoladonesdaigua\/wp-json\/wp\/v2\/types\/page"}],"author":[{"embeddable":true,"href":"https:\/\/agora.xtec.cat\/escoladonesdaigua\/wp-json\/wp\/v2\/users\/7"}],"replies":[{"embeddable":true,"href":"https:\/\/agora.xtec.cat\/escoladonesdaigua\/wp-json\/wp\/v2\/comments?post=1137"}],"version-history":[{"count":3,"href":"https:\/\/agora.xtec.cat\/escoladonesdaigua\/wp-json\/wp\/v2\/pages\/1137\/revisions"}],"predecessor-version":[{"id":1144,"href":"https:\/\/agora.xtec.cat\/escoladonesdaigua\/wp-json\/wp\/v2\/pages\/1137\/revisions\/1144"}],"wp:attachment":[{"href":"https:\/\/agora.xtec.cat\/escoladonesdaigua\/wp-json\/wp\/v2\/media?parent=1137"}],"curies":[{"name":"wp","href":"https:\/\/api.w.org\/{rel}","templated":true}]}}