{"id":1106,"date":"2021-04-20T11:27:35","date_gmt":"2021-04-20T09:27:35","guid":{"rendered":"http:\/\/agora.xtec.cat\/escoladonesdaigua\/?page_id=1106"},"modified":"2024-02-26T16:44:58","modified_gmt":"2024-02-26T15:44:58","slug":"projecte-apilo","status":"publish","type":"page","link":"https:\/\/agora.xtec.cat\/escoladonesdaigua\/projecte-apilo\/","title":{"rendered":"Piscina (des d&#8217;I5 fins a 4t de prim\u00e0ria)"},"content":{"rendered":"<p>Durant el 3r trimestre el nostre <strong>alumnat d&#8217;I5 fins a 4<sup>t <\/sup>\u00a0de prim\u00e0ria<\/strong> fan cada setmana l&#8217;activitat de <strong>piscina dins de l&#8217;horari escolar<\/strong>. L&#8217;activitat es realitza a les instal\u00b7lacions de l&#8217;H2O a Canet de Mar. Beneficis de la nataci\u00f3:<\/p>\n<div class=\"col-sm-6 col-sm-height col-top\">\n<div class=\"col-full-height\">\n<div class=\"content post_content\">\n<ul>\n<li>La nataci\u00f3 millora la coordinaci\u00f3 i l\u2019equilibri. Tots els muscles s\u2019activen harmoniosament. Les articulacions i l\u2019esquelet no es veuen sotmesos a l\u2019estr\u00e8s produ\u00eft pel pes.<\/li>\n<li>El cor i els pulmons es reforcen i l&#8217;infant apr\u00e8n a respirar millor.<\/li>\n<li><span style=\"font-family: inherit; font-size: 1em;\">S&#8217;incrementa el sentiment d\u2019independ\u00e8ncia i d\u2019autoconfian\u00e7a, ja que el nen o nena pot despla\u00e7ar-se en l\u2019aigua per si mateix, per si mateixa, i aix\u00f2 afavoreix el despertar de la seva intel\u00b7lig\u00e8ncia.<\/span><\/li>\n<li><span style=\"font-family: inherit; font-size: 1em;\">L\u2019activitat a l\u2019aigua afavoreix el joc compartit, la relaci\u00f3 i la integraci\u00f3 social, ajuda a enfortir l\u2019esperit de superaci\u00f3 personal i fomenta el respecte per la resta de persones, la confian\u00e7a en un mateix i els bons h\u00e0bits higi\u00e8nics.<\/span><\/li>\n<li><span style=\"font-family: inherit; font-size: 1em;\">El medi aqu\u00e0tic est\u00e0 recomanat a tots els infants i aporta molts beneficis a aquells que tenen danys a la columna o dificultats de mobilitat, entre d&#8217;altres trastorns.<\/span><\/li>\n<li><span style=\"font-family: inherit; font-size: 1em;\">El fet de ser capa\u00e7 de moure&#8217;s amb seguretat al medi aqu\u00e0tic, atorga al nen o nena confian\u00e7a i tranquil\u00b7litat a la fam\u00edlia.<\/span><\/li>\n<\/ul>\n<p><a href=\"https:\/\/agora.xtec.cat\/escoladonesdaigua\/wp-content\/uploads\/usu707\/2024\/02\/baixa-1.jpg\"><img loading=\"lazy\" decoding=\"async\" class=\"wp-image-1739 aligncenter\" src=\"https:\/\/agora.xtec.cat\/escoladonesdaigua\/wp-content\/uploads\/usu707\/2024\/02\/baixa-1.jpg\" alt=\"\" width=\"425\" height=\"283\" \/><\/a><\/p>\n<\/div>\n<\/div>\n<\/div>\n","protected":false},"excerpt":{"rendered":"<p>Durant el 3r trimestre el nostre alumnat d&#8217;I5 fins a 4t \u00a0de prim\u00e0ria fan cada setmana l&#8217;activitat de piscina dins de l&#8217;horari escolar. L&#8217;activitat es realitza a les instal\u00b7lacions de l&#8217;H2O a Canet de Mar. Beneficis de la nataci\u00f3:<\/p>\n<ul>\n<li>La nataci\u00f3 millora la coordinaci\u00f3 i l\u2019equilibri.&hellip;  <a href=\"https:\/\/agora.xtec.cat\/escoladonesdaigua\/projecte-apilo\/\" title=\"Read Piscina (des d&#8217;I5 fins a 4t de prim\u00e0ria)\">Llegeix m\u00e9s\u00bb<\/a><br \/>\n","protected":false},"author":7,"featured_media":0,"parent":0,"menu_order":0,"comment_status":"closed","ping_status":"closed","template":"","meta":{"_bbp_topic_count":0,"_bbp_reply_count":0,"_bbp_total_topic_count":0,"_bbp_total_reply_count":0,"_bbp_voice_count":0,"_bbp_anonymous_reply_count":0,"_bbp_topic_count_hidden":0,"_bbp_reply_count_hidden":0,"_bbp_forum_subforum_count":0,"footnotes":""},"class_list":["post-1106","page","type-page","status-publish","hentry"],"post_mailing_queue_ids":[],"_links":{"self":[{"href":"https:\/\/agora.xtec.cat\/escoladonesdaigua\/wp-json\/wp\/v2\/pages\/1106","targetHints":{"allow":["GET"]}}],"collection":[{"href":"https:\/\/agora.xtec.cat\/escoladonesdaigua\/wp-json\/wp\/v2\/pages"}],"about":[{"href":"https:\/\/agora.xtec.cat\/escoladonesdaigua\/wp-json\/wp\/v2\/types\/page"}],"author":[{"embeddable":true,"href":"https:\/\/agora.xtec.cat\/escoladonesdaigua\/wp-json\/wp\/v2\/users\/7"}],"replies":[{"embeddable":true,"href":"https:\/\/agora.xtec.cat\/escoladonesdaigua\/wp-json\/wp\/v2\/comments?post=1106"}],"version-history":[{"count":6,"href":"https:\/\/agora.xtec.cat\/escoladonesdaigua\/wp-json\/wp\/v2\/pages\/1106\/revisions"}],"predecessor-version":[{"id":1742,"href":"https:\/\/agora.xtec.cat\/escoladonesdaigua\/wp-json\/wp\/v2\/pages\/1106\/revisions\/1742"}],"wp:attachment":[{"href":"https:\/\/agora.xtec.cat\/escoladonesdaigua\/wp-json\/wp\/v2\/media?parent=1106"}],"curies":[{"name":"wp","href":"https:\/\/api.w.org\/{rel}","templated":true}]}}