{"id":766,"date":"2019-09-15T23:15:10","date_gmt":"2019-09-15T21:15:10","guid":{"rendered":"https:\/\/agora.xtec.cat\/escoladomeny\/?page_id=766"},"modified":"2022-02-07T16:24:06","modified_gmt":"2022-02-07T15:24:06","slug":"robotica","status":"publish","type":"page","link":"https:\/\/agora.xtec.cat\/escoladomeny\/robotica\/","title":{"rendered":"Rob\u00f2tica"},"content":{"rendered":"<p>Les<strong> 3 lleis de la rob\u00f2tica, segons <em><span style=\"color: #ff99cc;\"><a style=\"color: #ff99cc;\" href=\"https:\/\/ca.wikipedia.org\/wiki\/Isaac_Asimov\" target=\"_blank\" rel=\"noopener noreferrer\">Isaac Asimov<\/a><\/span><\/em>:<\/strong><\/p>\n<ol>\n<li style=\"list-style-type: none;\">\n<ol>\n<li><em>Un robot no pot fer mal a un \u00e9sser hum\u00e0 o, per inacci\u00f3, permetre que un \u00e9sser hum\u00e0 prengui mal.<\/em><\/li>\n<li><em>Un robot ha d&#8217;obeir les ordres dels \u00e9ssers humans, excepte si entren en conflicte amb la primera llei.<\/em><\/li>\n<li><em><em>Un robot ha de protegir la seva pr\u00f2pia exist\u00e8ncia en la mesura que aquesta protecci\u00f3 no entri en conflicte amb la primera o la segona llei.<\/em><\/em><br \/>\n<hr \/>\n<\/li>\n<\/ol>\n<\/li>\n<\/ol>\n<h4 style=\"text-align: left;\"><a href=\"https:\/\/agora.xtec.cat\/escoladomeny\/wp-content\/uploads\/usu2009\/2020\/05\/code.png\"><img loading=\"lazy\" decoding=\"async\" class=\"wp-image-17600 alignleft\" src=\"https:\/\/agora.xtec.cat\/escoladomeny\/wp-content\/uploads\/usu2009\/2020\/05\/code.png\" alt=\"\" width=\"150\" height=\"151\" srcset=\"https:\/\/agora.xtec.cat\/escoladomeny\/wp-content\/uploads\/usu2009\/2020\/05\/code.png 225w, https:\/\/agora.xtec.cat\/escoladomeny\/wp-content\/uploads\/usu2009\/2020\/05\/code-150x150.png 150w\" sizes=\"auto, (max-width: 150px) 100vw, 150px\" \/><\/a><\/h4>\n<p>&nbsp;<\/p>\n<p>&nbsp;<\/p>\n<p>&nbsp;<\/p>\n<table class=\" alignleft\" style=\"height: 299px; width: 100%; border-style: hidden;\" width=\"100%\">\n<tbody>\n<tr style=\"height: 95px;\">\n<td style=\"width: 15.7009%; text-align: center; vertical-align: middle; background-color: #ffffff; border-style: dotted;\">\n<h1><span style=\"text-decoration: underline;\"><a href=\"https:\/\/studio.code.org\/sections\/VNRZTK\" rel=\"noopener noreferrer\">1rA<\/a><\/span><\/h1>\n<\/td>\n<td style=\"width: 17.1963%; text-align: center; vertical-align: middle; background-color: #ffffff; border-style: dotted; height: 95px;\">\n<h1><span style=\"text-decoration: underline;\"><a href=\"https:\/\/studio.code.org\/sections\/MKWDBB\" rel=\"noopener noreferrer\">2nA<\/a><\/span><\/h1>\n<\/td>\n<td style=\"width: 18.3177%; text-align: center; vertical-align: middle; background-color: #ffffff; border-style: dotted; height: 95px;\">\n<h1><span style=\"text-decoration: underline;\"><a href=\"https:\/\/studio.code.org\/sections\/FZMRTX\" rel=\"noopener noreferrer\">3rA<\/a><\/span><\/h1>\n<\/td>\n<td style=\"width: 12.7103%; text-align: center; vertical-align: middle; background-color: #ffffff; border-style: dotted; height: 95px;\">\n<h1><span style=\"text-decoration: underline;\"><a href=\"https:\/\/studio.code.org\/sections\/RMCHWG\" rel=\"noopener noreferrer\">4tA<\/a><\/span><\/h1>\n<\/td>\n<td style=\"width: 16.8224%; text-align: center; vertical-align: middle; background-color: #ffffff; border-style: dotted; height: 95px;\">\n<h1><span style=\"text-decoration: underline;\"><a href=\"https:\/\/studio.code.org\/sections\/VZQMBV\" rel=\"noopener noreferrer\">5\u00e8A<\/a><\/span><\/h1>\n<\/td>\n<td style=\"width: 16.8224%; vertical-align: middle; background-color: #ffffff; border-style: dotted; text-align: center; height: 95px;\">\n<h1><span style=\"text-decoration: underline;\"><a href=\"https:\/\/studio.code.org\/sections\/RDTHYD\" rel=\"noopener noreferrer\">6\u00e8A<\/a><\/span><\/h1>\n<\/td>\n<\/tr>\n<tr style=\"height: 95px;\">\n<td style=\"width: 15.7009%; text-align: center; vertical-align: middle; border-style: dotted; background-color: #ffffff;\">\n<h1><span style=\"text-decoration: underline;\"><a href=\"https:\/\/studio.code.org\/sections\/KKDBXT\" rel=\"noopener noreferrer\">1rB<\/a><\/span><\/h1>\n<\/td>\n<td style=\"width: 17.1963%; text-align: center; vertical-align: middle; border-style: dotted; background-color: #ffffff; height: 95px;\">\n<h1><span style=\"text-decoration: underline;\"><a href=\"https:\/\/studio.code.org\/sections\/DPYYZF\" rel=\"noopener noreferrer\">2nB<\/a><\/span><\/h1>\n<\/td>\n<td style=\"width: 18.3177%; text-align: center; vertical-align: middle; border-style: dotted; background-color: #ffffff; height: 95px;\">\n<h1><span style=\"text-decoration: underline;\"><a href=\"https:\/\/studio.code.org\/sections\/NBQBPP\" rel=\"noopener noreferrer\">3rB<\/a><\/span><\/h1>\n<\/td>\n<td style=\"width: 12.7103%; text-align: center; vertical-align: middle; border-style: dotted; background-color: #ffffff; height: 95px;\">\n<h1><span style=\"text-decoration: underline;\"><a href=\"https:\/\/studio.code.org\/sections\/GMRKVM\" rel=\"noopener noreferrer\">4tB<\/a><\/span><\/h1>\n<\/td>\n<td style=\"width: 16.8224%; text-align: center; vertical-align: middle; border-style: dotted; background-color: #ffffff; height: 95px;\">\n<h1><span style=\"text-decoration: underline;\"><a href=\"https:\/\/studio.code.org\/sections\/SSJLXJ\" rel=\"noopener noreferrer\">5\u00e8B<\/a><\/span><\/h1>\n<\/td>\n<td style=\"width: 16.8224%; vertical-align: middle; background-color: #ffffff; border-style: dotted; text-align: center; height: 95px;\">\n<h1><span style=\"text-decoration: underline;\"><a href=\"https:\/\/studio.code.org\/sections\/RRPHGG\" rel=\"noopener noreferrer\">6\u00e8B<\/a><\/span><\/h1>\n<\/td>\n<\/tr>\n<\/tbody>\n<\/table>\n<p>&nbsp;<\/p>\n<h3><\/h3>\n<h3><\/h3>\n<h3><\/h3>\n<p>&nbsp;<\/p>\n<h4 style=\"text-align: left;\"><span style=\"color: #333333;\"><a href=\"https:\/\/agora.xtec.cat\/escoladomeny\/wp-content\/uploads\/usu2009\/2020\/05\/scratch_JR-1.jpg\">\u00a0 <\/a> \u00a0\u00a0 \u00a0<\/span><span style=\"color: #333333;\"><a href=\"https:\/\/agora.xtec.cat\/escoladomeny\/wp-content\/uploads\/usu2009\/2020\/05\/scratch_JR-1.jpg\"> \u00a0 \u00a0 \u00a0 \u00a0 \u00a0 \u00a0 \u00a0 \u00a0 \u00a0 \u00a0 \u00a0 <\/a><\/span><span style=\"color: #333333;\"><a href=\"https:\/\/agora.xtec.cat\/escoladomeny\/wp-content\/uploads\/usu2009\/2020\/05\/descarga.jpg\"> \u00a0 \u00a0 \u00a0 \u00a0 \u00a0 \u00a0 \u00a0 \u00a0 \u00a0 \u00a0 \u00a0 \u00a0 \u00a0 \u00a0 \u00a0 \u00a0 <\/a><\/span><\/h4>\n<p>\u200b<\/p>\n<table style=\"width: 977px; border-style: none;\">\n<tbody>\n<tr>\n<td style=\"width: 237.6px;\"><a href=\"https:\/\/agora.xtec.cat\/escoladomeny\/wp-content\/uploads\/usu2009\/2020\/05\/scratch_JR-1.jpg\"><img loading=\"lazy\" decoding=\"async\" class=\"wp-image-17602 aligncenter\" src=\"https:\/\/agora.xtec.cat\/escoladomeny\/wp-content\/uploads\/usu2009\/2020\/05\/scratch_JR-1.jpg\" alt=\"\" width=\"150\" height=\"106\" \/><\/a><\/td>\n<td style=\"width: 396.8px;\">\u00a0<a href=\"https:\/\/lightbot.com\/flash.html\" target=\"_blank\" rel=\"noopener noreferrer\"><img loading=\"lazy\" decoding=\"async\" class=\"size-full wp-image-17883 aligncenter\" style=\"font-size: 16px;\" src=\"https:\/\/agora.xtec.cat\/escoladomeny\/wp-content\/uploads\/usu2009\/2020\/10\/Lightbot.bmp\" alt=\"\" width=\"157\" height=\"144\" \/><\/a><\/td>\n<td style=\"width: 334.4px;\">\n<h4 style=\"text-align: center;\"><a href=\"https:\/\/agora.xtec.cat\/escoladomeny\/robotica\/scratch\/\"><img loading=\"lazy\" decoding=\"async\" class=\"alignnone wp-image-17643 size-thumbnail\" src=\"https:\/\/agora.xtec.cat\/escoladomeny\/wp-content\/uploads\/usu2009\/2020\/05\/scratch_click-150x150.png\" alt=\"\" width=\"150\" height=\"150\" srcset=\"https:\/\/agora.xtec.cat\/escoladomeny\/wp-content\/uploads\/usu2009\/2020\/05\/scratch_click-150x150.png 150w, https:\/\/agora.xtec.cat\/escoladomeny\/wp-content\/uploads\/usu2009\/2020\/05\/scratch_click.png 226w\" sizes=\"auto, (max-width: 150px) 100vw, 150px\" \/><\/a><\/h4>\n<\/td>\n<\/tr>\n<tr>\n<td style=\"width: 237.6px;\">\n<ul>\n<li><a href=\"https:\/\/drive.google.com\/file\/d\/11r2ORByaVbV2vJAcTGGp-STNtj6BhQ4M\/view?usp=sharing\" target=\"_blank\" rel=\"noopener noreferrer\">GUIA PROGRAMA<\/a><\/li>\n<li style=\"text-align: left;\"><a href=\"https:\/\/www.youtube.com\/watch?v=A2dWh9kS27g\" target=\"_blank\" rel=\"noopener noreferrer\">TUTORIAL<\/a> (Primers passos)<\/li>\n<li style=\"text-align: left;\"><a href=\"https:\/\/www.scratchjr.org\/teach\/activities\">ACTIVITATS<\/a><\/li>\n<\/ul>\n<\/td>\n<td style=\"width: 396.8px;\">\n<ul>\n<li><a style=\"font-size: 16px;\" href=\"https:\/\/lightbot.com\/flash.html\" target=\"_blank\" rel=\"noopener noreferrer\">LIGHTBOT<\/a> (Per Windows, Mac, Android, IOS)<\/li>\n<\/ul>\n<\/td>\n<td style=\"width: 334.4px;\">\n<ul>\n<li>Programa (Software)<\/li>\n<li>Tutorials<\/li>\n<li>Minireptes<\/li>\n<li>Crea una historieta amb Scratch<\/li>\n<li><a href=\"https:\/\/projectes.xtec.cat\/programacioirobotica\/recursos-scratch\/scratch-cards-dactivitats\/\">Targetes<\/a><\/li>\n<\/ul>\n<\/td>\n<\/tr>\n<\/tbody>\n<\/table>\n<h4><span style=\"text-decoration: underline;\"><span style=\"color: #333333; text-decoration: underline;\">SUPORT T\u00c8CNIC ONLINE<\/span><\/span><\/h4>\n<ul>\n<li><a href=\"https:\/\/download.teamviewer.com\/download\/TeamViewerQS.exe\">TeamViewer<\/a><\/li>\n<\/ul>\n<h4><span style=\"text-decoration: underline; color: #000000;\">RECURSOS AUDIOVISUALS lliures<\/span><\/h4>\n<p><span style=\"color: #000000;\">Editor de video <a href=\"http:\/\/www.videosoftdev.com\/es\/free-video-editor\" target=\"_blank\" rel=\"noopener noreferrer\">VSDC\u00a0 \u00a0 \u00a0\u00a0<\/a><\/span> <a href=\"http:\/\/www.videosoftdev.com\/es\/free-video-editor\" target=\"_blank\" rel=\"noopener noreferrer\"><img loading=\"lazy\" decoding=\"async\" class=\"alignnone wp-image-17950\" src=\"https:\/\/agora.xtec.cat\/escoladomeny\/wp-content\/uploads\/usu2009\/2020\/12\/VSDC-icon-150x150.jpg\" alt=\"\" width=\"70\" height=\"70\" srcset=\"https:\/\/agora.xtec.cat\/escoladomeny\/wp-content\/uploads\/usu2009\/2020\/12\/VSDC-icon-150x150.jpg 150w, https:\/\/agora.xtec.cat\/escoladomeny\/wp-content\/uploads\/usu2009\/2020\/12\/VSDC-icon-300x300.jpg 300w, https:\/\/agora.xtec.cat\/escoladomeny\/wp-content\/uploads\/usu2009\/2020\/12\/VSDC-icon.jpg 400w\" sizes=\"auto, (max-width: 70px) 100vw, 70px\" \/><\/a><\/p>\n<p>Editor d&#8217;audio <a href=\"https:\/\/www.fosshub.com\/Audacity.html\/audacity-win-2.4.2.exe\" target=\"_blank\" rel=\"noopener noreferrer\">AUDACITY\u00a0<\/a> \u00a0 \u00a0 <a href=\"https:\/\/www.fosshub.com\/Audacity.html\/audacity-win-2.4.2.exe\"><img loading=\"lazy\" decoding=\"async\" class=\"alignnone wp-image-17951\" src=\"https:\/\/agora.xtec.cat\/escoladomeny\/wp-content\/uploads\/usu2009\/2020\/12\/Audacity_Logo.svg_-150x150.png\" alt=\"\" width=\"70\" height=\"70\" srcset=\"https:\/\/agora.xtec.cat\/escoladomeny\/wp-content\/uploads\/usu2009\/2020\/12\/Audacity_Logo.svg_-150x150.png 150w, https:\/\/agora.xtec.cat\/escoladomeny\/wp-content\/uploads\/usu2009\/2020\/12\/Audacity_Logo.svg_-300x300.png 300w, https:\/\/agora.xtec.cat\/escoladomeny\/wp-content\/uploads\/usu2009\/2020\/12\/Audacity_Logo.svg_-768x768.png 768w, https:\/\/agora.xtec.cat\/escoladomeny\/wp-content\/uploads\/usu2009\/2020\/12\/Audacity_Logo.svg_.png 1024w\" sizes=\"auto, (max-width: 70px) 100vw, 70px\" \/><\/a><\/p>\n<p>Transmissi\u00f3 en viu (streaming) i gravaci\u00f3 de pantalla <a href=\"https:\/\/obsproject.com\/es\" target=\"_blank\" rel=\"noopener noreferrer\">OBS<\/a> \u00a0 \u00a0<a href=\"https:\/\/obsproject.com\/es\"><img loading=\"lazy\" decoding=\"async\" class=\"alignnone wp-image-17966\" src=\"https:\/\/agora.xtec.cat\/escoladomeny\/wp-content\/uploads\/usu2009\/2021\/01\/new_icon_OBS-150x150.png\" alt=\"\" width=\"70\" height=\"70\" srcset=\"https:\/\/agora.xtec.cat\/escoladomeny\/wp-content\/uploads\/usu2009\/2021\/01\/new_icon_OBS-150x150.png 150w, https:\/\/agora.xtec.cat\/escoladomeny\/wp-content\/uploads\/usu2009\/2021\/01\/new_icon_OBS.png 256w\" sizes=\"auto, (max-width: 70px) 100vw, 70px\" \/><\/a><\/p>\n","protected":false},"excerpt":{"rendered":"<p>Les 3 lleis de la rob\u00f2tica, segons Isaac Asimov: Un robot no pot fer mal a un \u00e9sser hum\u00e0 o, per inacci\u00f3, permetre que un \u00e9sser hum\u00e0 prengui mal. Un robot ha d&#8217;obeir les ordres dels \u00e9ssers humans, excepte si entren en conflicte amb la primera llei. Un robot ha de protegir la seva pr\u00f2pia [&hellip;]<\/p>\n","protected":false},"author":1,"featured_media":0,"parent":0,"menu_order":1,"comment_status":"closed","ping_status":"closed","template":"page-templates\/side-menu.php","meta":{"_bbp_topic_count":0,"_bbp_reply_count":0,"_bbp_total_topic_count":0,"_bbp_total_reply_count":0,"_bbp_voice_count":0,"_bbp_anonymous_reply_count":0,"_bbp_topic_count_hidden":0,"_bbp_reply_count_hidden":0,"_bbp_forum_subforum_count":0,"site-sidebar-layout":"default","site-content-layout":"","ast-site-content-layout":"","site-content-style":"default","site-sidebar-style":"default","ast-global-header-display":"","ast-banner-title-visibility":"","ast-main-header-display":"","ast-hfb-above-header-display":"","ast-hfb-below-header-display":"","ast-hfb-mobile-header-display":"","site-post-title":"","ast-breadcrumbs-content":"","ast-featured-img":"","footer-sml-layout":"","theme-transparent-header-meta":"","adv-header-id-meta":"","stick-header-meta":"","header-above-stick-meta":"","header-main-stick-meta":"","header-below-stick-meta":"","astra-migrate-meta-layouts":"default","ast-page-background-enabled":"default","ast-page-background-meta":{"desktop":{"background-color":"var(--ast-global-color-4)","background-image":"","background-repeat":"repeat","background-position":"center center","background-size":"auto","background-attachment":"scroll","background-type":"","background-media":"","overlay-type":"","overlay-color":"","overlay-opacity":"","overlay-gradient":""},"tablet":{"background-color":"","background-image":"","background-repeat":"repeat","background-position":"center center","background-size":"auto","background-attachment":"scroll","background-type":"","background-media":"","overlay-type":"","overlay-color":"","overlay-opacity":"","overlay-gradient":""},"mobile":{"background-color":"","background-image":"","background-repeat":"repeat","background-position":"center center","background-size":"auto","background-attachment":"scroll","background-type":"","background-media":"","overlay-type":"","overlay-color":"","overlay-opacity":"","overlay-gradient":""}},"ast-content-background-meta":{"desktop":{"background-color":"var(--ast-global-color-5)","background-image":"","background-repeat":"repeat","background-position":"center center","background-size":"auto","background-attachment":"scroll","background-type":"","background-media":"","overlay-type":"","overlay-color":"","overlay-opacity":"","overlay-gradient":""},"tablet":{"background-color":"var(--ast-global-color-5)","background-image":"","background-repeat":"repeat","background-position":"center center","background-size":"auto","background-attachment":"scroll","background-type":"","background-media":"","overlay-type":"","overlay-color":"","overlay-opacity":"","overlay-gradient":""},"mobile":{"background-color":"var(--ast-global-color-5)","background-image":"","background-repeat":"repeat","background-position":"center center","background-size":"auto","background-attachment":"scroll","background-type":"","background-media":"","overlay-type":"","overlay-color":"","overlay-opacity":"","overlay-gradient":""}},"footnotes":""},"class_list":["post-766","page","type-page","status-publish","hentry"],"post_mailing_queue_ids":[],"_links":{"self":[{"href":"https:\/\/agora.xtec.cat\/escoladomeny\/wp-json\/wp\/v2\/pages\/766","targetHints":{"allow":["GET"]}}],"collection":[{"href":"https:\/\/agora.xtec.cat\/escoladomeny\/wp-json\/wp\/v2\/pages"}],"about":[{"href":"https:\/\/agora.xtec.cat\/escoladomeny\/wp-json\/wp\/v2\/types\/page"}],"author":[{"embeddable":true,"href":"https:\/\/agora.xtec.cat\/escoladomeny\/wp-json\/wp\/v2\/users\/1"}],"replies":[{"embeddable":true,"href":"https:\/\/agora.xtec.cat\/escoladomeny\/wp-json\/wp\/v2\/comments?post=766"}],"version-history":[{"count":2,"href":"https:\/\/agora.xtec.cat\/escoladomeny\/wp-json\/wp\/v2\/pages\/766\/revisions"}],"predecessor-version":[{"id":18564,"href":"https:\/\/agora.xtec.cat\/escoladomeny\/wp-json\/wp\/v2\/pages\/766\/revisions\/18564"}],"wp:attachment":[{"href":"https:\/\/agora.xtec.cat\/escoladomeny\/wp-json\/wp\/v2\/media?parent=766"}],"curies":[{"name":"wp","href":"https:\/\/api.w.org\/{rel}","templated":true}]}}