{"id":28,"date":"2014-09-18T12:29:35","date_gmt":"2014-09-18T11:29:35","guid":{"rendered":"http:\/\/agora.xtec.cat\/escoladomeny\/?page_id=28"},"modified":"2025-10-08T11:12:35","modified_gmt":"2025-10-08T09:12:35","slug":"consell-escolar","status":"publish","type":"page","link":"https:\/\/agora.xtec.cat\/escoladomeny\/lescola\/consell-escolar\/","title":{"rendered":"Projecte Educatiu de Centre"},"content":{"rendered":"<table style=\"border-collapse: collapse; width: 100%;\" border=\"1\">\n<tbody>\n<tr>\n<td style=\"width: 50%; vertical-align: top;\">\n<h4><a href=\"https:\/\/docs.google.com\/spreadsheets\/d\/10oXFpyJegy8jt0FVVWfwt-MxeTlfRWdqxId0hkiMVQQ\/edit#gid=1613147301\">\u00a0<strong>DOCUMENTS DE CENTRE<\/strong><\/a><\/h4>\n<\/td>\n<td style=\"width: 50%;\">\n<h4><a href=\"https:\/\/docs.google.com\/spreadsheets\/d\/10oXFpyJegy8jt0FVVWfwt-MxeTlfRWdqxId0hkiMVQQ\/edit#gid=1613147301\"><strong>PROJECTES<\/strong><\/a><\/h4>\n<\/td>\n<\/tr>\n<tr>\n<td style=\"width: 50%; vertical-align: top;\"><a href=\"https:\/\/docs.google.com\/document\/d\/1lpIz6abUNlrtrnWIPsaAiljOKVcRd6AIsGAz1DD19d0\/edit\">Projecte educatiu de centre (PEC)<\/a><a href=\"https:\/\/docs.google.com\/document\/d\/11IjhUmnJ-IhssHF0OK8tLpCwMLhyQ1vwaM90REvlTD0\/edit\">Normes d&#8217;organitzaci\u00f3 i funcionament del centre (NOFC)<\/a><\/p>\n<p><a href=\"https:\/\/docs.google.com\/document\/d\/1aiKfP0eux_q1DNmg2eX8lr60fK4IX9oSBPql7zKE--o\/edit\">Reglament disciplinari<\/a><\/p>\n<p><a href=\"https:\/\/docs.google.com\/document\/d\/1ewSH5LxwHL9fxtnmlbbi4tsUD2bIJN1NLGXdn97TLUk\/edit\">Pla d&#8217;acollida i integraci\u00f3 del centre (PAI)<\/a><\/p>\n<p><a href=\"https:\/\/drive.google.com\/file\/d\/0B3LS6LMMBHrjNXZIWktMaFVDOXYyN00zWWJvLWZyLVNrTWFB\/view?resourcekey=0-Pl7nQCbox2rPaJXlnP9_wQ\">Pla TAC<\/a><\/p>\n<p><a href=\"https:\/\/drive.google.com\/file\/d\/1JqqBftDR_kAraicPiYPRIU1zqez7IFlN\/view\">Carta comprom\u00eds educatiu<\/a><\/p>\n<p><a href=\"https:\/\/docs.google.com\/spreadsheets\/d\/10oXFpyJegy8jt0FVVWfwt-MxeTlfRWdqxId0hkiMVQQ\/edit#gid=1613147301\">CURR\u00cdCULUM D&#8217;EDUCACI\u00d3 PRIM\u00c0RIA<\/a><\/td>\n<td style=\"width: 50%; vertical-align: top;\"><a href=\"https:\/\/docs.google.com\/document\/d\/19W8g1LFp3mprbu4_45khEzGtp7r_flnkL-bg-vAPr0U\/preview\" target=\"_blank\" rel=\"noopener noreferrer\">Projecte Ling\u00fc\u00edstic<\/a><a href=\"https:\/\/docs.google.com\/document\/d\/1X3ZEP8GIrGpMPUjI1uL-m_PDLnBo50yRJ-SIuMDAoj8\/preview\" target=\"_blank\" rel=\"noopener noreferrer\">Projecte Racons<\/a><\/p>\n<p><a href=\"https:\/\/docs.google.com\/document\/d\/1aIXAcNCOntq3FCTRoyWkMv0e1SdZA5jbGY4yY5UT9hY\/preview\" target=\"_blank\" rel=\"noopener noreferrer\">Projecte voluntaris<\/a><\/p>\n<p><a href=\"https:\/\/docs.google.com\/document\/d\/1qBMNsrHiFqDdVxVpMs12TlPUTRxC-YB7nvrYdZ2RWYs\/preview\" target=\"_blank\" rel=\"noopener noreferrer\">Projecte Biblioteca<\/a><\/p>\n<p><a href=\"https:\/\/docs.google.com\/document\/d\/1DGpFyL-eYNOS5MjGcW3bwjrZZ0UlrJXtn4SP9HXmdAc\/preview\" target=\"_blank\" rel=\"noopener noreferrer\">Projecte d\u2019apadrinament<\/a><\/p>\n<p><a href=\"https:\/\/docs.google.com\/document\/d\/1CacODAlLMUpaRVxmnhYACZKVE3lsC_rLL2-NeKbL5a0\/preview\" target=\"_blank\" rel=\"noopener noreferrer\">Projecte d\u2019activitats extraescolars<\/a><\/p>\n<p><a href=\"https:\/\/docs.google.com\/presentation\/d\/13d0k0EAaJnCDaTO5wEo62rbVgvF1ZpEj_W1svZPVlqY\/preview\" target=\"_blank\" rel=\"noopener noreferrer\">El centre al n\u00favol<\/a><\/p>\n<p><a href=\"https:\/\/drive.google.com\/file\/d\/0B3LS6LMMBHrjcDVHaXloZE04Ukk\/view\" target=\"_blank\" rel=\"noopener noreferrer\">Empremta digital<\/a><\/p>\n<p><a href=\"https:\/\/drive.google.com\/file\/d\/0B3LS6LMMBHrja0N1LWdHM1lNQUE\/view?usp=sharing\" target=\"_blank\" rel=\"noopener noreferrer\">Projecte esportiu<\/a><\/p>\n<p><a href=\"https:\/\/drive.google.com\/file\/d\/0B3LS6LMMBHrjNkdnaUNjdzJmUG8\/view?usp=sharing\" target=\"_blank\" rel=\"noopener noreferrer\">Projecte salut-h\u00e0bits saludables<\/a><\/p>\n<p><a href=\"https:\/\/docs.google.com\/document\/d\/1_5nkksCXGanErpvhkzrhsbbjy82qXzDSropC4NrLI4o\/edit?tab=t.0\">Projecte de Conviv\u00e8ncia<\/a><\/p>\n<p><a href=\"https:\/\/docs.google.com\/document\/d\/17ch1EDzyFCX5HC_Lhmyz3zF_eo0tZ5XPk1WTbftquUA\/edit?tab=t.0\">Pla de lectura de centre<\/a><\/p>\n<p><a href=\"https:\/\/drive.google.com\/file\/d\/1n41Qhg-P3sz7mBczskGEP3ACkmBhrjwn\/view?usp=sharing\">Pla de funcionament del servei de menjador curs 2025-26<\/a><\/p>\n<p><a href=\"https:\/\/drive.google.com\/file\/d\/10MI9bRUZTuTcANiUW6JG1lZ4hjE23oWH\/view?usp=sharing\">Pla d&#8217;adaptaci\u00f3 al servei de menjador per I3 curs 2025-26<\/a><\/p>\n<p><a href=\"https:\/\/docs.google.com\/document\/d\/1Ko6HDa-wHb8fL4UMMKEUvs3xDVgAOrbHNxe-3yPa2mQ\/edit\">Pla de funcionament del transport escolar curs 2025-26<\/a><\/td>\n<\/tr>\n<\/tbody>\n<\/table>\n","protected":false},"excerpt":{"rendered":"<p>\u00a0DOCUMENTS DE CENTRE PROJECTES Projecte educatiu de centre (PEC)Normes d&#8217;organitzaci\u00f3 i funcionament del centre (NOFC) Reglament disciplinari Pla d&#8217;acollida i integraci\u00f3 del centre (PAI) Pla TAC Carta comprom\u00eds educatiu CURR\u00cdCULUM D&#8217;EDUCACI\u00d3 PRIM\u00c0RIA Projecte Ling\u00fc\u00edsticProjecte Racons Projecte voluntaris Projecte Biblioteca Projecte d\u2019apadrinament Projecte d\u2019activitats extraescolars El centre al n\u00favol Empremta digital Projecte esportiu Projecte salut-h\u00e0bits saludables [&hellip;]<\/p>\n","protected":false},"author":1,"featured_media":0,"parent":22,"menu_order":30,"comment_status":"closed","ping_status":"closed","template":"page-templates\/side-menu.php","meta":{"_bbp_topic_count":0,"_bbp_reply_count":0,"_bbp_total_topic_count":0,"_bbp_total_reply_count":0,"_bbp_voice_count":0,"_bbp_anonymous_reply_count":0,"_bbp_topic_count_hidden":0,"_bbp_reply_count_hidden":0,"_bbp_forum_subforum_count":0,"site-sidebar-layout":"default","site-content-layout":"","ast-site-content-layout":"default","site-content-style":"default","site-sidebar-style":"default","ast-global-header-display":"","ast-banner-title-visibility":"","ast-main-header-display":"","ast-hfb-above-header-display":"","ast-hfb-below-header-display":"","ast-hfb-mobile-header-display":"","site-post-title":"","ast-breadcrumbs-content":"","ast-featured-img":"","footer-sml-layout":"","theme-transparent-header-meta":"","adv-header-id-meta":"","stick-header-meta":"","header-above-stick-meta":"","header-main-stick-meta":"","header-below-stick-meta":"","astra-migrate-meta-layouts":"set","ast-page-background-enabled":"default","ast-page-background-meta":{"desktop":{"background-color":"var(--ast-global-color-4)","background-image":"","background-repeat":"repeat","background-position":"center center","background-size":"auto","background-attachment":"scroll","background-type":"","background-media":"","overlay-type":"","overlay-color":"","overlay-opacity":"","overlay-gradient":""},"tablet":{"background-color":"","background-image":"","background-repeat":"repeat","background-position":"center center","background-size":"auto","background-attachment":"scroll","background-type":"","background-media":"","overlay-type":"","overlay-color":"","overlay-opacity":"","overlay-gradient":""},"mobile":{"background-color":"","background-image":"","background-repeat":"repeat","background-position":"center center","background-size":"auto","background-attachment":"scroll","background-type":"","background-media":"","overlay-type":"","overlay-color":"","overlay-opacity":"","overlay-gradient":""}},"ast-content-background-meta":{"desktop":{"background-color":"var(--ast-global-color-5)","background-image":"","background-repeat":"repeat","background-position":"center center","background-size":"auto","background-attachment":"scroll","background-type":"","background-media":"","overlay-type":"","overlay-color":"","overlay-opacity":"","overlay-gradient":""},"tablet":{"background-color":"var(--ast-global-color-5)","background-image":"","background-repeat":"repeat","background-position":"center center","background-size":"auto","background-attachment":"scroll","background-type":"","background-media":"","overlay-type":"","overlay-color":"","overlay-opacity":"","overlay-gradient":""},"mobile":{"background-color":"var(--ast-global-color-5)","background-image":"","background-repeat":"repeat","background-position":"center center","background-size":"auto","background-attachment":"scroll","background-type":"","background-media":"","overlay-type":"","overlay-color":"","overlay-opacity":"","overlay-gradient":""}},"footnotes":""},"class_list":["post-28","page","type-page","status-publish","hentry"],"post_mailing_queue_ids":[],"_links":{"self":[{"href":"https:\/\/agora.xtec.cat\/escoladomeny\/wp-json\/wp\/v2\/pages\/28","targetHints":{"allow":["GET"]}}],"collection":[{"href":"https:\/\/agora.xtec.cat\/escoladomeny\/wp-json\/wp\/v2\/pages"}],"about":[{"href":"https:\/\/agora.xtec.cat\/escoladomeny\/wp-json\/wp\/v2\/types\/page"}],"author":[{"embeddable":true,"href":"https:\/\/agora.xtec.cat\/escoladomeny\/wp-json\/wp\/v2\/users\/1"}],"replies":[{"embeddable":true,"href":"https:\/\/agora.xtec.cat\/escoladomeny\/wp-json\/wp\/v2\/comments?post=28"}],"version-history":[{"count":6,"href":"https:\/\/agora.xtec.cat\/escoladomeny\/wp-json\/wp\/v2\/pages\/28\/revisions"}],"predecessor-version":[{"id":20122,"href":"https:\/\/agora.xtec.cat\/escoladomeny\/wp-json\/wp\/v2\/pages\/28\/revisions\/20122"}],"up":[{"embeddable":true,"href":"https:\/\/agora.xtec.cat\/escoladomeny\/wp-json\/wp\/v2\/pages\/22"}],"wp:attachment":[{"href":"https:\/\/agora.xtec.cat\/escoladomeny\/wp-json\/wp\/v2\/media?parent=28"}],"curies":[{"name":"wp","href":"https:\/\/api.w.org\/{rel}","templated":true}]}}