{"id":26,"date":"2014-09-18T12:24:32","date_gmt":"2014-09-18T11:24:32","guid":{"rendered":"http:\/\/agora.xtec.cat\/escoladomeny\/?page_id=26"},"modified":"2024-01-31T09:45:32","modified_gmt":"2024-01-31T08:45:32","slug":"historia","status":"publish","type":"page","link":"https:\/\/agora.xtec.cat\/escoladomeny\/lescola\/historia\/","title":{"rendered":"Qui som"},"content":{"rendered":"<p>L\u2019escola Domeny \u00e9s una escola d\u2019educaci\u00f3 infantil i prim\u00e0ria (de 3 a 12 anys) del Departament d\u2019Educaci\u00f3 que neix el curs 2005-2006.<\/p>\n<p>En un principi estava ubicada en m\u00f2duls prefabricats a la carretera de Taial\u00e0, just passat el pont de Fontajau (d\u2019aqu\u00ed ve el logotip de l\u2019escola). El curs 2010-2011 v\u00e0rem estrenar l\u2019edifici nou i definitiu just davant la rotonda que uneix Germans S\u00e0bat, Fontajau, Domeny-Sant Gregori i Devesa-Girona.<br \/>\nEs troba en un encreuament de zones i per tant no est\u00e0 identificada amb cap barri. Els alumnes provenen majorit\u00e0riament de Domeny i de Fontajau, ambd\u00f3s barris de poblaci\u00f3 jove.<\/p>\n<p>En el primer curs (2005-2006) el centre comptava amb 25 alumnes de P-3, 5 alumnes entre P-4 i P-5, 6 mestres i altres serveis complementaris. El curs 2013-2014, l\u2019escola va quedar complerta amb dues aules per nivell educatiu amb un m\u00e0xim de 450 alumnes, i amb una plantilla de 27,5 mestres.<br \/>\nParal\u2022lelament el centre s\u2019ha anat completant amb altres serveis i professionals complementaris que configuren tamb\u00e9 l\u2019equip de Domeny (Personal educatiu auxiliar del Departament, personal de serveis, l\u2019equip psicopedag\u00f2gic, l\u2019equip de monitors i de servei d\u2019acollida i menjador, i d\u2019altres derivats de les activitats extraescolars).<\/p>\n<p>&nbsp;<\/p>\n<p>Durant el per\u00edode 2023-27 l&#8217;equip directiu est\u00e0 format per:<\/p>\n<ul>\n<li style=\"list-style-type: none;\">\n<ul>\n<li>Directora: <a href=\"https:\/\/drive.google.com\/file\/d\/1oNCZtHTSdPAPcBExgmUaU2nI675_mMzD\/preview\">Anna Alsina i Llad\u00f3<\/a><\/li>\n<li>Cap d&#8217;estudis: <a href=\"https:\/\/drive.google.com\/file\/d\/1cgzAEd3ttqefHu3oQj4_no0Htx2WZz7n\/preview\">Anna Quera i Rold\u00e1n<\/a><\/li>\n<li>Secret\u00e0ria: <a href=\"https:\/\/drive.google.com\/file\/d\/1iHYqKbYbHxBQxydchjTs1XsykBubW5be\/preview\">Roser Carreras i Rovirola<\/a><\/li>\n<\/ul>\n<\/li>\n<\/ul>\n","protected":false},"excerpt":{"rendered":"<p>L\u2019escola Domeny \u00e9s una escola d\u2019educaci\u00f3 infantil i prim\u00e0ria (de 3 a 12 anys) del Departament d\u2019Educaci\u00f3 que neix el curs 2005-2006. En un principi estava ubicada en m\u00f2duls prefabricats a la carretera de Taial\u00e0, just passat el pont de Fontajau (d\u2019aqu\u00ed ve el logotip de l\u2019escola). El curs 2010-2011 v\u00e0rem estrenar l\u2019edifici nou i [&hellip;]<\/p>\n","protected":false},"author":1,"featured_media":0,"parent":22,"menu_order":10,"comment_status":"closed","ping_status":"closed","template":"page-templates\/side-menu.php","meta":{"_bbp_topic_count":0,"_bbp_reply_count":0,"_bbp_total_topic_count":0,"_bbp_total_reply_count":0,"_bbp_voice_count":0,"_bbp_anonymous_reply_count":0,"_bbp_topic_count_hidden":0,"_bbp_reply_count_hidden":0,"_bbp_forum_subforum_count":0,"site-sidebar-layout":"default","site-content-layout":"","ast-site-content-layout":"","site-content-style":"default","site-sidebar-style":"default","ast-global-header-display":"","ast-banner-title-visibility":"","ast-main-header-display":"","ast-hfb-above-header-display":"","ast-hfb-below-header-display":"","ast-hfb-mobile-header-display":"","site-post-title":"","ast-breadcrumbs-content":"","ast-featured-img":"","footer-sml-layout":"","theme-transparent-header-meta":"","adv-header-id-meta":"","stick-header-meta":"","header-above-stick-meta":"","header-main-stick-meta":"","header-below-stick-meta":"","astra-migrate-meta-layouts":"default","ast-page-background-enabled":"default","ast-page-background-meta":{"desktop":{"background-color":"var(--ast-global-color-4)","background-image":"","background-repeat":"repeat","background-position":"center center","background-size":"auto","background-attachment":"scroll","background-type":"","background-media":"","overlay-type":"","overlay-color":"","overlay-opacity":"","overlay-gradient":""},"tablet":{"background-color":"","background-image":"","background-repeat":"repeat","background-position":"center center","background-size":"auto","background-attachment":"scroll","background-type":"","background-media":"","overlay-type":"","overlay-color":"","overlay-opacity":"","overlay-gradient":""},"mobile":{"background-color":"","background-image":"","background-repeat":"repeat","background-position":"center center","background-size":"auto","background-attachment":"scroll","background-type":"","background-media":"","overlay-type":"","overlay-color":"","overlay-opacity":"","overlay-gradient":""}},"ast-content-background-meta":{"desktop":{"background-color":"var(--ast-global-color-5)","background-image":"","background-repeat":"repeat","background-position":"center center","background-size":"auto","background-attachment":"scroll","background-type":"","background-media":"","overlay-type":"","overlay-color":"","overlay-opacity":"","overlay-gradient":""},"tablet":{"background-color":"var(--ast-global-color-5)","background-image":"","background-repeat":"repeat","background-position":"center center","background-size":"auto","background-attachment":"scroll","background-type":"","background-media":"","overlay-type":"","overlay-color":"","overlay-opacity":"","overlay-gradient":""},"mobile":{"background-color":"var(--ast-global-color-5)","background-image":"","background-repeat":"repeat","background-position":"center center","background-size":"auto","background-attachment":"scroll","background-type":"","background-media":"","overlay-type":"","overlay-color":"","overlay-opacity":"","overlay-gradient":""}},"footnotes":""},"class_list":["post-26","page","type-page","status-publish","hentry"],"post_mailing_queue_ids":[],"_links":{"self":[{"href":"https:\/\/agora.xtec.cat\/escoladomeny\/wp-json\/wp\/v2\/pages\/26","targetHints":{"allow":["GET"]}}],"collection":[{"href":"https:\/\/agora.xtec.cat\/escoladomeny\/wp-json\/wp\/v2\/pages"}],"about":[{"href":"https:\/\/agora.xtec.cat\/escoladomeny\/wp-json\/wp\/v2\/types\/page"}],"author":[{"embeddable":true,"href":"https:\/\/agora.xtec.cat\/escoladomeny\/wp-json\/wp\/v2\/users\/1"}],"replies":[{"embeddable":true,"href":"https:\/\/agora.xtec.cat\/escoladomeny\/wp-json\/wp\/v2\/comments?post=26"}],"version-history":[{"count":5,"href":"https:\/\/agora.xtec.cat\/escoladomeny\/wp-json\/wp\/v2\/pages\/26\/revisions"}],"predecessor-version":[{"id":19260,"href":"https:\/\/agora.xtec.cat\/escoladomeny\/wp-json\/wp\/v2\/pages\/26\/revisions\/19260"}],"up":[{"embeddable":true,"href":"https:\/\/agora.xtec.cat\/escoladomeny\/wp-json\/wp\/v2\/pages\/22"}],"wp:attachment":[{"href":"https:\/\/agora.xtec.cat\/escoladomeny\/wp-json\/wp\/v2\/media?parent=26"}],"curies":[{"name":"wp","href":"https:\/\/api.w.org\/{rel}","templated":true}]}}