{"id":18795,"date":"2022-05-23T14:00:47","date_gmt":"2022-05-23T12:00:47","guid":{"rendered":"https:\/\/agora.xtec.cat\/escoladomeny\/?page_id=18795"},"modified":"2022-05-31T13:02:11","modified_gmt":"2022-05-31T11:02:11","slug":"acords-de-claustre-i-consell","status":"publish","type":"page","link":"https:\/\/agora.xtec.cat\/escoladomeny\/edc\/cultura-digital\/acords-de-claustre-i-consell\/","title":{"rendered":"ACORDS DE CLAUSTRE I CONSELL"},"content":{"rendered":"<p><span style=\"font-weight: 400;\">3.11 ORGANITZACI\u00d3 DELS DISPOSITIUS DIGITALS<\/span><\/p>\n<p><span style=\"font-weight: 400;\">En el marc del Pla d\u2019Educaci\u00f3 Digital de Catalunya, el Departament d\u2019Educaci\u00f3 ha dotat els centres educatius d\u2019ordinadors port\u00e0tils que s\u00f3n cedits a l\u2019alumnat pel seu \u00fas.\u00a0<\/span><\/p>\n<p><span style=\"font-weight: 400;\">&#8211; A les reunions de fam\u00edlies de principi de curs (5\u00e8 i 6\u00e8) informarem dels acords presos sobre l\u2019\u00fas d\u2019aquests dipositius i es firmaran els contractes corresponents de cessi\u00f3.<\/span><\/p>\n<p><span style=\"font-weight: 400;\">&#8211; A principi de curs es dedicaran unes sessions a parlar sobre el bon \u00fas d\u2019aquest material i a nivell t\u00e8cnic (wifi de casa). Es far\u00e0 servir a l\u2019aula durant uns dies abans de poder-se\u2019l endur.\u00a0<\/span><\/p>\n<p><span style=\"font-weight: 400;\">-Cada criatura disposar\u00e0 del seu ordinador assignat, del carregador corresponent i d\u2019una funda. tot aquest material \u00e9s del centre i en far\u00e0 \u00fas mentre sigui alumne de l\u2019escola.<\/span><\/p>\n<p><span style=\"font-weight: 400;\">&#8211; Els ordinadors han de ser tots a l\u2019aula en horari escolar, \u00e9s a dir, si algun alumne\/a se l\u2019emporta l\u2019haur\u00e0 de portar sens falta l\u2019endem\u00e0.<\/span><\/p>\n<p><span style=\"font-weight: 400;\">&#8211; Els ordinadors es guardaran en els armaris d\u2019aula que cada vespre quedaran tancats en clau.\u00a0<\/span><\/p>\n<p><span style=\"font-weight: 400;\">&#8211; La mainada es podr\u00e0 emportar els dispositius a casa, sempre que el\/la mestre\/a, ho cregui convenient.<\/span><\/p>\n<p><span style=\"font-weight: 400;\">&#8211; Quan els ordinadors vagin a casa, caldr\u00e0 carregar-los. Els carregadors sempre estaran\u00a0 a la motxilla.<\/span><\/p>\n<p><span style=\"font-weight: 400;\">&#8211; En cas que una fam\u00edlia marxi de vacances l\u2019ordinador es quedar\u00e0 a l\u2019escola.<\/span><\/p>\n<p><span style=\"font-weight: 400;\">&#8211; A l\u2019escola es vetllar\u00e0 per un bon \u00fas educatiu d\u2019aquests dispositius i aquesta responsabilitat recaur\u00e0 a les fam\u00edlies quan els ordinadors estiguin a casa.\u00a0<\/span><\/p>\n<p><span style=\"font-weight: 400;\">&#8211; Si l\u2019actitud de l\u2019alumne\/a no \u00e9s correcta en relaci\u00f3 amb els dipositius digitals no se\u2019l podr\u00e0 endur a casa durant una setmana. Per\u00f2 el podr\u00e0 continuar utilitzant a l\u2019aula. Aquesta decisi\u00f3 la prendr\u00e0 la tutora de l\u2019alumne\/a i enviar\u00e0 un Tokapp a la fam\u00edlia per informar-la.\u00a0<\/span><\/p>\n<p>&nbsp;<\/p>\n<p><span style=\"font-weight: 400;\">RESPONSABILITAT PER DANYS<\/span><\/p>\n<p><span style=\"font-weight: 400;\">Quan l\u2019alumne\/a \u00e9s responsable d\u2019un desperfecte per un \u00fas inadequat del dispositiu inform\u00e0tic deixat, es demanar\u00e0 a l\u2019alumne\/a i a la fam\u00edlia que es facin c\u00e0rrec de pagar la seg\u00fcent quantitat econ\u00f2mica:<\/span><\/p>\n<ul>\n<li style=\"font-weight: 400;\" aria-level=\"1\"><span style=\"font-weight: 400;\">Teclat trencat: 10\u20ac<\/span><\/li>\n<li style=\"font-weight: 400;\" aria-level=\"1\"><span style=\"font-weight: 400;\">P\u00e8rdua del carregador: 10\u20ac<\/span><\/li>\n<li style=\"font-weight: 400;\" aria-level=\"1\"><span style=\"font-weight: 400;\">Cop o desperfectes en l\u2019estructura (frontissa, carcassa posterior, tapa,&#8230;), per\u00f2 l\u2019equip segueix operatiu: 10\u20ac<\/span><\/li>\n<li style=\"font-weight: 400;\" aria-level=\"1\"><span style=\"font-weight: 400;\">Pantalla trencada: 50\u20ac<\/span><\/li>\n<li style=\"font-weight: 400;\" aria-level=\"1\"><span style=\"font-weight: 400;\">Cop a l\u2019estructura, l\u2019equip deixa de funcionar (canvi de placa):\u00a0 50\u20ac<\/span><\/li>\n<\/ul>\n<p>&nbsp;<\/p>\n<p><span style=\"font-weight: 400;\">En cas que la responsabilitat del desperfecte correspongui a diversos alumnes, es repartir\u00e0 el pagament i la responsabilitat entre l\u2019alumnat implicat i les seves respectives fam\u00edlies.<\/span><\/p>\n<p><span style=\"font-weight: 400;\">Aquestes decisions es prendran amb l\u2019equip directiu, el tutor\/a de l\u2019alumne\/a, l\u2019equip de cicle i la Comissi\u00f3 TIC.<\/span><\/p>\n<p><span style=\"font-weight: 400;\">A m\u00e9s a m\u00e9s, l\u2019alumnat implicat portar\u00e0 a terme unes mesures reparadores (tasques de cura a l\u2019escola) durant una setmana a les hores del pati. Ho gestionar\u00e0 l\u2019equip del cicle corresponent.<\/span><\/p>\n<p><span style=\"font-weight: 400;\">Es demanar\u00e0 una reuni\u00f3 presencial amb la fam\u00edlia, la directora i la tutora de l\u2019alumne\/a per informar del fet.<\/span><\/p>\n<p>&nbsp;<\/p>\n<p><span style=\"font-weight: 400;\">En cas de no retorn del dispositiu m\u00f2bil es far\u00e0 una den\u00fancia als Mossos d\u2019Esquadra.\u00a0<\/span><\/p>\n","protected":false},"excerpt":{"rendered":"<p>3.11 ORGANITZACI\u00d3 DELS DISPOSITIUS DIGITALS En el marc del Pla d\u2019Educaci\u00f3 Digital de Catalunya, el Departament d\u2019Educaci\u00f3 ha dotat els centres educatius d\u2019ordinadors port\u00e0tils que s\u00f3n cedits a l\u2019alumnat pel seu \u00fas.\u00a0 &#8211; A les reunions de fam\u00edlies de principi de curs (5\u00e8 i 6\u00e8) informarem dels acords presos sobre l\u2019\u00fas d\u2019aquests dipositius i es [&hellip;]<\/p>\n","protected":false},"author":1,"featured_media":0,"parent":18793,"menu_order":0,"comment_status":"closed","ping_status":"closed","template":"","meta":{"_bbp_topic_count":0,"_bbp_reply_count":0,"_bbp_total_topic_count":0,"_bbp_total_reply_count":0,"_bbp_voice_count":0,"_bbp_anonymous_reply_count":0,"_bbp_topic_count_hidden":0,"_bbp_reply_count_hidden":0,"_bbp_forum_subforum_count":0,"site-sidebar-layout":"default","site-content-layout":"","ast-site-content-layout":"","site-content-style":"default","site-sidebar-style":"default","ast-global-header-display":"","ast-banner-title-visibility":"","ast-main-header-display":"","ast-hfb-above-header-display":"","ast-hfb-below-header-display":"","ast-hfb-mobile-header-display":"","site-post-title":"","ast-breadcrumbs-content":"","ast-featured-img":"","footer-sml-layout":"","theme-transparent-header-meta":"","adv-header-id-meta":"","stick-header-meta":"","header-above-stick-meta":"","header-main-stick-meta":"","header-below-stick-meta":"","astra-migrate-meta-layouts":"default","ast-page-background-enabled":"default","ast-page-background-meta":{"desktop":{"background-color":"var(--ast-global-color-4)","background-image":"","background-repeat":"repeat","background-position":"center center","background-size":"auto","background-attachment":"scroll","background-type":"","background-media":"","overlay-type":"","overlay-color":"","overlay-opacity":"","overlay-gradient":""},"tablet":{"background-color":"","background-image":"","background-repeat":"repeat","background-position":"center center","background-size":"auto","background-attachment":"scroll","background-type":"","background-media":"","overlay-type":"","overlay-color":"","overlay-opacity":"","overlay-gradient":""},"mobile":{"background-color":"","background-image":"","background-repeat":"repeat","background-position":"center center","background-size":"auto","background-attachment":"scroll","background-type":"","background-media":"","overlay-type":"","overlay-color":"","overlay-opacity":"","overlay-gradient":""}},"ast-content-background-meta":{"desktop":{"background-color":"var(--ast-global-color-5)","background-image":"","background-repeat":"repeat","background-position":"center center","background-size":"auto","background-attachment":"scroll","background-type":"","background-media":"","overlay-type":"","overlay-color":"","overlay-opacity":"","overlay-gradient":""},"tablet":{"background-color":"var(--ast-global-color-5)","background-image":"","background-repeat":"repeat","background-position":"center center","background-size":"auto","background-attachment":"scroll","background-type":"","background-media":"","overlay-type":"","overlay-color":"","overlay-opacity":"","overlay-gradient":""},"mobile":{"background-color":"var(--ast-global-color-5)","background-image":"","background-repeat":"repeat","background-position":"center center","background-size":"auto","background-attachment":"scroll","background-type":"","background-media":"","overlay-type":"","overlay-color":"","overlay-opacity":"","overlay-gradient":""}},"footnotes":""},"class_list":["post-18795","page","type-page","status-publish","hentry"],"post_mailing_queue_ids":[],"_links":{"self":[{"href":"https:\/\/agora.xtec.cat\/escoladomeny\/wp-json\/wp\/v2\/pages\/18795","targetHints":{"allow":["GET"]}}],"collection":[{"href":"https:\/\/agora.xtec.cat\/escoladomeny\/wp-json\/wp\/v2\/pages"}],"about":[{"href":"https:\/\/agora.xtec.cat\/escoladomeny\/wp-json\/wp\/v2\/types\/page"}],"author":[{"embeddable":true,"href":"https:\/\/agora.xtec.cat\/escoladomeny\/wp-json\/wp\/v2\/users\/1"}],"replies":[{"embeddable":true,"href":"https:\/\/agora.xtec.cat\/escoladomeny\/wp-json\/wp\/v2\/comments?post=18795"}],"version-history":[{"count":3,"href":"https:\/\/agora.xtec.cat\/escoladomeny\/wp-json\/wp\/v2\/pages\/18795\/revisions"}],"predecessor-version":[{"id":18877,"href":"https:\/\/agora.xtec.cat\/escoladomeny\/wp-json\/wp\/v2\/pages\/18795\/revisions\/18877"}],"up":[{"embeddable":true,"href":"https:\/\/agora.xtec.cat\/escoladomeny\/wp-json\/wp\/v2\/pages\/18793"}],"wp:attachment":[{"href":"https:\/\/agora.xtec.cat\/escoladomeny\/wp-json\/wp\/v2\/media?parent=18795"}],"curies":[{"name":"wp","href":"https:\/\/api.w.org\/{rel}","templated":true}]}}