{"id":18793,"date":"2022-05-23T14:00:21","date_gmt":"2022-05-23T12:00:21","guid":{"rendered":"https:\/\/agora.xtec.cat\/escoladomeny\/?page_id=18793"},"modified":"2022-05-31T13:02:11","modified_gmt":"2022-05-31T11:02:11","slug":"cultura-digital","status":"publish","type":"page","link":"https:\/\/agora.xtec.cat\/escoladomeny\/edc\/cultura-digital\/","title":{"rendered":"CULTURA DIGITAL"},"content":{"rendered":"<p>La segona part de l\u2019EDC permet recollir i tenir unificades totes les accions que el centre ja realitza en l\u2019\u00e0mbit digital. Fruit de l\u2019experi\u00e8ncia del centre, per\u00f2 tamb\u00e9 de l\u2019aplicaci\u00f3 de la part m\u00e9s estrat\u00e8gica de l\u2019EDC, els centres defineixen procediments, protocols, normes, acords i plans per assolir les compet\u00e8ncies digitals.<\/p>\n<p><img loading=\"lazy\" decoding=\"async\" class=\"alignright size-large wp-image-18848\" src=\"https:\/\/agora.xtec.cat\/escoladomeny\/wp-content\/uploads\/usu2009\/2022\/05\/Cultura-digital-1024x685.png\" alt=\"\" width=\"1024\" height=\"685\" srcset=\"https:\/\/agora.xtec.cat\/escoladomeny\/wp-content\/uploads\/usu2009\/2022\/05\/Cultura-digital-1024x685.png 1024w, https:\/\/agora.xtec.cat\/escoladomeny\/wp-content\/uploads\/usu2009\/2022\/05\/Cultura-digital-300x201.png 300w, https:\/\/agora.xtec.cat\/escoladomeny\/wp-content\/uploads\/usu2009\/2022\/05\/Cultura-digital-768x514.png 768w, https:\/\/agora.xtec.cat\/escoladomeny\/wp-content\/uploads\/usu2009\/2022\/05\/Cultura-digital.png 1048w\" sizes=\"auto, (max-width: 1024px) 100vw, 1024px\" \/><\/p>\n<p>&nbsp;<\/p>\n<p>&nbsp;<\/p>\n<p>&nbsp;<\/p>\n<p>&nbsp;<\/p>\n<p>&nbsp;<\/p>\n<p>&nbsp;<\/p>\n<p>&nbsp;<\/p>\n<p>&nbsp;<\/p>\n<p>&nbsp;<\/p>\n<p>&nbsp;<\/p>\n<p>&nbsp;<\/p>\n<p>&nbsp;<\/p>\n<table style=\"border-collapse: collapse; width: 98.2047%; height: 117px;\" border=\"1\">\n<tbody>\n<tr style=\"height: 33px;\">\n<td style=\"height: 99px;\" rowspan=\"3\">&nbsp;<\/p>\n<p><a href=\"https:\/\/agora.xtec.cat\/escoladomeny\/edc\/cultura-digital\/\"><span style=\"font-size: 16px;\">CULTURA DIGITAL<\/span><\/a><\/td>\n<td style=\"height: 33px;\"><a style=\"font-size: 16px;\" href=\"https:\/\/agora.xtec.cat\/escoladomeny\/edc\/cultura-digital\/descripcio_serveis\/\"><span style=\"color: #222222;\">DESCRIPCI\u00d3 DELS SERVEIS<\/span><\/a><\/td>\n<\/tr>\n<tr style=\"height: 33px;\">\n<td style=\"height: 33px;\"><a style=\"font-size: 16px;\" href=\"https:\/\/agora.xtec.cat\/escoladomeny\/edc\/cultura-digital\/acords-de-claustre-i-consell\/\"><span style=\"color: #222222;\">ACORDS DE CLAUSTRE I CONSELL<\/span><\/a><\/td>\n<\/tr>\n<tr style=\"height: 33px;\">\n<td style=\"height: 33px;\"><a style=\"font-size: 16px;\" href=\"https:\/\/agora.xtec.cat\/escoladomeny\/edc\/cultura-digital\/acollida-digital\/\"><span style=\"color: #222222;\">ACOLLIDA DIGITAL<\/span><\/a><\/td>\n<\/tr>\n<\/tbody>\n<\/table>\n","protected":false},"excerpt":{"rendered":"<p>La segona part de l\u2019EDC permet recollir i tenir unificades totes les accions que el centre ja realitza en l\u2019\u00e0mbit digital. Fruit de l\u2019experi\u00e8ncia del centre, per\u00f2 tamb\u00e9 de l\u2019aplicaci\u00f3 de la part m\u00e9s estrat\u00e8gica de l\u2019EDC, els centres defineixen procediments, protocols, normes, acords i plans per assolir les compet\u00e8ncies digitals. &nbsp; &nbsp; &nbsp; &nbsp; [&hellip;]<\/p>\n","protected":false},"author":1,"featured_media":0,"parent":18635,"menu_order":0,"comment_status":"closed","ping_status":"closed","template":"","meta":{"_bbp_topic_count":0,"_bbp_reply_count":0,"_bbp_total_topic_count":0,"_bbp_total_reply_count":0,"_bbp_voice_count":0,"_bbp_anonymous_reply_count":0,"_bbp_topic_count_hidden":0,"_bbp_reply_count_hidden":0,"_bbp_forum_subforum_count":0,"site-sidebar-layout":"default","site-content-layout":"","ast-site-content-layout":"","site-content-style":"default","site-sidebar-style":"default","ast-global-header-display":"","ast-banner-title-visibility":"","ast-main-header-display":"","ast-hfb-above-header-display":"","ast-hfb-below-header-display":"","ast-hfb-mobile-header-display":"","site-post-title":"","ast-breadcrumbs-content":"","ast-featured-img":"","footer-sml-layout":"","theme-transparent-header-meta":"","adv-header-id-meta":"","stick-header-meta":"","header-above-stick-meta":"","header-main-stick-meta":"","header-below-stick-meta":"","astra-migrate-meta-layouts":"default","ast-page-background-enabled":"default","ast-page-background-meta":{"desktop":{"background-color":"var(--ast-global-color-4)","background-image":"","background-repeat":"repeat","background-position":"center center","background-size":"auto","background-attachment":"scroll","background-type":"","background-media":"","overlay-type":"","overlay-color":"","overlay-opacity":"","overlay-gradient":""},"tablet":{"background-color":"","background-image":"","background-repeat":"repeat","background-position":"center center","background-size":"auto","background-attachment":"scroll","background-type":"","background-media":"","overlay-type":"","overlay-color":"","overlay-opacity":"","overlay-gradient":""},"mobile":{"background-color":"","background-image":"","background-repeat":"repeat","background-position":"center center","background-size":"auto","background-attachment":"scroll","background-type":"","background-media":"","overlay-type":"","overlay-color":"","overlay-opacity":"","overlay-gradient":""}},"ast-content-background-meta":{"desktop":{"background-color":"var(--ast-global-color-5)","background-image":"","background-repeat":"repeat","background-position":"center center","background-size":"auto","background-attachment":"scroll","background-type":"","background-media":"","overlay-type":"","overlay-color":"","overlay-opacity":"","overlay-gradient":""},"tablet":{"background-color":"var(--ast-global-color-5)","background-image":"","background-repeat":"repeat","background-position":"center center","background-size":"auto","background-attachment":"scroll","background-type":"","background-media":"","overlay-type":"","overlay-color":"","overlay-opacity":"","overlay-gradient":""},"mobile":{"background-color":"var(--ast-global-color-5)","background-image":"","background-repeat":"repeat","background-position":"center center","background-size":"auto","background-attachment":"scroll","background-type":"","background-media":"","overlay-type":"","overlay-color":"","overlay-opacity":"","overlay-gradient":""}},"footnotes":""},"class_list":["post-18793","page","type-page","status-publish","hentry"],"post_mailing_queue_ids":[],"_links":{"self":[{"href":"https:\/\/agora.xtec.cat\/escoladomeny\/wp-json\/wp\/v2\/pages\/18793","targetHints":{"allow":["GET"]}}],"collection":[{"href":"https:\/\/agora.xtec.cat\/escoladomeny\/wp-json\/wp\/v2\/pages"}],"about":[{"href":"https:\/\/agora.xtec.cat\/escoladomeny\/wp-json\/wp\/v2\/types\/page"}],"author":[{"embeddable":true,"href":"https:\/\/agora.xtec.cat\/escoladomeny\/wp-json\/wp\/v2\/users\/1"}],"replies":[{"embeddable":true,"href":"https:\/\/agora.xtec.cat\/escoladomeny\/wp-json\/wp\/v2\/comments?post=18793"}],"version-history":[{"count":4,"href":"https:\/\/agora.xtec.cat\/escoladomeny\/wp-json\/wp\/v2\/pages\/18793\/revisions"}],"predecessor-version":[{"id":18853,"href":"https:\/\/agora.xtec.cat\/escoladomeny\/wp-json\/wp\/v2\/pages\/18793\/revisions\/18853"}],"up":[{"embeddable":true,"href":"https:\/\/agora.xtec.cat\/escoladomeny\/wp-json\/wp\/v2\/pages\/18635"}],"wp:attachment":[{"href":"https:\/\/agora.xtec.cat\/escoladomeny\/wp-json\/wp\/v2\/media?parent=18793"}],"curies":[{"name":"wp","href":"https:\/\/api.w.org\/{rel}","templated":true}]}}