{"id":18647,"date":"2022-03-22T13:50:28","date_gmt":"2022-03-22T12:50:28","guid":{"rendered":"https:\/\/agora.xtec.cat\/escoladomeny\/?page_id=18647"},"modified":"2024-07-03T09:47:27","modified_gmt":"2024-07-03T07:47:27","slug":"objectius","status":"publish","type":"page","link":"https:\/\/agora.xtec.cat\/escoladomeny\/edc\/estrategia-digital\/objectius\/","title":{"rendered":"OBJECTIUS"},"content":{"rendered":"<p>Els objectius de l&#8217;estrat\u00e8gia digital de centre\u00a0\u00e9s portaran a terme durant els seg\u00fcents 3 anys, a partir del curs 2023\/24, i seguiran la seg\u00fcent planificaci\u00f3 anual i trimestral:<\/p>\n<table dir=\"ltr\" style=\"border-collapse: collapse; width: 100%; height: 733px;\" border=\"1\" cellspacing=\"0\" cellpadding=\"0\">\n<colgroup>\n<col width=\"547\" \/>\n<col width=\"64\" \/>\n<col width=\"64\" \/>\n<col width=\"64\" \/>\n<col width=\"64\" \/>\n<col width=\"64\" \/>\n<col width=\"64\" \/>\n<col width=\"64\" \/>\n<col width=\"64\" \/>\n<col width=\"64\" \/><\/colgroup>\n<tbody>\n<tr style=\"height: 32px;\">\n<td style=\"height: 65px; background-color: #2ba6cb; width: 41.8133%;\" rowspan=\"2\" data-sheets-value=\"{&quot;1&quot;:2,&quot;2&quot;:&quot;Objectiu&quot;}\">\n<div>OBJECTIU<\/div>\n<\/td>\n<td style=\"height: 33px; background-color: #2ba6cb; width: 19.4858%;\" colspan=\"3\" data-sheets-value=\"{&quot;1&quot;:2,&quot;2&quot;:&quot;Curs 1&quot;}\">Curs 2022\/23<\/td>\n<td style=\"height: 33px; background-color: #2ba6cb; width: 19.4858%;\" colspan=\"3\" data-sheets-value=\"{&quot;1&quot;:2,&quot;2&quot;:&quot;Curs 2&quot;}\">Curs 2023\/24<\/td>\n<td style=\"height: 33px; background-color: #2ba6cb; width: 19.4858%;\" colspan=\"3\" data-sheets-value=\"{&quot;1&quot;:2,&quot;2&quot;:&quot;Curs 3&quot;}\">Curs 2024\/25<\/td>\n<\/tr>\n<tr style=\"height: 32px;\">\n<td style=\"height: 32px; background-color: #2ba6cb; width: 6.49526%;\" data-sheets-value=\"{&quot;1&quot;:2,&quot;2&quot;:&quot;1T&quot;}\">1T<\/td>\n<td style=\"height: 32px; background-color: #2ba6cb; width: 6.49526%;\" data-sheets-value=\"{&quot;1&quot;:2,&quot;2&quot;:&quot;2T&quot;}\">2T<\/td>\n<td style=\"height: 32px; background-color: #2ba6cb; width: 6.49526%;\" data-sheets-value=\"{&quot;1&quot;:2,&quot;2&quot;:&quot;3T&quot;}\">3T<\/td>\n<td style=\"height: 32px; background-color: #2ba6cb; width: 6.49526%;\" data-sheets-value=\"{&quot;1&quot;:2,&quot;2&quot;:&quot;1T&quot;}\">1T<\/td>\n<td style=\"height: 32px; background-color: #2ba6cb; width: 6.49526%;\" data-sheets-value=\"{&quot;1&quot;:2,&quot;2&quot;:&quot;2T&quot;}\">2T<\/td>\n<td style=\"height: 32px; background-color: #2ba6cb; width: 6.49526%;\" data-sheets-value=\"{&quot;1&quot;:2,&quot;2&quot;:&quot;3T&quot;}\">3T<\/td>\n<td style=\"height: 32px; background-color: #2ba6cb; width: 6.49526%;\" data-sheets-value=\"{&quot;1&quot;:2,&quot;2&quot;:&quot;1T&quot;}\">1T<\/td>\n<td style=\"height: 32px; background-color: #2ba6cb; width: 6.49526%;\" data-sheets-value=\"{&quot;1&quot;:2,&quot;2&quot;:&quot;2T&quot;}\">2T<\/td>\n<td style=\"height: 32px; background-color: #2ba6cb; width: 6.49526%;\" data-sheets-value=\"{&quot;1&quot;:2,&quot;2&quot;:&quot;3T&quot;}\">3T<\/td>\n<\/tr>\n<tr style=\"height: 32px;\">\n<td style=\"height: 32px; background-color: #85cfe6; width: 100%;\" colspan=\"10\" data-sheets-value=\"{&quot;1&quot;:2,&quot;2&quot;:&quot;ALUMNES&quot;}\">ALUMNES<\/td>\n<\/tr>\n<tr style=\"height: 79px;\">\n<td style=\"height: 79px; width: 41.8133%;\" data-sheets-value=\"{&quot;1&quot;:2,&quot;2&quot;:&quot;Realitzar xerrades informatives relacionades amb ciberseguretat i \u00fas correcte de les TIC i de les xarxes social per tal de fer conscient a l\u2019alumnat dels avantatges i perills d\u2019internet.&quot;}\"><a href=\"https:\/\/docs.google.com\/spreadsheets\/d\/1zlxyPYN7ToyBXMcSdN4j2HgmM15HDYF1h3B3NUyCkUA\/edit#gid=0\">Realitzar xerrades informatives relacionades amb ciberseguretat i \u00fas correcte de les TIC i de les xarxes social per tal de fer conscient a l\u2019alumnat dels avantatges i perills d\u2019internet.<\/a><\/td>\n<td style=\"background-color: #c74848; height: 79px; width: 6.49526%;\"><\/td>\n<td style=\"height: 79px; width: 6.49526%;\"><\/td>\n<td style=\"height: 79px; width: 6.49526%;\"><\/td>\n<td style=\"background-color: #c74848; height: 79px; width: 6.49526%;\"><\/td>\n<td style=\"height: 79px; width: 6.49526%;\"><\/td>\n<td style=\"height: 79px; width: 6.49526%;\"><\/td>\n<td style=\"background-color: #c74848; height: 79px; width: 6.49526%;\"><\/td>\n<td style=\"height: 79px; width: 6.49526%;\"><\/td>\n<td style=\"height: 79px; width: 6.49526%;\"><\/td>\n<\/tr>\n<tr style=\"height: 79px;\">\n<td style=\"height: 79px; width: 41.8133%;\" data-sheets-value=\"{&quot;1&quot;:2,&quot;2&quot;:&quot;Promoure l\u2019\u00fas variat de recursos TAC per evitar fer servir sempre els mateixos i caure en la monotonia fent que la motivaci\u00f3 disminueixi.&quot;}\"><a href=\"https:\/\/docs.google.com\/spreadsheets\/d\/10Owvr2S0ahJnsTmID1Wz0e4qQ76vdXuGaupcv4ktr2Y\/edit#gid=0\">Promoure l\u2019\u00fas variat de recursos TAC per evitar fer servir sempre els mateixos i caure en la monotonia fent que la motivaci\u00f3 disminueixi.<\/a><\/td>\n<td style=\"background-color: #c74848; height: 79px; width: 6.49526%;\"><\/td>\n<td style=\"background-color: #c74848; height: 79px; width: 6.49526%;\"><\/td>\n<td style=\"background-color: #c74848; height: 79px; width: 6.49526%;\"><\/td>\n<td style=\"background-color: #c74848; height: 79px; width: 6.49526%;\"><\/td>\n<td style=\"background-color: #c74848; height: 79px; width: 6.49526%;\"><\/td>\n<td style=\"background-color: #c74848; height: 79px; width: 6.49526%;\"><\/td>\n<td style=\"background-color: #c74848; height: 79px; width: 6.49526%;\"><\/td>\n<td style=\"background-color: #c74848; height: 79px; width: 6.49526%;\"><\/td>\n<td style=\"background-color: #c74848; height: 79px; width: 6.49526%;\"><\/td>\n<\/tr>\n<tr style=\"height: 48px;\">\n<td style=\"height: 48px; width: 41.8133%;\" data-sheets-value=\"{&quot;1&quot;:2,&quot;2&quot;:&quot;Incentivar l\u2019\u00fas d\u2019eines de cerca d\u2019informaci\u00f3 a internet per ser m\u00e9s prec\u00eds en la cerca.&quot;}\"><a href=\"https:\/\/docs.google.com\/spreadsheets\/d\/10MY8Gq7xu6HBlcgL36dA_dz0WMU66sKeT86mWJSV2xc\/edit#gid=814606104\">Incentivar l\u2019\u00fas d\u2019eines de cerca d\u2019informaci\u00f3 a internet per ser m\u00e9s prec\u00eds en la cerca.<\/a><\/td>\n<td style=\"background-color: #c74848; height: 48px; width: 6.49526%;\"><\/td>\n<td style=\"background-color: #c74848; height: 48px; width: 6.49526%;\"><\/td>\n<td style=\"height: 48px; width: 6.49526%;\"><\/td>\n<td style=\"background-color: #c74848; height: 48px; width: 6.49526%;\"><\/td>\n<td style=\"background-color: #c74848; height: 48px; width: 6.49526%;\"><\/td>\n<td style=\"height: 48px; width: 6.49526%;\"><\/td>\n<td style=\"background-color: #c74848; height: 48px; width: 6.49526%;\"><\/td>\n<td style=\"background-color: #c74848; height: 48px; width: 6.49526%;\"><\/td>\n<td style=\"height: 48px; width: 6.49526%;\"><\/td>\n<\/tr>\n<tr style=\"height: 95px;\">\n<td style=\"height: 95px; width: 41.8133%;\" data-sheets-value=\"{&quot;1&quot;:2,&quot;2&quot;:&quot;Dinamitzar activitats que permetin a l\u2019alumnat filtrar i contrastar la veracitat de la informaci\u00f3 que troben per detectar informacions falses incentivant l\u2019\u00fas d\u2019entorns segurs per a la cerca d'informaci\u00f3.&quot;}\"><a href=\"https:\/\/docs.google.com\/spreadsheets\/d\/16qUCmLywHJGEQ0Uy7u28Hkw4xiv-Ni65LYfRZ8aI_pc\/edit#gid=0\">Dinamitzar activitats que permetin a l\u2019alumnat filtrar i contrastar la veracitat de la informaci\u00f3 que troben per detectar informacions falses incentivant l\u2019\u00fas d\u2019entorns segurs per a la cerca d&#8217;informaci\u00f3.<\/a><\/td>\n<td style=\"background-color: #c74848; height: 95px; width: 6.49526%;\"><\/td>\n<td style=\"background-color: #c74848; height: 95px; width: 6.49526%;\"><\/td>\n<td style=\"height: 95px; width: 6.49526%;\"><\/td>\n<td style=\"background-color: #c74848; height: 95px; width: 6.49526%;\"><\/td>\n<td style=\"background-color: #c74848; height: 95px; width: 6.49526%;\"><\/td>\n<td style=\"height: 95px; width: 6.49526%;\"><\/td>\n<td style=\"background-color: #c74848; height: 95px; width: 6.49526%;\"><\/td>\n<td style=\"background-color: #c74848; height: 95px; width: 6.49526%;\"><\/td>\n<td style=\"height: 95px; width: 6.49526%;\"><\/td>\n<\/tr>\n<tr style=\"height: 32px;\">\n<td style=\"height: 32px; background-color: #85cfe6; width: 100.271%;\" colspan=\"10\" data-sheets-value=\"{&quot;1&quot;:2,&quot;2&quot;:&quot;CLAUSTRE&quot;}\">CLAUSTRE<\/td>\n<\/tr>\n<tr style=\"height: 64px;\">\n<td style=\"height: 64px; width: 41.8133%;\" data-sheets-value=\"{&quot;1&quot;:2,&quot;2&quot;:&quot;Realitzar autoavaluacions a partir de recursos TAC per tal de veure els punts forts i punts a millorar a nivell de pr\u00e0ctica docent.&quot;}\"><a href=\"https:\/\/docs.google.com\/spreadsheets\/d\/14Stl2VxSlFCGkpNMj1O_Ib8Yx8lTSRUxR_vITWjzs9w\/edit#gid=0\">Realitzar autoavaluacions a partir de recursos TAC per tal de veure els punts forts i punts a millorar a nivell de pr\u00e0ctica docent.<\/a><\/td>\n<td style=\"height: 64px; width: 6.49526%;\"><\/td>\n<td style=\"height: 64px; width: 6.49526%;\"><\/td>\n<td style=\"background-color: #c74848; height: 64px; width: 6.49526%;\"><\/td>\n<td style=\"height: 64px; width: 6.49526%;\"><\/td>\n<td style=\"height: 64px; width: 6.49526%;\"><\/td>\n<td style=\"background-color: #c74848; height: 64px; width: 6.49526%;\"><\/td>\n<td style=\"height: 64px; width: 6.49526%;\"><\/td>\n<td style=\"height: 64px; width: 6.49526%;\"><\/td>\n<td style=\"background-color: #c74848; height: 64px; width: 6.49526%;\"><\/td>\n<\/tr>\n<tr style=\"height: 48px;\">\n<td style=\"height: 48px; width: 41.8133%;\" data-sheets-value=\"{&quot;1&quot;:2,&quot;2&quot;:&quot;Fer un claustre a principi de curs reflexionant sobre l\u2019\u00fas pedag\u00f2gic de les eines TIC.&quot;}\"><a href=\"https:\/\/docs.google.com\/spreadsheets\/d\/1nx2FT7As7FdpWQhcIOWBOgHcncJfnCcJXVLkDCpyzGU\/edit#gid=0\">Fer un claustre a principi de curs reflexionant sobre l\u2019\u00fas pedag\u00f2gic de les eines TIC.<\/a><\/td>\n<td style=\"background-color: #c74848; height: 48px; width: 6.49526%;\"><\/td>\n<td style=\"height: 48px; width: 6.49526%;\"><\/td>\n<td style=\"height: 48px; width: 6.49526%;\"><\/td>\n<td style=\"background-color: #c74848; height: 48px; width: 6.49526%;\"><\/td>\n<td style=\"height: 48px; width: 6.49526%;\"><\/td>\n<td style=\"height: 48px; width: 6.49526%;\"><\/td>\n<td style=\"background-color: #c74848; height: 48px; width: 6.49526%;\"><\/td>\n<td style=\"height: 48px; width: 6.49526%;\"><\/td>\n<td style=\"height: 48px; width: 6.49526%;\"><\/td>\n<\/tr>\n<tr style=\"height: 64px;\">\n<td style=\"height: 64px; width: 41.8133%;\" data-sheets-value=\"{&quot;1&quot;:2,&quot;2&quot;:&quot;Promoure m\u00e9s claustres pedag\u00f2gics amb la finalitat d\u2019intercanviar experi\u00e8ncies (\u00e0mbit digital i altres) entre el professorat.&quot;}\"><a href=\"https:\/\/docs.google.com\/spreadsheets\/d\/1pZc93l-5H0PfBuMKZ-hFE1gGA94mx_MhtFx2segA-tM\/edit#gid=0\">Promoure m\u00e9s claustres pedag\u00f2gics amb la finalitat d\u2019intercanviar experi\u00e8ncies (\u00e0mbit digital i altres) entre el professorat.<\/a><\/td>\n<td style=\"height: 64px; width: 6.49526%;\"><\/td>\n<td style=\"background-color: #c74848; height: 64px; width: 6.49526%;\"><\/td>\n<td style=\"height: 64px; width: 6.49526%;\"><\/td>\n<td style=\"height: 64px; width: 6.49526%;\"><\/td>\n<td style=\"background-color: #c74848; height: 64px; width: 6.49526%;\"><\/td>\n<td style=\"height: 64px; width: 6.49526%;\"><\/td>\n<td style=\"height: 64px; width: 6.49526%;\"><\/td>\n<td style=\"background-color: #c74848; height: 64px; width: 6.49526%;\"><\/td>\n<td style=\"height: 64px; width: 6.49526%;\"><\/td>\n<\/tr>\n<\/tbody>\n<\/table>\n<p>Els indicadors dels objectius s\u00f3n els seg\u00fcents:<\/p>\n<table dir=\"ltr\" style=\"width: 85.2308%;\" border=\"1\" cellspacing=\"0\" cellpadding=\"0\">\n<thead>\n<tr style=\"background-color: #2ba6cb;\">\n<td rowspan=\"2\" data-sheets-value=\"{&quot;1&quot;:2,&quot;2&quot;:&quot;OBJECTIU&quot;}\">\n<div>OBJECTIU<\/div>\n<\/td>\n<td rowspan=\"2\" data-sheets-value=\"{&quot;1&quot;:2,&quot;2&quot;:&quot;INDICADORS&quot;}\">\n<div>INDICADORS<\/div>\n<\/td>\n<td rowspan=\"2\" data-sheets-value=\"{&quot;1&quot;:2,&quot;2&quot;:&quot;%&quot;}\">\n<div>%<\/div>\n<\/td>\n<td><\/td>\n<td><\/td>\n<td><\/td>\n<\/tr>\n<\/thead>\n<colgroup>\n<col width=\"599\" \/>\n<col width=\"387\" \/>\n<col width=\"132\" \/><\/colgroup>\n<tbody>\n<tr style=\"background-color: #85cfe6;\">\n<td data-sheets-value=\"{&quot;1&quot;:2,&quot;2&quot;:&quot;ALUMNES&quot;}\">ALUMNES<\/td>\n<td><\/td>\n<td><\/td>\n<\/tr>\n<tr>\n<td rowspan=\"2\" data-sheets-value=\"{&quot;1&quot;:2,&quot;2&quot;:&quot;Realitzar xerrades informatives relacionades amb ciberseguretat i \u00fas correcte de les TIC i de les xarxes social per tal de fer conscient a l\u2019alumnat dels avantatges i perills d\u2019internet.&quot;}\">\n<div>Realitzar xerrades informatives relacionades amb ciberseguretat i \u00fas correcte de les TIC i de les xarxes social per tal de fer conscient a l\u2019alumnat dels avantatges i perills d\u2019internet.<\/div>\n<\/td>\n<td data-sheets-value=\"{&quot;1&quot;:2,&quot;2&quot;:&quot;Xerrada informativa a c\u00e0rrec dels Mossos. Fet\/no fet&quot;}\">Xerrada informativa a c\u00e0rrec dels Mossos. Fet\/no fet<\/td>\n<td data-sheets-value=\"{&quot;1&quot;:3,&quot;3&quot;:100}\">100<\/td>\n<td><\/td>\n<td><\/td>\n<td><\/td>\n<\/tr>\n<tr>\n<td data-sheets-value=\"{&quot;1&quot;:2,&quot;2&quot;:&quot;Percentatge d'assoliment en el q\u00fcestionari alumnat&quot;}\">Percentatge d&#8217;assoliment en el q\u00fcestionari alumnat<\/td>\n<td data-sheets-value=\"{&quot;1&quot;:3,&quot;3&quot;:60}\">60<\/td>\n<td><\/td>\n<td><\/td>\n<td><\/td>\n<\/tr>\n<tr>\n<td data-sheets-value=\"{&quot;1&quot;:2,&quot;2&quot;:&quot;Promoure l\u2019\u00fas variat de recursos TAC per evitar fer servir sempre els mateixos i caure en la monotonia fent que la motivaci\u00f3 disminueixi.&quot;}\">Promoure l\u2019\u00fas variat de recursos TAC per evitar fer servir sempre els mateixos i caure en la monotonia fent que la motivaci\u00f3 disminueixi.<\/td>\n<td data-sheets-value=\"{&quot;1&quot;:2,&quot;2&quot;:&quot;Percentatge de satisfacci\u00f3 en el q\u00fcestionari alumnat&quot;}\">Percentatge de satisfacci\u00f3 en el q\u00fcestionari alumnat<\/td>\n<td data-sheets-value=\"{&quot;1&quot;:3,&quot;3&quot;:80}\">80<\/td>\n<td><\/td>\n<td><\/td>\n<td><\/td>\n<\/tr>\n<tr>\n<td data-sheets-value=\"{&quot;1&quot;:2,&quot;2&quot;:&quot;Incentivar l\u2019\u00fas d\u2019eines de cerca d\u2019informaci\u00f3 a internet per ser m\u00e9s prec\u00eds en la cerca.&quot;}\">Incentivar l\u2019\u00fas d\u2019eines de cerca d\u2019informaci\u00f3 a internet per ser m\u00e9s prec\u00eds en la cerca.<\/td>\n<td data-sheets-value=\"{&quot;1&quot;:2,&quot;2&quot;:&quot;Guia de com cercar realitzada per l'alumnat. Fet\/no fet&quot;}\">Guia de com cercar realitzada per l&#8217;alumnat. Fet\/no fet<\/td>\n<td data-sheets-value=\"{&quot;1&quot;:3,&quot;3&quot;:70}\">70<\/td>\n<td><\/td>\n<td><\/td>\n<td><\/td>\n<\/tr>\n<tr>\n<td rowspan=\"2\" data-sheets-value=\"{&quot;1&quot;:2,&quot;2&quot;:&quot;Dinamitzar activitats que permetin a l\u2019alumnat filtrar i contrastar la veracitat de la informaci\u00f3 que troben per detectar informacions falses incentivant l\u2019\u00fas d\u2019entorns segurs per a la cerca d'informaci\u00f3.&quot;}\">\n<div>Dinamitzar activitats que permetin a l\u2019alumnat filtrar i contrastar la veracitat de la informaci\u00f3 que troben per detectar informacions falses incentivant l\u2019\u00fas d\u2019entorns segurs per a la cerca d&#8217;informaci\u00f3.<\/div>\n<\/td>\n<td data-sheets-value=\"{&quot;1&quot;:2,&quot;2&quot;:&quot;Percentatge d'assoliment en el q\u00fcestionari alumnat&quot;}\">Percentatge d&#8217;assoliment en el q\u00fcestionari alumnat<\/td>\n<td data-sheets-value=\"{&quot;1&quot;:3,&quot;3&quot;:60}\">60<\/td>\n<td><\/td>\n<td><\/td>\n<td><\/td>\n<\/tr>\n<tr>\n<td data-sheets-value=\"{&quot;1&quot;:2,&quot;2&quot;:&quot;Percentatge d'assoliment en l'avaluaci\u00f3 a partir d'un cas pr\u00e0ctic&quot;}\">Percentatge d&#8217;assoliment en l&#8217;avaluaci\u00f3 a partir d&#8217;un cas pr\u00e0ctic<\/td>\n<td data-sheets-value=\"{&quot;1&quot;:3,&quot;3&quot;:60}\">60<\/td>\n<td><\/td>\n<td><\/td>\n<td><\/td>\n<\/tr>\n<tr style=\"background-color: #85cfe6;\">\n<td data-sheets-value=\"{&quot;1&quot;:2,&quot;2&quot;:&quot;CLAUSTRE&quot;}\">CLAUSTRE<\/td>\n<td><\/td>\n<td><\/td>\n<td><\/td>\n<td><\/td>\n<td><\/td>\n<\/tr>\n<tr>\n<td data-sheets-value=\"{&quot;1&quot;:2,&quot;2&quot;:&quot;Realitzar autoavaluacions a partir de recursos TAC per tal de veure els punts forts i punts a millorar a nivell de pr\u00e0ctica docent.&quot;}\">Realitzar autoavaluacions a partir de recursos TAC per tal de veure els punts forts i punts a millorar a nivell de pr\u00e0ctica docent.<\/td>\n<td data-sheets-value=\"{&quot;1&quot;:2,&quot;2&quot;:&quot;Percentatge de q\u00fcestionaris docent contestats.&quot;}\">Percentatge de q\u00fcestionaris docent contestats.<\/td>\n<td data-sheets-value=\"{&quot;1&quot;:3,&quot;3&quot;:80}\">80<\/td>\n<td><\/td>\n<td><\/td>\n<td><\/td>\n<\/tr>\n<tr>\n<td data-sheets-value=\"{&quot;1&quot;:2,&quot;2&quot;:&quot;Fer un claustre a principi de curs reflexionant sobre l\u2019\u00fas pedag\u00f2gic de les eines TIC.&quot;}\">Fer un claustre a principi de curs reflexionant sobre l\u2019\u00fas pedag\u00f2gic de les eines TIC.<\/td>\n<td data-sheets-value=\"{&quot;1&quot;:2,&quot;2&quot;:&quot;Realitzaci\u00f3 d'un claustre pedag\u00f2gic. Fet\/no fet&quot;}\">Realitzaci\u00f3 d&#8217;un claustre pedag\u00f2gic. Fet\/no fet<\/td>\n<td data-sheets-value=\"{&quot;1&quot;:3,&quot;3&quot;:100}\">100<\/td>\n<td><\/td>\n<td><\/td>\n<td><\/td>\n<\/tr>\n<tr>\n<td data-sheets-value=\"{&quot;1&quot;:2,&quot;2&quot;:&quot;Promoure m\u00e9s claustres pedag\u00f2gics amb la finalitat d\u2019intercanviar experi\u00e8ncies (\u00e0mbit digital i altres) entre el professorat.&quot;}\">Promoure m\u00e9s claustres pedag\u00f2gics amb la finalitat d\u2019intercanviar experi\u00e8ncies (\u00e0mbit digital i altres) entre el professorat.<\/td>\n<td data-sheets-value=\"{&quot;1&quot;:2,&quot;2&quot;:&quot;Realitzaci\u00f3 d'un claustre pedag\u00f2gic. Fet\/no fet&quot;}\">Realitzaci\u00f3 d&#8217;un claustre pedag\u00f2gic. Fet\/no fet<\/td>\n<td data-sheets-value=\"{&quot;1&quot;:3,&quot;3&quot;:100}\">100<\/td>\n<td><\/td>\n<td><\/td>\n<td><\/td>\n<\/tr>\n<\/tbody>\n<\/table>\n","protected":false},"excerpt":{"rendered":"<p>Els objectius de l&#8217;estrat\u00e8gia digital de centre\u00a0\u00e9s portaran a terme durant els seg\u00fcents 3 anys, a partir del curs 2023\/24, i seguiran la seg\u00fcent planificaci\u00f3 anual i trimestral: OBJECTIU Curs 2022\/23 Curs 2023\/24 Curs 2024\/25 1T 2T 3T 1T 2T 3T 1T 2T 3T ALUMNES Realitzar xerrades informatives relacionades amb ciberseguretat i \u00fas correcte de [&hellip;]<\/p>\n","protected":false},"author":1,"featured_media":0,"parent":18649,"menu_order":0,"comment_status":"closed","ping_status":"closed","template":"","meta":{"_bbp_topic_count":0,"_bbp_reply_count":0,"_bbp_total_topic_count":0,"_bbp_total_reply_count":0,"_bbp_voice_count":0,"_bbp_anonymous_reply_count":0,"_bbp_topic_count_hidden":0,"_bbp_reply_count_hidden":0,"_bbp_forum_subforum_count":0,"site-sidebar-layout":"default","site-content-layout":"","ast-site-content-layout":"","site-content-style":"default","site-sidebar-style":"default","ast-global-header-display":"","ast-banner-title-visibility":"","ast-main-header-display":"","ast-hfb-above-header-display":"","ast-hfb-below-header-display":"","ast-hfb-mobile-header-display":"","site-post-title":"","ast-breadcrumbs-content":"","ast-featured-img":"","footer-sml-layout":"","theme-transparent-header-meta":"","adv-header-id-meta":"","stick-header-meta":"","header-above-stick-meta":"","header-main-stick-meta":"","header-below-stick-meta":"","astra-migrate-meta-layouts":"default","ast-page-background-enabled":"default","ast-page-background-meta":{"desktop":{"background-color":"var(--ast-global-color-4)","background-image":"","background-repeat":"repeat","background-position":"center center","background-size":"auto","background-attachment":"scroll","background-type":"","background-media":"","overlay-type":"","overlay-color":"","overlay-opacity":"","overlay-gradient":""},"tablet":{"background-color":"","background-image":"","background-repeat":"repeat","background-position":"center center","background-size":"auto","background-attachment":"scroll","background-type":"","background-media":"","overlay-type":"","overlay-color":"","overlay-opacity":"","overlay-gradient":""},"mobile":{"background-color":"","background-image":"","background-repeat":"repeat","background-position":"center center","background-size":"auto","background-attachment":"scroll","background-type":"","background-media":"","overlay-type":"","overlay-color":"","overlay-opacity":"","overlay-gradient":""}},"ast-content-background-meta":{"desktop":{"background-color":"var(--ast-global-color-5)","background-image":"","background-repeat":"repeat","background-position":"center center","background-size":"auto","background-attachment":"scroll","background-type":"","background-media":"","overlay-type":"","overlay-color":"","overlay-opacity":"","overlay-gradient":""},"tablet":{"background-color":"var(--ast-global-color-5)","background-image":"","background-repeat":"repeat","background-position":"center center","background-size":"auto","background-attachment":"scroll","background-type":"","background-media":"","overlay-type":"","overlay-color":"","overlay-opacity":"","overlay-gradient":""},"mobile":{"background-color":"var(--ast-global-color-5)","background-image":"","background-repeat":"repeat","background-position":"center center","background-size":"auto","background-attachment":"scroll","background-type":"","background-media":"","overlay-type":"","overlay-color":"","overlay-opacity":"","overlay-gradient":""}},"footnotes":""},"class_list":["post-18647","page","type-page","status-publish","hentry"],"post_mailing_queue_ids":[],"_links":{"self":[{"href":"https:\/\/agora.xtec.cat\/escoladomeny\/wp-json\/wp\/v2\/pages\/18647","targetHints":{"allow":["GET"]}}],"collection":[{"href":"https:\/\/agora.xtec.cat\/escoladomeny\/wp-json\/wp\/v2\/pages"}],"about":[{"href":"https:\/\/agora.xtec.cat\/escoladomeny\/wp-json\/wp\/v2\/types\/page"}],"author":[{"embeddable":true,"href":"https:\/\/agora.xtec.cat\/escoladomeny\/wp-json\/wp\/v2\/users\/1"}],"replies":[{"embeddable":true,"href":"https:\/\/agora.xtec.cat\/escoladomeny\/wp-json\/wp\/v2\/comments?post=18647"}],"version-history":[{"count":4,"href":"https:\/\/agora.xtec.cat\/escoladomeny\/wp-json\/wp\/v2\/pages\/18647\/revisions"}],"predecessor-version":[{"id":19395,"href":"https:\/\/agora.xtec.cat\/escoladomeny\/wp-json\/wp\/v2\/pages\/18647\/revisions\/19395"}],"up":[{"embeddable":true,"href":"https:\/\/agora.xtec.cat\/escoladomeny\/wp-json\/wp\/v2\/pages\/18649"}],"wp:attachment":[{"href":"https:\/\/agora.xtec.cat\/escoladomeny\/wp-json\/wp\/v2\/media?parent=18647"}],"curies":[{"name":"wp","href":"https:\/\/api.w.org\/{rel}","templated":true}]}}