{"id":18645,"date":"2022-03-22T13:50:07","date_gmt":"2022-03-22T12:50:07","guid":{"rendered":"https:\/\/agora.xtec.cat\/escoladomeny\/?page_id=18645"},"modified":"2023-02-01T09:37:12","modified_gmt":"2023-02-01T08:37:12","slug":"descripcio_serveis","status":"publish","type":"page","link":"https:\/\/agora.xtec.cat\/escoladomeny\/edc\/cultura-digital\/descripcio_serveis\/","title":{"rendered":"INVENTARI"},"content":{"rendered":"<p><span style=\"font-weight: 400;\">Els serveis digitals dels quals disposa el centre s\u00f3n els seg\u00fcents:<\/span><\/p>\n<p><span style=\"font-weight: 400;\">02\/11\/22<\/span><\/p>\n<table>\n<tbody>\n<tr>\n<td><span style=\"font-weight: 400;\">IPADS<\/span><\/td>\n<td><img loading=\"lazy\" decoding=\"async\" class=\"alignnone wp-image-18827\" src=\"https:\/\/agora.xtec.cat\/escoladomeny\/wp-content\/uploads\/usu2009\/2022\/05\/ipad1.jpg\" alt=\"\" width=\"341\" height=\"171\" srcset=\"https:\/\/agora.xtec.cat\/escoladomeny\/wp-content\/uploads\/usu2009\/2022\/05\/ipad1.jpg 640w, https:\/\/agora.xtec.cat\/escoladomeny\/wp-content\/uploads\/usu2009\/2022\/05\/ipad1-300x150.jpg 300w\" sizes=\"auto, (max-width: 341px) 100vw, 341px\" \/><\/td>\n<\/tr>\n<tr>\n<td><span style=\"font-weight: 400;\">CHROMEBOOKS<\/span><\/td>\n<td><img loading=\"lazy\" decoding=\"async\" class=\"alignnone wp-image-18831\" src=\"https:\/\/agora.xtec.cat\/escoladomeny\/wp-content\/uploads\/usu2009\/2022\/05\/6382914_sd-1024x566.jpg\" alt=\"\" width=\"273\" height=\"151\" srcset=\"https:\/\/agora.xtec.cat\/escoladomeny\/wp-content\/uploads\/usu2009\/2022\/05\/6382914_sd-1024x566.jpg 1024w, https:\/\/agora.xtec.cat\/escoladomeny\/wp-content\/uploads\/usu2009\/2022\/05\/6382914_sd-300x166.jpg 300w, https:\/\/agora.xtec.cat\/escoladomeny\/wp-content\/uploads\/usu2009\/2022\/05\/6382914_sd-768x424.jpg 768w, https:\/\/agora.xtec.cat\/escoladomeny\/wp-content\/uploads\/usu2009\/2022\/05\/6382914_sd-1536x849.jpg 1536w, https:\/\/agora.xtec.cat\/escoladomeny\/wp-content\/uploads\/usu2009\/2022\/05\/6382914_sd-2048x1132.jpg 2048w\" sizes=\"auto, (max-width: 273px) 100vw, 273px\" \/><\/td>\n<\/tr>\n<tr>\n<td><span style=\"font-weight: 400;\">PORT\u00c0TILS DOCENTS<\/span><\/td>\n<td><img loading=\"lazy\" decoding=\"async\" class=\"wp-image-18832 alignleft\" src=\"https:\/\/agora.xtec.cat\/escoladomeny\/wp-content\/uploads\/usu2009\/2022\/05\/pngtree-laptop-icon-png-image_1871597-e1653314805391.jpg\" alt=\"\" width=\"311\" height=\"208\" srcset=\"https:\/\/agora.xtec.cat\/escoladomeny\/wp-content\/uploads\/usu2009\/2022\/05\/pngtree-laptop-icon-png-image_1871597-e1653314805391.jpg 558w, https:\/\/agora.xtec.cat\/escoladomeny\/wp-content\/uploads\/usu2009\/2022\/05\/pngtree-laptop-icon-png-image_1871597-e1653314805391-300x201.jpg 300w\" sizes=\"auto, (max-width: 311px) 100vw, 311px\" \/><\/td>\n<\/tr>\n<tr>\n<td><span style=\"font-weight: 400;\">PORT\u00c0TILS<\/span><\/td>\n<td><img loading=\"lazy\" decoding=\"async\" class=\"alignnone wp-image-18832\" src=\"https:\/\/agora.xtec.cat\/escoladomeny\/wp-content\/uploads\/usu2009\/2022\/05\/pngtree-laptop-icon-png-image_1871597-e1653314805391.jpg\" alt=\"\" width=\"289\" height=\"194\" srcset=\"https:\/\/agora.xtec.cat\/escoladomeny\/wp-content\/uploads\/usu2009\/2022\/05\/pngtree-laptop-icon-png-image_1871597-e1653314805391.jpg 558w, https:\/\/agora.xtec.cat\/escoladomeny\/wp-content\/uploads\/usu2009\/2022\/05\/pngtree-laptop-icon-png-image_1871597-e1653314805391-300x201.jpg 300w\" sizes=\"auto, (max-width: 289px) 100vw, 289px\" \/><\/td>\n<\/tr>\n<tr>\n<td><span style=\"font-weight: 400;\">TORRES<\/span><\/td>\n<td><img loading=\"lazy\" decoding=\"async\" class=\"alignnone size-full wp-image-18830\" src=\"https:\/\/agora.xtec.cat\/escoladomeny\/wp-content\/uploads\/usu2009\/2022\/05\/images.jpg\" alt=\"\" width=\"225\" height=\"225\" srcset=\"https:\/\/agora.xtec.cat\/escoladomeny\/wp-content\/uploads\/usu2009\/2022\/05\/images.jpg 225w, https:\/\/agora.xtec.cat\/escoladomeny\/wp-content\/uploads\/usu2009\/2022\/05\/images-150x150.jpg 150w\" sizes=\"auto, (max-width: 225px) 100vw, 225px\" \/><\/td>\n<\/tr>\n<tr>\n<td><span style=\"font-weight: 400;\">MIFIS<\/span><\/td>\n<td><img loading=\"lazy\" decoding=\"async\" class=\"alignnone size-full wp-image-18841\" src=\"https:\/\/agora.xtec.cat\/escoladomeny\/wp-content\/uploads\/usu2009\/2022\/05\/cisco_wifi.jpg\" alt=\"\" width=\"225\" height=\"225\" srcset=\"https:\/\/agora.xtec.cat\/escoladomeny\/wp-content\/uploads\/usu2009\/2022\/05\/cisco_wifi.jpg 225w, https:\/\/agora.xtec.cat\/escoladomeny\/wp-content\/uploads\/usu2009\/2022\/05\/cisco_wifi-150x150.jpg 150w\" sizes=\"auto, (max-width: 225px) 100vw, 225px\" \/><\/td>\n<\/tr>\n<tr>\n<td><span style=\"font-weight: 400;\">PROJECTORS<\/span><\/td>\n<td><img loading=\"lazy\" decoding=\"async\" class=\"alignnone size-full wp-image-18828\" src=\"https:\/\/agora.xtec.cat\/escoladomeny\/wp-content\/uploads\/usu2009\/2022\/05\/baixa.jpg\" alt=\"\" width=\"288\" height=\"175\" \/><\/td>\n<\/tr>\n<tr>\n<td><span style=\"font-weight: 400;\">TELEVISI\u00d3 90&#8243; PORTATIL<\/span><\/td>\n<td><img loading=\"lazy\" decoding=\"async\" class=\"alignnone size-full wp-image-18842\" src=\"https:\/\/agora.xtec.cat\/escoladomeny\/wp-content\/uploads\/usu2009\/2022\/05\/tv_porta.jpg\" alt=\"\" width=\"263\" height=\"355\" srcset=\"https:\/\/agora.xtec.cat\/escoladomeny\/wp-content\/uploads\/usu2009\/2022\/05\/tv_porta.jpg 263w, https:\/\/agora.xtec.cat\/escoladomeny\/wp-content\/uploads\/usu2009\/2022\/05\/tv_porta-222x300.jpg 222w\" sizes=\"auto, (max-width: 263px) 100vw, 263px\" \/><\/td>\n<\/tr>\n<\/tbody>\n<\/table>\n<table>\n<tbody>\n<tr>\n<td><span style=\"font-weight: 400;\">IMPRESSORA 3D<\/span><\/td>\n<td><img loading=\"lazy\" decoding=\"async\" class=\"alignnone wp-image-18826\" src=\"https:\/\/agora.xtec.cat\/escoladomeny\/wp-content\/uploads\/usu2009\/2022\/05\/Impressora-3D.jpg\" alt=\"\" width=\"312\" height=\"181\" srcset=\"https:\/\/agora.xtec.cat\/escoladomeny\/wp-content\/uploads\/usu2009\/2022\/05\/Impressora-3D.jpg 780w, https:\/\/agora.xtec.cat\/escoladomeny\/wp-content\/uploads\/usu2009\/2022\/05\/Impressora-3D-300x174.jpg 300w, https:\/\/agora.xtec.cat\/escoladomeny\/wp-content\/uploads\/usu2009\/2022\/05\/Impressora-3D-768x445.jpg 768w\" sizes=\"auto, (max-width: 312px) 100vw, 312px\" \/><\/td>\n<\/tr>\n<tr>\n<td><span style=\"font-weight: 400;\">BEE BOTS<\/span><\/td>\n<td><img loading=\"lazy\" decoding=\"async\" class=\"alignnone wp-image-18833\" src=\"https:\/\/agora.xtec.cat\/escoladomeny\/wp-content\/uploads\/usu2009\/2022\/05\/bee-bots.jpg\" alt=\"\" width=\"272\" height=\"204\" srcset=\"https:\/\/agora.xtec.cat\/escoladomeny\/wp-content\/uploads\/usu2009\/2022\/05\/bee-bots.jpg 427w, https:\/\/agora.xtec.cat\/escoladomeny\/wp-content\/uploads\/usu2009\/2022\/05\/bee-bots-300x225.jpg 300w, https:\/\/agora.xtec.cat\/escoladomeny\/wp-content\/uploads\/usu2009\/2022\/05\/bee-bots-200x150.jpg 200w\" sizes=\"auto, (max-width: 272px) 100vw, 272px\" \/><\/td>\n<\/tr>\n<tr>\n<td><span style=\"font-weight: 400;\">3DBOT<\/span><\/td>\n<td><img loading=\"lazy\" decoding=\"async\" class=\"alignnone size-full wp-image-18836\" src=\"https:\/\/agora.xtec.cat\/escoladomeny\/wp-content\/uploads\/usu2009\/2022\/05\/3dbot.jpg\" alt=\"\" width=\"225\" height=\"225\" srcset=\"https:\/\/agora.xtec.cat\/escoladomeny\/wp-content\/uploads\/usu2009\/2022\/05\/3dbot.jpg 225w, https:\/\/agora.xtec.cat\/escoladomeny\/wp-content\/uploads\/usu2009\/2022\/05\/3dbot-150x150.jpg 150w\" sizes=\"auto, (max-width: 225px) 100vw, 225px\" \/><\/td>\n<\/tr>\n<tr>\n<td><span style=\"font-weight: 400;\">KEYBOT<\/span><\/td>\n<td><img loading=\"lazy\" decoding=\"async\" class=\"alignnone size-full wp-image-18837\" src=\"https:\/\/agora.xtec.cat\/escoladomeny\/wp-content\/uploads\/usu2009\/2022\/05\/keybot.jpg\" alt=\"\" width=\"253\" height=\"199\" \/><\/td>\n<\/tr>\n<tr>\n<td><span style=\"font-weight: 400;\">KIT PROJECTES ARDUINO<\/span><\/td>\n<td><img loading=\"lazy\" decoding=\"async\" class=\"alignnone size-full wp-image-18838\" src=\"https:\/\/agora.xtec.cat\/escoladomeny\/wp-content\/uploads\/usu2009\/2022\/05\/ardu_kit.jpg\" alt=\"\" width=\"225\" height=\"225\" srcset=\"https:\/\/agora.xtec.cat\/escoladomeny\/wp-content\/uploads\/usu2009\/2022\/05\/ardu_kit.jpg 225w, https:\/\/agora.xtec.cat\/escoladomeny\/wp-content\/uploads\/usu2009\/2022\/05\/ardu_kit-150x150.jpg 150w\" sizes=\"auto, (max-width: 225px) 100vw, 225px\" \/><\/td>\n<\/tr>\n<tr>\n<td><span style=\"font-weight: 400;\">FOTOCOPIADORES<\/span><\/td>\n<td><img loading=\"lazy\" decoding=\"async\" class=\"alignnone wp-image-18829\" src=\"https:\/\/agora.xtec.cat\/escoladomeny\/wp-content\/uploads\/usu2009\/2022\/05\/Fotocopiadora.jpg\" alt=\"\" width=\"275\" height=\"212\" srcset=\"https:\/\/agora.xtec.cat\/escoladomeny\/wp-content\/uploads\/usu2009\/2022\/05\/Fotocopiadora.jpg 561w, https:\/\/agora.xtec.cat\/escoladomeny\/wp-content\/uploads\/usu2009\/2022\/05\/Fotocopiadora-300x231.jpg 300w\" sizes=\"auto, (max-width: 275px) 100vw, 275px\" \/><\/td>\n<\/tr>\n<\/tbody>\n<\/table>\n<p>&nbsp;<\/p>\n","protected":false},"excerpt":{"rendered":"<p>Els serveis digitals dels quals disposa el centre s\u00f3n els seg\u00fcents: 02\/11\/22 IPADS CHROMEBOOKS PORT\u00c0TILS DOCENTS PORT\u00c0TILS TORRES MIFIS PROJECTORS TELEVISI\u00d3 90&#8243; PORTATIL IMPRESSORA 3D BEE BOTS 3DBOT KEYBOT KIT PROJECTES ARDUINO FOTOCOPIADORES &nbsp;<\/p>\n","protected":false},"author":1,"featured_media":0,"parent":18793,"menu_order":0,"comment_status":"closed","ping_status":"closed","template":"","meta":{"_bbp_topic_count":0,"_bbp_reply_count":0,"_bbp_total_topic_count":0,"_bbp_total_reply_count":0,"_bbp_voice_count":0,"_bbp_anonymous_reply_count":0,"_bbp_topic_count_hidden":0,"_bbp_reply_count_hidden":0,"_bbp_forum_subforum_count":0,"site-sidebar-layout":"default","site-content-layout":"","ast-site-content-layout":"","site-content-style":"default","site-sidebar-style":"default","ast-global-header-display":"","ast-banner-title-visibility":"","ast-main-header-display":"","ast-hfb-above-header-display":"","ast-hfb-below-header-display":"","ast-hfb-mobile-header-display":"","site-post-title":"","ast-breadcrumbs-content":"","ast-featured-img":"","footer-sml-layout":"","theme-transparent-header-meta":"","adv-header-id-meta":"","stick-header-meta":"","header-above-stick-meta":"","header-main-stick-meta":"","header-below-stick-meta":"","astra-migrate-meta-layouts":"default","ast-page-background-enabled":"default","ast-page-background-meta":{"desktop":{"background-color":"var(--ast-global-color-4)","background-image":"","background-repeat":"repeat","background-position":"center center","background-size":"auto","background-attachment":"scroll","background-type":"","background-media":"","overlay-type":"","overlay-color":"","overlay-opacity":"","overlay-gradient":""},"tablet":{"background-color":"","background-image":"","background-repeat":"repeat","background-position":"center center","background-size":"auto","background-attachment":"scroll","background-type":"","background-media":"","overlay-type":"","overlay-color":"","overlay-opacity":"","overlay-gradient":""},"mobile":{"background-color":"","background-image":"","background-repeat":"repeat","background-position":"center center","background-size":"auto","background-attachment":"scroll","background-type":"","background-media":"","overlay-type":"","overlay-color":"","overlay-opacity":"","overlay-gradient":""}},"ast-content-background-meta":{"desktop":{"background-color":"var(--ast-global-color-5)","background-image":"","background-repeat":"repeat","background-position":"center center","background-size":"auto","background-attachment":"scroll","background-type":"","background-media":"","overlay-type":"","overlay-color":"","overlay-opacity":"","overlay-gradient":""},"tablet":{"background-color":"var(--ast-global-color-5)","background-image":"","background-repeat":"repeat","background-position":"center center","background-size":"auto","background-attachment":"scroll","background-type":"","background-media":"","overlay-type":"","overlay-color":"","overlay-opacity":"","overlay-gradient":""},"mobile":{"background-color":"var(--ast-global-color-5)","background-image":"","background-repeat":"repeat","background-position":"center center","background-size":"auto","background-attachment":"scroll","background-type":"","background-media":"","overlay-type":"","overlay-color":"","overlay-opacity":"","overlay-gradient":""}},"footnotes":""},"class_list":["post-18645","page","type-page","status-publish","hentry"],"post_mailing_queue_ids":[],"_links":{"self":[{"href":"https:\/\/agora.xtec.cat\/escoladomeny\/wp-json\/wp\/v2\/pages\/18645","targetHints":{"allow":["GET"]}}],"collection":[{"href":"https:\/\/agora.xtec.cat\/escoladomeny\/wp-json\/wp\/v2\/pages"}],"about":[{"href":"https:\/\/agora.xtec.cat\/escoladomeny\/wp-json\/wp\/v2\/types\/page"}],"author":[{"embeddable":true,"href":"https:\/\/agora.xtec.cat\/escoladomeny\/wp-json\/wp\/v2\/users\/1"}],"replies":[{"embeddable":true,"href":"https:\/\/agora.xtec.cat\/escoladomeny\/wp-json\/wp\/v2\/comments?post=18645"}],"version-history":[{"count":4,"href":"https:\/\/agora.xtec.cat\/escoladomeny\/wp-json\/wp\/v2\/pages\/18645\/revisions"}],"predecessor-version":[{"id":19082,"href":"https:\/\/agora.xtec.cat\/escoladomeny\/wp-json\/wp\/v2\/pages\/18645\/revisions\/19082"}],"up":[{"embeddable":true,"href":"https:\/\/agora.xtec.cat\/escoladomeny\/wp-json\/wp\/v2\/pages\/18793"}],"wp:attachment":[{"href":"https:\/\/agora.xtec.cat\/escoladomeny\/wp-json\/wp\/v2\/media?parent=18645"}],"curies":[{"name":"wp","href":"https:\/\/api.w.org\/{rel}","templated":true}]}}