{"id":18643,"date":"2022-03-22T13:49:16","date_gmt":"2022-03-22T12:49:16","guid":{"rendered":"https:\/\/agora.xtec.cat\/escoladomeny\/?page_id=18643"},"modified":"2022-06-14T14:50:19","modified_gmt":"2022-06-14T12:50:19","slug":"diagnosi","status":"publish","type":"page","link":"https:\/\/agora.xtec.cat\/escoladomeny\/edc\/estrategia-digital\/diagnosi\/","title":{"rendered":"DIAGNOSI"},"content":{"rendered":"<p><span style=\"font-weight: 400;\">L\u2019objectiu d\u2019aquesta fase \u00e9s identificar el punts forts del centre en l\u2019\u00fas i assoliment de les compet\u00e8ncies digitals, aix\u00ed com les debilitats per tal de millorar.<\/span><\/p>\n<p><span style=\"font-weight: 400;\">Per poder planificar l\u2019estrat\u00e8gia del nostre centre, s\u2019ha recopilat informaci\u00f3 detallada sobre les compet\u00e8ncies digitals al centre en els tres eixos del Projecte Educatiu Digital de Centre (PEDC): alumnat (cicle superior), docents i centre<\/span><\/p>\n<table style=\"width: 100%;\">\n<tbody>\n<tr>\n<td style=\"text-align: center; width: 34.2355%;\" colspan=\"2\"><b>Punts forts<\/b><\/td>\n<\/tr>\n<tr>\n<td style=\"width: 18.1326%;\"><b>Professorat<\/b><\/td>\n<td style=\"width: 16.1029%;\"><b>Alumnat<\/b><\/td>\n<\/tr>\n<tr>\n<td style=\"width: 18.1326%;\">\n<ul>\n<li style=\"font-weight: 400;\" aria-level=\"1\"><span style=\"font-weight: 400;\">Comunicaci\u00f3 continuada amb les fam\u00edlies.<\/span><\/li>\n<li style=\"font-weight: 400;\" aria-level=\"1\"><span style=\"font-weight: 400;\">Utilitzem recursos i estrat\u00e8gies digitals<\/span><\/li>\n<li style=\"font-weight: 400;\" aria-level=\"1\"><span style=\"font-weight: 400;\">Utilitzem les tecnologies digitals per atendre a la diversitat<\/span><\/li>\n<\/ul>\n<\/td>\n<td style=\"width: 16.1029%;\">\n<ul>\n<li>\u00das habitual de l&#8217;entorn virtual d&#8217;aprenentatge (Google Classroom).<\/li>\n<li>\u00das habitual de recursos digitals.<\/li>\n<\/ul>\n<\/td>\n<\/tr>\n<\/tbody>\n<\/table>\n<table>\n<tbody>\n<tr>\n<td style=\"width: 64.276%; text-align: center;\" colspan=\"2\"><b>Punts a millorar<\/b><\/td>\n<\/tr>\n<tr>\n<td style=\"width: 33.8295%;\"><b>Professorat<\/b><\/td>\n<td style=\"width: 30.4465%;\"><b>Alumnat<\/b><\/td>\n<\/tr>\n<tr>\n<td style=\"width: 33.8295%;\">\n<ul>\n<li style=\"font-weight: 400;\" aria-level=\"1\"><span style=\"font-weight: 400;\">Autoavaluacions per millorar la\u00a0 pr\u00e0ctica docent<\/span><\/li>\n<li style=\"font-weight: 400;\" aria-level=\"1\"><span style=\"font-weight: 400;\">Reflexi\u00f3 sobre l\u2019\u00fas pedag\u00f2gic de les eines TIC<\/span><\/li>\n<li style=\"font-weight: 400;\" aria-level=\"1\"><span style=\"font-weight: 400;\">Promoci\u00f3 de claustres pedag\u00f2gics per intercanviar experi\u00e8ncies a l\u2019\u00e0mbit digital entre el professorat<\/span><\/li>\n<\/ul>\n<\/td>\n<td style=\"width: 30.4465%;\">\n<ul>\n<li style=\"font-weight: 400;\" aria-level=\"1\"><span style=\"font-weight: 400;\">Xerrades <\/span><span style=\"font-weight: 400;\">informatives sobre ciberseguretat i \u00fas correcte de les TIC i de les xarxes social\u00a0<\/span><\/li>\n<li style=\"font-weight: 400;\" aria-level=\"1\"><span style=\"font-weight: 400;\">Utilizar varietat de recursos TAC per mantenir la motivaci\u00f3<\/span><\/li>\n<li style=\"font-weight: 400;\" aria-level=\"1\"><span style=\"font-weight: 400;\">\u00das d\u2019eines variades de cerca d\u2019informaci\u00f3 a internet\u00a0<\/span><\/li>\n<li style=\"font-weight: 400;\" aria-level=\"1\"><span style=\"font-weight: 400;\">Dinamitzaci\u00f3 d\u2019activitats per filtrar i contrastar la veracitat de la informaci\u00f3<\/span><\/li>\n<\/ul>\n<\/td>\n<\/tr>\n<\/tbody>\n<\/table>\n","protected":false},"excerpt":{"rendered":"<p>L\u2019objectiu d\u2019aquesta fase \u00e9s identificar el punts forts del centre en l\u2019\u00fas i assoliment de les compet\u00e8ncies digitals, aix\u00ed com les debilitats per tal de millorar. Per poder planificar l\u2019estrat\u00e8gia del nostre centre, s\u2019ha recopilat informaci\u00f3 detallada sobre les compet\u00e8ncies digitals al centre en els tres eixos del Projecte Educatiu Digital de Centre (PEDC): alumnat [&hellip;]<\/p>\n","protected":false},"author":1,"featured_media":0,"parent":18649,"menu_order":0,"comment_status":"closed","ping_status":"closed","template":"","meta":{"_bbp_topic_count":0,"_bbp_reply_count":0,"_bbp_total_topic_count":0,"_bbp_total_reply_count":0,"_bbp_voice_count":0,"_bbp_anonymous_reply_count":0,"_bbp_topic_count_hidden":0,"_bbp_reply_count_hidden":0,"_bbp_forum_subforum_count":0,"site-sidebar-layout":"default","site-content-layout":"","ast-site-content-layout":"","site-content-style":"default","site-sidebar-style":"default","ast-global-header-display":"","ast-banner-title-visibility":"","ast-main-header-display":"","ast-hfb-above-header-display":"","ast-hfb-below-header-display":"","ast-hfb-mobile-header-display":"","site-post-title":"","ast-breadcrumbs-content":"","ast-featured-img":"","footer-sml-layout":"","theme-transparent-header-meta":"","adv-header-id-meta":"","stick-header-meta":"","header-above-stick-meta":"","header-main-stick-meta":"","header-below-stick-meta":"","astra-migrate-meta-layouts":"default","ast-page-background-enabled":"default","ast-page-background-meta":{"desktop":{"background-color":"var(--ast-global-color-4)","background-image":"","background-repeat":"repeat","background-position":"center center","background-size":"auto","background-attachment":"scroll","background-type":"","background-media":"","overlay-type":"","overlay-color":"","overlay-opacity":"","overlay-gradient":""},"tablet":{"background-color":"","background-image":"","background-repeat":"repeat","background-position":"center center","background-size":"auto","background-attachment":"scroll","background-type":"","background-media":"","overlay-type":"","overlay-color":"","overlay-opacity":"","overlay-gradient":""},"mobile":{"background-color":"","background-image":"","background-repeat":"repeat","background-position":"center center","background-size":"auto","background-attachment":"scroll","background-type":"","background-media":"","overlay-type":"","overlay-color":"","overlay-opacity":"","overlay-gradient":""}},"ast-content-background-meta":{"desktop":{"background-color":"var(--ast-global-color-5)","background-image":"","background-repeat":"repeat","background-position":"center center","background-size":"auto","background-attachment":"scroll","background-type":"","background-media":"","overlay-type":"","overlay-color":"","overlay-opacity":"","overlay-gradient":""},"tablet":{"background-color":"var(--ast-global-color-5)","background-image":"","background-repeat":"repeat","background-position":"center center","background-size":"auto","background-attachment":"scroll","background-type":"","background-media":"","overlay-type":"","overlay-color":"","overlay-opacity":"","overlay-gradient":""},"mobile":{"background-color":"var(--ast-global-color-5)","background-image":"","background-repeat":"repeat","background-position":"center center","background-size":"auto","background-attachment":"scroll","background-type":"","background-media":"","overlay-type":"","overlay-color":"","overlay-opacity":"","overlay-gradient":""}},"footnotes":""},"class_list":["post-18643","page","type-page","status-publish","hentry"],"post_mailing_queue_ids":[],"_links":{"self":[{"href":"https:\/\/agora.xtec.cat\/escoladomeny\/wp-json\/wp\/v2\/pages\/18643","targetHints":{"allow":["GET"]}}],"collection":[{"href":"https:\/\/agora.xtec.cat\/escoladomeny\/wp-json\/wp\/v2\/pages"}],"about":[{"href":"https:\/\/agora.xtec.cat\/escoladomeny\/wp-json\/wp\/v2\/types\/page"}],"author":[{"embeddable":true,"href":"https:\/\/agora.xtec.cat\/escoladomeny\/wp-json\/wp\/v2\/users\/1"}],"replies":[{"embeddable":true,"href":"https:\/\/agora.xtec.cat\/escoladomeny\/wp-json\/wp\/v2\/comments?post=18643"}],"version-history":[{"count":3,"href":"https:\/\/agora.xtec.cat\/escoladomeny\/wp-json\/wp\/v2\/pages\/18643\/revisions"}],"predecessor-version":[{"id":18919,"href":"https:\/\/agora.xtec.cat\/escoladomeny\/wp-json\/wp\/v2\/pages\/18643\/revisions\/18919"}],"up":[{"embeddable":true,"href":"https:\/\/agora.xtec.cat\/escoladomeny\/wp-json\/wp\/v2\/pages\/18649"}],"wp:attachment":[{"href":"https:\/\/agora.xtec.cat\/escoladomeny\/wp-json\/wp\/v2\/media?parent=18643"}],"curies":[{"name":"wp","href":"https:\/\/api.w.org\/{rel}","templated":true}]}}