{"id":18635,"date":"2022-05-23T15:39:46","date_gmt":"2022-05-23T13:39:46","guid":{"rendered":"https:\/\/agora.xtec.cat\/escoladomeny\/?page_id=18635"},"modified":"2022-05-31T13:02:55","modified_gmt":"2022-05-31T11:02:55","slug":"edc","status":"publish","type":"page","link":"https:\/\/agora.xtec.cat\/escoladomeny\/edc\/","title":{"rendered":"ESTRAT\u00c8GIA DIGITAL DE CENTRE"},"content":{"rendered":"<p><img loading=\"lazy\" decoding=\"async\" class=\"size-full wp-image-18821 alignright\" src=\"https:\/\/agora.xtec.cat\/escoladomeny\/wp-content\/uploads\/usu2009\/2022\/05\/Captura.png\" alt=\"\" width=\"358\" height=\"637\" srcset=\"https:\/\/agora.xtec.cat\/escoladomeny\/wp-content\/uploads\/usu2009\/2022\/05\/Captura.png 358w, https:\/\/agora.xtec.cat\/escoladomeny\/wp-content\/uploads\/usu2009\/2022\/05\/Captura-169x300.png 169w\" sizes=\"auto, (max-width: 358px) 100vw, 358px\" \/><\/p>\n<p>Tal com diu el Pla d\u2019Educaci\u00f3<span style=\"font-family: inherit; font-size: 1em;\">\u00a0Digital de Catalunya (PEDC), l\u2019Estrat\u00e8gia Digital de Centre ha de ser un instrument per formalitzar la governan\u00e7a de la tecnologia en el marc de l\u2019autonomia de centre i del PEC. Tamb\u00e9 ha de facilitar la planificaci\u00f3 en els \u00e0mbits organitzatius, pedag\u00f2gics i tecnol\u00f2gics amb la finalitat d\u2019assolir els objectius dels tres eixos: compet\u00e8ncies digitals de l\u2019alumnat, del professorat i del centre educatiu.<\/span><\/p>\n<p>\u2022 La primera part \u00e9s estrat\u00e8gica i marca l\u2019horitz\u00f3 on vol arribar el centr<span style=\"font-family: inherit; font-size: 1em;\">e a mitj\u00e0 termini en l\u2019\u00e0mbit <\/span><span style=\"font-family: inherit; font-size: 1em;\">digital. Inclou una diagnosi, la determinaci\u00f3 d\u2019ob<\/span><span style=\"font-family: inherit; font-size: 1em;\">jectius, la planificaci\u00f3 d\u2019actuacions concretes i fixa l\u2019avaluaci\u00f3 de la mateixa estrat\u00e8gia.<\/span><\/p>\n<p>\u2022 La segona part \u00e9s un recull de la cultura digital del centre, el qual permet tenir un coneixement global del centre en l\u2019\u00e0mbit digital. Inclou procediments, acords i accions que el centre ja est\u00e0 realitzant i que permeten tenir una visi\u00f3 completa de la cultura digital que el centre ja ha assolit.<\/p>\n<p><strong>Objectius de l\u2019Estrat\u00e8gia Digital de Centre<\/strong><\/p>\n<p>a. Assoliment de la compet\u00e8ncia digital<\/p>\n<p>b. Planificaci\u00f3 estrat\u00e8gica i organitzaci\u00f3<\/p>\n<p>c. Metodologies did\u00e0ctiques i innovaci\u00f3<\/p>\n<p>d. Inclusi\u00f3 digital i de g\u00e8nere<\/p>\n<p>e. Seguretat i protecci\u00f3 de dades<\/p>\n<table style=\"border-collapse: collapse; width: 100%; height: 295px;\" border=\"1\">\n<tbody>\n<tr style=\"height: 32px;\">\n<td style=\"width: 45.6022%; text-align: center; height: 68px;\" colspan=\"2\">\n<h3><span style=\"font-size: 16px; font-weight: 400;\">ESTRAT\u00c8GIA DIGITAL DE CENTRE<\/span><\/h3>\n<\/td>\n<\/tr>\n<tr style=\"height: 37px;\">\n<td style=\"width: 45.6022%; height: 79px;\" rowspan=\"2\"><a href=\"https:\/\/agora.xtec.cat\/escoladomeny\/edc\/estrategia-digital\/\"><span style=\"font-size: 16px;\">ESTRAT\u00c8GIA DIGITAL<\/span><\/a><\/td>\n<td style=\"width: 54.2625%; height: 37px;\"><a style=\"font-size: 16px;\" href=\"https:\/\/agora.xtec.cat\/escoladomeny\/edc\/estrategia-digital\/diagnosi\/\"><span style=\"color: #222222;\">DIAGNOSI<\/span><\/a><\/td>\n<\/tr>\n<tr style=\"height: 22px;\">\n<td style=\"width: 54.2625%; height: 42px;\"><a style=\"font-size: 16px;\" href=\"https:\/\/agora.xtec.cat\/escoladomeny\/edc\/estrategia-digital\/objectius\/\"><span style=\"color: #222222;\">OBJECTIUS<\/span><\/a><\/td>\n<\/tr>\n<tr style=\"height: 50px;\">\n<td style=\"width: 45.6022%; height: 148px;\" rowspan=\"3\"><a href=\"https:\/\/agora.xtec.cat\/escoladomeny\/edc\/cultura-digital\/\"><span style=\"font-size: 16px;\">CULTURA DIGITAL<\/span><\/a><\/td>\n<td style=\"width: 54.2625%; height: 49px;\"><a style=\"font-size: 16px;\" href=\"https:\/\/agora.xtec.cat\/escoladomeny\/edc\/cultura-digital\/descripcio_serveis\/\"><span style=\"color: #222222;\">DESCRIPCI\u00d3 DELS SERVEIS<\/span><\/a><\/td>\n<\/tr>\n<tr style=\"height: 32px;\">\n<td style=\"width: 54.2625%; height: 44px;\"><a style=\"font-size: 16px;\" href=\"https:\/\/agora.xtec.cat\/escoladomeny\/edc\/cultura-digital\/acords-de-claustre-i-consell\/\"><span style=\"color: #222222;\">ACORDS DE CLAUSTRE I CONSELL<\/span><\/a><\/td>\n<\/tr>\n<tr style=\"height: 32px;\">\n<td style=\"width: 54.2625%; height: 55px;\"><a style=\"font-size: 16px;\" href=\"https:\/\/agora.xtec.cat\/escoladomeny\/edc\/cultura-digital\/acollida-digital\/\"><span style=\"color: #222222;\">ACOLLIDA DIGITAL<\/span><\/a><\/td>\n<\/tr>\n<\/tbody>\n<\/table>\n","protected":false},"excerpt":{"rendered":"<p>Tal com diu el Pla d\u2019Educaci\u00f3\u00a0Digital de Catalunya (PEDC), l\u2019Estrat\u00e8gia Digital de Centre ha de ser un instrument per formalitzar la governan\u00e7a de la tecnologia en el marc de l\u2019autonomia de centre i del PEC. Tamb\u00e9 ha de facilitar la planificaci\u00f3 en els \u00e0mbits organitzatius, pedag\u00f2gics i tecnol\u00f2gics amb la finalitat d\u2019assolir els objectius dels [&hellip;]<\/p>\n","protected":false},"author":1,"featured_media":0,"parent":0,"menu_order":0,"comment_status":"closed","ping_status":"closed","template":"","meta":{"_bbp_topic_count":0,"_bbp_reply_count":0,"_bbp_total_topic_count":0,"_bbp_total_reply_count":0,"_bbp_voice_count":0,"_bbp_anonymous_reply_count":0,"_bbp_topic_count_hidden":0,"_bbp_reply_count_hidden":0,"_bbp_forum_subforum_count":0,"site-sidebar-layout":"default","site-content-layout":"","ast-site-content-layout":"","site-content-style":"default","site-sidebar-style":"default","ast-global-header-display":"","ast-banner-title-visibility":"","ast-main-header-display":"","ast-hfb-above-header-display":"","ast-hfb-below-header-display":"","ast-hfb-mobile-header-display":"","site-post-title":"","ast-breadcrumbs-content":"","ast-featured-img":"","footer-sml-layout":"","theme-transparent-header-meta":"","adv-header-id-meta":"","stick-header-meta":"","header-above-stick-meta":"","header-main-stick-meta":"","header-below-stick-meta":"","astra-migrate-meta-layouts":"default","ast-page-background-enabled":"default","ast-page-background-meta":{"desktop":{"background-color":"var(--ast-global-color-4)","background-image":"","background-repeat":"repeat","background-position":"center center","background-size":"auto","background-attachment":"scroll","background-type":"","background-media":"","overlay-type":"","overlay-color":"","overlay-opacity":"","overlay-gradient":""},"tablet":{"background-color":"","background-image":"","background-repeat":"repeat","background-position":"center center","background-size":"auto","background-attachment":"scroll","background-type":"","background-media":"","overlay-type":"","overlay-color":"","overlay-opacity":"","overlay-gradient":""},"mobile":{"background-color":"","background-image":"","background-repeat":"repeat","background-position":"center center","background-size":"auto","background-attachment":"scroll","background-type":"","background-media":"","overlay-type":"","overlay-color":"","overlay-opacity":"","overlay-gradient":""}},"ast-content-background-meta":{"desktop":{"background-color":"var(--ast-global-color-5)","background-image":"","background-repeat":"repeat","background-position":"center center","background-size":"auto","background-attachment":"scroll","background-type":"","background-media":"","overlay-type":"","overlay-color":"","overlay-opacity":"","overlay-gradient":""},"tablet":{"background-color":"var(--ast-global-color-5)","background-image":"","background-repeat":"repeat","background-position":"center center","background-size":"auto","background-attachment":"scroll","background-type":"","background-media":"","overlay-type":"","overlay-color":"","overlay-opacity":"","overlay-gradient":""},"mobile":{"background-color":"var(--ast-global-color-5)","background-image":"","background-repeat":"repeat","background-position":"center center","background-size":"auto","background-attachment":"scroll","background-type":"","background-media":"","overlay-type":"","overlay-color":"","overlay-opacity":"","overlay-gradient":""}},"footnotes":""},"class_list":["post-18635","page","type-page","status-publish","hentry"],"post_mailing_queue_ids":[],"_links":{"self":[{"href":"https:\/\/agora.xtec.cat\/escoladomeny\/wp-json\/wp\/v2\/pages\/18635","targetHints":{"allow":["GET"]}}],"collection":[{"href":"https:\/\/agora.xtec.cat\/escoladomeny\/wp-json\/wp\/v2\/pages"}],"about":[{"href":"https:\/\/agora.xtec.cat\/escoladomeny\/wp-json\/wp\/v2\/types\/page"}],"author":[{"embeddable":true,"href":"https:\/\/agora.xtec.cat\/escoladomeny\/wp-json\/wp\/v2\/users\/1"}],"replies":[{"embeddable":true,"href":"https:\/\/agora.xtec.cat\/escoladomeny\/wp-json\/wp\/v2\/comments?post=18635"}],"version-history":[{"count":3,"href":"https:\/\/agora.xtec.cat\/escoladomeny\/wp-json\/wp\/v2\/pages\/18635\/revisions"}],"predecessor-version":[{"id":18883,"href":"https:\/\/agora.xtec.cat\/escoladomeny\/wp-json\/wp\/v2\/pages\/18635\/revisions\/18883"}],"wp:attachment":[{"href":"https:\/\/agora.xtec.cat\/escoladomeny\/wp-json\/wp\/v2\/media?parent=18635"}],"curies":[{"name":"wp","href":"https:\/\/api.w.org\/{rel}","templated":true}]}}