{"id":827,"date":"2019-06-17T11:23:25","date_gmt":"2019-06-17T09:23:25","guid":{"rendered":"http:\/\/agora.xtec.cat\/escoladoctortrueta\/?page_id=827"},"modified":"2020-03-27T03:29:33","modified_gmt":"2020-03-27T02:29:33","slug":"recursos-linguistics","status":"publish","type":"page","link":"https:\/\/agora.xtec.cat\/escoladoctortrueta\/recursos-linguistics\/","title":{"rendered":"Recursos Ling\u00fc\u00edstics"},"content":{"rendered":"<h3 style=\"text-align: center;\"><span style=\"color: #339966;\">Llengua Catalana<\/span><\/h3>\n<p style=\"text-align: center;\"><iframe loading=\"lazy\" src=\"https:\/\/www.symbaloo.com\/embed\/catala119?bgcolor=46ae4d&amp;widget=26\" width=\"920px\" height=\"600px\" name=\"_symFrame\" frameborder=\"0\"><span data-mce-type=\"bookmark\" style=\"display: inline-block; width: 0px; overflow: hidden; line-height: 0;\" class=\"mce_SELRES_start\">\ufeff<\/span><\/iframe><\/p>\n<hr \/>\n<h3 style=\"text-align: center;\"><span style=\"color: #339966;\">Lengua Castellana<\/span><\/h3>\n<p style=\"text-align: center;\"><iframe loading=\"lazy\" src=\"https:\/\/www.symbaloo.com\/embed\/castella69?bgcolor=46ae4d&amp;widget=26\" width=\"920px\" height=\"600px\" name=\"_symFrame\" frameborder=\"0\"><\/iframe><\/p>\n<hr \/>\n<h3 style=\"text-align: center;\"><span style=\"color: #339966;\">English<\/span><\/h3>\n<p style=\"text-align: center;\"><strong><span style=\"color: #339966;\">ENGLISH INFANTIL &#8211; GENERAL RESOURCES FOR I1, I2, I3<\/span><\/strong><\/p>\n<p style=\"text-align: center;\"><iframe loading=\"lazy\" src=\"https:\/\/www.symbaloo.com\/embed\/englishinfantil9?\" width=\"780px\" height=\"640px\" name=\"_symFrame\" frameborder=\"0\"><\/iframe><\/p>\n<hr \/>\n<p style=\"text-align: center;\"><span style=\"color: #339966;\"><strong>\u00a0ENGLISH INFANTIL 1 &#8211; I1<\/strong><\/span><\/p>\n<p style=\"text-align: center;\">Aqu\u00ed teniu un recull de les can\u00e7ons i hist\u00f2ries que hem fet durant el primer i segon trimestre a Angl\u00e8s. Podeu escoltar, cantar, ballar i us poden explicar les hist\u00f2ries.<\/p>\n<p style=\"text-align: center;\"><iframe loading=\"lazy\" src=\"https:\/\/www.symbaloo.com\/embed\/infantil1101?\" width=\"960px\" height=\"640px\" name=\"_symFrame\" frameborder=\"0\"><\/iframe><\/p>\n<hr \/>\n<p style=\"text-align: center;\"><span style=\"color: #339966;\"><strong>ENGLISH INFANTIL 2 &#8211; I2<\/strong><\/span><\/p>\n<p style=\"text-align: center;\">Aqu\u00ed teniu un recull de les can\u00e7ons i hist\u00f2ries que hem fet durant el primer i segon trimestre a Angl\u00e8s. Podeu escoltar, cantar, ballar i us poden explicar les hist\u00f2ries.<\/p>\n<p style=\"text-align: center;\"><iframe loading=\"lazy\" src=\"https:\/\/www.symbaloo.com\/embed\/infantil289?\" width=\"780px\" height=\"640px\" name=\"_symFrame\" frameborder=\"0\"><\/iframe><\/p>\n<hr \/>\n<p style=\"text-align: center;\"><span style=\"color: #339966;\"><strong>ENGLISH INFANTIL 3 &#8211; I3<\/strong><\/span><\/p>\n<p style=\"text-align: center;\">Aqu\u00ed teniu un recull de les can\u00e7ons i hist\u00f2ries que hem fet durant el primer i segon trimestre a Angl\u00e8s. Podeu escoltar, cantar, ballar i us poden explicar les hist\u00f2ries.<\/p>\n<p style=\"text-align: center;\"><iframe loading=\"lazy\" src=\"https:\/\/www.symbaloo.com\/embed\/infantil314?\" width=\"960px\" height=\"640px\" name=\"_symFrame\" frameborder=\"0\"><\/iframe><\/p>\n<hr \/>\n<p style=\"text-align: center;\"><strong><span style=\"color: #339966;\">ENGLISH &#8211; CICLE INICIAL &#8211; GENERAL RESOURCES<\/span><\/strong><\/p>\n<p style=\"text-align: center;\">Aqu\u00ed teniu un recull de p\u00e0gines web amb recursos molt interessants per practicar angl\u00e8s i passar-ho b\u00e9.<\/p>\n<p style=\"text-align: center;\"><iframe loading=\"lazy\" src=\"https:\/\/www.symbaloo.com\/embed\/english-cicleinicial?\" width=\"690px\" height=\"640px\" name=\"_symFrame\" frameborder=\"0\"><\/iframe><\/p>\n<p>&nbsp;<\/p>\n","protected":false},"excerpt":{"rendered":"<p>Llengua Catalana<br \/>\n\ufeff<\/p>\n<p>Lengua Castellana<\/p>\n<p>English<br \/>\nENGLISH INFANTIL &#8211; GENERAL RESOURCES FOR I1, I2, I3<\/p>\n<p>\u00a0ENGLISH INFANTIL 1 &#8211; I1<br \/>\nAqu\u00ed teniu un recull de les can\u00e7ons i hist\u00f2ries que hem fet durant el primer i segon trimestre a Angl\u00e8s. Podeu escoltar, cantar, ballar i us poden explicar les hist\u00f2ries.<\/p>\n<p>ENGLISH INFANTIL&hellip;  <a href=\"https:\/\/agora.xtec.cat\/escoladoctortrueta\/recursos-linguistics\/\" title=\"Read Recursos Ling\u00fc\u00edstics\">Llegeix m\u00e9s\u00bb<\/a><\/p>\n","protected":false},"author":1,"featured_media":0,"parent":0,"menu_order":0,"comment_status":"closed","ping_status":"closed","template":"","meta":{"_bbp_topic_count":0,"_bbp_reply_count":0,"_bbp_total_topic_count":0,"_bbp_total_reply_count":0,"_bbp_voice_count":0,"_bbp_anonymous_reply_count":0,"_bbp_topic_count_hidden":0,"_bbp_reply_count_hidden":0,"_bbp_forum_subforum_count":0,"footnotes":""},"class_list":["post-827","page","type-page","status-publish","hentry"],"post_mailing_queue_ids":[],"_links":{"self":[{"href":"https:\/\/agora.xtec.cat\/escoladoctortrueta\/wp-json\/wp\/v2\/pages\/827","targetHints":{"allow":["GET"]}}],"collection":[{"href":"https:\/\/agora.xtec.cat\/escoladoctortrueta\/wp-json\/wp\/v2\/pages"}],"about":[{"href":"https:\/\/agora.xtec.cat\/escoladoctortrueta\/wp-json\/wp\/v2\/types\/page"}],"author":[{"embeddable":true,"href":"https:\/\/agora.xtec.cat\/escoladoctortrueta\/wp-json\/wp\/v2\/users\/1"}],"replies":[{"embeddable":true,"href":"https:\/\/agora.xtec.cat\/escoladoctortrueta\/wp-json\/wp\/v2\/comments?post=827"}],"version-history":[{"count":3,"href":"https:\/\/agora.xtec.cat\/escoladoctortrueta\/wp-json\/wp\/v2\/pages\/827\/revisions"}],"predecessor-version":[{"id":1438,"href":"https:\/\/agora.xtec.cat\/escoladoctortrueta\/wp-json\/wp\/v2\/pages\/827\/revisions\/1438"}],"wp:attachment":[{"href":"https:\/\/agora.xtec.cat\/escoladoctortrueta\/wp-json\/wp\/v2\/media?parent=827"}],"curies":[{"name":"wp","href":"https:\/\/api.w.org\/{rel}","templated":true}]}}