{"id":77,"date":"2014-09-18T14:05:08","date_gmt":"2014-09-18T13:05:08","guid":{"rendered":"http:\/\/agora.xtec.cat\/escoladoctortrueta\/?page_id=77"},"modified":"2026-04-15T17:11:39","modified_gmt":"2026-04-15T15:11:39","slug":"acollida","status":"publish","type":"page","link":"https:\/\/agora.xtec.cat\/escoladoctortrueta\/serveis\/acollida\/","title":{"rendered":"Acollida"},"content":{"rendered":"<p>L\u2019AFA organitza el servei d\u2019acollida matinal a l\u2019escola, servei que s\u2019inicia el mateix dia d\u2019inici dels curs , excepte per l\u2019alumnat d\u2019 I3, que s\u2019inicia despr\u00e9s del per\u00edode d\u2019adaptaci\u00f3 i es mant\u00e9 tot el calendari escolar amb la voluntat d\u2019ajudar a que sigui possible la conciliaci\u00f3 familiar.<\/p>\n<p>Per poder utilitzar aquest servei no cal inscripci\u00f3. Els nens i nenes poden assistir-hi sempre que la fam\u00edlia ho necessiti, i comentar-ho amb la coordinadora de menjador, Ma \u00c0NGELS S\u00c1NCHEZ (Tel. 626706641 ), a l\u2019hora de deixar els nens a l\u2019Escola.<br \/>\nLes fam\u00edlies s\u2019hauran de dirigir al menjador gran.<\/p>\n<p>Per m\u00e9s informaci\u00f3 de preus i horaris accediu aqu\u00ed:<\/p>\n<h4 style=\"text-align: justify;\"><a href=\"https:\/\/www.afatrueta.cat\/que-fem\/acollida\/\" target=\"_blank\" rel=\"noopener\"><strong>Preus i horaris d&#8217;acollida<\/strong><\/a><\/h4>\n<p style=\"text-align: justify;\">\n","protected":false},"excerpt":{"rendered":"<p>L\u2019AFA organitza el servei d\u2019acollida matinal a l\u2019escola, servei que s\u2019inicia el mateix dia d\u2019inici dels curs , excepte per l\u2019alumnat d\u2019 I3, que s\u2019inicia despr\u00e9s del per\u00edode d\u2019adaptaci\u00f3 i es mant\u00e9 tot el calendari escolar amb la voluntat d\u2019ajudar a que sigui possible la&hellip;  <a href=\"https:\/\/agora.xtec.cat\/escoladoctortrueta\/serveis\/acollida\/\" title=\"Read Acollida\">Llegeix m\u00e9s\u00bb<\/a><\/p>\n","protected":false},"author":1,"featured_media":0,"parent":66,"menu_order":20,"comment_status":"closed","ping_status":"closed","template":"page-templates\/side-menu.php","meta":{"_bbp_topic_count":0,"_bbp_reply_count":0,"_bbp_total_topic_count":0,"_bbp_total_reply_count":0,"_bbp_voice_count":0,"_bbp_anonymous_reply_count":0,"_bbp_topic_count_hidden":0,"_bbp_reply_count_hidden":0,"_bbp_forum_subforum_count":0,"footnotes":""},"class_list":["post-77","page","type-page","status-publish","hentry"],"post_mailing_queue_ids":[],"_links":{"self":[{"href":"https:\/\/agora.xtec.cat\/escoladoctortrueta\/wp-json\/wp\/v2\/pages\/77","targetHints":{"allow":["GET"]}}],"collection":[{"href":"https:\/\/agora.xtec.cat\/escoladoctortrueta\/wp-json\/wp\/v2\/pages"}],"about":[{"href":"https:\/\/agora.xtec.cat\/escoladoctortrueta\/wp-json\/wp\/v2\/types\/page"}],"author":[{"embeddable":true,"href":"https:\/\/agora.xtec.cat\/escoladoctortrueta\/wp-json\/wp\/v2\/users\/1"}],"replies":[{"embeddable":true,"href":"https:\/\/agora.xtec.cat\/escoladoctortrueta\/wp-json\/wp\/v2\/comments?post=77"}],"version-history":[{"count":4,"href":"https:\/\/agora.xtec.cat\/escoladoctortrueta\/wp-json\/wp\/v2\/pages\/77\/revisions"}],"predecessor-version":[{"id":5619,"href":"https:\/\/agora.xtec.cat\/escoladoctortrueta\/wp-json\/wp\/v2\/pages\/77\/revisions\/5619"}],"up":[{"embeddable":true,"href":"https:\/\/agora.xtec.cat\/escoladoctortrueta\/wp-json\/wp\/v2\/pages\/66"}],"wp:attachment":[{"href":"https:\/\/agora.xtec.cat\/escoladoctortrueta\/wp-json\/wp\/v2\/media?parent=77"}],"curies":[{"name":"wp","href":"https:\/\/api.w.org\/{rel}","templated":true}]}}