{"id":4874,"date":"2024-06-10T12:52:13","date_gmt":"2024-06-10T10:52:13","guid":{"rendered":"https:\/\/agora.xtec.cat\/escoladoctortrueta\/?page_id=4874"},"modified":"2024-06-10T12:52:13","modified_gmt":"2024-06-10T10:52:13","slug":"addendes-nofc","status":"publish","type":"page","link":"https:\/\/agora.xtec.cat\/escoladoctortrueta\/addendes-nofc\/","title":{"rendered":"ADDENDES NOFC"},"content":{"rendered":"<p>&nbsp;<\/p>\n<table style=\"border-collapse: collapse; width: 100%; height: 332px;\">\n<tbody>\n<tr style=\"height: 66px;\">\n<td style=\"width: 3.95214%; height: 66px;\"><img loading=\"lazy\" decoding=\"async\" class=\"wp-image-4875 alignleft\" src=\"https:\/\/agora.xtec.cat\/escoladoctortrueta\/wp-content\/uploads\/usu1869\/2024\/05\/icono-addenda.png\" alt=\"\" width=\"37\" height=\"37\" srcset=\"https:\/\/agora.xtec.cat\/escoladoctortrueta\/wp-content\/uploads\/usu1869\/2024\/05\/icono-addenda.png 512w, https:\/\/agora.xtec.cat\/escoladoctortrueta\/wp-content\/uploads\/usu1869\/2024\/05\/icono-addenda-300x300.png 300w, https:\/\/agora.xtec.cat\/escoladoctortrueta\/wp-content\/uploads\/usu1869\/2024\/05\/icono-addenda-150x150.png 150w\" sizes=\"auto, (max-width: 37px) 100vw, 37px\" \/><\/td>\n<td style=\"width: 96.0478%; height: 66px;\"><a href=\"https:\/\/drive.google.com\/file\/d\/1t_Pb1dWWwyiiTGfW5C4254oxItDz7wsr\/view?usp=sharing\">SORTIDES NO REALITZADES<\/a><\/td>\n<\/tr>\n<tr style=\"height: 32px;\">\n<td style=\"width: 3.95214%; height: 32px;\"><img loading=\"lazy\" decoding=\"async\" class=\"wp-image-4875 alignleft\" src=\"https:\/\/agora.xtec.cat\/escoladoctortrueta\/wp-content\/uploads\/usu1869\/2024\/05\/icono-addenda.png\" alt=\"\" width=\"37\" height=\"37\" srcset=\"https:\/\/agora.xtec.cat\/escoladoctortrueta\/wp-content\/uploads\/usu1869\/2024\/05\/icono-addenda.png 512w, https:\/\/agora.xtec.cat\/escoladoctortrueta\/wp-content\/uploads\/usu1869\/2024\/05\/icono-addenda-300x300.png 300w, https:\/\/agora.xtec.cat\/escoladoctortrueta\/wp-content\/uploads\/usu1869\/2024\/05\/icono-addenda-150x150.png 150w\" sizes=\"auto, (max-width: 37px) 100vw, 37px\" \/><\/td>\n<td style=\"width: 96.0478%; height: 32px;\"><a href=\"https:\/\/drive.google.com\/file\/d\/1DKxVTB13wpKdYk1020fqeUDXtEtiLxwk\/view?usp=drive_link\">BARREJA DE GRUPS<\/a><\/td>\n<\/tr>\n<tr style=\"height: 32px;\">\n<td style=\"width: 3.95214%; height: 32px;\"><img loading=\"lazy\" decoding=\"async\" class=\"wp-image-4875 alignleft\" src=\"https:\/\/agora.xtec.cat\/escoladoctortrueta\/wp-content\/uploads\/usu1869\/2024\/05\/icono-addenda.png\" alt=\"\" width=\"37\" height=\"37\" srcset=\"https:\/\/agora.xtec.cat\/escoladoctortrueta\/wp-content\/uploads\/usu1869\/2024\/05\/icono-addenda.png 512w, https:\/\/agora.xtec.cat\/escoladoctortrueta\/wp-content\/uploads\/usu1869\/2024\/05\/icono-addenda-300x300.png 300w, https:\/\/agora.xtec.cat\/escoladoctortrueta\/wp-content\/uploads\/usu1869\/2024\/05\/icono-addenda-150x150.png 150w\" sizes=\"auto, (max-width: 37px) 100vw, 37px\" \/><\/td>\n<td style=\"width: 96.0478%; height: 32px;\"><a href=\"https:\/\/drive.google.com\/file\/d\/1Yv1IVFU-h0_9hThhHKWyN8sVYHUc2yg5\/view?usp=sharing\">TUTORIES D&#8217;EDUCACI\u00d3 INFANTIL<\/a><\/td>\n<\/tr>\n<tr style=\"height: 32px;\">\n<td style=\"width: 3.95214%; height: 32px;\"><img loading=\"lazy\" decoding=\"async\" class=\"wp-image-4875 alignleft\" src=\"https:\/\/agora.xtec.cat\/escoladoctortrueta\/wp-content\/uploads\/usu1869\/2024\/05\/icono-addenda.png\" alt=\"\" width=\"37\" height=\"37\" srcset=\"https:\/\/agora.xtec.cat\/escoladoctortrueta\/wp-content\/uploads\/usu1869\/2024\/05\/icono-addenda.png 512w, https:\/\/agora.xtec.cat\/escoladoctortrueta\/wp-content\/uploads\/usu1869\/2024\/05\/icono-addenda-300x300.png 300w, https:\/\/agora.xtec.cat\/escoladoctortrueta\/wp-content\/uploads\/usu1869\/2024\/05\/icono-addenda-150x150.png 150w\" sizes=\"auto, (max-width: 37px) 100vw, 37px\" \/><\/td>\n<td style=\"width: 96.0478%; height: 32px;\"><a href=\"https:\/\/drive.google.com\/file\/d\/1yP-Q-N-3OLy60UVc5-OX3roGTbP8WJB5\/view?usp=sharing\">\u00daS DE DISPOSITIUS DIGITALS<\/a><\/td>\n<\/tr>\n<tr style=\"height: 32px;\">\n<td style=\"width: 3.95214%; height: 32px;\"><img loading=\"lazy\" decoding=\"async\" class=\"wp-image-4875 alignleft\" src=\"https:\/\/agora.xtec.cat\/escoladoctortrueta\/wp-content\/uploads\/usu1869\/2024\/05\/icono-addenda.png\" alt=\"\" width=\"37\" height=\"37\" srcset=\"https:\/\/agora.xtec.cat\/escoladoctortrueta\/wp-content\/uploads\/usu1869\/2024\/05\/icono-addenda.png 512w, https:\/\/agora.xtec.cat\/escoladoctortrueta\/wp-content\/uploads\/usu1869\/2024\/05\/icono-addenda-300x300.png 300w, https:\/\/agora.xtec.cat\/escoladoctortrueta\/wp-content\/uploads\/usu1869\/2024\/05\/icono-addenda-150x150.png 150w\" sizes=\"auto, (max-width: 37px) 100vw, 37px\" \/><\/td>\n<td style=\"width: 96.0478%; height: 32px;\"><a href=\"https:\/\/drive.google.com\/file\/d\/1X8U2iWCT-mebZuFDPZ4MUwexrOv5NUr6\/view?usp=sharing\">SORTIR SOLS\/ES AL CICLE SUPERIOR<\/a><\/td>\n<\/tr>\n<tr style=\"height: 32px;\">\n<td style=\"width: 3.95214%; height: 32px;\"><img loading=\"lazy\" decoding=\"async\" class=\"wp-image-4875 alignleft\" src=\"https:\/\/agora.xtec.cat\/escoladoctortrueta\/wp-content\/uploads\/usu1869\/2024\/05\/icono-addenda.png\" alt=\"\" width=\"37\" height=\"37\" srcset=\"https:\/\/agora.xtec.cat\/escoladoctortrueta\/wp-content\/uploads\/usu1869\/2024\/05\/icono-addenda.png 512w, https:\/\/agora.xtec.cat\/escoladoctortrueta\/wp-content\/uploads\/usu1869\/2024\/05\/icono-addenda-300x300.png 300w, https:\/\/agora.xtec.cat\/escoladoctortrueta\/wp-content\/uploads\/usu1869\/2024\/05\/icono-addenda-150x150.png 150w\" sizes=\"auto, (max-width: 37px) 100vw, 37px\" \/><\/td>\n<td style=\"width: 96.0478%; height: 32px;\"><a href=\"https:\/\/drive.google.com\/file\/d\/13pIjPgCCNO5-n8VwkJZ-92hHtg9FRTKf\/view?usp=sharing\">\u00daS DE M\u00d2BILS O ALTRES DISPOSITIUS ELECTR\u00d2NICS<\/a><\/td>\n<\/tr>\n<tr style=\"height: 32px;\">\n<td style=\"width: 3.95214%; height: 32px;\"><\/td>\n<td style=\"width: 96.0478%; height: 32px;\"><\/td>\n<\/tr>\n<tr style=\"height: 32px;\">\n<td style=\"width: 3.95214%; height: 32px;\"><\/td>\n<td style=\"width: 96.0478%; height: 32px;\"><\/td>\n<\/tr>\n<tr style=\"height: 32px;\">\n<td style=\"width: 3.95214%; height: 32px;\"><\/td>\n<td style=\"width: 96.0478%; height: 32px;\"><\/td>\n<\/tr>\n<tr style=\"height: 10px;\">\n<td style=\"width: 3.95214%; height: 10px;\"><\/td>\n<td style=\"width: 96.0478%; height: 10px;\"><\/td>\n<\/tr>\n<\/tbody>\n<\/table>\n","protected":false},"excerpt":{"rendered":"<p>&nbsp;<\/p>\n<p><a href=\"https:\/\/drive.google.com\/file\/d\/1t_Pb1dWWwyiiTGfW5C4254oxItDz7wsr\/view?usp=sharing\">SORTIDES NO REALITZADES<\/a><\/p>\n<p><a href=\"https:\/\/drive.google.com\/file\/d\/1DKxVTB13wpKdYk1020fqeUDXtEtiLxwk\/view?usp=drive_link\">BARREJA DE GRUPS<\/a><\/p>\n<p><a href=\"https:\/\/drive.google.com\/file\/d\/1Yv1IVFU-h0_9hThhHKWyN8sVYHUc2yg5\/view?usp=sharing\">TUTORIES D&#8217;EDUCACI\u00d3 INFANTIL<\/a><\/p>\n<p><a href=\"https:\/\/drive.google.com\/file\/d\/1yP-Q-N-3OLy60UVc5-OX3roGTbP8WJB5\/view?usp=sharing\">\u00daS DE DISPOSITIUS DIGITALS<\/a><\/p>\n<p><a href=\"https:\/\/drive.google.com\/file\/d\/1X8U2iWCT-mebZuFDPZ4MUwexrOv5NUr6\/view?usp=sharing\">SORTIR SOLS\/ES AL CICLE SUPERIOR<\/a><\/p>\n<p><a href=\"https:\/\/drive.google.com\/file\/d\/13pIjPgCCNO5-n8VwkJZ-92hHtg9FRTKf\/view?usp=sharing\">\u00daS DE M\u00d2BILS O ALTRES DISPOSITIUS ELECTR\u00d2NICS<\/a><\/p>\n","protected":false},"author":1,"featured_media":0,"parent":0,"menu_order":0,"comment_status":"closed","ping_status":"closed","template":"","meta":{"_bbp_topic_count":0,"_bbp_reply_count":0,"_bbp_total_topic_count":0,"_bbp_total_reply_count":0,"_bbp_voice_count":0,"_bbp_anonymous_reply_count":0,"_bbp_topic_count_hidden":0,"_bbp_reply_count_hidden":0,"_bbp_forum_subforum_count":0,"footnotes":""},"class_list":["post-4874","page","type-page","status-publish","hentry"],"post_mailing_queue_ids":[],"_links":{"self":[{"href":"https:\/\/agora.xtec.cat\/escoladoctortrueta\/wp-json\/wp\/v2\/pages\/4874","targetHints":{"allow":["GET"]}}],"collection":[{"href":"https:\/\/agora.xtec.cat\/escoladoctortrueta\/wp-json\/wp\/v2\/pages"}],"about":[{"href":"https:\/\/agora.xtec.cat\/escoladoctortrueta\/wp-json\/wp\/v2\/types\/page"}],"author":[{"embeddable":true,"href":"https:\/\/agora.xtec.cat\/escoladoctortrueta\/wp-json\/wp\/v2\/users\/1"}],"replies":[{"embeddable":true,"href":"https:\/\/agora.xtec.cat\/escoladoctortrueta\/wp-json\/wp\/v2\/comments?post=4874"}],"version-history":[{"count":2,"href":"https:\/\/agora.xtec.cat\/escoladoctortrueta\/wp-json\/wp\/v2\/pages\/4874\/revisions"}],"predecessor-version":[{"id":4877,"href":"https:\/\/agora.xtec.cat\/escoladoctortrueta\/wp-json\/wp\/v2\/pages\/4874\/revisions\/4877"}],"wp:attachment":[{"href":"https:\/\/agora.xtec.cat\/escoladoctortrueta\/wp-json\/wp\/v2\/media?parent=4874"}],"curies":[{"name":"wp","href":"https:\/\/api.w.org\/{rel}","templated":true}]}}