{"id":6949,"date":"2023-03-02T10:23:23","date_gmt":"2023-03-02T09:23:23","guid":{"rendered":"https:\/\/agora.xtec.cat\/escoladoctorrobert\/?page_id=6949"},"modified":"2024-06-17T09:27:54","modified_gmt":"2024-06-17T07:27:54","slug":"preinscripcio-2023","status":"publish","type":"page","link":"https:\/\/agora.xtec.cat\/escoladoctorrobert\/preinscripcio-2023\/","title":{"rendered":"DOCUMENTS PER MATRICULAR UN ALUMNE\/A AL CENTRE"},"content":{"rendered":"\n<p><strong>CAL FER ARRIBAR PER CORREU ELECTR\u00d2NIC (<a href=\"mailto:b7000779@xtec.cat\">b7000779@xtec.cat<\/a>) O PRESENCIALMENT <\/strong><strong>A L&#8217;ESCOLA LA SEG\u00dcENT DOCUMENTACI\u00d3<\/strong>:<\/p>\n\n\n\n<ul class=\"wp-block-list\">\n<li>fitxa de l&#8217;alumnat i autoritzacions degudament omplert i signat. PER DESCARREGAR-LO <strong><a href=\"https:\/\/agora.xtec.cat\/escoladoctorrobert\/wp-content\/uploads\/usu471\/2023\/03\/2324_tots_els_documents_web.pdf\">CLICANT AQU\u00cd<\/a><\/strong><\/li>\n\n\n\n<li>1 foto de carnet de l&#8217;alumne\/a.<\/li>\n\n\n\n<li>Fotoc\u00f2pia del Llibre de fam\u00edlia.<\/li>\n\n\n\n<li>Fotoc\u00f2pia DNI, NIE o Passaport pare i mare o tutors legals.<\/li>\n\n\n\n<li>Fotoc\u00f2pia del carnet de vacunacions o certificat m\u00e8dic d\u2019estar al corrent de vacunes.<\/li>\n\n\n\n<li>Fotoc\u00f2pia de la targeta d\u2019identificaci\u00f3 sanit\u00e0ria (TIS).<\/li>\n\n\n\n<li>Certificat d\u2019empadronament a Camprodon, Setcases o Moll\u00f3<\/li>\n<\/ul>\n\n\n\n<p><em>Per llegir la carta de comprom\u00eds educatiu <strong><a href=\"https:\/\/agora.xtec.cat\/escoladoctorrobert\/wp-content\/uploads\/usu471\/2023\/03\/2223_04_carta_compromis_educatiu.pdf\">CLICA AQU\u00cd<\/a><\/strong><\/em><\/p>\n\n\n\n<p>Per <strong>atenci\u00f3 presencial<\/strong> i aclariment de dubtes cal concretar entrevista al tel\u00e8fon <strong>972740260<\/strong> o al correu electr\u00f2nic <strong><a href=\"mailto:b7000779@xtec.cat\">b7000779@xtec.cat<\/a><\/strong><\/p>\n","protected":false},"excerpt":{"rendered":"<p>CAL FER ARRIBAR PER CORREU ELECTR\u00d2NIC (b7000779@xtec.cat) O PRESENCIALMENT A L&#8217;ESCOLA LA SEG\u00dcENT DOCUMENTACI\u00d3: Per llegir la carta de comprom\u00eds educatiu CLICA AQU\u00cd Per atenci\u00f3 presencial i aclariment de dubtes cal concretar entrevista al tel\u00e8fon 972740260 o al correu electr\u00f2nic b7000779@xtec.cat<\/p>\n","protected":false},"author":1,"featured_media":0,"parent":0,"menu_order":0,"comment_status":"closed","ping_status":"closed","template":"","meta":{"_bbp_topic_count":0,"_bbp_reply_count":0,"_bbp_total_topic_count":0,"_bbp_total_reply_count":0,"_bbp_voice_count":0,"_bbp_anonymous_reply_count":0,"_bbp_topic_count_hidden":0,"_bbp_reply_count_hidden":0,"_bbp_forum_subforum_count":0,"site-sidebar-layout":"default","site-content-layout":"","ast-site-content-layout":"","site-content-style":"default","site-sidebar-style":"default","ast-global-header-display":"","ast-banner-title-visibility":"","ast-main-header-display":"","ast-hfb-above-header-display":"","ast-hfb-below-header-display":"","ast-hfb-mobile-header-display":"","site-post-title":"","ast-breadcrumbs-content":"","ast-featured-img":"","footer-sml-layout":"","theme-transparent-header-meta":"","adv-header-id-meta":"","stick-header-meta":"","header-above-stick-meta":"","header-main-stick-meta":"","header-below-stick-meta":"","astra-migrate-meta-layouts":"default","ast-page-background-enabled":"default","ast-page-background-meta":{"desktop":{"background-color":"var(--ast-global-color-4)","background-image":"","background-repeat":"repeat","background-position":"center center","background-size":"auto","background-attachment":"scroll","background-type":"","background-media":"","overlay-type":"","overlay-color":"","overlay-opacity":"","overlay-gradient":""},"tablet":{"background-color":"","background-image":"","background-repeat":"repeat","background-position":"center center","background-size":"auto","background-attachment":"scroll","background-type":"","background-media":"","overlay-type":"","overlay-color":"","overlay-opacity":"","overlay-gradient":""},"mobile":{"background-color":"","background-image":"","background-repeat":"repeat","background-position":"center center","background-size":"auto","background-attachment":"scroll","background-type":"","background-media":"","overlay-type":"","overlay-color":"","overlay-opacity":"","overlay-gradient":""}},"ast-content-background-meta":{"desktop":{"background-color":"var(--ast-global-color-5)","background-image":"","background-repeat":"repeat","background-position":"center center","background-size":"auto","background-attachment":"scroll","background-type":"","background-media":"","overlay-type":"","overlay-color":"","overlay-opacity":"","overlay-gradient":""},"tablet":{"background-color":"var(--ast-global-color-5)","background-image":"","background-repeat":"repeat","background-position":"center center","background-size":"auto","background-attachment":"scroll","background-type":"","background-media":"","overlay-type":"","overlay-color":"","overlay-opacity":"","overlay-gradient":""},"mobile":{"background-color":"var(--ast-global-color-5)","background-image":"","background-repeat":"repeat","background-position":"center center","background-size":"auto","background-attachment":"scroll","background-type":"","background-media":"","overlay-type":"","overlay-color":"","overlay-opacity":"","overlay-gradient":""}},"footnotes":""},"class_list":["post-6949","page","type-page","status-publish","hentry"],"post_mailing_queue_ids":[],"_links":{"self":[{"href":"https:\/\/agora.xtec.cat\/escoladoctorrobert\/wp-json\/wp\/v2\/pages\/6949","targetHints":{"allow":["GET"]}}],"collection":[{"href":"https:\/\/agora.xtec.cat\/escoladoctorrobert\/wp-json\/wp\/v2\/pages"}],"about":[{"href":"https:\/\/agora.xtec.cat\/escoladoctorrobert\/wp-json\/wp\/v2\/types\/page"}],"author":[{"embeddable":true,"href":"https:\/\/agora.xtec.cat\/escoladoctorrobert\/wp-json\/wp\/v2\/users\/1"}],"replies":[{"embeddable":true,"href":"https:\/\/agora.xtec.cat\/escoladoctorrobert\/wp-json\/wp\/v2\/comments?post=6949"}],"version-history":[{"count":4,"href":"https:\/\/agora.xtec.cat\/escoladoctorrobert\/wp-json\/wp\/v2\/pages\/6949\/revisions"}],"predecessor-version":[{"id":7255,"href":"https:\/\/agora.xtec.cat\/escoladoctorrobert\/wp-json\/wp\/v2\/pages\/6949\/revisions\/7255"}],"wp:attachment":[{"href":"https:\/\/agora.xtec.cat\/escoladoctorrobert\/wp-json\/wp\/v2\/media?parent=6949"}],"curies":[{"name":"wp","href":"https:\/\/api.w.org\/{rel}","templated":true}]}}