{"id":434,"date":"2015-11-05T21:49:08","date_gmt":"2015-11-05T20:49:08","guid":{"rendered":"http:\/\/agora.xtec.cat\/escoladoctorrobert\/?page_id=434"},"modified":"2024-04-09T14:04:13","modified_gmt":"2024-04-09T12:04:13","slug":"comenius","status":"publish","type":"page","link":"https:\/\/agora.xtec.cat\/escoladoctorrobert\/lescola\/comenius\/","title":{"rendered":"ERASMUS+"},"content":{"rendered":"<h6><span style=\"font-weight: 400;\">A partir del curs 2017\/ 2018 i fins el 2020, la nostra escola entra a formar part del projecte ERASMUS+ amb el nom de NANOL, sigles de <\/span><i><span style=\"font-weight: 400;\">Nurturing affinity to nature through outdoor learning in special places<\/span><\/i><span style=\"font-weight: 400;\">. La traducci\u00f3 al catal\u00e0 seria &#8220;Fomentant l&#8217;afinitat amb la natura a trav\u00e9s de l&#8217;aprenentatge a l&#8217;aire lliure en llocs especials&#8221;.<\/span><\/h6>\n<h6><span style=\"font-weight: 400;\">\u00c9s gestionat per la universitat de Girona, i comptem tamb\u00e9 amb la col\u00b7laboraci\u00f3 del Centre d&#8217;educaci\u00f3 ambiental Alt Ter. Els llocs\/escoles associades s\u00f3n: Plymouth (Regne Unit). Ljubjana (Eslov\u00e8nia), Accueil et D\u00e9couverte en Conflent, Les Isards centre especialitzat en l&#8217;iniciaci\u00f3 a l&#8217;ecologia de muntanya a Py (Fran\u00e7a), Vantaa i Kintaus (Finl\u00e0ndia), Lascelle i Sahorre (escoles de Fran\u00e7a).<\/span><\/h6>\n<p><span style=\"font-weight: 400;\">La nostra escola va formar part durant els anys escolars 2013-2015 part d&#8217;un projecte Comenius europeu. L&#8217;objectiu principal del projecte era incrementar l&#8217;aprenentatge i la cooperaci\u00f3 entre mestres, alumnat i els sistemes escolars a trav\u00e9s d&#8217;Europa i per millorar la nostra pr\u00f2pia educaci\u00f3 i l&#8217;ensenyament tamb\u00e9. El tema principal van ser les matem\u00e0tiques.<\/span><\/p>\n<p><span style=\"font-weight: 400;\">Les escoles que en van formar part provenien d\u2019Oravasaari, Jyv\u00e4skyl\u00e4 (Finl\u00e0ndia), Aurillac (Fran\u00e7a), Mouscron (B\u00e8lgica).<\/span><\/p>\n<p><span style=\"font-weight: 400;\">El projecte estava finan\u00e7at per la Uni\u00f3 Europea (UE)<\/span><\/p>\n<p><span style=\"font-weight: 400;\">La p\u00e0gina web del nostre grup de treball \u00e9s la seg\u00fcent : <\/span><a href=\"http:\/\/comeniusmathematiques.portail15.fr\/\"><span style=\"font-weight: 400;\">comeniusmathematiques.portail15.fr<\/span><\/a><\/p>\n<p><span style=\"font-weight: 400;\">\u00a0<\/span><\/p>\n<div style=\"margin-left: 1em; margin-right: 1em; text-align: left;\"><a style=\"clear: left; float: left; margin-bottom: 1em; margin-right: 1em;\" href=\"http:\/\/1.bp.blogspot.com\/-1OAcdcfgAqA\/VHQ_kzdvfoI\/AAAAAAAAY5k\/MyvTnw2r2w4\/s1600\/logo%2Boficial.jpg\"><img loading=\"lazy\" decoding=\"async\" src=\"http:\/\/1.bp.blogspot.com\/-1OAcdcfgAqA\/VHQ_kzdvfoI\/AAAAAAAAY5k\/MyvTnw2r2w4\/s1600\/logo%2Boficial.jpg\" alt=\"\" width=\"400\" height=\"134\" border=\"0\" \/><\/a><\/div>\n<p>&nbsp;<\/p>\n<div style=\"font-family: Arial, Helvetica, sans-serif; font-size: 12px;\"><\/div>\n<div class=\"separator\" style=\"clear: both; text-align: center;\"><a style=\"margin-left: 1em; margin-right: 1em; text-align: center;\" href=\"http:\/\/1.bp.blogspot.com\/-dYTVIq65j4I\/VHQ_kxBeJEI\/AAAAAAAAY5g\/vkCBO5AKb8E\/s1600\/treball.jpg\"><img decoding=\"async\" src=\"http:\/\/1.bp.blogspot.com\/-dYTVIq65j4I\/VHQ_kxBeJEI\/AAAAAAAAY5g\/vkCBO5AKb8E\/s1600\/treball.jpg\" alt=\"\" border=\"0\" \/><\/a><\/div>\n","protected":false},"excerpt":{"rendered":"<p>A partir del curs 2017\/ 2018 i fins el 2020, la nostra escola entra a formar part del projecte ERASMUS+ amb el nom de NANOL, sigles de Nurturing affinity to nature through outdoor learning in special places. La traducci\u00f3 al catal\u00e0 seria &#8220;Fomentant l&#8217;afinitat amb la natura a trav\u00e9s de l&#8217;aprenentatge a l&#8217;aire lliure en [&hellip;]<\/p>\n","protected":false},"author":1,"featured_media":0,"parent":22,"menu_order":3,"comment_status":"closed","ping_status":"closed","template":"page-templates\/side-menu.php","meta":{"_bbp_topic_count":0,"_bbp_reply_count":0,"_bbp_total_topic_count":0,"_bbp_total_reply_count":0,"_bbp_voice_count":0,"_bbp_anonymous_reply_count":0,"_bbp_topic_count_hidden":0,"_bbp_reply_count_hidden":0,"_bbp_forum_subforum_count":0,"site-sidebar-layout":"default","site-content-layout":"","ast-site-content-layout":"","site-content-style":"default","site-sidebar-style":"default","ast-global-header-display":"","ast-banner-title-visibility":"","ast-main-header-display":"","ast-hfb-above-header-display":"","ast-hfb-below-header-display":"","ast-hfb-mobile-header-display":"","site-post-title":"","ast-breadcrumbs-content":"","ast-featured-img":"","footer-sml-layout":"","theme-transparent-header-meta":"","adv-header-id-meta":"","stick-header-meta":"","header-above-stick-meta":"","header-main-stick-meta":"","header-below-stick-meta":"","astra-migrate-meta-layouts":"default","ast-page-background-enabled":"default","ast-page-background-meta":{"desktop":{"background-color":"var(--ast-global-color-4)","background-image":"","background-repeat":"repeat","background-position":"center center","background-size":"auto","background-attachment":"scroll","background-type":"","background-media":"","overlay-type":"","overlay-color":"","overlay-opacity":"","overlay-gradient":""},"tablet":{"background-color":"","background-image":"","background-repeat":"repeat","background-position":"center center","background-size":"auto","background-attachment":"scroll","background-type":"","background-media":"","overlay-type":"","overlay-color":"","overlay-opacity":"","overlay-gradient":""},"mobile":{"background-color":"","background-image":"","background-repeat":"repeat","background-position":"center center","background-size":"auto","background-attachment":"scroll","background-type":"","background-media":"","overlay-type":"","overlay-color":"","overlay-opacity":"","overlay-gradient":""}},"ast-content-background-meta":{"desktop":{"background-color":"var(--ast-global-color-5)","background-image":"","background-repeat":"repeat","background-position":"center center","background-size":"auto","background-attachment":"scroll","background-type":"","background-media":"","overlay-type":"","overlay-color":"","overlay-opacity":"","overlay-gradient":""},"tablet":{"background-color":"var(--ast-global-color-5)","background-image":"","background-repeat":"repeat","background-position":"center center","background-size":"auto","background-attachment":"scroll","background-type":"","background-media":"","overlay-type":"","overlay-color":"","overlay-opacity":"","overlay-gradient":""},"mobile":{"background-color":"var(--ast-global-color-5)","background-image":"","background-repeat":"repeat","background-position":"center center","background-size":"auto","background-attachment":"scroll","background-type":"","background-media":"","overlay-type":"","overlay-color":"","overlay-opacity":"","overlay-gradient":""}},"footnotes":""},"class_list":["post-434","page","type-page","status-publish","hentry"],"post_mailing_queue_ids":[],"_links":{"self":[{"href":"https:\/\/agora.xtec.cat\/escoladoctorrobert\/wp-json\/wp\/v2\/pages\/434","targetHints":{"allow":["GET"]}}],"collection":[{"href":"https:\/\/agora.xtec.cat\/escoladoctorrobert\/wp-json\/wp\/v2\/pages"}],"about":[{"href":"https:\/\/agora.xtec.cat\/escoladoctorrobert\/wp-json\/wp\/v2\/types\/page"}],"author":[{"embeddable":true,"href":"https:\/\/agora.xtec.cat\/escoladoctorrobert\/wp-json\/wp\/v2\/users\/1"}],"replies":[{"embeddable":true,"href":"https:\/\/agora.xtec.cat\/escoladoctorrobert\/wp-json\/wp\/v2\/comments?post=434"}],"version-history":[{"count":4,"href":"https:\/\/agora.xtec.cat\/escoladoctorrobert\/wp-json\/wp\/v2\/pages\/434\/revisions"}],"predecessor-version":[{"id":7241,"href":"https:\/\/agora.xtec.cat\/escoladoctorrobert\/wp-json\/wp\/v2\/pages\/434\/revisions\/7241"}],"up":[{"embeddable":true,"href":"https:\/\/agora.xtec.cat\/escoladoctorrobert\/wp-json\/wp\/v2\/pages\/22"}],"wp:attachment":[{"href":"https:\/\/agora.xtec.cat\/escoladoctorrobert\/wp-json\/wp\/v2\/media?parent=434"}],"curies":[{"name":"wp","href":"https:\/\/api.w.org\/{rel}","templated":true}]}}