{"id":34,"date":"2014-09-18T12:32:18","date_gmt":"2014-09-18T11:32:18","guid":{"rendered":"http:\/\/agora.xtec.cat\/escoladoctorrobert\/?page_id=34"},"modified":"2024-10-24T14:06:44","modified_gmt":"2024-10-24T12:06:44","slug":"oferta-educativa","status":"publish","type":"page","link":"https:\/\/agora.xtec.cat\/escoladoctorrobert\/lescola\/oferta-educativa\/","title":{"rendered":"AFA"},"content":{"rendered":"<div style=\"text-align: center;\">\n<div>\n<h4><span style=\"color: #000000;\"><strong>PODEU TROBAR TOTA LA INFORMACI\u00d3 DE L&#8217;AFA AL SEG\u00dcENT ENLLA\u00c7:<\/strong><\/span><\/h4>\n<h1><a href=\"https:\/\/sites.google.com\/view\/afa-escola-dr-robert\/\"><span style=\"color: #99cc00;\">SITES AFA<\/span><\/a><\/h1>\n<\/div>\n<div>\n<div style=\"text-align: center;\"><\/div>\n<\/div>\n<\/div>\n<div style=\"text-align: center;\">\n<div>\n<div style=\"text-align: center;\">\n<div style=\"margin: 8px 0px 4px;\">\n<div style=\"text-align: center;\">\n<div><\/div>\n<\/div>\n<\/div>\n<\/div>\n<\/div>\n<h5><\/h5>\n<h5><\/h5>\n<h6 style=\"text-align: center;\"><span style=\"color: #000000;\">SI VOLEU VEURE LES ACTES DE L&#8217;AFA DE CURSOS ANTERIORS (anterior al 2022), NOM\u00c9S HEU DE CLICAR <a style=\"color: #000000;\" href=\"https:\/\/agora.xtec.cat\/escoladoctorrobert\/lescola\/oferta-educativa\/actes-ampa\/\"><span style=\"text-decoration: underline;\"><em><strong>AQU\u00cd<\/strong><\/em><\/span><\/a><\/span><\/h6>\n<div style=\"text-align: center;\">\n<div style=\"margin: 4px 0px 8px;\"><\/div>\n<\/div>\n<\/div>\n","protected":false},"excerpt":{"rendered":"<p>PODEU TROBAR TOTA LA INFORMACI\u00d3 DE L&#8217;AFA AL SEG\u00dcENT ENLLA\u00c7: SITES AFA SI VOLEU VEURE LES ACTES DE L&#8217;AFA DE CURSOS ANTERIORS (anterior al 2022), NOM\u00c9S HEU DE CLICAR AQU\u00cd<\/p>\n","protected":false},"author":1,"featured_media":0,"parent":22,"menu_order":60,"comment_status":"closed","ping_status":"closed","template":"page-templates\/side-menu.php","meta":{"_bbp_topic_count":0,"_bbp_reply_count":0,"_bbp_total_topic_count":0,"_bbp_total_reply_count":0,"_bbp_voice_count":0,"_bbp_anonymous_reply_count":0,"_bbp_topic_count_hidden":0,"_bbp_reply_count_hidden":0,"_bbp_forum_subforum_count":0,"site-sidebar-layout":"default","site-content-layout":"","ast-site-content-layout":"","site-content-style":"default","site-sidebar-style":"default","ast-global-header-display":"","ast-banner-title-visibility":"","ast-main-header-display":"","ast-hfb-above-header-display":"","ast-hfb-below-header-display":"","ast-hfb-mobile-header-display":"","site-post-title":"","ast-breadcrumbs-content":"","ast-featured-img":"","footer-sml-layout":"","theme-transparent-header-meta":"","adv-header-id-meta":"","stick-header-meta":"","header-above-stick-meta":"","header-main-stick-meta":"","header-below-stick-meta":"","astra-migrate-meta-layouts":"default","ast-page-background-enabled":"default","ast-page-background-meta":{"desktop":{"background-color":"var(--ast-global-color-4)","background-image":"","background-repeat":"repeat","background-position":"center center","background-size":"auto","background-attachment":"scroll","background-type":"","background-media":"","overlay-type":"","overlay-color":"","overlay-opacity":"","overlay-gradient":""},"tablet":{"background-color":"","background-image":"","background-repeat":"repeat","background-position":"center center","background-size":"auto","background-attachment":"scroll","background-type":"","background-media":"","overlay-type":"","overlay-color":"","overlay-opacity":"","overlay-gradient":""},"mobile":{"background-color":"","background-image":"","background-repeat":"repeat","background-position":"center center","background-size":"auto","background-attachment":"scroll","background-type":"","background-media":"","overlay-type":"","overlay-color":"","overlay-opacity":"","overlay-gradient":""}},"ast-content-background-meta":{"desktop":{"background-color":"var(--ast-global-color-5)","background-image":"","background-repeat":"repeat","background-position":"center center","background-size":"auto","background-attachment":"scroll","background-type":"","background-media":"","overlay-type":"","overlay-color":"","overlay-opacity":"","overlay-gradient":""},"tablet":{"background-color":"var(--ast-global-color-5)","background-image":"","background-repeat":"repeat","background-position":"center center","background-size":"auto","background-attachment":"scroll","background-type":"","background-media":"","overlay-type":"","overlay-color":"","overlay-opacity":"","overlay-gradient":""},"mobile":{"background-color":"var(--ast-global-color-5)","background-image":"","background-repeat":"repeat","background-position":"center center","background-size":"auto","background-attachment":"scroll","background-type":"","background-media":"","overlay-type":"","overlay-color":"","overlay-opacity":"","overlay-gradient":""}},"footnotes":""},"class_list":["post-34","page","type-page","status-publish","hentry"],"post_mailing_queue_ids":[],"_links":{"self":[{"href":"https:\/\/agora.xtec.cat\/escoladoctorrobert\/wp-json\/wp\/v2\/pages\/34","targetHints":{"allow":["GET"]}}],"collection":[{"href":"https:\/\/agora.xtec.cat\/escoladoctorrobert\/wp-json\/wp\/v2\/pages"}],"about":[{"href":"https:\/\/agora.xtec.cat\/escoladoctorrobert\/wp-json\/wp\/v2\/types\/page"}],"author":[{"embeddable":true,"href":"https:\/\/agora.xtec.cat\/escoladoctorrobert\/wp-json\/wp\/v2\/users\/1"}],"replies":[{"embeddable":true,"href":"https:\/\/agora.xtec.cat\/escoladoctorrobert\/wp-json\/wp\/v2\/comments?post=34"}],"version-history":[{"count":6,"href":"https:\/\/agora.xtec.cat\/escoladoctorrobert\/wp-json\/wp\/v2\/pages\/34\/revisions"}],"predecessor-version":[{"id":7316,"href":"https:\/\/agora.xtec.cat\/escoladoctorrobert\/wp-json\/wp\/v2\/pages\/34\/revisions\/7316"}],"up":[{"embeddable":true,"href":"https:\/\/agora.xtec.cat\/escoladoctorrobert\/wp-json\/wp\/v2\/pages\/22"}],"wp:attachment":[{"href":"https:\/\/agora.xtec.cat\/escoladoctorrobert\/wp-json\/wp\/v2\/media?parent=34"}],"curies":[{"name":"wp","href":"https:\/\/api.w.org\/{rel}","templated":true}]}}