{"id":26,"date":"2014-09-18T12:24:32","date_gmt":"2014-09-18T11:24:32","guid":{"rendered":"http:\/\/agora.xtec.cat\/escoladoctorrobert\/?page_id=26"},"modified":"2017-09-14T22:34:24","modified_gmt":"2017-09-14T20:34:24","slug":"historia","status":"publish","type":"page","link":"https:\/\/agora.xtec.cat\/escoladoctorrobert\/lescola\/historia\/","title":{"rendered":"Hist\u00f2ria"},"content":{"rendered":"<p>La nostra escola est\u00e0 situada a Camprodon, municipi catal\u00e0 del Ripoll\u00e8s (Girona).\u00a0L\u2019edifici data de 1937, l\u2019arquitecte\u00a0que el va dissenyar va ser Bartomeu Agust\u00ed i ho feu, sota el nostre punt de vista,\u00a0de forma magistral, amb una visi\u00f3 molt oberta del m\u00f3n educatiu, l\u2019espai amb el\u00a0que comptem \u00e9s encara absolutament actual i ens permet fer classes actives\u00a0lligades a les noves tecnologies i plantejaments metodol\u00f2gics renovadors.<\/p>\n<p>Els\u00a0espais s\u00f3n ben il\u00b7luminats, els passadissos i halls grans, i disposem de classes\u00a0\u00e0mplies que permeten diferents organitzacions.<br \/>\nEl centre est\u00e0 al servei del poble i per aix\u00f2 tamb\u00e9 s\u2019usa en horari extraescolar:\u00a0catal\u00e0 per adults, coral, cursos diversos, teatre, exposicions, etc. i per qualsevol\u00a0entitat del poble que ho demani. \u00c9s un edifici molt utilitzat, cosa que l\u2019omple de\u00a0funcionalitat i el converteix en un espai de refer\u00e8ncia del poble.<br \/>\nAl llarg dels anys el context va canviant, i amb aix\u00f2, la necessitat de reflexionar\u00a0constantment per posar-nos a l\u2019al\u00e7ada de les demandes educatives. Insistim en\u00a0la idea que l\u2019escola ha de ser, per definici\u00f3, un espai d\u2019aprenentatge i educaci\u00f3\u00a0que no es pot cenyir a l\u2019horari lectiu d\u2019educaci\u00f3 \u201cformal\u201d, ha d\u2019estar sempre\u00a0oberta a les demandes que, en aquest sentit, es facin des de qualsevol associaci\u00f3\u00a0o persones dels nostres municipis, sempre que no hi hagi cap afany de lucre o les\u00a0seves propostes no estiguin justificades \u00e8tica i moralment, en els par\u00e0metres\u00a0d\u2019aquest projecte educatiu consensuat per tota la comunitat educativa.<br \/>\nEl nostre alumnat respon a la mostra social dels nostres tres municipis:\u00a0Camprodon, Moll\u00f3 i Setcases. L\u2019escola aplega tots els nivells socials d\u2019aquests\u00a0tres pobles, ja que tots els nens i nenes hi estan matriculats.<br \/>\nLa diversitat cultural del nostre centre, tant de nivell social com de la cultura\u00a0d\u2019origen de cada nen i nena, \u00e9s viscut com una riquesa en la tasca educativa de\u00a0l\u2019equip de mestres, i hi posem les eines de compensaci\u00f3 necess\u00e0ries a trav\u00e9s del\u00a0Pla d\u2019Entorn del Centre. Pensem que aquest fet \u00e9s clau per l\u2019\u00e8xit acad\u00e8mic de\u00a0tots i totes. El nivell que mostren en acabar l\u2019escolaritat al nostre centre,\u00a0mesurat en part per les proves de compet\u00e8ncies b\u00e0siques del Departament\u00a0d\u2019Ensenyament, \u00e9s molt bo a nivell general, i estem especialment orgulloses i\u00a0orgullosos del nivell moral i de bona educaci\u00f3 dels infants de la nostra escola.<br \/>\nEns agrada dir que el nostre context \u00e9s amable, i el vivim aix\u00ed, com un espai ple\u00a0de possibilitats i oportunitats per als nostres alumnes. Per\u00f2 som conscients de\u00a0les mancances que dificulten algunes vegades el nostre projecte, com el factor\u00a0llunyania dels nuclis de dinamitzaci\u00f3 cultural, que sota el nostre punt de vista\u00a0s\u00f3n vitals en aquest proc\u00e9s educatiu, integral i obert al m\u00f3n, que pretenem dur a\u00a0la pr\u00e0ctica, i ens proposem minimitzar-lo i enriquir-lo, obrint els nostres alumnes\u00a0a nous horitzons que els facin esdevenir persones amb opini\u00f3 i lectura cr\u00edtica i\u00a0creativa de la societat. El Projecte d\u2019Art del centre s\u2019ocupa al llarg de l\u2019escolaritat\u00a0de compensar aquestes mancances amb sortides art\u00edstiques i visites al nostre\u00a0centre de persones cultes i humanament riques.<br \/>\nLes dificultats, lluny del plany i el plor, ens han d\u2019esperonar a salvar tots els obstacles\u00a0amb alegria i enginy col\u00b7lectiu; aquesta ha estat una constant en el nostre centre des de\u00a0fa molts anys i \u00e9s vital per comprendre el context en qu\u00e8 ens movem i en qu\u00e8 s\u2019emmarca\u00a0aquest projecte.<\/p>\n<p>(Extret del PEC del nostre centre)<\/p>\n","protected":false},"excerpt":{"rendered":"<p>La nostra escola est\u00e0 situada a Camprodon, municipi catal\u00e0 del Ripoll\u00e8s (Girona).\u00a0L\u2019edifici data de 1937, l\u2019arquitecte\u00a0que el va dissenyar va ser Bartomeu Agust\u00ed i ho feu, sota el nostre punt de vista,\u00a0de forma magistral, amb una visi\u00f3 molt oberta del m\u00f3n educatiu, l\u2019espai amb el\u00a0que comptem \u00e9s encara absolutament actual i ens permet fer classes [&hellip;]<\/p>\n","protected":false},"author":1,"featured_media":0,"parent":22,"menu_order":20,"comment_status":"closed","ping_status":"closed","template":"page-templates\/side-menu.php","meta":{"_bbp_topic_count":0,"_bbp_reply_count":0,"_bbp_total_topic_count":0,"_bbp_total_reply_count":0,"_bbp_voice_count":0,"_bbp_anonymous_reply_count":0,"_bbp_topic_count_hidden":0,"_bbp_reply_count_hidden":0,"_bbp_forum_subforum_count":0,"site-sidebar-layout":"default","site-content-layout":"","ast-site-content-layout":"","site-content-style":"default","site-sidebar-style":"default","ast-global-header-display":"","ast-banner-title-visibility":"","ast-main-header-display":"","ast-hfb-above-header-display":"","ast-hfb-below-header-display":"","ast-hfb-mobile-header-display":"","site-post-title":"","ast-breadcrumbs-content":"","ast-featured-img":"","footer-sml-layout":"","theme-transparent-header-meta":"","adv-header-id-meta":"","stick-header-meta":"","header-above-stick-meta":"","header-main-stick-meta":"","header-below-stick-meta":"","astra-migrate-meta-layouts":"default","ast-page-background-enabled":"default","ast-page-background-meta":{"desktop":{"background-color":"var(--ast-global-color-4)","background-image":"","background-repeat":"repeat","background-position":"center center","background-size":"auto","background-attachment":"scroll","background-type":"","background-media":"","overlay-type":"","overlay-color":"","overlay-opacity":"","overlay-gradient":""},"tablet":{"background-color":"","background-image":"","background-repeat":"repeat","background-position":"center center","background-size":"auto","background-attachment":"scroll","background-type":"","background-media":"","overlay-type":"","overlay-color":"","overlay-opacity":"","overlay-gradient":""},"mobile":{"background-color":"","background-image":"","background-repeat":"repeat","background-position":"center center","background-size":"auto","background-attachment":"scroll","background-type":"","background-media":"","overlay-type":"","overlay-color":"","overlay-opacity":"","overlay-gradient":""}},"ast-content-background-meta":{"desktop":{"background-color":"var(--ast-global-color-5)","background-image":"","background-repeat":"repeat","background-position":"center center","background-size":"auto","background-attachment":"scroll","background-type":"","background-media":"","overlay-type":"","overlay-color":"","overlay-opacity":"","overlay-gradient":""},"tablet":{"background-color":"var(--ast-global-color-5)","background-image":"","background-repeat":"repeat","background-position":"center center","background-size":"auto","background-attachment":"scroll","background-type":"","background-media":"","overlay-type":"","overlay-color":"","overlay-opacity":"","overlay-gradient":""},"mobile":{"background-color":"var(--ast-global-color-5)","background-image":"","background-repeat":"repeat","background-position":"center center","background-size":"auto","background-attachment":"scroll","background-type":"","background-media":"","overlay-type":"","overlay-color":"","overlay-opacity":"","overlay-gradient":""}},"footnotes":""},"class_list":["post-26","page","type-page","status-publish","hentry"],"post_mailing_queue_ids":[],"_links":{"self":[{"href":"https:\/\/agora.xtec.cat\/escoladoctorrobert\/wp-json\/wp\/v2\/pages\/26","targetHints":{"allow":["GET"]}}],"collection":[{"href":"https:\/\/agora.xtec.cat\/escoladoctorrobert\/wp-json\/wp\/v2\/pages"}],"about":[{"href":"https:\/\/agora.xtec.cat\/escoladoctorrobert\/wp-json\/wp\/v2\/types\/page"}],"author":[{"embeddable":true,"href":"https:\/\/agora.xtec.cat\/escoladoctorrobert\/wp-json\/wp\/v2\/users\/1"}],"replies":[{"embeddable":true,"href":"https:\/\/agora.xtec.cat\/escoladoctorrobert\/wp-json\/wp\/v2\/comments?post=26"}],"version-history":[{"count":3,"href":"https:\/\/agora.xtec.cat\/escoladoctorrobert\/wp-json\/wp\/v2\/pages\/26\/revisions"}],"predecessor-version":[{"id":2281,"href":"https:\/\/agora.xtec.cat\/escoladoctorrobert\/wp-json\/wp\/v2\/pages\/26\/revisions\/2281"}],"up":[{"embeddable":true,"href":"https:\/\/agora.xtec.cat\/escoladoctorrobert\/wp-json\/wp\/v2\/pages\/22"}],"wp:attachment":[{"href":"https:\/\/agora.xtec.cat\/escoladoctorrobert\/wp-json\/wp\/v2\/media?parent=26"}],"curies":[{"name":"wp","href":"https:\/\/api.w.org\/{rel}","templated":true}]}}