{"id":546,"date":"2020-09-18T10:29:46","date_gmt":"2020-09-18T08:29:46","guid":{"rendered":"https:\/\/agora.xtec.cat\/escoladoctorferran\/?page_id=546"},"modified":"2022-07-05T10:28:06","modified_gmt":"2022-07-05T08:28:06","slug":"escola-de-families-2","status":"publish","type":"page","link":"https:\/\/agora.xtec.cat\/escoladoctorferran\/projecte-educatiu\/escola-de-families-2\/","title":{"rendered":"Escola de fam\u00edlies"},"content":{"rendered":"<p><a href=\"https:\/\/agora.xtec.cat\/escoladoctorferran\/wp-content\/uploads\/usu680\/2022\/07\/11.png\"><img loading=\"lazy\" decoding=\"async\" class=\"alignnone size-large wp-image-2172\" src=\"https:\/\/agora.xtec.cat\/escoladoctorferran\/wp-content\/uploads\/usu680\/2022\/07\/11-1024x341.png\" alt=\"\" width=\"1024\" height=\"341\" srcset=\"https:\/\/agora.xtec.cat\/escoladoctorferran\/wp-content\/uploads\/usu680\/2022\/07\/11-1024x341.png 1024w, https:\/\/agora.xtec.cat\/escoladoctorferran\/wp-content\/uploads\/usu680\/2022\/07\/11-300x100.png 300w, https:\/\/agora.xtec.cat\/escoladoctorferran\/wp-content\/uploads\/usu680\/2022\/07\/11-768x256.png 768w, https:\/\/agora.xtec.cat\/escoladoctorferran\/wp-content\/uploads\/usu680\/2022\/07\/11.png 1200w\" sizes=\"auto, (max-width: 1024px) 100vw, 1024px\" \/><\/a><\/p>\n<p><strong>FORMACI\u00d3\u00a0 ENTORN VIRTUAL GOOGLE CLASSROOM<\/strong><\/p>\n<p>Aquest curs realitzarem una formaci\u00f3 online per a totes aquelles fam\u00edlies que vulguin con\u00e8ixer com funciona l&#8217;entorn virtual emprat per la ZER en activitats digitals.<\/p>\n<p>&nbsp;<\/p>\n<p><b>L&#8217;HORA DEL CAF\u00c8<br \/>\n<\/b><br \/>\nL\u2019hora del caf\u00e8 \u00e9s un espai de trobada entre fam\u00edlies, on el que es pret\u00e9n \u00e9s que mares i pares puguin intercanviar experi\u00e8ncies del dia a dia i reflexionar sobre temes d\u2019inter\u00e8s relacionats amb els seus fill\/es i l\u2019educaci\u00f3 parental.<br \/>\nAquest espai es realitza tot fent un caferet i una pasteta oferts per l\u2019AMPA de l\u2019escola; d\u2019aquesta manera es genera un clima dist\u00e9s i col\u00b7loquial al mateix temps que es potencia el suport entre el grup d\u2019iguals i s\u2019enforteixen vincles de relaci\u00f3.<br \/>\n<span style=\"font-family: arial,sans-serif;\">Tota la informaci\u00f3\u00a0 la trobareu a la p\u00e0gina web de<a href=\"https:\/\/sites.google.com\/a\/xtec.cat\/eap-terra-alta\/experiencies-1\/hora-del-cafe\" target=\"_blank\" rel=\"nofollow noopener noreferrer\">\u00a0l&#8217;EAP Terra Alta.<\/a><\/span><\/p>\n","protected":false},"excerpt":{"rendered":"<p>FORMACI\u00d3\u00a0 ENTORN VIRTUAL GOOGLE CLASSROOM Aquest curs realitzarem una formaci\u00f3 online per a totes aquelles fam\u00edlies que vulguin con\u00e8ixer com funciona l&#8217;entorn virtual emprat per la ZER en activitats digitals. &nbsp; L&#8217;HORA DEL CAF\u00c8 L\u2019hora del caf\u00e8 \u00e9s un espai de trobada entre fam\u00edlies, on el que es pret\u00e9n \u00e9s que mares i pares puguin [&hellip;]<\/p>\n","protected":false},"author":1,"featured_media":0,"parent":64,"menu_order":0,"comment_status":"closed","ping_status":"closed","template":"page-templates\/side-menu.php","meta":{"_bbp_topic_count":0,"_bbp_reply_count":0,"_bbp_total_topic_count":0,"_bbp_total_reply_count":0,"_bbp_voice_count":0,"_bbp_anonymous_reply_count":0,"_bbp_topic_count_hidden":0,"_bbp_reply_count_hidden":0,"_bbp_forum_subforum_count":0,"site-sidebar-layout":"default","site-content-layout":"","ast-site-content-layout":"","site-content-style":"default","site-sidebar-style":"default","ast-global-header-display":"","ast-banner-title-visibility":"","ast-main-header-display":"","ast-hfb-above-header-display":"","ast-hfb-below-header-display":"","ast-hfb-mobile-header-display":"","site-post-title":"","ast-breadcrumbs-content":"","ast-featured-img":"","footer-sml-layout":"","theme-transparent-header-meta":"","adv-header-id-meta":"","stick-header-meta":"","header-above-stick-meta":"","header-main-stick-meta":"","header-below-stick-meta":"","astra-migrate-meta-layouts":"default","ast-page-background-enabled":"default","ast-page-background-meta":{"desktop":{"background-color":"var(--ast-global-color-4)","background-image":"","background-repeat":"repeat","background-position":"center center","background-size":"auto","background-attachment":"scroll","background-type":"","background-media":"","overlay-type":"","overlay-color":"","overlay-opacity":"","overlay-gradient":""},"tablet":{"background-color":"","background-image":"","background-repeat":"repeat","background-position":"center center","background-size":"auto","background-attachment":"scroll","background-type":"","background-media":"","overlay-type":"","overlay-color":"","overlay-opacity":"","overlay-gradient":""},"mobile":{"background-color":"","background-image":"","background-repeat":"repeat","background-position":"center center","background-size":"auto","background-attachment":"scroll","background-type":"","background-media":"","overlay-type":"","overlay-color":"","overlay-opacity":"","overlay-gradient":""}},"ast-content-background-meta":{"desktop":{"background-color":"var(--ast-global-color-5)","background-image":"","background-repeat":"repeat","background-position":"center center","background-size":"auto","background-attachment":"scroll","background-type":"","background-media":"","overlay-type":"","overlay-color":"","overlay-opacity":"","overlay-gradient":""},"tablet":{"background-color":"var(--ast-global-color-5)","background-image":"","background-repeat":"repeat","background-position":"center center","background-size":"auto","background-attachment":"scroll","background-type":"","background-media":"","overlay-type":"","overlay-color":"","overlay-opacity":"","overlay-gradient":""},"mobile":{"background-color":"var(--ast-global-color-5)","background-image":"","background-repeat":"repeat","background-position":"center center","background-size":"auto","background-attachment":"scroll","background-type":"","background-media":"","overlay-type":"","overlay-color":"","overlay-opacity":"","overlay-gradient":""}},"footnotes":""},"class_list":["post-546","page","type-page","status-publish","hentry"],"post_mailing_queue_ids":[],"_links":{"self":[{"href":"https:\/\/agora.xtec.cat\/escoladoctorferran\/wp-json\/wp\/v2\/pages\/546","targetHints":{"allow":["GET"]}}],"collection":[{"href":"https:\/\/agora.xtec.cat\/escoladoctorferran\/wp-json\/wp\/v2\/pages"}],"about":[{"href":"https:\/\/agora.xtec.cat\/escoladoctorferran\/wp-json\/wp\/v2\/types\/page"}],"author":[{"embeddable":true,"href":"https:\/\/agora.xtec.cat\/escoladoctorferran\/wp-json\/wp\/v2\/users\/1"}],"replies":[{"embeddable":true,"href":"https:\/\/agora.xtec.cat\/escoladoctorferran\/wp-json\/wp\/v2\/comments?post=546"}],"version-history":[{"count":2,"href":"https:\/\/agora.xtec.cat\/escoladoctorferran\/wp-json\/wp\/v2\/pages\/546\/revisions"}],"predecessor-version":[{"id":2183,"href":"https:\/\/agora.xtec.cat\/escoladoctorferran\/wp-json\/wp\/v2\/pages\/546\/revisions\/2183"}],"up":[{"embeddable":true,"href":"https:\/\/agora.xtec.cat\/escoladoctorferran\/wp-json\/wp\/v2\/pages\/64"}],"wp:attachment":[{"href":"https:\/\/agora.xtec.cat\/escoladoctorferran\/wp-json\/wp\/v2\/media?parent=546"}],"curies":[{"name":"wp","href":"https:\/\/api.w.org\/{rel}","templated":true}]}}