{"id":543,"date":"2020-09-18T10:26:41","date_gmt":"2020-09-18T08:26:41","guid":{"rendered":"https:\/\/agora.xtec.cat\/escoladoctorferran\/?page_id=543"},"modified":"2025-09-03T10:44:09","modified_gmt":"2025-09-03T08:44:09","slug":"documents-families","status":"publish","type":"page","link":"https:\/\/agora.xtec.cat\/escoladoctorferran\/projecte-educatiu\/documents-families\/","title":{"rendered":"Documents fam\u00edlies"},"content":{"rendered":"<p><a href=\"https:\/\/agora.xtec.cat\/escoladoctorferran\/wp-content\/uploads\/usu680\/2022\/07\/10.png\"><img loading=\"lazy\" decoding=\"async\" class=\"alignnone size-large wp-image-2171\" src=\"https:\/\/agora.xtec.cat\/escoladoctorferran\/wp-content\/uploads\/usu680\/2022\/07\/10-1024x341.png\" alt=\"\" width=\"1024\" height=\"341\" srcset=\"https:\/\/agora.xtec.cat\/escoladoctorferran\/wp-content\/uploads\/usu680\/2022\/07\/10-1024x341.png 1024w, https:\/\/agora.xtec.cat\/escoladoctorferran\/wp-content\/uploads\/usu680\/2022\/07\/10-300x100.png 300w, https:\/\/agora.xtec.cat\/escoladoctorferran\/wp-content\/uploads\/usu680\/2022\/07\/10-768x256.png 768w, https:\/\/agora.xtec.cat\/escoladoctorferran\/wp-content\/uploads\/usu680\/2022\/07\/10.png 1200w\" sizes=\"auto, (max-width: 1024px) 100vw, 1024px\" \/><\/a><\/p>\n<p>PREINSCRIPCI\u00d3 I MATR\u00cdCULA<\/p>\n<ul>\n<li><a href=\"https:\/\/drive.google.com\/file\/d\/1SrFeEJaOt6MYA1MqfeRR34WelzU4E2Uj\/view?usp=drive_link\">Tr\u00edptic informatiu educaci\u00f3 infantil.<\/a><\/li>\n<li><a href=\"https:\/\/preinscripcio.gencat.cat\/ca\/inici\/index.html\">Preinscripci\u00f3 telem\u00e0tica<\/a>.<\/li>\n<li><a href=\"https:\/\/preinscripcio.gencat.cat\/web\/.content\/ajuda\/guia-preinscripcio-ca.pdf\">Guia per a la preinscripci\u00f3 telem\u00e0tica.<\/a><\/li>\n<li><a href=\"https:\/\/educacio.gencat.cat\/ca\/tramits\/tramits-temes\/22801-admissio-durant-curs?category=74447ed8-a82c-11e3-a972-000c29052e2c\">Admissi\u00f3 en un centre fora del per\u00edode de preinscripci\u00f3.<\/a><\/li>\n<li><a href=\"https:\/\/drive.google.com\/file\/d\/1i7HAdxI2mcFcskg5N7ISrE_a9Yym4BDu\/view?usp=sharing\">Documentaci\u00f3 necess\u00e0ria per realitzar la matr\u00edcula<\/a><\/li>\n<\/ul>\n<p>&nbsp;<\/p>\n<p>DOCUMENTS AMPA DOCTOR FERRAN<\/p>\n<ul>\n<li style=\"list-style-type: none\">\n<ul>\n<li>Quota AMPA Doctor Ferran 2025-2026<\/li>\n<li><a href=\"https:\/\/drive.google.com\/file\/d\/1yDHXHwe8yMboWW_WET2Hg7mwF7v8Hbes\/view?usp=sharing\">Protecci\u00f3 dades.<\/a><\/li>\n<li><a href=\"https:\/\/drive.google.com\/file\/d\/1nJQRRO8uK49GAAzHMUSbi-fBAC4qZ07A\/view?usp=sharing\">Protecci\u00f3 dades salut.<\/a><\/li>\n<li><a href=\"https:\/\/drive.google.com\/file\/d\/1-QJU7Q3aaQ2tURb3R0It_rcow11BBO-A\/view?usp=sharing\">Drets imatges menors<\/a>.<\/li>\n<li><a href=\"https:\/\/drive.google.com\/file\/d\/1ek_XwF6DzWOV1CFvNAYShod0S_njUC17\/view?usp=sharing\">Dades familiars.<\/a><\/li>\n<li>Roba escolar 2025-2026<\/li>\n<li><a href=\"https:\/\/drive.google.com\/file\/d\/102IfOxI_CDS24RCFuZiXGKUJLp0j_M9T\/view?usp=drive_link\">Full inscripci\u00f3 extraescolars AMPA Doctor Ferran 2025-2026<\/a><\/li>\n<li><a href=\"https:\/\/drive.google.com\/file\/d\/1uCbzChX_Gg_6uL0vEGCNprL9fwYm_Sey\/view?usp=drive_link\">Servei de carmanyola 2025-2026.<\/a><\/li>\n<\/ul>\n<\/li>\n<\/ul>\n<p>&nbsp;<\/p>\n<p>&nbsp;<\/p>\n","protected":false},"excerpt":{"rendered":"<p>PREINSCRIPCI\u00d3 I MATR\u00cdCULA Tr\u00edptic informatiu educaci\u00f3 infantil. Preinscripci\u00f3 telem\u00e0tica. Guia per a la preinscripci\u00f3 telem\u00e0tica. Admissi\u00f3 en un centre fora del per\u00edode de preinscripci\u00f3. Documentaci\u00f3 necess\u00e0ria per realitzar la matr\u00edcula &nbsp; DOCUMENTS AMPA DOCTOR FERRAN Quota AMPA Doctor Ferran 2025-2026 Protecci\u00f3 dades. Protecci\u00f3 dades salut. Drets imatges menors. Dades familiars. Roba escolar 2025-2026 Full inscripci\u00f3 [&hellip;]<\/p>\n","protected":false},"author":1,"featured_media":0,"parent":64,"menu_order":0,"comment_status":"closed","ping_status":"closed","template":"page-templates\/side-menu.php","meta":{"_bbp_topic_count":0,"_bbp_reply_count":0,"_bbp_total_topic_count":0,"_bbp_total_reply_count":0,"_bbp_voice_count":0,"_bbp_anonymous_reply_count":0,"_bbp_topic_count_hidden":0,"_bbp_reply_count_hidden":0,"_bbp_forum_subforum_count":0,"site-sidebar-layout":"default","site-content-layout":"","ast-site-content-layout":"","site-content-style":"default","site-sidebar-style":"default","ast-global-header-display":"","ast-banner-title-visibility":"","ast-main-header-display":"","ast-hfb-above-header-display":"","ast-hfb-below-header-display":"","ast-hfb-mobile-header-display":"","site-post-title":"","ast-breadcrumbs-content":"","ast-featured-img":"","footer-sml-layout":"","theme-transparent-header-meta":"","adv-header-id-meta":"","stick-header-meta":"","header-above-stick-meta":"","header-main-stick-meta":"","header-below-stick-meta":"","astra-migrate-meta-layouts":"default","ast-page-background-enabled":"default","ast-page-background-meta":{"desktop":{"background-color":"var(--ast-global-color-4)","background-image":"","background-repeat":"repeat","background-position":"center center","background-size":"auto","background-attachment":"scroll","background-type":"","background-media":"","overlay-type":"","overlay-color":"","overlay-opacity":"","overlay-gradient":""},"tablet":{"background-color":"","background-image":"","background-repeat":"repeat","background-position":"center center","background-size":"auto","background-attachment":"scroll","background-type":"","background-media":"","overlay-type":"","overlay-color":"","overlay-opacity":"","overlay-gradient":""},"mobile":{"background-color":"","background-image":"","background-repeat":"repeat","background-position":"center center","background-size":"auto","background-attachment":"scroll","background-type":"","background-media":"","overlay-type":"","overlay-color":"","overlay-opacity":"","overlay-gradient":""}},"ast-content-background-meta":{"desktop":{"background-color":"var(--ast-global-color-5)","background-image":"","background-repeat":"repeat","background-position":"center center","background-size":"auto","background-attachment":"scroll","background-type":"","background-media":"","overlay-type":"","overlay-color":"","overlay-opacity":"","overlay-gradient":""},"tablet":{"background-color":"var(--ast-global-color-5)","background-image":"","background-repeat":"repeat","background-position":"center center","background-size":"auto","background-attachment":"scroll","background-type":"","background-media":"","overlay-type":"","overlay-color":"","overlay-opacity":"","overlay-gradient":""},"mobile":{"background-color":"var(--ast-global-color-5)","background-image":"","background-repeat":"repeat","background-position":"center center","background-size":"auto","background-attachment":"scroll","background-type":"","background-media":"","overlay-type":"","overlay-color":"","overlay-opacity":"","overlay-gradient":""}},"footnotes":""},"class_list":["post-543","page","type-page","status-publish","hentry"],"post_mailing_queue_ids":[],"_links":{"self":[{"href":"https:\/\/agora.xtec.cat\/escoladoctorferran\/wp-json\/wp\/v2\/pages\/543","targetHints":{"allow":["GET"]}}],"collection":[{"href":"https:\/\/agora.xtec.cat\/escoladoctorferran\/wp-json\/wp\/v2\/pages"}],"about":[{"href":"https:\/\/agora.xtec.cat\/escoladoctorferran\/wp-json\/wp\/v2\/types\/page"}],"author":[{"embeddable":true,"href":"https:\/\/agora.xtec.cat\/escoladoctorferran\/wp-json\/wp\/v2\/users\/1"}],"replies":[{"embeddable":true,"href":"https:\/\/agora.xtec.cat\/escoladoctorferran\/wp-json\/wp\/v2\/comments?post=543"}],"version-history":[{"count":7,"href":"https:\/\/agora.xtec.cat\/escoladoctorferran\/wp-json\/wp\/v2\/pages\/543\/revisions"}],"predecessor-version":[{"id":3595,"href":"https:\/\/agora.xtec.cat\/escoladoctorferran\/wp-json\/wp\/v2\/pages\/543\/revisions\/3595"}],"up":[{"embeddable":true,"href":"https:\/\/agora.xtec.cat\/escoladoctorferran\/wp-json\/wp\/v2\/pages\/64"}],"wp:attachment":[{"href":"https:\/\/agora.xtec.cat\/escoladoctorferran\/wp-json\/wp\/v2\/media?parent=543"}],"curies":[{"name":"wp","href":"https:\/\/api.w.org\/{rel}","templated":true}]}}