{"id":30,"date":"2014-09-18T12:30:23","date_gmt":"2014-09-18T11:30:23","guid":{"rendered":"http:\/\/agora.xtec.cat\/escoladoctorferran\/?page_id=30"},"modified":"2026-01-26T12:42:59","modified_gmt":"2026-01-26T11:42:59","slug":"instal%c2%b7lacions","status":"publish","type":"page","link":"https:\/\/agora.xtec.cat\/escoladoctorferran\/lescola\/instal%c2%b7lacions\/","title":{"rendered":"Documents"},"content":{"rendered":"<p><a href=\"https:\/\/agora.xtec.cat\/escoladoctorferran\/wp-content\/uploads\/usu680\/2022\/07\/4.png\"><img loading=\"lazy\" decoding=\"async\" class=\"alignnone size-large wp-image-2165\" src=\"https:\/\/agora.xtec.cat\/escoladoctorferran\/wp-content\/uploads\/usu680\/2022\/07\/4-1024x341.png\" alt=\"\" width=\"1024\" height=\"341\" srcset=\"https:\/\/agora.xtec.cat\/escoladoctorferran\/wp-content\/uploads\/usu680\/2022\/07\/4-1024x341.png 1024w, https:\/\/agora.xtec.cat\/escoladoctorferran\/wp-content\/uploads\/usu680\/2022\/07\/4-300x100.png 300w, https:\/\/agora.xtec.cat\/escoladoctorferran\/wp-content\/uploads\/usu680\/2022\/07\/4-768x256.png 768w, https:\/\/agora.xtec.cat\/escoladoctorferran\/wp-content\/uploads\/usu680\/2022\/07\/4.png 1200w\" sizes=\"auto, (max-width: 1024px) 100vw, 1024px\" \/><\/a><\/p>\n<p><span style=\"text-decoration: underline;\">Documents de centre<\/span><\/p>\n<ul>\n<li><a href=\"https:\/\/drive.google.com\/file\/d\/1fsffIX54nYqKKMTOYrd3GJW0kgzluB4S\/view?usp=drive_link\">Valoraci\u00f3 curs 2024-2025<\/a><\/li>\n<li><a href=\"https:\/\/drive.google.com\/file\/d\/1fll0xMEaT2gEDWtAoG11-yBMwR1XZWii\/view?usp=drive_link\">Planificaci\u00f3 anual 2025-2026<\/a><\/li>\n<li><a href=\"https:\/\/drive.google.com\/file\/d\/1QQ_ZO-jOTTrjQVt5xvqy1VDaJd_lu2BY\/view?usp=sharing\" target=\"_blank\" rel=\"noopener\">Projecte de direcci\u00f3 2024 &#8211; 2028<\/a><\/li>\n<li><a href=\"https:\/\/drive.google.com\/file\/d\/1DAeCnwsm8-mbbgQJvRmCkheVKREo1R30\/view?usp=sharing\" target=\"_blank\" rel=\"noopener\">Carta de comprom\u00eds. Actualitzaci\u00f3 setembre 2024<\/a><\/li>\n<li><a href=\"https:\/\/drive.google.com\/file\/d\/1JVoBfYBs1c8N5jJsKBp3RAHsoLvTCJJk\/view?usp=drive_link\">Pressupost 2025.<\/a><\/li>\n<li><a href=\"https:\/\/drive.google.com\/file\/d\/1kd13ZSPRiUNa-AJsuoubgCTsIlZy0yPx\/view?usp=sharing\">Perfil professional directora.<\/a><\/li>\n<li>Perfil professional secret\u00e0ria.<\/li>\n<\/ul>\n<p>&nbsp;<\/p>\n<p><span style=\"text-decoration: underline;\">Documents de ZER Terra Alta centre<\/span><\/p>\n<ul style=\"list-style-type: square;\">\n<li><a href=\"https:\/\/drive.google.com\/file\/d\/1jtu5DCQv2sN3ciQwcdHHt0uX98YAOg4V\/view?usp=drive_link\" target=\"_blank\" rel=\"noopener\">Projecte de direcci\u00f3 de la ZER Terra Alta centre. 2025-2029<\/a><\/li>\n<li><a href=\"https:\/\/drive.google.com\/file\/d\/1y7xfXsEFHQ4-S8mX8UMZVlfeir1CIIY1\/view?usp=drive_link\">Programaci\u00f3 general anual de la ZER Terra Alta centre. Curs 25-26<\/a><\/li>\n<li>Projecte educatiu de ZER (en revisi\u00f3)<\/li>\n<li><a href=\"https:\/\/issuu.com\/zerterraaltacentre\/docs\/pla_d_acci___tutorial_de_zer\/1\" target=\"_blank\" rel=\"noopener noreferrer\">Pla d&#8217;acci\u00f3 tutorial de la ZER. Actualitzat juny 2012<\/a><\/li>\n<li><a href=\"https:\/\/drive.google.com\/file\/d\/1DbGDdTlSUuK-lnpGyNHMhLYd3cEbQcKk\/view?usp=sharing\">Projecte ling\u00fc\u00edstic. Actualitza juny 2016<\/a><\/li>\n<li><a href=\"https:\/\/drive.google.com\/file\/d\/1YaHVDXBqcrWsnaAjM8vnfoY9RcwbPsTQ\/view?usp=drive_link\">Projecte Estrat\u00e8gia digital de la ZER. Actualitzat juny 2023. EN REVISI\u00d3<\/a><\/li>\n<li><a href=\"https:\/\/drive.google.com\/file\/d\/1MDGTNb-dmHlmnnFy7yexRvHPwYUbnrxi\/view?usp=drive_link\">Pla d&#8217;acollida de la ZER<\/a><\/li>\n<li><a href=\"https:\/\/drive.google.com\/file\/d\/1lSDSM9mGEQOiJeJIlLxpKo5yYwA6gc-i\/view?usp=drive_link\">Normes d&#8217;organitzaci\u00f3 i funcionament\u00a0 de la ZER Terra Alta centre (NOFZ). Actualitzades setembre 2025<\/a><\/li>\n<\/ul>\n","protected":false},"excerpt":{"rendered":"<p>Documents de centre Valoraci\u00f3 curs 2024-2025 Planificaci\u00f3 anual 2025-2026 Projecte de direcci\u00f3 2024 &#8211; 2028 Carta de comprom\u00eds. Actualitzaci\u00f3 setembre 2024 Pressupost 2025. Perfil professional directora. Perfil professional secret\u00e0ria. &nbsp; Documents de ZER Terra Alta centre Projecte de direcci\u00f3 de la ZER Terra Alta centre. 2025-2029 Programaci\u00f3 general anual de la ZER Terra Alta centre. [&hellip;]<\/p>\n","protected":false},"author":1,"featured_media":0,"parent":22,"menu_order":40,"comment_status":"closed","ping_status":"closed","template":"","meta":{"_bbp_topic_count":0,"_bbp_reply_count":0,"_bbp_total_topic_count":0,"_bbp_total_reply_count":0,"_bbp_voice_count":0,"_bbp_anonymous_reply_count":0,"_bbp_topic_count_hidden":0,"_bbp_reply_count_hidden":0,"_bbp_forum_subforum_count":0,"site-sidebar-layout":"default","site-content-layout":"","ast-site-content-layout":"default","site-content-style":"default","site-sidebar-style":"default","ast-global-header-display":"","ast-banner-title-visibility":"","ast-main-header-display":"","ast-hfb-above-header-display":"","ast-hfb-below-header-display":"","ast-hfb-mobile-header-display":"","site-post-title":"","ast-breadcrumbs-content":"","ast-featured-img":"","footer-sml-layout":"","theme-transparent-header-meta":"default","adv-header-id-meta":"","stick-header-meta":"","header-above-stick-meta":"","header-main-stick-meta":"","header-below-stick-meta":"","astra-migrate-meta-layouts":"set","ast-page-background-enabled":"default","ast-page-background-meta":{"desktop":{"background-color":"var(--ast-global-color-4)","background-image":"","background-repeat":"repeat","background-position":"center center","background-size":"auto","background-attachment":"scroll","background-type":"","background-media":"","overlay-type":"","overlay-color":"","overlay-opacity":"","overlay-gradient":""},"tablet":{"background-color":"","background-image":"","background-repeat":"repeat","background-position":"center center","background-size":"auto","background-attachment":"scroll","background-type":"","background-media":"","overlay-type":"","overlay-color":"","overlay-opacity":"","overlay-gradient":""},"mobile":{"background-color":"","background-image":"","background-repeat":"repeat","background-position":"center center","background-size":"auto","background-attachment":"scroll","background-type":"","background-media":"","overlay-type":"","overlay-color":"","overlay-opacity":"","overlay-gradient":""}},"ast-content-background-meta":{"desktop":{"background-color":"var(--ast-global-color-5)","background-image":"","background-repeat":"repeat","background-position":"center center","background-size":"auto","background-attachment":"scroll","background-type":"","background-media":"","overlay-type":"","overlay-color":"","overlay-opacity":"","overlay-gradient":""},"tablet":{"background-color":"var(--ast-global-color-5)","background-image":"","background-repeat":"repeat","background-position":"center center","background-size":"auto","background-attachment":"scroll","background-type":"","background-media":"","overlay-type":"","overlay-color":"","overlay-opacity":"","overlay-gradient":""},"mobile":{"background-color":"var(--ast-global-color-5)","background-image":"","background-repeat":"repeat","background-position":"center center","background-size":"auto","background-attachment":"scroll","background-type":"","background-media":"","overlay-type":"","overlay-color":"","overlay-opacity":"","overlay-gradient":""}},"footnotes":""},"class_list":["post-30","page","type-page","status-publish","hentry"],"post_mailing_queue_ids":[],"_links":{"self":[{"href":"https:\/\/agora.xtec.cat\/escoladoctorferran\/wp-json\/wp\/v2\/pages\/30","targetHints":{"allow":["GET"]}}],"collection":[{"href":"https:\/\/agora.xtec.cat\/escoladoctorferran\/wp-json\/wp\/v2\/pages"}],"about":[{"href":"https:\/\/agora.xtec.cat\/escoladoctorferran\/wp-json\/wp\/v2\/types\/page"}],"author":[{"embeddable":true,"href":"https:\/\/agora.xtec.cat\/escoladoctorferran\/wp-json\/wp\/v2\/users\/1"}],"replies":[{"embeddable":true,"href":"https:\/\/agora.xtec.cat\/escoladoctorferran\/wp-json\/wp\/v2\/comments?post=30"}],"version-history":[{"count":6,"href":"https:\/\/agora.xtec.cat\/escoladoctorferran\/wp-json\/wp\/v2\/pages\/30\/revisions"}],"predecessor-version":[{"id":3751,"href":"https:\/\/agora.xtec.cat\/escoladoctorferran\/wp-json\/wp\/v2\/pages\/30\/revisions\/3751"}],"up":[{"embeddable":true,"href":"https:\/\/agora.xtec.cat\/escoladoctorferran\/wp-json\/wp\/v2\/pages\/22"}],"wp:attachment":[{"href":"https:\/\/agora.xtec.cat\/escoladoctorferran\/wp-json\/wp\/v2\/media?parent=30"}],"curies":[{"name":"wp","href":"https:\/\/api.w.org\/{rel}","templated":true}]}}