{"id":28,"date":"2014-09-18T12:29:35","date_gmt":"2014-09-18T11:29:35","guid":{"rendered":"http:\/\/agora.xtec.cat\/escoladoctorferran\/?page_id=28"},"modified":"2025-09-23T13:54:33","modified_gmt":"2025-09-23T11:54:33","slug":"consell-escolar","status":"publish","type":"page","link":"https:\/\/agora.xtec.cat\/escoladoctorferran\/lescola\/consell-escolar\/","title":{"rendered":"Consell escolar"},"content":{"rendered":"<div>\n<p>El consell escolar \u00e9s un \u00f2rgan de govern col\u00b7legiat on es troba representada tota la comunitat educativa.<\/p>\n<p>Corresponen al consell escolar les funcions seg\u00fcents:<\/p>\n<ul>\n<li>Aprovar el projecte educatiu i les modificacions corresponents per una majoria de tres cinquenes parts dels membres.<\/li>\n<li>Aprovar la programaci\u00f3 general anual del centre i avaluar-ne el desenvolupament i els resultats.<\/li>\n<li>Aprovar les propostes d&#8217;acords de corresponsabilitat, convenis i altres acords de col\u00b7laboraci\u00f3 del centre amb entitats o institucions.<\/li>\n<li>Aprovar les normes d&#8217;organitzaci\u00f3 i funcionament i les modificacions corresponents.<\/li>\n<li>Aprovar la carta de comprom\u00eds educatiu.<\/li>\n<li>Aprovar el pressupost del centre i el rendiment de comptes.<\/li>\n<li>Intervenir en el procediment d&#8217;admissi\u00f3 d&#8217;alumnes.<\/li>\n<li>Participar en el procediment de selecci\u00f3 i en la proposta de cessament del director o directora.<\/li>\n<li>Intervenir en la resoluci\u00f3 dels conflictes i, si escau, revisar les sancions als alumnes.<\/li>\n<li>Aprovar les directrius per a la programaci\u00f3 d&#8217;activitats escolars complement\u00e0ries i d&#8217;activitats extraescolars, i avaluar-ne el desenvolupament.<\/li>\n<li>Participar en les an\u00e0lisis i les avaluacions del funcionament general del centre i con\u00e8ixer l&#8217;evoluci\u00f3 del rendiment escolar.<\/li>\n<li>Aprovar els criteris de col\u00b7laboraci\u00f3 amb altres centres i amb l&#8217;entorn.<\/li>\n<li>Qualsevol altra que li sigui atribu\u00efda per les normes legals o reglament\u00e0ries.<\/li>\n<\/ul>\n<p>Els membres del Consell Escolar de l&#8217;escola Doctor Ferran s\u00f3n:<\/p>\n<\/div>\n<div><\/div>\n<div><\/div>\n<div><\/div>\n<div><span style=\"font-size: small;\"><span style=\"color: #313131; font-family: LatoRegular, Helvetica Neue, Helvetica, Arial, sans-serif;\">\u00a0<\/span><\/span><\/div>\n<div>\n<p style=\"text-align: center;\"><b>Presidenta<\/b><\/p>\n<p style=\"text-align: center;\"><span style=\"font-weight: 400;\">Montse Vidal Fuster<\/span><\/p>\n<p>&nbsp;<\/p>\n<p style=\"text-align: center;\"><b>Secret\u00e0ria<\/b><\/p>\n<p style=\"text-align: center;\"><span style=\"font-weight: 400;\">Sofia Romero Sur\u00eds<\/span><\/p>\n<p>&nbsp;<\/p>\n<p style=\"text-align: center;\"><b>Representants del mestres<\/b><\/p>\n<p style=\"text-align: center;\"><span style=\"font-weight: 400;\">Lina Valldosera Beltran<\/span><\/p>\n<p style=\"text-align: center;\"><span style=\"font-weight: 400;\">Magda Vives Martell<\/span><\/p>\n<p style=\"text-align: center;\"><span style=\"font-weight: 400;\">Alfons Alvarez Chaves<\/span><\/p>\n<p>&nbsp;<\/p>\n<p style=\"text-align: center;\"><b>Representants de les fam\u00edlies<\/b><\/p>\n<p style=\"text-align: center;\"><span style=\"font-weight: 400;\">Carme Vela Burgu\u00e9s<\/span><\/p>\n<p style=\"text-align: center;\"><span style=\"font-weight: 400;\">Antoni Roca<\/span><\/p>\n<p>&nbsp;<\/p>\n<p style=\"text-align: center;\"><b>Representant de l\u2019AMPA<\/b><\/p>\n<p style=\"text-align: center;\"><span style=\"font-weight: 400;\">Maite Vela Burgu\u00e9s<\/span><\/p>\n<p>&nbsp;<\/p>\n<p style=\"text-align: center;\"><b>Representant de l\u2019Ajuntament<\/b><\/p>\n<p style=\"text-align: center;\"><span style=\"font-weight: 400;\">Cristina Oprisor<\/span><\/p>\n<\/div>\n<p>&nbsp;<\/p>\n<div>\n<p><span style=\"font-weight: 400;\"><a href=\"https:\/\/agora.xtec.cat\/escoladoctorferran\/wp-content\/uploads\/usu680\/2022\/07\/1.png\"><img loading=\"lazy\" decoding=\"async\" class=\"alignnone wp-image-2162\" src=\"https:\/\/agora.xtec.cat\/escoladoctorferran\/wp-content\/uploads\/usu680\/2022\/07\/1-1024x341.png\" alt=\"\" width=\"468\" height=\"156\" srcset=\"https:\/\/agora.xtec.cat\/escoladoctorferran\/wp-content\/uploads\/usu680\/2022\/07\/1-1024x341.png 1024w, https:\/\/agora.xtec.cat\/escoladoctorferran\/wp-content\/uploads\/usu680\/2022\/07\/1-300x100.png 300w, https:\/\/agora.xtec.cat\/escoladoctorferran\/wp-content\/uploads\/usu680\/2022\/07\/1-768x256.png 768w, https:\/\/agora.xtec.cat\/escoladoctorferran\/wp-content\/uploads\/usu680\/2022\/07\/1.png 1200w\" sizes=\"auto, (max-width: 468px) 100vw, 468px\" \/><\/a><\/span><\/p>\n<p><strong><a href=\"https:\/\/drive.google.com\/drive\/folders\/12KBXi5hwP-p_hUW4IUuYNpcyp6HjRPHu?usp=drive_link\" target=\"_blank\" rel=\"noopener\">Curs 2025 &#8211; 2026. Acords Consell Escolar.<\/a><\/strong><\/p>\n<p><a href=\"https:\/\/drive.google.com\/drive\/folders\/1GI79qO0nXE_HlZdLiNEKC9xCYd3dp782?usp=drive_link\"><strong>Curs 2024 &#8211; 2025. Acords consell Escolar.<\/strong><\/a><\/p>\n<p><strong>Curs 2023 &#8211; 2024<\/strong><br \/>\n<strong>Consell escolar 3, celebrat el 14 de mar\u00e7 de 2024<\/strong><\/p>\n<ol>\n<li><span style=\"font-weight: 400;\">Lectura i aprovaci\u00f3 de l&#8217;acta anterior.<\/span><\/li>\n<li style=\"font-weight: 400;\" aria-level=\"1\"><span style=\"font-weight: 400;\">Presentaci\u00f3 mem\u00f2ria final de mandat.<\/span><\/li>\n<li style=\"font-weight: 400;\" aria-level=\"1\"><span style=\"font-weight: 400;\">Trobada de la ZER.<\/span><\/li>\n<li style=\"font-weight: 400;\" aria-level=\"1\"><span style=\"font-weight: 400;\">Assumptes sobrevinguts.<\/span><\/li>\n<li style=\"font-weight: 400;\" aria-level=\"1\"><span style=\"font-weight: 400;\">Torn obert de paraula.<\/span><\/li>\n<\/ol>\n<p><strong>Curs 2023 &#8211; 2024<\/strong><br \/>\n<strong>Consell escolar 2, celebrat el 30 de gener de 2024<\/strong><\/p>\n<ol>\n<li><span style=\"font-weight: 400;\">Lectura i aprovaci\u00f3 de l&#8217;acta anterior.<\/span><\/li>\n<li style=\"font-weight: 400;\" aria-level=\"1\"><span style=\"font-weight: 400;\">Liquidaci\u00f3 del pressupost de l\u2019exercici 2023.<\/span><\/li>\n<li style=\"font-weight: 400;\" aria-level=\"1\"><span style=\"font-weight: 400;\">Aprovaci\u00f3 del pressupost per a l\u2019exercici 2024.<\/span><\/li>\n<li style=\"font-weight: 400;\" aria-level=\"1\"><span style=\"font-weight: 400;\">Assumptes sobrevinguts.<\/span><\/li>\n<li style=\"font-weight: 400;\" aria-level=\"1\"><span style=\"font-weight: 400;\">Torn obert de paraula.<\/span><\/li>\n<\/ol>\n<p><strong>Curs 2023 &#8211; 2024<\/strong><br \/>\n<strong>Consell escolar 1, celebrat l&#8217;11 de desembre de 2023<\/strong><\/p>\n<ol>\n<li><span style=\"font-weight: 400;\">Lectura i aprovaci\u00f3 de l&#8217;acta anterior.<\/span><\/li>\n<li style=\"font-weight: 400;\" aria-level=\"1\"><span style=\"font-weight: 400;\">Constituci\u00f3 del nou Consell Escolar.<\/span><\/li>\n<li style=\"font-weight: 400;\" aria-level=\"1\"><span style=\"font-weight: 400;\">Informaci\u00f3 gesti\u00f3 econ\u00f2mica.<\/span><\/li>\n<li style=\"font-weight: 400;\" aria-level=\"1\"><span style=\"font-weight: 400;\">Torn obert de paraules.<\/span><\/li>\n<\/ol>\n<p><strong>Curs 2022 &#8211; 2023<\/strong><br \/>\n<strong>Consell escolar 3, celebrat el 21 de juny de 2023<\/strong><\/p>\n<ol>\n<li><span style=\"font-weight: 400;\">Lectura i aprovaci\u00f3 de l&#8217;acta anterior.<\/span><\/li>\n<li>Informacions del calendari 2023-2024<\/li>\n<li>Informaci\u00f3 de plantilles 2023-2024<\/li>\n<li>Presentaci\u00f3\u00a0 resultat avaluaci\u00f3 AVALDIR<\/li>\n<li>Valoraci\u00f3 curs 2022-2023<\/li>\n<li>Assumptes sobrevinguts.<\/li>\n<\/ol>\n<p><strong>Curs 2022 &#8211; 2023<\/strong><br \/>\n<strong>Consell escolar 2, celebrat el 26 de gener de 2023<\/strong><\/p>\n<ol>\n<li><span style=\"font-weight: 400;\">Lectura i aprovaci\u00f3 de l&#8217;acta anterior.<\/span><\/li>\n<li style=\"font-weight: 400;\" aria-level=\"1\"><span style=\"font-weight: 400;\">Liquidaci\u00f3 del pressupost de l\u2019any 2022.<\/span><\/li>\n<li style=\"font-weight: 400;\" aria-level=\"1\"><span style=\"font-weight: 400;\">Aprovaci\u00f3 per majoria del pressupost per a l\u2019any 2023.<\/span><\/li>\n<li style=\"font-weight: 400;\" aria-level=\"1\"><span style=\"font-weight: 400;\">Assumptes sobrevinguts.<\/span><\/li>\n<li style=\"font-weight: 400;\" aria-level=\"1\"><span style=\"font-weight: 400;\">Torn obert de paraula.<\/span><\/li>\n<\/ol>\n<p><strong>Curs 2022 &#8211; 2023<\/strong><br \/>\n<strong>Consell escolar 1, celebrat el 19 de setembre de 2022<\/strong><\/p>\n<ol>\n<li style=\"font-weight: 400;\" aria-level=\"1\"><span style=\"font-weight: 400;\">Lectura i aprovaci\u00f3 de l&#8217;acta anterior.<\/span><\/li>\n<li style=\"font-weight: 400;\" aria-level=\"1\"><span style=\"font-weight: 400;\">Modificaci\u00f3 i aprovaci\u00f3 de documents de centre i de ZER.<\/span><\/li>\n<li style=\"font-weight: 400;\" aria-level=\"1\"><span style=\"font-weight: 400;\">Plantilla i horaris.<\/span><\/li>\n<li style=\"font-weight: 400;\" aria-level=\"1\"><span style=\"font-weight: 400;\">Alumnat de l\u2019escola.<\/span><\/li>\n<li style=\"font-weight: 400;\" aria-level=\"1\"><span style=\"font-weight: 400;\">Valoraci\u00f3 hora del lleure setembre 2022.<\/span><\/li>\n<li style=\"font-weight: 400;\" aria-level=\"1\"><span style=\"font-weight: 400;\">Activitats i sortides.<\/span><\/li>\n<li style=\"font-weight: 400;\" aria-level=\"1\"><span style=\"font-weight: 400;\">Resultat compet\u00e8ncies b\u00e0siques curs 21\/22<\/span><\/li>\n<li style=\"font-weight: 400;\" aria-level=\"1\"><span style=\"font-weight: 400;\">Obres de millora al centre.<\/span><\/li>\n<li style=\"font-weight: 400;\" aria-level=\"1\"><span style=\"font-weight: 400;\">Torn obert de paraules.<\/span><\/li>\n<\/ol>\n<\/div>\n","protected":false},"excerpt":{"rendered":"<p>El consell escolar \u00e9s un \u00f2rgan de govern col\u00b7legiat on es troba representada tota la comunitat educativa. Corresponen al consell escolar les funcions seg\u00fcents: Aprovar el projecte educatiu i les modificacions corresponents per una majoria de tres cinquenes parts dels membres. Aprovar la programaci\u00f3 general anual del centre i avaluar-ne el desenvolupament i els resultats. [&hellip;]<\/p>\n","protected":false},"author":1,"featured_media":0,"parent":22,"menu_order":30,"comment_status":"closed","ping_status":"closed","template":"page-templates\/side-menu.php","meta":{"_bbp_topic_count":0,"_bbp_reply_count":0,"_bbp_total_topic_count":0,"_bbp_total_reply_count":0,"_bbp_voice_count":0,"_bbp_anonymous_reply_count":0,"_bbp_topic_count_hidden":0,"_bbp_reply_count_hidden":0,"_bbp_forum_subforum_count":0,"site-sidebar-layout":"default","site-content-layout":"","ast-site-content-layout":"","site-content-style":"default","site-sidebar-style":"default","ast-global-header-display":"","ast-banner-title-visibility":"","ast-main-header-display":"","ast-hfb-above-header-display":"","ast-hfb-below-header-display":"","ast-hfb-mobile-header-display":"","site-post-title":"","ast-breadcrumbs-content":"","ast-featured-img":"","footer-sml-layout":"","theme-transparent-header-meta":"","adv-header-id-meta":"","stick-header-meta":"","header-above-stick-meta":"","header-main-stick-meta":"","header-below-stick-meta":"","astra-migrate-meta-layouts":"default","ast-page-background-enabled":"default","ast-page-background-meta":{"desktop":{"background-color":"var(--ast-global-color-4)","background-image":"","background-repeat":"repeat","background-position":"center center","background-size":"auto","background-attachment":"scroll","background-type":"","background-media":"","overlay-type":"","overlay-color":"","overlay-opacity":"","overlay-gradient":""},"tablet":{"background-color":"","background-image":"","background-repeat":"repeat","background-position":"center center","background-size":"auto","background-attachment":"scroll","background-type":"","background-media":"","overlay-type":"","overlay-color":"","overlay-opacity":"","overlay-gradient":""},"mobile":{"background-color":"","background-image":"","background-repeat":"repeat","background-position":"center center","background-size":"auto","background-attachment":"scroll","background-type":"","background-media":"","overlay-type":"","overlay-color":"","overlay-opacity":"","overlay-gradient":""}},"ast-content-background-meta":{"desktop":{"background-color":"var(--ast-global-color-5)","background-image":"","background-repeat":"repeat","background-position":"center center","background-size":"auto","background-attachment":"scroll","background-type":"","background-media":"","overlay-type":"","overlay-color":"","overlay-opacity":"","overlay-gradient":""},"tablet":{"background-color":"var(--ast-global-color-5)","background-image":"","background-repeat":"repeat","background-position":"center center","background-size":"auto","background-attachment":"scroll","background-type":"","background-media":"","overlay-type":"","overlay-color":"","overlay-opacity":"","overlay-gradient":""},"mobile":{"background-color":"var(--ast-global-color-5)","background-image":"","background-repeat":"repeat","background-position":"center center","background-size":"auto","background-attachment":"scroll","background-type":"","background-media":"","overlay-type":"","overlay-color":"","overlay-opacity":"","overlay-gradient":""}},"footnotes":""},"class_list":["post-28","page","type-page","status-publish","hentry"],"post_mailing_queue_ids":[],"_links":{"self":[{"href":"https:\/\/agora.xtec.cat\/escoladoctorferran\/wp-json\/wp\/v2\/pages\/28","targetHints":{"allow":["GET"]}}],"collection":[{"href":"https:\/\/agora.xtec.cat\/escoladoctorferran\/wp-json\/wp\/v2\/pages"}],"about":[{"href":"https:\/\/agora.xtec.cat\/escoladoctorferran\/wp-json\/wp\/v2\/types\/page"}],"author":[{"embeddable":true,"href":"https:\/\/agora.xtec.cat\/escoladoctorferran\/wp-json\/wp\/v2\/users\/1"}],"replies":[{"embeddable":true,"href":"https:\/\/agora.xtec.cat\/escoladoctorferran\/wp-json\/wp\/v2\/comments?post=28"}],"version-history":[{"count":7,"href":"https:\/\/agora.xtec.cat\/escoladoctorferran\/wp-json\/wp\/v2\/pages\/28\/revisions"}],"predecessor-version":[{"id":3596,"href":"https:\/\/agora.xtec.cat\/escoladoctorferran\/wp-json\/wp\/v2\/pages\/28\/revisions\/3596"}],"up":[{"embeddable":true,"href":"https:\/\/agora.xtec.cat\/escoladoctorferran\/wp-json\/wp\/v2\/pages\/22"}],"wp:attachment":[{"href":"https:\/\/agora.xtec.cat\/escoladoctorferran\/wp-json\/wp\/v2\/media?parent=28"}],"curies":[{"name":"wp","href":"https:\/\/api.w.org\/{rel}","templated":true}]}}