{"id":26,"date":"2014-09-18T12:24:32","date_gmt":"2014-09-18T11:24:32","guid":{"rendered":"http:\/\/agora.xtec.cat\/escoladoctorferran\/?page_id=26"},"modified":"2025-07-04T09:46:21","modified_gmt":"2025-07-04T07:46:21","slug":"historia","status":"publish","type":"page","link":"https:\/\/agora.xtec.cat\/escoladoctorferran\/lescola\/historia\/","title":{"rendered":"Qui som"},"content":{"rendered":"<p><a href=\"https:\/\/agora.xtec.cat\/escoladoctorferran\/wp-content\/uploads\/usu680\/2022\/07\/3.png\"><img loading=\"lazy\" decoding=\"async\" class=\"alignnone size-large wp-image-2164\" src=\"https:\/\/agora.xtec.cat\/escoladoctorferran\/wp-content\/uploads\/usu680\/2022\/07\/3-1024x341.png\" alt=\"\" width=\"1024\" height=\"341\" srcset=\"https:\/\/agora.xtec.cat\/escoladoctorferran\/wp-content\/uploads\/usu680\/2022\/07\/3-1024x341.png 1024w, https:\/\/agora.xtec.cat\/escoladoctorferran\/wp-content\/uploads\/usu680\/2022\/07\/3-300x100.png 300w, https:\/\/agora.xtec.cat\/escoladoctorferran\/wp-content\/uploads\/usu680\/2022\/07\/3-768x256.png 768w, https:\/\/agora.xtec.cat\/escoladoctorferran\/wp-content\/uploads\/usu680\/2022\/07\/3.png 1200w\" sizes=\"auto, (max-width: 1024px) 100vw, 1024px\" \/><\/a><\/p>\n<p><span style=\"font-size: small;\">L\u2019escola Doctor Ferran \u00e9s una escola p\u00fablica depenent de la Generalitat de Catalunya, est\u00e0 situada al vell mig de la comarca de la Terra Alta, a la poblaci\u00f3 de Corbera d&#8217;Ebre que t\u00e9 uns 1.000 habitants aproximadament.<\/span><\/p>\n<p><span style=\"font-size: small;\">La poblaci\u00f3 viu b\u00e0sicament de la pagesia amb l&#8217;excepci\u00f3 dels comer\u00e7os del sector terciari.<br \/>\n<\/span><\/p>\n<p><span style=\"font-size: small;\">La nostra escola forma part de la\u00a0<a href=\"https:\/\/agora.xtec.cat\/ztac\/\" target=\"_blank\" rel=\"nofollow noopener noreferrer\">ZER Terra Alta Centre<\/a>\u00a0juntament amb l&#8217;<a href=\"http:\/\/escolasantblai1314.wix.com\/escola\" target=\"_blank\" rel=\"nofollow noopener noreferrer\">escola Sant Blai<\/a>\u00a0de Bot i l&#8217;<a href=\"http:\/\/cesarmartinell.wix.com\/escola#%21lescola\/ct0j\" target=\"_blank\" rel=\"nofollow noopener noreferrer\">escola C\u00e8sar Martinell<\/a>\u00a0del Pinell de Brai.<br \/>\n<\/span><\/p>\n<div>\n<p>&nbsp;<\/p>\n<p>&nbsp;<\/p>\n<\/div>\n<div><span style=\"font-size: small;\"><b>CAP AL TREBALL PER AMBIENTS<\/b><br \/>\n<\/span><\/div>\n<p><span style=\"font-size: small;\">Des de fa tretze anys estem impulsant un nou canvi, de manera progressiva, en la nostra visi\u00f3 educativa, a trav\u00e9s del treball per ambients.<\/span><\/p>\n<p><span style=\"font-size: small;\">La necessitat d&#8217;adaptar-nos a un proc\u00e9s d&#8217;ensenyament-aprenentatge basat en l&#8217;adquisici\u00f3 d&#8217;un coneixement vivencial, proper als interessos i realitat de l&#8217;alumnat i respectu\u00f3s amb el seu proc\u00e9s maduratiu, en qu\u00e8 el professor l&#8217;acompanya, ens va fer reflexionar sobre el canvi de mirada del nostre treball com a mestres.<\/span><\/p>\n<p><span style=\"font-size: small;\">El motiu del mateix \u00e9s atendre tota la diversitat de la comunitat educativa implicant-la de manera activa en el nostre projecte. Els eixos sobre els quals treballem s\u00f3n:<\/span><\/p>\n<p><span style=\"font-size: small;\">&#8211; Alumnat: atenent a la seva diversitat, respectant els seus interessos, ritmes i estils d&#8217;aprenentatge.<\/span><\/p>\n<p><span style=\"font-size: small;\">&#8211; Fam\u00edlies: impulsant la seva implicaci\u00f3 i participaci\u00f3 a l&#8217;escola.<\/span><\/p>\n<p><span style=\"font-size: small;\">&#8211; Municipi: treballant conjuntament amb les associacions del poble en activitats ludicopedag\u00f3gicas que aportin un benefici a aquest.<\/span><\/p>\n<p><span style=\"font-size: small;\">El marc te\u00f2ric en qu\u00e8 se sustenta aquesta metodologia no \u00e9s nou, es basa en els postulats de l&#8217;Escola Nova, el constructivisme i la Pedagogia Sist\u00e8mica.<\/span><\/p>\n<p><span style=\"font-size: small;\">Al llarg d&#8217;aquests tres anys hem visitat altres escoles que desenvolupen experi\u00e8ncies com la que hem comen\u00e7at a treballar en el nostre projecte.<\/span><\/p>\n<p><span style=\"font-size: small;\">Aquest estil educatiu, com ja hem comentat, es basa en la manipulaci\u00f3 del material que donar\u00e0 pas a la formaci\u00f3 i adquisici\u00f3 de conceptes. Tamb\u00e9 implica un canvi de mirada: relacions escola &#8211; fam\u00edlies, relaci\u00f3 escola &#8211; alumnes, relaci\u00f3 escola &#8211; entorn.<\/span><\/p>\n<p><span style=\"font-size: small;\">Aquesta forma d&#8217;enfocar l&#8217;educaci\u00f3 t\u00e9 en compte altres factors que de manera directa o indirecta tamb\u00e9 es relacionen amb l&#8217;aprenentatge, com s\u00f3n els aspectes emocionals tan poc valorats en un ambient d&#8217;ensenyament que prioritza els resultats acad\u00e8mics, la uniformitat d&#8217;estils d&#8217;aprenentatge sobre les necessitats reals de l&#8217;alumne en el moment de l&#8217;aprenentatge.<\/span><\/p>\n<p><span style=\"font-size: small;\">Volem que els alumnes d&#8217;aquesta escola desenvolupin la seva autonomia, s&#8217;impliquin en la societat que els tocar\u00e0 viure, que s\u00e0piguen argumentar les seves pr\u00f2pies decisions, que actu\u00efn col\u00b7laborativa-ment i amb respecte cap als seus companys.<\/span><\/p>\n","protected":false},"excerpt":{"rendered":"<p>L\u2019escola Doctor Ferran \u00e9s una escola p\u00fablica depenent de la Generalitat de Catalunya, est\u00e0 situada al vell mig de la comarca de la Terra Alta, a la poblaci\u00f3 de Corbera d&#8217;Ebre que t\u00e9 uns 1.000 habitants aproximadament. La poblaci\u00f3 viu b\u00e0sicament de la pagesia amb l&#8217;excepci\u00f3 dels comer\u00e7os del sector terciari. La nostra escola forma [&hellip;]<\/p>\n","protected":false},"author":1,"featured_media":0,"parent":22,"menu_order":20,"comment_status":"closed","ping_status":"closed","template":"page-templates\/side-menu.php","meta":{"_bbp_topic_count":0,"_bbp_reply_count":0,"_bbp_total_topic_count":0,"_bbp_total_reply_count":0,"_bbp_voice_count":0,"_bbp_anonymous_reply_count":0,"_bbp_topic_count_hidden":0,"_bbp_reply_count_hidden":0,"_bbp_forum_subforum_count":0,"site-sidebar-layout":"default","site-content-layout":"","ast-site-content-layout":"","site-content-style":"default","site-sidebar-style":"default","ast-global-header-display":"","ast-banner-title-visibility":"","ast-main-header-display":"","ast-hfb-above-header-display":"","ast-hfb-below-header-display":"","ast-hfb-mobile-header-display":"","site-post-title":"","ast-breadcrumbs-content":"","ast-featured-img":"","footer-sml-layout":"","theme-transparent-header-meta":"","adv-header-id-meta":"","stick-header-meta":"","header-above-stick-meta":"","header-main-stick-meta":"","header-below-stick-meta":"","astra-migrate-meta-layouts":"default","ast-page-background-enabled":"default","ast-page-background-meta":{"desktop":{"background-color":"var(--ast-global-color-4)","background-image":"","background-repeat":"repeat","background-position":"center center","background-size":"auto","background-attachment":"scroll","background-type":"","background-media":"","overlay-type":"","overlay-color":"","overlay-opacity":"","overlay-gradient":""},"tablet":{"background-color":"","background-image":"","background-repeat":"repeat","background-position":"center center","background-size":"auto","background-attachment":"scroll","background-type":"","background-media":"","overlay-type":"","overlay-color":"","overlay-opacity":"","overlay-gradient":""},"mobile":{"background-color":"","background-image":"","background-repeat":"repeat","background-position":"center center","background-size":"auto","background-attachment":"scroll","background-type":"","background-media":"","overlay-type":"","overlay-color":"","overlay-opacity":"","overlay-gradient":""}},"ast-content-background-meta":{"desktop":{"background-color":"var(--ast-global-color-5)","background-image":"","background-repeat":"repeat","background-position":"center center","background-size":"auto","background-attachment":"scroll","background-type":"","background-media":"","overlay-type":"","overlay-color":"","overlay-opacity":"","overlay-gradient":""},"tablet":{"background-color":"var(--ast-global-color-5)","background-image":"","background-repeat":"repeat","background-position":"center center","background-size":"auto","background-attachment":"scroll","background-type":"","background-media":"","overlay-type":"","overlay-color":"","overlay-opacity":"","overlay-gradient":""},"mobile":{"background-color":"var(--ast-global-color-5)","background-image":"","background-repeat":"repeat","background-position":"center center","background-size":"auto","background-attachment":"scroll","background-type":"","background-media":"","overlay-type":"","overlay-color":"","overlay-opacity":"","overlay-gradient":""}},"footnotes":""},"class_list":["post-26","page","type-page","status-publish","hentry"],"post_mailing_queue_ids":[],"_links":{"self":[{"href":"https:\/\/agora.xtec.cat\/escoladoctorferran\/wp-json\/wp\/v2\/pages\/26","targetHints":{"allow":["GET"]}}],"collection":[{"href":"https:\/\/agora.xtec.cat\/escoladoctorferran\/wp-json\/wp\/v2\/pages"}],"about":[{"href":"https:\/\/agora.xtec.cat\/escoladoctorferran\/wp-json\/wp\/v2\/types\/page"}],"author":[{"embeddable":true,"href":"https:\/\/agora.xtec.cat\/escoladoctorferran\/wp-json\/wp\/v2\/users\/1"}],"replies":[{"embeddable":true,"href":"https:\/\/agora.xtec.cat\/escoladoctorferran\/wp-json\/wp\/v2\/comments?post=26"}],"version-history":[{"count":4,"href":"https:\/\/agora.xtec.cat\/escoladoctorferran\/wp-json\/wp\/v2\/pages\/26\/revisions"}],"predecessor-version":[{"id":3572,"href":"https:\/\/agora.xtec.cat\/escoladoctorferran\/wp-json\/wp\/v2\/pages\/26\/revisions\/3572"}],"up":[{"embeddable":true,"href":"https:\/\/agora.xtec.cat\/escoladoctorferran\/wp-json\/wp\/v2\/pages\/22"}],"wp:attachment":[{"href":"https:\/\/agora.xtec.cat\/escoladoctorferran\/wp-json\/wp\/v2\/media?parent=26"}],"curies":[{"name":"wp","href":"https:\/\/api.w.org\/{rel}","templated":true}]}}