{"id":24,"date":"2014-09-18T12:23:15","date_gmt":"2014-09-18T11:23:15","guid":{"rendered":"http:\/\/agora.xtec.cat\/escoladoctorferran\/?page_id=24"},"modified":"2026-03-02T11:57:52","modified_gmt":"2026-03-02T10:57:52","slug":"on-som","status":"publish","type":"page","link":"https:\/\/agora.xtec.cat\/escoladoctorferran\/lescola\/on-som\/","title":{"rendered":"L&#8217;equip"},"content":{"rendered":"<h6><a href=\"https:\/\/agora.xtec.cat\/escoladoctorferran\/wp-content\/uploads\/usu680\/2022\/07\/2.png\"><img loading=\"lazy\" decoding=\"async\" class=\"alignnone size-large wp-image-2163\" src=\"https:\/\/agora.xtec.cat\/escoladoctorferran\/wp-content\/uploads\/usu680\/2022\/07\/2-1024x341.png\" alt=\"\" width=\"1024\" height=\"341\" srcset=\"https:\/\/agora.xtec.cat\/escoladoctorferran\/wp-content\/uploads\/usu680\/2022\/07\/2-1024x341.png 1024w, https:\/\/agora.xtec.cat\/escoladoctorferran\/wp-content\/uploads\/usu680\/2022\/07\/2-300x100.png 300w, https:\/\/agora.xtec.cat\/escoladoctorferran\/wp-content\/uploads\/usu680\/2022\/07\/2-768x256.png 768w, https:\/\/agora.xtec.cat\/escoladoctorferran\/wp-content\/uploads\/usu680\/2022\/07\/2.png 1200w\" sizes=\"auto, (max-width: 1024px) 100vw, 1024px\" \/><\/a><\/h6>\n<h6><\/h6>\n<h6><\/h6>\n<p>CURS 2025-2026<\/p>\n<h6><span style=\"text-decoration: underline;\"><b><span style=\"font-size: medium;\">Equip directiu:<\/span><\/b><\/span><\/h6>\n<h6>Directora: Montse Vidal Fuster<\/h6>\n<p>montse@ztac.cat<\/p>\n<h6>Secret\u00e0ria: Sofia Romero Sur\u00eds<\/h6>\n<p>sofia<span class=\"\">@ztac.cat<\/span><\/p>\n<h6><span style=\"text-decoration: underline;\"><b><span style=\"font-size: medium;\">Tutories:<\/span><\/b><\/span><br \/>\nI3, I4 i I5: Enric Beltran (Lina Valldosera), Magda Vives\/Cl\u00e0udia Bertomeu<\/h6>\n<h6><span style=\"font-weight: 400;\">enric@ztac.cat \/ lina<\/span><span class=\"\" style=\"font-weight: 400;\">@ztac.ca<\/span><span style=\"font-weight: 400;\">t<\/span><\/h6>\n<p>magda@ztac.cat \/ claudia@ztac.cat<\/p>\n<h6>1r i 2n: Lourdes Rius\/ Mireia Blanch<\/h6>\n<p>lrius3<span class=\"\">@ztac.ca<\/span>t \/mireiablanch@ztac.cat<\/p>\n<h6>3r i 4t: Sofia Romero Sur\u00eds<\/h6>\n<p>sofia@ztac.cat<\/p>\n<h6>5\u00e8 i 6\u00e8: Alfons Alvarez Chaves<\/h6>\n<p>alfons<span class=\"\"><span class=\"\">@ztac.cat<\/span><\/span><\/p>\n<p><strong>Vetlladora: <\/strong>Rosita Descarrega<\/p>\n<h6><b><span style=\"font-size: medium;\">\u00a0<\/span><\/b><\/h6>\n<h6><b><span style=\"font-size: medium;\"><span style=\"text-decoration: underline;\">Administraci\u00f3:<\/span><\/span><\/b><br \/>\nPAS: Aida Castro<\/h6>\n<h6><\/h6>\n<h6><span style=\"text-decoration: underline;\"><b><span style=\"font-size: medium;\">Itinerants:<\/span><\/b><\/span><br \/>\nEspecialista educaci\u00f3 f\u00edsica: Jose Almendros<\/h6>\n<p><span class=\"\">josealmendros@ztac.cat<\/span><\/p>\n<h6>Especialista educaci\u00f3 musical: Marcos Benlloch<\/h6>\n<p>marcosbenlloch@ztac.cat<\/p>\n<h6>Especialista angl\u00e8s: Judith Lopez Rins<\/h6>\n<p>judith@ztac.cat<\/p>\n<h6>Especialista religi\u00f3: Susana Martos Marqu\u00e9s<\/h6>\n<p>susana<span class=\"\"><span class=\"\">@ztac.cat<\/span><\/span><\/p>\n<h6>Especialista educaci\u00f3 especial: Mar Ferr\u00e0s<br \/>\n<b><\/b><\/h6>\n<p><span class=\"\">marferras@zt<\/span>ac.cat<\/p>\n<h6><\/h6>\n<h6><b><span style=\"font-size: medium;\"><span style=\"text-decoration: underline;\">Equip d&#8217;assessorament psicopedag\u00f2gic:<\/span><\/span><\/b><br \/>\n<strong>Pedagoga. Estel Rius<\/strong><\/h6>\n<h6><strong>Treballadora Social: Montse Pedret.<\/strong><\/h6>\n<h6><strong>ELIC: Laia Segarra.<\/strong><\/h6>\n<h6><strong>Logopeda: Clara Cuello<\/strong><\/h6>\n<h6><strong>Mentor digital: Albert Vidiella.<\/strong><\/h6>\n<p><strong>CEEPSIR: Erica Fatsini<\/strong><\/p>\n<p>&nbsp;<\/p>\n<h6><span style=\"font-size: medium;\"><b><span style=\"text-decoration: underline;\">Inspecci\u00f3<\/span>: Sergio Ponce L\u00f3pez<\/b><\/span><\/h6>\n<p>&nbsp;<\/p>\n<h6><span style=\"font-size: medium;\"><b><u>Monitoratge menjador<\/u>: <\/b><\/span><strong>Rosita Descarrega, <\/strong><strong>Olga Bosquet i Maria \u00c0lvarez<\/strong><\/h6>\n<p>&nbsp;<\/p>\n<p><strong>Monitoratge extraescolars esports<\/strong>: <strong>Rosita Descarrega, Denis Zlatea i Maria \u00c0lvarez<\/strong><\/p>\n<p>&nbsp;<\/p>\n","protected":false},"excerpt":{"rendered":"<p>CURS 2025-2026 Equip directiu: Directora: Montse Vidal Fuster montse@ztac.cat Secret\u00e0ria: Sofia Romero Sur\u00eds sofia@ztac.cat Tutories: I3, I4 i I5: Enric Beltran (Lina Valldosera), Magda Vives\/Cl\u00e0udia Bertomeu enric@ztac.cat \/ lina@ztac.cat magda@ztac.cat \/ claudia@ztac.cat 1r i 2n: Lourdes Rius\/ Mireia Blanch lrius3@ztac.cat \/mireiablanch@ztac.cat 3r i 4t: Sofia Romero Sur\u00eds sofia@ztac.cat 5\u00e8 i 6\u00e8: Alfons Alvarez Chaves alfons@ztac.cat [&hellip;]<\/p>\n","protected":false},"author":1,"featured_media":0,"parent":22,"menu_order":10,"comment_status":"closed","ping_status":"closed","template":"","meta":{"_bbp_topic_count":0,"_bbp_reply_count":0,"_bbp_total_topic_count":0,"_bbp_total_reply_count":0,"_bbp_voice_count":0,"_bbp_anonymous_reply_count":0,"_bbp_topic_count_hidden":0,"_bbp_reply_count_hidden":0,"_bbp_forum_subforum_count":0,"site-sidebar-layout":"default","site-content-layout":"","ast-site-content-layout":"default","site-content-style":"default","site-sidebar-style":"default","ast-global-header-display":"","ast-banner-title-visibility":"","ast-main-header-display":"","ast-hfb-above-header-display":"","ast-hfb-below-header-display":"","ast-hfb-mobile-header-display":"","site-post-title":"","ast-breadcrumbs-content":"","ast-featured-img":"","footer-sml-layout":"","theme-transparent-header-meta":"default","adv-header-id-meta":"","stick-header-meta":"","header-above-stick-meta":"","header-main-stick-meta":"","header-below-stick-meta":"","astra-migrate-meta-layouts":"set","ast-page-background-enabled":"default","ast-page-background-meta":{"desktop":{"background-color":"var(--ast-global-color-4)","background-image":"","background-repeat":"repeat","background-position":"center center","background-size":"auto","background-attachment":"scroll","background-type":"","background-media":"","overlay-type":"","overlay-color":"","overlay-opacity":"","overlay-gradient":""},"tablet":{"background-color":"","background-image":"","background-repeat":"repeat","background-position":"center center","background-size":"auto","background-attachment":"scroll","background-type":"","background-media":"","overlay-type":"","overlay-color":"","overlay-opacity":"","overlay-gradient":""},"mobile":{"background-color":"","background-image":"","background-repeat":"repeat","background-position":"center center","background-size":"auto","background-attachment":"scroll","background-type":"","background-media":"","overlay-type":"","overlay-color":"","overlay-opacity":"","overlay-gradient":""}},"ast-content-background-meta":{"desktop":{"background-color":"var(--ast-global-color-5)","background-image":"","background-repeat":"repeat","background-position":"center center","background-size":"auto","background-attachment":"scroll","background-type":"","background-media":"","overlay-type":"","overlay-color":"","overlay-opacity":"","overlay-gradient":""},"tablet":{"background-color":"var(--ast-global-color-5)","background-image":"","background-repeat":"repeat","background-position":"center center","background-size":"auto","background-attachment":"scroll","background-type":"","background-media":"","overlay-type":"","overlay-color":"","overlay-opacity":"","overlay-gradient":""},"mobile":{"background-color":"var(--ast-global-color-5)","background-image":"","background-repeat":"repeat","background-position":"center center","background-size":"auto","background-attachment":"scroll","background-type":"","background-media":"","overlay-type":"","overlay-color":"","overlay-opacity":"","overlay-gradient":""}},"footnotes":""},"class_list":["post-24","page","type-page","status-publish","hentry"],"post_mailing_queue_ids":[],"_links":{"self":[{"href":"https:\/\/agora.xtec.cat\/escoladoctorferran\/wp-json\/wp\/v2\/pages\/24","targetHints":{"allow":["GET"]}}],"collection":[{"href":"https:\/\/agora.xtec.cat\/escoladoctorferran\/wp-json\/wp\/v2\/pages"}],"about":[{"href":"https:\/\/agora.xtec.cat\/escoladoctorferran\/wp-json\/wp\/v2\/types\/page"}],"author":[{"embeddable":true,"href":"https:\/\/agora.xtec.cat\/escoladoctorferran\/wp-json\/wp\/v2\/users\/1"}],"replies":[{"embeddable":true,"href":"https:\/\/agora.xtec.cat\/escoladoctorferran\/wp-json\/wp\/v2\/comments?post=24"}],"version-history":[{"count":7,"href":"https:\/\/agora.xtec.cat\/escoladoctorferran\/wp-json\/wp\/v2\/pages\/24\/revisions"}],"predecessor-version":[{"id":3791,"href":"https:\/\/agora.xtec.cat\/escoladoctorferran\/wp-json\/wp\/v2\/pages\/24\/revisions\/3791"}],"up":[{"embeddable":true,"href":"https:\/\/agora.xtec.cat\/escoladoctorferran\/wp-json\/wp\/v2\/pages\/22"}],"wp:attachment":[{"href":"https:\/\/agora.xtec.cat\/escoladoctorferran\/wp-json\/wp\/v2\/media?parent=24"}],"curies":[{"name":"wp","href":"https:\/\/api.w.org\/{rel}","templated":true}]}}