{"id":2961,"date":"2025-08-30T00:33:43","date_gmt":"2025-08-29T22:33:43","guid":{"rendered":"https:\/\/agora.xtec.cat\/escoladetirvia\/?page_id=2961"},"modified":"2025-11-03T22:32:10","modified_gmt":"2025-11-03T21:32:10","slug":"primaria","status":"publish","type":"page","link":"https:\/\/agora.xtec.cat\/escoladetirvia\/primaria\/","title":{"rendered":"Prim\u00e0ria"},"content":{"rendered":"\n<p>L\u2019etapa d\u2019educaci\u00f3 prim\u00e0ria compren dels cursos de 1r a 6\u00e8 de prim\u00e0ria.<\/p>\n\n\n\n<p>Enguany, els infants d&#8217;infantil i de prim\u00e0ria seran un agrupament i tindran com a persona referent la <strong>Marina P.  i Cris R.<\/strong><\/p>\n\n\n\n<p><strong>INFORMACIONS DE FUNCIONAMENT:<\/strong><\/p>\n\n\n\n<p>Podeu veure les informacions com horaris, menjador, etc. al&nbsp;<a href=\"https:\/\/agora.xtec.cat\/escoladetirvia\/informacions-per-al-curs-2025-26\/\">document d\u2019inici de curs.<\/a><\/p>\n\n\n\n<p><strong>COMUNICACI\u00d3 AMB LA MESTRA DE REFER\u00c8NCIA:<\/strong><\/p>\n\n\n\n<p>Cada infant comptar\u00e0 amb una agenda escolar del curs. Aquesta \u00e9s una eina indispensable perqu\u00e8 esdevingui aut\u00f2nom, responsable i es pugui organitzar.<br>Demanem que s\u2019utilitzi l\u2019agenda per a comunicar qualsevol aspecte amb la tutora i que es revisi a diari per a comprovar si hi ha alguna informaci\u00f3 de l\u2019escola dins.<\/p>\n\n\n\n<p>A banda del correu electr\u00f2nic del centre: c5004577@xtec.cat cada agrupament compta amb un correu electr\u00f2nic:<\/p>\n\n\n\n<p class=\"has-text-align-center\">Correu electr\u00f2nic de contacte:\u00a0cristina.ruf@zersobira.cat<\/p>\n\n\n\n<p><strong>LLISTAT DE MATERIAL DEL CURS<\/strong><\/p>\n\n\n\n<p>Tots els infants de prim\u00e0ria, a banda de l\u2019agrupament i mestra de refer\u00e8ncia que tinguin, han de portar el material seg\u00fcent a l\u2019inici del curs:<\/p>\n\n\n\n<div data-wp-interactive=\"core\/file\" class=\"wp-block-file\"><object data-wp-bind--hidden=\"!state.hasPdfPreview\" hidden class=\"wp-block-file__embed\" data=\"https:\/\/agora.xtec.cat\/escoladetirvia\/wp-content\/uploads\/usu1955\/2025\/09\/Material-Primaria.pdf\" type=\"application\/pdf\" style=\"width:100%;height:600px\" aria-label=\"Incrustaci\u00f3 del fitxer Material Prim\u00e0ria.\"><\/object><a id=\"wp-block-file--media-839e5f6d-de85-4927-9a41-fe9fb8c9789c\" href=\"https:\/\/agora.xtec.cat\/escoladetirvia\/wp-content\/uploads\/usu1955\/2025\/09\/Material-Primaria.pdf\">Material Prim\u00e0ria<\/a><a href=\"https:\/\/agora.xtec.cat\/escoladetirvia\/wp-content\/uploads\/usu1955\/2025\/09\/Material-Primaria.pdf\" class=\"wp-block-file__button wp-element-button\" download aria-describedby=\"wp-block-file--media-839e5f6d-de85-4927-9a41-fe9fb8c9789c\">Baixa<\/a><\/div>\n\n\n\n<p><strong>QUOTA DE MATERIAL <\/strong><\/p>\n\n\n\n<p>At\u00e8s que els infants d&#8217;aquests cursos disposeu dels vals escolars equivalents a 60\u20ac podeu:<\/p>\n\n\n\n<p><strong>1-<\/strong>&nbsp;Entregar els dos vals escolars el primer dia d&#8217;escola a les mestres referents.<\/p>\n\n\n\n<p><strong>2-<\/strong>&nbsp;Entregar nom\u00e9s un val escolar el primer dia d&#8217;escola (equivalent a 30\u20ac) i fer el pagament de 30\u20ac restants com a quota de material a l&#8217;escola.<\/p>\n\n\n\n<p><strong>3-<\/strong>&nbsp;Fer el pagament de 30\u20ac al setembre 2025 i 30\u20ac al gener 2026.<\/p>\n\n\n\n<p>En el cas que decidiu la opci\u00f3 2 o 3, la informaci\u00f3 per fer el pagament \u00e9s el seg\u00fcent:<\/p>\n\n\n\n<p>El compte corrent \u00e9s&nbsp;<strong>ES61 2100 0228 4402 0001 4279<\/strong>&nbsp;i el concepte de transfer\u00e8ncia ha d&#8217;indicar: <em>NOM&nbsp;+ MATERIAL<\/em><\/p>\n","protected":false},"excerpt":{"rendered":"<p>L\u2019etapa d\u2019educaci\u00f3 prim\u00e0ria compren dels cursos de 1r a 6\u00e8 de prim\u00e0ria. Enguany, els infants d&#8217;infantil i de prim\u00e0ria seran [&hellip;]<\/p>\n","protected":false},"author":1,"featured_media":0,"parent":0,"menu_order":0,"comment_status":"closed","ping_status":"close","template":"","meta":{"_bbp_topic_count":0,"_bbp_reply_count":0,"_bbp_total_topic_count":0,"_bbp_total_reply_count":0,"_bbp_voice_count":0,"_bbp_anonymous_reply_count":0,"_bbp_topic_count_hidden":0,"_bbp_reply_count_hidden":0,"_bbp_forum_subforum_count":0,"site-sidebar-layout":"default","site-content-layout":"","ast-site-content-layout":"default","site-content-style":"default","site-sidebar-style":"default","ast-global-header-display":"","ast-banner-title-visibility":"","ast-main-header-display":"","ast-hfb-above-header-display":"","ast-hfb-below-header-display":"","ast-hfb-mobile-header-display":"","site-post-title":"","ast-breadcrumbs-content":"","ast-featured-img":"","footer-sml-layout":"","theme-transparent-header-meta":"","adv-header-id-meta":"","stick-header-meta":"","header-above-stick-meta":"","header-main-stick-meta":"","header-below-stick-meta":"","astra-migrate-meta-layouts":"set","ast-page-background-enabled":"default","ast-page-background-meta":{"desktop":{"background-color":"var(--ast-global-color-4)","background-image":"","background-repeat":"repeat","background-position":"center center","background-size":"auto","background-attachment":"scroll","background-type":"","background-media":"","overlay-type":"","overlay-color":"","overlay-opacity":"","overlay-gradient":""},"tablet":{"background-color":"","background-image":"","background-repeat":"repeat","background-position":"center center","background-size":"auto","background-attachment":"scroll","background-type":"","background-media":"","overlay-type":"","overlay-color":"","overlay-opacity":"","overlay-gradient":""},"mobile":{"background-color":"","background-image":"","background-repeat":"repeat","background-position":"center center","background-size":"auto","background-attachment":"scroll","background-type":"","background-media":"","overlay-type":"","overlay-color":"","overlay-opacity":"","overlay-gradient":""}},"ast-content-background-meta":{"desktop":{"background-color":"var(--ast-global-color-5)","background-image":"","background-repeat":"repeat","background-position":"center center","background-size":"auto","background-attachment":"scroll","background-type":"","background-media":"","overlay-type":"","overlay-color":"","overlay-opacity":"","overlay-gradient":""},"tablet":{"background-color":"var(--ast-global-color-5)","background-image":"","background-repeat":"repeat","background-position":"center center","background-size":"auto","background-attachment":"scroll","background-type":"","background-media":"","overlay-type":"","overlay-color":"","overlay-opacity":"","overlay-gradient":""},"mobile":{"background-color":"var(--ast-global-color-5)","background-image":"","background-repeat":"repeat","background-position":"center center","background-size":"auto","background-attachment":"scroll","background-type":"","background-media":"","overlay-type":"","overlay-color":"","overlay-opacity":"","overlay-gradient":""}},"footnotes":""},"class_list":["post-2961","page","type-page","status-publish","hentry"],"post_mailing_queue_ids":[],"_links":{"self":[{"href":"https:\/\/agora.xtec.cat\/escoladetirvia\/wp-json\/wp\/v2\/pages\/2961","targetHints":{"allow":["GET"]}}],"collection":[{"href":"https:\/\/agora.xtec.cat\/escoladetirvia\/wp-json\/wp\/v2\/pages"}],"about":[{"href":"https:\/\/agora.xtec.cat\/escoladetirvia\/wp-json\/wp\/v2\/types\/page"}],"author":[{"embeddable":true,"href":"https:\/\/agora.xtec.cat\/escoladetirvia\/wp-json\/wp\/v2\/users\/1"}],"replies":[{"embeddable":true,"href":"https:\/\/agora.xtec.cat\/escoladetirvia\/wp-json\/wp\/v2\/comments?post=2961"}],"version-history":[{"count":6,"href":"https:\/\/agora.xtec.cat\/escoladetirvia\/wp-json\/wp\/v2\/pages\/2961\/revisions"}],"predecessor-version":[{"id":3083,"href":"https:\/\/agora.xtec.cat\/escoladetirvia\/wp-json\/wp\/v2\/pages\/2961\/revisions\/3083"}],"wp:attachment":[{"href":"https:\/\/agora.xtec.cat\/escoladetirvia\/wp-json\/wp\/v2\/media?parent=2961"}],"curies":[{"name":"wp","href":"https:\/\/api.w.org\/{rel}","templated":true}]}}