{"id":2921,"date":"2025-08-29T22:53:12","date_gmt":"2025-08-29T20:53:12","guid":{"rendered":"https:\/\/agora.xtec.cat\/escoladetirvia\/?page_id=2921"},"modified":"2025-09-29T10:13:12","modified_gmt":"2025-09-29T08:13:12","slug":"horari-datencio-a-les-families","status":"publish","type":"page","link":"https:\/\/agora.xtec.cat\/escoladetirvia\/horari-datencio-a-les-families\/","title":{"rendered":"Horari d&#8217;atenci\u00f3 a les fam\u00edlies"},"content":{"rendered":"\n<h1 class=\"wp-block-heading\"><\/h1>\n\n\n\n<p>La coordinaci\u00f3 i entesa entre fam\u00edlia i escola \u00e9s un eix clau per a l\u2019aprenentatge i el desenvolupament integral dels infants.<\/p>\n\n\n\n<p>Dins l\u2019horari establert d\u2019atenci\u00f3 a les fam\u00edlies,&nbsp;<strong>dues vegades al curs<\/strong>&nbsp;es faran entrevistes&nbsp;<strong>convocades per a les mestres de refer\u00e8ncia<\/strong>&nbsp;amb l\u2019objectiu de compartir l\u2019evoluci\u00f3 i l\u2019avaluaci\u00f3 dels infants i tractar els aspectes que siguin necessaris.<\/p>\n\n\n\n<p>D\u2019altra banda,&nbsp;<strong>les fam\u00edlies poden sol\u00b7licitar amb antelaci\u00f3 una entrevista<\/strong>&nbsp;dins d\u2019aquest horari d\u2019atenci\u00f3 a les fam\u00edlies sempre que ho considerin necessari.<\/p>\n\n\n\n<p>\u00c9s imprescindible&nbsp;<strong>respectar aquest horari d\u2019atenci\u00f3 a les fam\u00edlies<\/strong>. L\u2019escola posa a disposici\u00f3 un certificat de justificaci\u00f3 d\u2019assist\u00e8ncia perqu\u00e8 les fam\u00edlies el puguin presentar al lloc de treball en cas de necessitat.<\/p>\n\n\n\n<p class=\"has-text-align-center\"><strong>LLAR D\u2019INFANTS:<\/strong>\u00a0 Dilluns de 13 &#8211; 13:45h<\/p>\n\n\n\n<p class=\"has-text-align-center\"><strong>EDUCACI\u00d3 INFANTIL + PRIM\u00c0RIA:<\/strong>\u00a0 Dilluns de 13 &#8211; 13:45h<\/p>\n\n\n\n<p class=\"has-text-align-center\"><strong>DIRECCI\u00d3:<\/strong>&nbsp;Dilluns de 10 a 11h&nbsp;<em>*Amb cita pr\u00e8via<\/em>.<\/p>\n\n\n\n<p><\/p>\n","protected":false},"excerpt":{"rendered":"<p>La coordinaci\u00f3 i entesa entre fam\u00edlia i escola \u00e9s un eix clau per a l\u2019aprenentatge i el desenvolupament integral dels [&hellip;]<\/p>\n","protected":false},"author":1,"featured_media":0,"parent":0,"menu_order":0,"comment_status":"closed","ping_status":"close","template":"","meta":{"_bbp_topic_count":0,"_bbp_reply_count":0,"_bbp_total_topic_count":0,"_bbp_total_reply_count":0,"_bbp_voice_count":0,"_bbp_anonymous_reply_count":0,"_bbp_topic_count_hidden":0,"_bbp_reply_count_hidden":0,"_bbp_forum_subforum_count":0,"site-sidebar-layout":"default","site-content-layout":"","ast-site-content-layout":"default","site-content-style":"default","site-sidebar-style":"default","ast-global-header-display":"","ast-banner-title-visibility":"","ast-main-header-display":"","ast-hfb-above-header-display":"","ast-hfb-below-header-display":"","ast-hfb-mobile-header-display":"","site-post-title":"","ast-breadcrumbs-content":"","ast-featured-img":"","footer-sml-layout":"","theme-transparent-header-meta":"","adv-header-id-meta":"","stick-header-meta":"","header-above-stick-meta":"","header-main-stick-meta":"","header-below-stick-meta":"","astra-migrate-meta-layouts":"set","ast-page-background-enabled":"default","ast-page-background-meta":{"desktop":{"background-color":"var(--ast-global-color-4)","background-image":"","background-repeat":"repeat","background-position":"center center","background-size":"auto","background-attachment":"scroll","background-type":"","background-media":"","overlay-type":"","overlay-color":"","overlay-opacity":"","overlay-gradient":""},"tablet":{"background-color":"","background-image":"","background-repeat":"repeat","background-position":"center center","background-size":"auto","background-attachment":"scroll","background-type":"","background-media":"","overlay-type":"","overlay-color":"","overlay-opacity":"","overlay-gradient":""},"mobile":{"background-color":"","background-image":"","background-repeat":"repeat","background-position":"center center","background-size":"auto","background-attachment":"scroll","background-type":"","background-media":"","overlay-type":"","overlay-color":"","overlay-opacity":"","overlay-gradient":""}},"ast-content-background-meta":{"desktop":{"background-color":"var(--ast-global-color-5)","background-image":"","background-repeat":"repeat","background-position":"center center","background-size":"auto","background-attachment":"scroll","background-type":"","background-media":"","overlay-type":"","overlay-color":"","overlay-opacity":"","overlay-gradient":""},"tablet":{"background-color":"var(--ast-global-color-5)","background-image":"","background-repeat":"repeat","background-position":"center center","background-size":"auto","background-attachment":"scroll","background-type":"","background-media":"","overlay-type":"","overlay-color":"","overlay-opacity":"","overlay-gradient":""},"mobile":{"background-color":"var(--ast-global-color-5)","background-image":"","background-repeat":"repeat","background-position":"center center","background-size":"auto","background-attachment":"scroll","background-type":"","background-media":"","overlay-type":"","overlay-color":"","overlay-opacity":"","overlay-gradient":""}},"footnotes":""},"class_list":["post-2921","page","type-page","status-publish","hentry"],"post_mailing_queue_ids":[],"_links":{"self":[{"href":"https:\/\/agora.xtec.cat\/escoladetirvia\/wp-json\/wp\/v2\/pages\/2921","targetHints":{"allow":["GET"]}}],"collection":[{"href":"https:\/\/agora.xtec.cat\/escoladetirvia\/wp-json\/wp\/v2\/pages"}],"about":[{"href":"https:\/\/agora.xtec.cat\/escoladetirvia\/wp-json\/wp\/v2\/types\/page"}],"author":[{"embeddable":true,"href":"https:\/\/agora.xtec.cat\/escoladetirvia\/wp-json\/wp\/v2\/users\/1"}],"replies":[{"embeddable":true,"href":"https:\/\/agora.xtec.cat\/escoladetirvia\/wp-json\/wp\/v2\/comments?post=2921"}],"version-history":[{"count":3,"href":"https:\/\/agora.xtec.cat\/escoladetirvia\/wp-json\/wp\/v2\/pages\/2921\/revisions"}],"predecessor-version":[{"id":3065,"href":"https:\/\/agora.xtec.cat\/escoladetirvia\/wp-json\/wp\/v2\/pages\/2921\/revisions\/3065"}],"wp:attachment":[{"href":"https:\/\/agora.xtec.cat\/escoladetirvia\/wp-json\/wp\/v2\/media?parent=2921"}],"curies":[{"name":"wp","href":"https:\/\/api.w.org\/{rel}","templated":true}]}}