{"id":2916,"date":"2025-08-29T22:47:37","date_gmt":"2025-08-29T20:47:37","guid":{"rendered":"https:\/\/agora.xtec.cat\/escoladetirvia\/?page_id=2916"},"modified":"2025-08-29T23:58:05","modified_gmt":"2025-08-29T21:58:05","slug":"matriculacio-preinscripcio","status":"publish","type":"page","link":"https:\/\/agora.xtec.cat\/escoladetirvia\/matriculacio-preinscripcio\/","title":{"rendered":"Matriculaci\u00f3 &#8211; preinscripci\u00f3"},"content":{"rendered":"\n<h1 class=\"wp-block-heading\"><\/h1>\n\n\n\n<p>Per a fer matriculacions o visites, podeu contactar al correu electr\u00f2nic de l\u2019escola:&nbsp;<strong>c5004577@xtec.cat&nbsp;<\/strong>i us respondrem tant aviat com sigui possible i prepararem conjuntament (escola i fam\u00edlia) el per\u00edode de familiaritzaci\u00f3 de l\u2019infant a l\u2019escola. Teniu m\u00e9s informaci\u00f3 sobre aquest per\u00edode al butllet\u00ed d\u2019inici de curs de la nostra p\u00e0gina web.<\/p>\n\n\n\n<p>Per tal d\u2019agilitzar el proc\u00e9s de matriculaci\u00f3, podeu enviar al correu electr\u00f2nic la documentaci\u00f3 seg\u00fcent (escanejada \/ fotografiada):<\/p>\n\n\n\n<ul class=\"wp-block-list\">\n<li>DNI pare i\/o mare o tutor\/s legals.<\/li>\n\n\n\n<li>Si en t\u00e9, DNI de l\u2019infant.<\/li>\n\n\n\n<li>Tarja sanit\u00e0ria de l\u2019infant (la del CAP).<\/li>\n\n\n\n<li>Llibre de fam\u00edlia \/ certificat de naixement.<\/li>\n\n\n\n<li>Carnet de vacunaci\u00f3 \/ certificat m\u00e8dic.<\/li>\n\n\n\n<li><a href=\"https:\/\/drive.google.com\/file\/d\/1aP0e8rjU1RVOX0CVYQrDsKxof3aN85Hf\/preview\">Sol\u00b7licitud de preinscripci\u00f3 a ensenyaments de segon cicle d\u2019educaci\u00f3 infantil, educaci\u00f3 prim\u00e0ria i educaci\u00f3 secund\u00e0ria obligat\u00f2ria<\/a>&nbsp;en centres educatius sufragats amb fons p\u00fablics. Curs vigent.<\/li>\n\n\n\n<li>Si \u00e9s el cas, el certificat m\u00e8dic (del curs vigent) per tenir al\u00b7l\u00e8rgies\/intoler\u00e0ncies\/malalties amb descripci\u00f3 de s\u00edmptomes i pautes a seguir. En el cas d\u2019administraci\u00f3 de medicaments, cal adjuntar tamb\u00e9 l\u2019autoritzaci\u00f3 de la fam\u00edlia juntament amb la prescripci\u00f3 m\u00e8dica del seu pediatra. Les autoritzacions les podeu trobar a la p\u00e0gina web de l\u2019escola i teniu m\u00e9s informaci\u00f3 al respecte al Butllet\u00ed d\u2019inici de curs que tamb\u00e9 est\u00e0 penjat.<\/li>\n\n\n\n<li>Si \u00e9s el cas, fotoc\u00f2pia carnet de fam\u00edlia nombrosa o monoparental.<\/li>\n<\/ul>\n","protected":false},"excerpt":{"rendered":"<p>Per a fer matriculacions o visites, podeu contactar al correu electr\u00f2nic de l\u2019escola:&nbsp;c5004577@xtec.cat&nbsp;i us respondrem tant aviat com sigui possible [&hellip;]<\/p>\n","protected":false},"author":1,"featured_media":0,"parent":0,"menu_order":0,"comment_status":"closed","ping_status":"close","template":"","meta":{"_bbp_topic_count":0,"_bbp_reply_count":0,"_bbp_total_topic_count":0,"_bbp_total_reply_count":0,"_bbp_voice_count":0,"_bbp_anonymous_reply_count":0,"_bbp_topic_count_hidden":0,"_bbp_reply_count_hidden":0,"_bbp_forum_subforum_count":0,"site-sidebar-layout":"default","site-content-layout":"","ast-site-content-layout":"default","site-content-style":"default","site-sidebar-style":"default","ast-global-header-display":"","ast-banner-title-visibility":"","ast-main-header-display":"","ast-hfb-above-header-display":"","ast-hfb-below-header-display":"","ast-hfb-mobile-header-display":"","site-post-title":"","ast-breadcrumbs-content":"","ast-featured-img":"","footer-sml-layout":"","theme-transparent-header-meta":"","adv-header-id-meta":"","stick-header-meta":"","header-above-stick-meta":"","header-main-stick-meta":"","header-below-stick-meta":"","astra-migrate-meta-layouts":"set","ast-page-background-enabled":"default","ast-page-background-meta":{"desktop":{"background-color":"var(--ast-global-color-4)","background-image":"","background-repeat":"repeat","background-position":"center center","background-size":"auto","background-attachment":"scroll","background-type":"","background-media":"","overlay-type":"","overlay-color":"","overlay-opacity":"","overlay-gradient":""},"tablet":{"background-color":"","background-image":"","background-repeat":"repeat","background-position":"center center","background-size":"auto","background-attachment":"scroll","background-type":"","background-media":"","overlay-type":"","overlay-color":"","overlay-opacity":"","overlay-gradient":""},"mobile":{"background-color":"","background-image":"","background-repeat":"repeat","background-position":"center center","background-size":"auto","background-attachment":"scroll","background-type":"","background-media":"","overlay-type":"","overlay-color":"","overlay-opacity":"","overlay-gradient":""}},"ast-content-background-meta":{"desktop":{"background-color":"var(--ast-global-color-5)","background-image":"","background-repeat":"repeat","background-position":"center center","background-size":"auto","background-attachment":"scroll","background-type":"","background-media":"","overlay-type":"","overlay-color":"","overlay-opacity":"","overlay-gradient":""},"tablet":{"background-color":"var(--ast-global-color-5)","background-image":"","background-repeat":"repeat","background-position":"center center","background-size":"auto","background-attachment":"scroll","background-type":"","background-media":"","overlay-type":"","overlay-color":"","overlay-opacity":"","overlay-gradient":""},"mobile":{"background-color":"var(--ast-global-color-5)","background-image":"","background-repeat":"repeat","background-position":"center center","background-size":"auto","background-attachment":"scroll","background-type":"","background-media":"","overlay-type":"","overlay-color":"","overlay-opacity":"","overlay-gradient":""}},"footnotes":""},"class_list":["post-2916","page","type-page","status-publish","hentry"],"post_mailing_queue_ids":[],"_links":{"self":[{"href":"https:\/\/agora.xtec.cat\/escoladetirvia\/wp-json\/wp\/v2\/pages\/2916","targetHints":{"allow":["GET"]}}],"collection":[{"href":"https:\/\/agora.xtec.cat\/escoladetirvia\/wp-json\/wp\/v2\/pages"}],"about":[{"href":"https:\/\/agora.xtec.cat\/escoladetirvia\/wp-json\/wp\/v2\/types\/page"}],"author":[{"embeddable":true,"href":"https:\/\/agora.xtec.cat\/escoladetirvia\/wp-json\/wp\/v2\/users\/1"}],"replies":[{"embeddable":true,"href":"https:\/\/agora.xtec.cat\/escoladetirvia\/wp-json\/wp\/v2\/comments?post=2916"}],"version-history":[{"count":2,"href":"https:\/\/agora.xtec.cat\/escoladetirvia\/wp-json\/wp\/v2\/pages\/2916\/revisions"}],"predecessor-version":[{"id":2934,"href":"https:\/\/agora.xtec.cat\/escoladetirvia\/wp-json\/wp\/v2\/pages\/2916\/revisions\/2934"}],"wp:attachment":[{"href":"https:\/\/agora.xtec.cat\/escoladetirvia\/wp-json\/wp\/v2\/media?parent=2916"}],"curies":[{"name":"wp","href":"https:\/\/api.w.org\/{rel}","templated":true}]}}