{"id":2838,"date":"2025-03-04T17:17:14","date_gmt":"2025-03-04T16:17:14","guid":{"rendered":"https:\/\/agora.xtec.cat\/escoladetirvia\/?page_id=2838"},"modified":"2025-09-24T15:53:26","modified_gmt":"2025-09-24T13:53:26","slug":"nivells","status":"publish","type":"page","link":"https:\/\/agora.xtec.cat\/escoladetirvia\/nivells\/","title":{"rendered":"Agrupaments"},"content":{"rendered":"\n<h1 class=\"wp-block-heading\">Agrupaments i mestres de refer\u00e8ncia<\/h1>\n\n\n\n<p>A l\u2019Escola de T\u00edrvia hi conviuen, generalment dos agrupaments al llarg de la setmana. La llar d\u2019infants \u00e9s un agrupament, mentre que segon cicle d&#8217;educaci\u00f3 infantil i prim\u00e0ria \u00e9s l&#8217;altre agrupament. <\/p>\n\n\n\n<p>Enguany, els infants del primer cicle d&#8217;educaci\u00f3 infantil, la llar d&#8217;infants, \u00e9s un agrupament i tindran com a persona referent la <strong>Sheila R<\/strong>.  Tot i aix\u00ed, a vegades al llarg de la setmana pot ser que tamb\u00e9 si afegeixi el segon cicle d\u2019educaci\u00f3 infantil.<\/p>\n\n\n\n<p>D\u2019altra banda, els infants del segon cicle d&#8217;educaci\u00f3 infantil i prim\u00e0ria, esdevindran l\u2019altre agrupament i tindran com a mestra referent la\u00a0<strong>Marina P. i la Cris R.<\/strong><\/p>\n\n\n\n<p>Per a informaci\u00f3 m\u00e9s concreta, cliqueu a l\u2019opci\u00f3 que sigui del vostre inter\u00e8s:<\/p>\n\n\n\n<ul class=\"wp-block-list\">\n<li><strong><a href=\"https:\/\/agora.xtec.cat\/escoladetirvia\/llar-dinfants\/\">Llar d\u2019infants<\/a><\/strong><\/li>\n\n\n\n<li><strong><a href=\"https:\/\/agora.xtec.cat\/escoladetirvia\/infantil\/\">Educaci\u00f3 infantil<\/a> <\/strong><\/li>\n\n\n\n<li><strong><a href=\"https:\/\/agora.xtec.cat\/escoladetirvia\/primaria\/\">Educaci\u00f3 Prim\u00e0ria<\/a><\/strong><\/li>\n<\/ul>\n\n\n\n<p><\/p>\n","protected":false},"excerpt":{"rendered":"<p>Agrupaments i mestres de refer\u00e8ncia A l\u2019Escola de T\u00edrvia hi conviuen, generalment dos agrupaments al llarg de la setmana. La [&hellip;]<\/p>\n","protected":false},"author":1,"featured_media":0,"parent":0,"menu_order":0,"comment_status":"closed","ping_status":"close","template":"","meta":{"_bbp_topic_count":0,"_bbp_reply_count":0,"_bbp_total_topic_count":0,"_bbp_total_reply_count":0,"_bbp_voice_count":0,"_bbp_anonymous_reply_count":0,"_bbp_topic_count_hidden":0,"_bbp_reply_count_hidden":0,"_bbp_forum_subforum_count":0,"site-sidebar-layout":"default","site-content-layout":"","ast-site-content-layout":"default","site-content-style":"default","site-sidebar-style":"default","ast-global-header-display":"","ast-banner-title-visibility":"","ast-main-header-display":"","ast-hfb-above-header-display":"","ast-hfb-below-header-display":"","ast-hfb-mobile-header-display":"","site-post-title":"","ast-breadcrumbs-content":"","ast-featured-img":"","footer-sml-layout":"","theme-transparent-header-meta":"","adv-header-id-meta":"","stick-header-meta":"","header-above-stick-meta":"","header-main-stick-meta":"","header-below-stick-meta":"","astra-migrate-meta-layouts":"set","ast-page-background-enabled":"default","ast-page-background-meta":{"desktop":{"background-color":"var(--ast-global-color-4)","background-image":"","background-repeat":"repeat","background-position":"center center","background-size":"auto","background-attachment":"scroll","background-type":"","background-media":"","overlay-type":"","overlay-color":"","overlay-opacity":"","overlay-gradient":""},"tablet":{"background-color":"","background-image":"","background-repeat":"repeat","background-position":"center center","background-size":"auto","background-attachment":"scroll","background-type":"","background-media":"","overlay-type":"","overlay-color":"","overlay-opacity":"","overlay-gradient":""},"mobile":{"background-color":"","background-image":"","background-repeat":"repeat","background-position":"center center","background-size":"auto","background-attachment":"scroll","background-type":"","background-media":"","overlay-type":"","overlay-color":"","overlay-opacity":"","overlay-gradient":""}},"ast-content-background-meta":{"desktop":{"background-color":"var(--ast-global-color-5)","background-image":"","background-repeat":"repeat","background-position":"center center","background-size":"auto","background-attachment":"scroll","background-type":"","background-media":"","overlay-type":"","overlay-color":"","overlay-opacity":"","overlay-gradient":""},"tablet":{"background-color":"var(--ast-global-color-5)","background-image":"","background-repeat":"repeat","background-position":"center center","background-size":"auto","background-attachment":"scroll","background-type":"","background-media":"","overlay-type":"","overlay-color":"","overlay-opacity":"","overlay-gradient":""},"mobile":{"background-color":"var(--ast-global-color-5)","background-image":"","background-repeat":"repeat","background-position":"center center","background-size":"auto","background-attachment":"scroll","background-type":"","background-media":"","overlay-type":"","overlay-color":"","overlay-opacity":"","overlay-gradient":""}},"footnotes":""},"class_list":["post-2838","page","type-page","status-publish","hentry"],"post_mailing_queue_ids":[],"_links":{"self":[{"href":"https:\/\/agora.xtec.cat\/escoladetirvia\/wp-json\/wp\/v2\/pages\/2838","targetHints":{"allow":["GET"]}}],"collection":[{"href":"https:\/\/agora.xtec.cat\/escoladetirvia\/wp-json\/wp\/v2\/pages"}],"about":[{"href":"https:\/\/agora.xtec.cat\/escoladetirvia\/wp-json\/wp\/v2\/types\/page"}],"author":[{"embeddable":true,"href":"https:\/\/agora.xtec.cat\/escoladetirvia\/wp-json\/wp\/v2\/users\/1"}],"replies":[{"embeddable":true,"href":"https:\/\/agora.xtec.cat\/escoladetirvia\/wp-json\/wp\/v2\/comments?post=2838"}],"version-history":[{"count":4,"href":"https:\/\/agora.xtec.cat\/escoladetirvia\/wp-json\/wp\/v2\/pages\/2838\/revisions"}],"predecessor-version":[{"id":3061,"href":"https:\/\/agora.xtec.cat\/escoladetirvia\/wp-json\/wp\/v2\/pages\/2838\/revisions\/3061"}],"wp:attachment":[{"href":"https:\/\/agora.xtec.cat\/escoladetirvia\/wp-json\/wp\/v2\/media?parent=2838"}],"curies":[{"name":"wp","href":"https:\/\/api.w.org\/{rel}","templated":true}]}}