{"id":2823,"date":"2025-03-04T16:36:10","date_gmt":"2025-03-04T15:36:10","guid":{"rendered":"https:\/\/agora.xtec.cat\/escoladetirvia\/?page_id=2823"},"modified":"2025-09-07T13:06:01","modified_gmt":"2025-09-07T11:06:01","slug":"llar-dinfants","status":"publish","type":"page","link":"https:\/\/agora.xtec.cat\/escoladetirvia\/llar-dinfants\/","title":{"rendered":"Llar d&#8217;Infants"},"content":{"rendered":"\n<p>Des del curs 2024-25, l\u2019Escola de T\u00edrvia acull infants de tots els municipis d\u20191 a 3 anys: I0, I1 i I1.<\/p>\n\n\n\n<p>*Les admissions nom\u00e9s es podran fer a partir de que l\u2019infant&nbsp;<strong>hagi complert 1 any<\/strong>.<\/p>\n\n\n\n<p>La tutora de l\u2019etapa de la llar d\u2019infants \u00e9s:&nbsp;<strong>Sheila R.<\/strong><\/p>\n\n\n\n<p><strong>INFORMACIONS DE FUNCIONAMENT:<\/strong><\/p>\n\n\n\n<p>Podeu veure les informacions com horaris, menjador, etc. al&nbsp;<a href=\"https:\/\/agora.xtec.cat\/escoladetirvia\/informacions-per-al-curs-2025-26\/\">document d\u2019inici de curs.<\/a><\/p>\n\n\n\n<p><strong>COMUNICACI\u00d3 AMB LA MESTRA:<\/strong><\/p>\n\n\n\n<p>Cada infant comptar\u00e0 amb una agenda escolar del curs on s\u2019hi anotaran les informacions rellevants com: horari de descans, \u00e0pats, material que cal portar, etc.<br>Demanem que s\u2019utilitzi l&#8217;agenda per a comunicar qualsevol aspecte amb la tutora i que es revisi a diari per a comprovar si hi ha alguna informaci\u00f3 de l\u2019escola dins.<\/p>\n\n\n\n<p>A banda del correu electr\u00f2nic del centre: c5004577@xtec.cat cada tutora de les comunitats t\u00e9 el seu, que podeu utilitzar per a consultar-li qualsevol cosa, tot i aix\u00ed, el mitj\u00e0 habitual ser\u00e0 sempre la llibreta.<\/p>\n\n\n\n<p class=\"has-text-align-center\">Correu de la Llar d\u2019Infants:&nbsp;llar.tirvia@zersobira.cat<\/p>\n\n\n\n<p><strong>PAGAMENTS:<\/strong><\/p>\n\n\n\n<ol class=\"wp-block-list\">\n<li><strong>Quota d\u2019escolaritzaci\u00f3 (mensual).<\/strong><\/li>\n<\/ol>\n\n\n\n<p>Aquesta quota est\u00e0 regulada per l\u2019<a href=\"https:\/\/dogc.gencat.cat\/ca\/document-del-dogc\/?documentId=634731\"><strong>Ordre ENS\/72\/2013, DE 23 d\u2019abril. per la qual es fixa l\u2019import del preu p\u00fablic del servei escolar prestat a les llars d\u2019infants de titularitat de la Generalitat de Catalunya per al curs 2013-2014.<\/strong><\/a><\/p>\n\n\n\n<p><strong>*I0 i I1:<\/strong>&nbsp;La mensualitat dels infants d\u2019I0 i I1 de la llar d\u2019infants \u00e9s de&nbsp;<strong>118\u20ac<\/strong>&nbsp;a ingressar al compte corrent d\u2019escola entre l\u20191 i el 5 de cada mes.<\/p>\n\n\n\n<p><strong>*I2:<\/strong>&nbsp;A partir de curs 2022-2023, no ser\u00e0 d \u2018aplicaci\u00f3 el preu p\u00fablic pel servei escolar del tercer curs del primer cicle d\u2019educaci\u00f3 infantil (I2) a les escoles rurals.<\/p>\n\n\n\n<p>*Bonificacions i exempcions en la quota d\u2019escolaritzaci\u00f3:<br>A l\u2019alumnat que utilitzi aquest servei li s\u00f3n aplicables, amb la&nbsp;justificaci\u00f3 pr\u00e8via documental,&nbsp;les bonificacions i exempcions seg\u00fcents:<\/p>\n\n\n\n<p><em>&nbsp; &nbsp; &nbsp; &nbsp; &nbsp; Bonificacions:<\/em><br>Les persones membres de fam\u00edlies nombroses classificades en la categoria general i les persones membres de fam\u00edlies monoparentals tenen una bonificaci\u00f3 del 50% del preu p\u00fablic. \u00c9s a dir: paguen&nbsp;<strong>59\u20ac al mes.<\/strong><\/p>\n\n\n\n<p><em>&nbsp; &nbsp; &nbsp; &nbsp; &nbsp; Exempcions:<\/em><br>Les persones amb un grau m\u00ednim de minusvalidesa del 33%.<\/p>\n\n\n\n<p>Les persones membres de fam\u00edlies nombroses classificades en la categoria especial.<\/p>\n\n\n\n<p>Les persones v\u00edctimes d\u2019actes terroristes, aix\u00ed com per als seus c\u00f2njuges i els seus fills.<\/p>\n\n\n\n<p>El compte corrent \u00e9s:&nbsp;<strong>ES61 2100 0228 4402 0001 4279&nbsp;<\/strong>i el concepte de transfer\u00e8ncia ha d\u2019indicar:&nbsp;<em>NOM + mes de lany<\/em>&nbsp;(exemple: Toni + febrer).<\/p>\n\n\n\n<p>Cal enviar un comprovant al c5004577@xtec.cat cada vegada que es pagui la mensualitat.<\/p>\n\n\n\n<p><strong>LLISTAT DE MATERIAL A PORTAR:<\/strong><\/p>\n\n\n\n<p>Clicant a l\u2019enlla\u00e7 seg\u00fcent podreu veure qu\u00e8 cal portar a l\u2019escola durant els primers dies:<\/p>\n\n\n\n<div data-wp-interactive=\"core\/file\" class=\"wp-block-file\"><object data-wp-bind--hidden=\"!state.hasPdfPreview\" hidden class=\"wp-block-file__embed\" data=\"https:\/\/agora.xtec.cat\/escoladetirvia\/wp-content\/uploads\/usu1955\/2025\/09\/Material-Llar-dinfants-1.pdf\" type=\"application\/pdf\" style=\"width:100%;height:600px\" aria-label=\"Incrustaci\u00f3 del fitxer Material Llar d&#039;infants.\"><\/object><a id=\"wp-block-file--media-43d9fdeb-e20e-49d8-9908-d9ad9f85d015\" href=\"https:\/\/agora.xtec.cat\/escoladetirvia\/wp-content\/uploads\/usu1955\/2025\/09\/Material-Llar-dinfants-1.pdf\">Material Llar d&#8217;infants<\/a><a href=\"https:\/\/agora.xtec.cat\/escoladetirvia\/wp-content\/uploads\/usu1955\/2025\/09\/Material-Llar-dinfants-1.pdf\" class=\"wp-block-file__button wp-element-button\" download aria-describedby=\"wp-block-file--media-43d9fdeb-e20e-49d8-9908-d9ad9f85d015\">Baixa<\/a><\/div>\n\n\n\n<p><strong>QUOTA DE MATERIAL<\/strong><\/p>\n\n\n\n<p>At\u00e8s que els infants d&#8217;aquests cursos no disposeu dels vals escolars. La quota de material de l&#8217;escola \u00e9s de 60\u20ac.&nbsp;<\/p>\n\n\n\n<p>Cal que feu un pagament de 30\u20ac durant el mes de setembre i un altre de 30\u20ac al gener del 2026.<\/p>\n\n\n\n<p><strong>INFORMACI\u00d3 PER FER EL PAGAMENT<\/strong><\/p>\n\n\n\n<p>El compte corrent \u00e9s&nbsp;<strong>ES61 2100 0228 4402 0001 4279<\/strong>&nbsp;i el concepte de transfer\u00e8ncia ha d&#8217;indicar: <em>NOM&nbsp;+ MATERIAL<\/em><\/p>\n\n\n\n<p><\/p>\n","protected":false},"excerpt":{"rendered":"<p>Des del curs 2024-25, l\u2019Escola de T\u00edrvia acull infants de tots els municipis d\u20191 a 3 anys: I0, I1 i [&hellip;]<\/p>\n","protected":false},"author":1,"featured_media":2818,"parent":0,"menu_order":0,"comment_status":"closed","ping_status":"close","template":"","meta":{"_bbp_topic_count":0,"_bbp_reply_count":0,"_bbp_total_topic_count":0,"_bbp_total_reply_count":0,"_bbp_voice_count":0,"_bbp_anonymous_reply_count":0,"_bbp_topic_count_hidden":0,"_bbp_reply_count_hidden":0,"_bbp_forum_subforum_count":0,"site-sidebar-layout":"default","site-content-layout":"","ast-site-content-layout":"default","site-content-style":"default","site-sidebar-style":"default","ast-global-header-display":"","ast-banner-title-visibility":"","ast-main-header-display":"","ast-hfb-above-header-display":"","ast-hfb-below-header-display":"","ast-hfb-mobile-header-display":"","site-post-title":"","ast-breadcrumbs-content":"","ast-featured-img":"","footer-sml-layout":"","theme-transparent-header-meta":"","adv-header-id-meta":"","stick-header-meta":"","header-above-stick-meta":"","header-main-stick-meta":"","header-below-stick-meta":"","astra-migrate-meta-layouts":"set","ast-page-background-enabled":"default","ast-page-background-meta":{"desktop":{"background-color":"var(--ast-global-color-4)","background-image":"","background-repeat":"repeat","background-position":"center center","background-size":"auto","background-attachment":"scroll","background-type":"","background-media":"","overlay-type":"","overlay-color":"","overlay-opacity":"","overlay-gradient":""},"tablet":{"background-color":"","background-image":"","background-repeat":"repeat","background-position":"center center","background-size":"auto","background-attachment":"scroll","background-type":"","background-media":"","overlay-type":"","overlay-color":"","overlay-opacity":"","overlay-gradient":""},"mobile":{"background-color":"","background-image":"","background-repeat":"repeat","background-position":"center center","background-size":"auto","background-attachment":"scroll","background-type":"","background-media":"","overlay-type":"","overlay-color":"","overlay-opacity":"","overlay-gradient":""}},"ast-content-background-meta":{"desktop":{"background-color":"var(--ast-global-color-5)","background-image":"","background-repeat":"repeat","background-position":"center center","background-size":"auto","background-attachment":"scroll","background-type":"","background-media":"","overlay-type":"","overlay-color":"","overlay-opacity":"","overlay-gradient":""},"tablet":{"background-color":"var(--ast-global-color-5)","background-image":"","background-repeat":"repeat","background-position":"center center","background-size":"auto","background-attachment":"scroll","background-type":"","background-media":"","overlay-type":"","overlay-color":"","overlay-opacity":"","overlay-gradient":""},"mobile":{"background-color":"var(--ast-global-color-5)","background-image":"","background-repeat":"repeat","background-position":"center center","background-size":"auto","background-attachment":"scroll","background-type":"","background-media":"","overlay-type":"","overlay-color":"","overlay-opacity":"","overlay-gradient":""}},"footnotes":""},"class_list":["post-2823","page","type-page","status-publish","has-post-thumbnail","hentry"],"post_mailing_queue_ids":[],"_links":{"self":[{"href":"https:\/\/agora.xtec.cat\/escoladetirvia\/wp-json\/wp\/v2\/pages\/2823","targetHints":{"allow":["GET"]}}],"collection":[{"href":"https:\/\/agora.xtec.cat\/escoladetirvia\/wp-json\/wp\/v2\/pages"}],"about":[{"href":"https:\/\/agora.xtec.cat\/escoladetirvia\/wp-json\/wp\/v2\/types\/page"}],"author":[{"embeddable":true,"href":"https:\/\/agora.xtec.cat\/escoladetirvia\/wp-json\/wp\/v2\/users\/1"}],"replies":[{"embeddable":true,"href":"https:\/\/agora.xtec.cat\/escoladetirvia\/wp-json\/wp\/v2\/comments?post=2823"}],"version-history":[{"count":6,"href":"https:\/\/agora.xtec.cat\/escoladetirvia\/wp-json\/wp\/v2\/pages\/2823\/revisions"}],"predecessor-version":[{"id":3021,"href":"https:\/\/agora.xtec.cat\/escoladetirvia\/wp-json\/wp\/v2\/pages\/2823\/revisions\/3021"}],"wp:featuredmedia":[{"embeddable":true,"href":"https:\/\/agora.xtec.cat\/escoladetirvia\/wp-json\/wp\/v2\/media\/2818"}],"wp:attachment":[{"href":"https:\/\/agora.xtec.cat\/escoladetirvia\/wp-json\/wp\/v2\/media?parent=2823"}],"curies":[{"name":"wp","href":"https:\/\/api.w.org\/{rel}","templated":true}]}}