{"id":28,"date":"2014-09-18T12:29:35","date_gmt":"2014-09-18T11:29:35","guid":{"rendered":"http:\/\/agora.xtec.cat\/escoladetermens\/?page_id=28"},"modified":"2018-06-18T14:13:40","modified_gmt":"2018-06-18T12:13:40","slug":"consell-escolar","status":"publish","type":"page","link":"https:\/\/agora.xtec.cat\/escoladetermens\/lescola\/consell-escolar\/","title":{"rendered":"Instal\u00b7lacions"},"content":{"rendered":"<p style=\"color: #444444;\">Us convidem a fer un passeig virtual per la nostra escola (en construcci\u00f3). Aix\u00ed podreu veure com \u00e9s d&#8217;acollidora, bonica i alegre.<\/p>\n","protected":false},"excerpt":{"rendered":"<p>Us convidem a fer un passeig virtual per la nostra escola (en construcci\u00f3). Aix\u00ed podreu veure com \u00e9s d&#8217;acollidora, bonica i alegre.<\/p>\n","protected":false},"author":1,"featured_media":0,"parent":22,"menu_order":30,"comment_status":"closed","ping_status":"closed","template":"page-templates\/side-menu.php","meta":{"_bbp_topic_count":0,"_bbp_reply_count":0,"_bbp_total_topic_count":0,"_bbp_total_reply_count":0,"_bbp_voice_count":0,"_bbp_anonymous_reply_count":0,"_bbp_topic_count_hidden":0,"_bbp_reply_count_hidden":0,"_bbp_forum_subforum_count":0,"footnotes":""},"class_list":["post-28","page","type-page","status-publish","hentry"],"post_mailing_queue_ids":[],"_links":{"self":[{"href":"https:\/\/agora.xtec.cat\/escoladetermens\/wp-json\/wp\/v2\/pages\/28","targetHints":{"allow":["GET"]}}],"collection":[{"href":"https:\/\/agora.xtec.cat\/escoladetermens\/wp-json\/wp\/v2\/pages"}],"about":[{"href":"https:\/\/agora.xtec.cat\/escoladetermens\/wp-json\/wp\/v2\/types\/page"}],"author":[{"embeddable":true,"href":"https:\/\/agora.xtec.cat\/escoladetermens\/wp-json\/wp\/v2\/users\/1"}],"replies":[{"embeddable":true,"href":"https:\/\/agora.xtec.cat\/escoladetermens\/wp-json\/wp\/v2\/comments?post=28"}],"version-history":[{"count":3,"href":"https:\/\/agora.xtec.cat\/escoladetermens\/wp-json\/wp\/v2\/pages\/28\/revisions"}],"predecessor-version":[{"id":787,"href":"https:\/\/agora.xtec.cat\/escoladetermens\/wp-json\/wp\/v2\/pages\/28\/revisions\/787"}],"up":[{"embeddable":true,"href":"https:\/\/agora.xtec.cat\/escoladetermens\/wp-json\/wp\/v2\/pages\/22"}],"wp:attachment":[{"href":"https:\/\/agora.xtec.cat\/escoladetermens\/wp-json\/wp\/v2\/media?parent=28"}],"curies":[{"name":"wp","href":"https:\/\/api.w.org\/{rel}","templated":true}]}}