{"id":26,"date":"2014-09-18T12:24:32","date_gmt":"2014-09-18T11:24:32","guid":{"rendered":"http:\/\/agora.xtec.cat\/escoladetermens\/?page_id=26"},"modified":"2023-09-03T10:43:29","modified_gmt":"2023-09-03T08:43:29","slug":"historia","status":"publish","type":"page","link":"https:\/\/agora.xtec.cat\/escoladetermens\/lescola\/historia\/","title":{"rendered":"Qui som"},"content":{"rendered":"<p>Som una escola petita, din\u00e0mica, oberta a l&#8217;entorn i amb visi\u00f3 de futur que pret\u00e9n oferir un servei de qualitat que desenvolupi les capacitats dels alumnes de manera integral, dotant-los d&#8217;estrat\u00e8gies acad\u00e8miques, personals i socials que els facin competents per conviure en la societat actual.<\/p>\n<p><a href=\"https:\/\/drive.google.com\/file\/d\/1D6U1KELlPureZXl4RT6tVL3Ml2-gUXkP\/view?usp=sharing\"><strong>Full informatiu. Organigrama-festes-sortides i activitats<\/strong><\/a><\/p>\n<p>&nbsp;<\/p>\n<p>&nbsp;<\/p>\n","protected":false},"excerpt":{"rendered":"<p>Som una escola petita, din\u00e0mica, oberta a l&#8217;entorn i amb visi\u00f3 de futur que pret\u00e9n oferir un servei de qualitat que desenvolupi les capacitats dels alumnes de manera integral, dotant-los d&#8217;estrat\u00e8gies acad\u00e8miques, personals i socials que els facin competents per conviure en la societat actual.<br \/>\n<a&hellip;  <a href=\"https:\/\/agora.xtec.cat\/escoladetermens\/lescola\/historia\/\" title=\"Read Qui som\">Llegeix m\u00e9s\u00bb<\/a><\/p>\n","protected":false},"author":1,"featured_media":0,"parent":22,"menu_order":20,"comment_status":"closed","ping_status":"closed","template":"page-templates\/side-menu.php","meta":{"_bbp_topic_count":0,"_bbp_reply_count":0,"_bbp_total_topic_count":0,"_bbp_total_reply_count":0,"_bbp_voice_count":0,"_bbp_anonymous_reply_count":0,"_bbp_topic_count_hidden":0,"_bbp_reply_count_hidden":0,"_bbp_forum_subforum_count":0,"footnotes":""},"class_list":["post-26","page","type-page","status-publish","hentry"],"post_mailing_queue_ids":[],"_links":{"self":[{"href":"https:\/\/agora.xtec.cat\/escoladetermens\/wp-json\/wp\/v2\/pages\/26","targetHints":{"allow":["GET"]}}],"collection":[{"href":"https:\/\/agora.xtec.cat\/escoladetermens\/wp-json\/wp\/v2\/pages"}],"about":[{"href":"https:\/\/agora.xtec.cat\/escoladetermens\/wp-json\/wp\/v2\/types\/page"}],"author":[{"embeddable":true,"href":"https:\/\/agora.xtec.cat\/escoladetermens\/wp-json\/wp\/v2\/users\/1"}],"replies":[{"embeddable":true,"href":"https:\/\/agora.xtec.cat\/escoladetermens\/wp-json\/wp\/v2\/comments?post=26"}],"version-history":[{"count":4,"href":"https:\/\/agora.xtec.cat\/escoladetermens\/wp-json\/wp\/v2\/pages\/26\/revisions"}],"predecessor-version":[{"id":7587,"href":"https:\/\/agora.xtec.cat\/escoladetermens\/wp-json\/wp\/v2\/pages\/26\/revisions\/7587"}],"up":[{"embeddable":true,"href":"https:\/\/agora.xtec.cat\/escoladetermens\/wp-json\/wp\/v2\/pages\/22"}],"wp:attachment":[{"href":"https:\/\/agora.xtec.cat\/escoladetermens\/wp-json\/wp\/v2\/media?parent=26"}],"curies":[{"name":"wp","href":"https:\/\/api.w.org\/{rel}","templated":true}]}}