{"id":73,"date":"2014-09-18T14:01:51","date_gmt":"2014-09-18T13:01:51","guid":{"rendered":"http:\/\/agora.xtec.cat\/escoladetartareu\/?page_id=73"},"modified":"2022-03-26T13:17:11","modified_gmt":"2022-03-26T12:17:11","slug":"menjador-escolar","status":"publish","type":"page","link":"https:\/\/agora.xtec.cat\/escoladetartareu\/menjador-escolar\/","title":{"rendered":"Alumnat"},"content":{"rendered":"<p>A l&#8217;escola de Tartareu som 10 alumnes en aquest moment. A Infantil som dos: una nena que fa P4 i un nen a P5. A Prim\u00e0ria som vuit: dues nenes a Cicle Inicial que fan segon,\u00a0 a Cicle Mitj\u00e0 tres alumnes que fan quart, i finalment a Cicle Superior una nena que fa cinqu\u00e8 i dos alumnes de 6\u00e8.<\/p>\n","protected":false},"excerpt":{"rendered":"<p>A l&#8217;escola de Tartareu som 10 alumnes en aquest moment. A Infantil som dos: una nena que fa P4 i un nen a P5. A Prim\u00e0ria som vuit: dues nenes a Cicle Inicial que fan segon,\u00a0 a Cicle Mitj\u00e0 tres alumnes que fan quart, i&hellip;  <a href=\"https:\/\/agora.xtec.cat\/escoladetartareu\/menjador-escolar\/\" title=\"Read Alumnat\">Llegeix m\u00e9s\u00bb<\/a><\/p>\n","protected":false},"author":1,"featured_media":0,"parent":0,"menu_order":30,"comment_status":"closed","ping_status":"closed","template":"page-templates\/side-menu.php","meta":{"_bbp_topic_count":0,"_bbp_reply_count":0,"_bbp_total_topic_count":0,"_bbp_total_reply_count":0,"_bbp_voice_count":0,"_bbp_anonymous_reply_count":0,"_bbp_topic_count_hidden":0,"_bbp_reply_count_hidden":0,"_bbp_forum_subforum_count":0,"footnotes":""},"class_list":["post-73","page","type-page","status-publish","hentry"],"post_mailing_queue_ids":[],"_links":{"self":[{"href":"https:\/\/agora.xtec.cat\/escoladetartareu\/wp-json\/wp\/v2\/pages\/73","targetHints":{"allow":["GET"]}}],"collection":[{"href":"https:\/\/agora.xtec.cat\/escoladetartareu\/wp-json\/wp\/v2\/pages"}],"about":[{"href":"https:\/\/agora.xtec.cat\/escoladetartareu\/wp-json\/wp\/v2\/types\/page"}],"author":[{"embeddable":true,"href":"https:\/\/agora.xtec.cat\/escoladetartareu\/wp-json\/wp\/v2\/users\/1"}],"replies":[{"embeddable":true,"href":"https:\/\/agora.xtec.cat\/escoladetartareu\/wp-json\/wp\/v2\/comments?post=73"}],"version-history":[{"count":3,"href":"https:\/\/agora.xtec.cat\/escoladetartareu\/wp-json\/wp\/v2\/pages\/73\/revisions"}],"predecessor-version":[{"id":729,"href":"https:\/\/agora.xtec.cat\/escoladetartareu\/wp-json\/wp\/v2\/pages\/73\/revisions\/729"}],"wp:attachment":[{"href":"https:\/\/agora.xtec.cat\/escoladetartareu\/wp-json\/wp\/v2\/media?parent=73"}],"curies":[{"name":"wp","href":"https:\/\/api.w.org\/{rel}","templated":true}]}}