{"id":531,"date":"2019-10-31T11:28:04","date_gmt":"2019-10-31T10:28:04","guid":{"rendered":"https:\/\/agora.xtec.cat\/escoladetartareu\/?page_id=531"},"modified":"2022-03-26T13:26:35","modified_gmt":"2022-03-26T12:26:35","slug":"material-escolar","status":"publish","type":"page","link":"https:\/\/agora.xtec.cat\/escoladetartareu\/lescola\/material-escolar\/","title":{"rendered":"Material Escolar"},"content":{"rendered":"<p>Descripci\u00f3 i enumeraci\u00f3 del material escolar que els alumnes i fam\u00edlies necessitaran per al nivell educatiu corresponent.<\/p>\n<p>Tots els alumnes han de portar bata de classe i xandall de la ZER per gimn\u00e0stica i sortides. \u00c9s aconsellable tamb\u00e9, portar una bata per pl\u00e0stica.<\/p>\n<ul>\n<li>Educaci\u00f3 infantil. El material necessari per la classe se\u2019ls proporciona al centre. Han de portar: ampolleta d&#8217;aigua i got de pl\u00e0stic personals i tamb\u00e9 una muda de recanvi.<\/li>\n<li>Educaci\u00f3 prim\u00e0ria. El material necessari per la classe se\u2019ls proporciona al centre. Han de portar: bosseta-estoig\u00a0 per\u00a0 material d&#8217;aula, ampolleta d&#8217;aigua i got de pl\u00e0stic personals.<\/li>\n<\/ul>\n<p>Les fam\u00edlies fan una aportaci\u00f3 de 50 \u20ac per alumne i curs, per tal de poder sufragar les despeses de material que assumeix l\u2019escola, com pot ser la pintura, cartolines, agenda, llibretes de treball, llic\u00e8ncies digitals, \u2026<\/p>\n","protected":false},"excerpt":{"rendered":"<p>Descripci\u00f3 i enumeraci\u00f3 del material escolar que els alumnes i fam\u00edlies necessitaran per al nivell educatiu corresponent.<br \/>\nTots els alumnes han de portar bata de classe i xandall de la ZER per gimn\u00e0stica i sortides. \u00c9s aconsellable tamb\u00e9, portar una bata per pl\u00e0stica.<\/p>\n<ul>\n<li>Educaci\u00f3 infantil. El material&hellip;  <a href=\"https:\/\/agora.xtec.cat\/escoladetartareu\/lescola\/material-escolar\/\" title=\"Read Material Escolar\">Llegeix m\u00e9s\u00bb<\/a><br \/>\n","protected":false},"author":1,"featured_media":0,"parent":22,"menu_order":0,"comment_status":"closed","ping_status":"closed","template":"page-templates\/side-menu.php","meta":{"_bbp_topic_count":0,"_bbp_reply_count":0,"_bbp_total_topic_count":0,"_bbp_total_reply_count":0,"_bbp_voice_count":0,"_bbp_anonymous_reply_count":0,"_bbp_topic_count_hidden":0,"_bbp_reply_count_hidden":0,"_bbp_forum_subforum_count":0,"footnotes":""},"class_list":["post-531","page","type-page","status-publish","hentry"],"post_mailing_queue_ids":[],"_links":{"self":[{"href":"https:\/\/agora.xtec.cat\/escoladetartareu\/wp-json\/wp\/v2\/pages\/531","targetHints":{"allow":["GET"]}}],"collection":[{"href":"https:\/\/agora.xtec.cat\/escoladetartareu\/wp-json\/wp\/v2\/pages"}],"about":[{"href":"https:\/\/agora.xtec.cat\/escoladetartareu\/wp-json\/wp\/v2\/types\/page"}],"author":[{"embeddable":true,"href":"https:\/\/agora.xtec.cat\/escoladetartareu\/wp-json\/wp\/v2\/users\/1"}],"replies":[{"embeddable":true,"href":"https:\/\/agora.xtec.cat\/escoladetartareu\/wp-json\/wp\/v2\/comments?post=531"}],"version-history":[{"count":3,"href":"https:\/\/agora.xtec.cat\/escoladetartareu\/wp-json\/wp\/v2\/pages\/531\/revisions"}],"predecessor-version":[{"id":731,"href":"https:\/\/agora.xtec.cat\/escoladetartareu\/wp-json\/wp\/v2\/pages\/531\/revisions\/731"}],"up":[{"embeddable":true,"href":"https:\/\/agora.xtec.cat\/escoladetartareu\/wp-json\/wp\/v2\/pages\/22"}],"wp:attachment":[{"href":"https:\/\/agora.xtec.cat\/escoladetartareu\/wp-json\/wp\/v2\/media?parent=531"}],"curies":[{"name":"wp","href":"https:\/\/api.w.org\/{rel}","templated":true}]}}