{"id":73,"date":"2014-09-18T14:01:51","date_gmt":"2014-09-18T13:01:51","guid":{"rendered":"http:\/\/agora.xtec.cat\/escoladeponts\/?page_id=73"},"modified":"2026-04-28T09:23:25","modified_gmt":"2026-04-28T07:23:25","slug":"menjador-escolar","status":"publish","type":"page","link":"https:\/\/agora.xtec.cat\/escoladeponts\/menjador-escolar\/","title":{"rendered":"Menjador escolar"},"content":{"rendered":"<p><a href=\"https:\/\/drive.google.com\/file\/d\/1jbyKM6Ak-QuH7D2Jwv_0WJqTJaa_5y9F\/view?usp=sharing\">MEN\u00da DE SETEMBRE <\/a><\/p>\n<p><a href=\"https:\/\/drive.google.com\/file\/d\/1N5daapedFhbAWWJFDFCbGZw53fgDSYCi\/view?usp=sharing\">MEN\u00da D&#8217;OCTUBRE<\/a><\/p>\n<p><a href=\"https:\/\/drive.google.com\/file\/d\/16EBBBRxHTeISED4vxyFXel5uDl-Merwx\/view?usp=drive_link\">MEN\u00da DE NOVEMBRE<\/a><\/p>\n<p><a href=\"https:\/\/drive.google.com\/file\/d\/1fOVJ6N-FXEGl5aWA-qQpkTAn9Te3fivb\/view?usp=sharing\">MEN\u00da DE DESEMBRE<\/a><\/p>\n<p><a href=\"https:\/\/drive.google.com\/file\/d\/1NhKOLel2F9uK362B7lA0YzywHSS-7D5l\/view?usp=sharing\">MEN\u00da DE GENER<\/a><\/p>\n<p><a href=\"https:\/\/drive.google.com\/file\/d\/11OgNThBeQ74MTk_tgvc9dh2l7YHG1Tgc\/view?usp=sharing\">MEN\u00da DE FEBRER<\/a><\/p>\n<p><a href=\"https:\/\/drive.google.com\/file\/d\/1V6VIUKY8PIqrkKIeSCIXBDppCmwnxVR3\/view?usp=sharing\">MEN\u00da DE MAR\u00c7<\/a><\/p>\n<p><a href=\"https:\/\/drive.google.com\/file\/d\/1-b9_IPs0FNQBs-j7Yrx_ulmDpvM6PsEX\/view?usp=sharing\">MEN\u00da D&#8217;ABRIL<\/a><\/p>\n<p><a href=\"https:\/\/drive.google.com\/file\/d\/1V0sAZTLRG5-7v0_j9MoRjMfp0tZGlFu4\/view?usp=sharing\">MEN\u00da DE MAIG<\/a><\/p>\n\n\n<p><\/p>\n","protected":false},"excerpt":{"rendered":"<p>MEN\u00da DE SETEMBRE MEN\u00da D&#8217;OCTUBRE MEN\u00da DE NOVEMBRE MEN\u00da DE DESEMBRE MEN\u00da DE GENER MEN\u00da DE FEBRER MEN\u00da DE MAR\u00c7 MEN\u00da D&#8217;ABRIL MEN\u00da DE MAIG<\/p>\n","protected":false},"author":1,"featured_media":0,"parent":0,"menu_order":30,"comment_status":"closed","ping_status":"closed","template":"","meta":{"_bbp_topic_count":0,"_bbp_reply_count":0,"_bbp_total_topic_count":0,"_bbp_total_reply_count":0,"_bbp_voice_count":0,"_bbp_anonymous_reply_count":0,"_bbp_topic_count_hidden":0,"_bbp_reply_count_hidden":0,"_bbp_forum_subforum_count":0,"site-sidebar-layout":"default","site-content-layout":"","ast-site-content-layout":"default","site-content-style":"default","site-sidebar-style":"default","ast-global-header-display":"","ast-banner-title-visibility":"","ast-main-header-display":"","ast-hfb-above-header-display":"","ast-hfb-below-header-display":"","ast-hfb-mobile-header-display":"","site-post-title":"","ast-breadcrumbs-content":"","ast-featured-img":"","footer-sml-layout":"","theme-transparent-header-meta":"default","adv-header-id-meta":"","stick-header-meta":"","header-above-stick-meta":"","header-main-stick-meta":"","header-below-stick-meta":"","astra-migrate-meta-layouts":"set","ast-page-background-enabled":"default","ast-page-background-meta":{"desktop":{"background-color":"var(--ast-global-color-4)","background-image":"","background-repeat":"repeat","background-position":"center center","background-size":"auto","background-attachment":"scroll","background-type":"","background-media":"","overlay-type":"","overlay-color":"","overlay-opacity":"","overlay-gradient":""},"tablet":{"background-color":"","background-image":"","background-repeat":"repeat","background-position":"center center","background-size":"auto","background-attachment":"scroll","background-type":"","background-media":"","overlay-type":"","overlay-color":"","overlay-opacity":"","overlay-gradient":""},"mobile":{"background-color":"","background-image":"","background-repeat":"repeat","background-position":"center center","background-size":"auto","background-attachment":"scroll","background-type":"","background-media":"","overlay-type":"","overlay-color":"","overlay-opacity":"","overlay-gradient":""}},"ast-content-background-meta":{"desktop":{"background-color":"var(--ast-global-color-5)","background-image":"","background-repeat":"repeat","background-position":"center center","background-size":"auto","background-attachment":"scroll","background-type":"","background-media":"","overlay-type":"","overlay-color":"","overlay-opacity":"","overlay-gradient":""},"tablet":{"background-color":"var(--ast-global-color-5)","background-image":"","background-repeat":"repeat","background-position":"center center","background-size":"auto","background-attachment":"scroll","background-type":"","background-media":"","overlay-type":"","overlay-color":"","overlay-opacity":"","overlay-gradient":""},"mobile":{"background-color":"var(--ast-global-color-5)","background-image":"","background-repeat":"repeat","background-position":"center center","background-size":"auto","background-attachment":"scroll","background-type":"","background-media":"","overlay-type":"","overlay-color":"","overlay-opacity":"","overlay-gradient":""}},"footnotes":""},"class_list":["post-73","page","type-page","status-publish","hentry"],"post_mailing_queue_ids":[],"_links":{"self":[{"href":"https:\/\/agora.xtec.cat\/escoladeponts\/wp-json\/wp\/v2\/pages\/73","targetHints":{"allow":["GET"]}}],"collection":[{"href":"https:\/\/agora.xtec.cat\/escoladeponts\/wp-json\/wp\/v2\/pages"}],"about":[{"href":"https:\/\/agora.xtec.cat\/escoladeponts\/wp-json\/wp\/v2\/types\/page"}],"author":[{"embeddable":true,"href":"https:\/\/agora.xtec.cat\/escoladeponts\/wp-json\/wp\/v2\/users\/1"}],"replies":[{"embeddable":true,"href":"https:\/\/agora.xtec.cat\/escoladeponts\/wp-json\/wp\/v2\/comments?post=73"}],"version-history":[{"count":6,"href":"https:\/\/agora.xtec.cat\/escoladeponts\/wp-json\/wp\/v2\/pages\/73\/revisions"}],"predecessor-version":[{"id":2589,"href":"https:\/\/agora.xtec.cat\/escoladeponts\/wp-json\/wp\/v2\/pages\/73\/revisions\/2589"}],"wp:attachment":[{"href":"https:\/\/agora.xtec.cat\/escoladeponts\/wp-json\/wp\/v2\/media?parent=73"}],"curies":[{"name":"wp","href":"https:\/\/api.w.org\/{rel}","templated":true}]}}