{"id":38,"date":"2014-09-18T12:34:08","date_gmt":"2014-09-18T11:34:08","guid":{"rendered":"http:\/\/agora.xtec.cat\/escoladeponts\/?page_id=38"},"modified":"2016-07-13T10:04:53","modified_gmt":"2016-07-13T09:04:53","slug":"salut","status":"publish","type":"page","link":"https:\/\/agora.xtec.cat\/escoladeponts\/salut\/","title":{"rendered":"Salut"},"content":{"rendered":"<p><strong><u>SALUT ESCOLAR<\/u><\/strong><strong>\u00a0<\/strong><\/p>\n<p><u>Medicaments<\/u><\/p>\n<p>El Departament d\u2019Ensenyament ha marcat unes normes que hem de seguir estrictament. Com a norma general a l\u2019escola, <strong>NO s\u2019administraran medicaments.<\/strong><\/p>\n<p>Cal que us organitzeu de manera que el subministrament de medicaci\u00f3 no coincideixi amb l\u2019horari escolar.<\/p>\n<p>En el cas que sigui realment imprescindible el medicament a l\u2019escola cal:<\/p>\n<p>&#8211; Portar el medicament al tutor\/a<\/p>\n<p>&#8211; Adjuntar la recepta m\u00e8dica on s\u2019especifiqui el nom de l\u2019alumne\/a, la dosificaci\u00f3 i l\u2019horari d\u2019administraci\u00f3.<\/p>\n<p>&#8211; Complimentar l\u2019autoritzaci\u00f3 corresponent.<\/p>\n<p><u>Vacunacions alumnes de 6\u00e8<\/u><\/p>\n<p>T\u00e9 com a finalitat augmentar la cobertura vacunal de l\u2019hepatitis A-B i el control i seguiment de l\u2019estat de vacunaci\u00f3 dels\/de les alumnes: papil\u00b7loma i varicel\u00b7la.<strong>\u00a0<\/strong><\/p>\n<p><u>Prevenci\u00f3 de c\u00e0ries dental: revisions<\/u><\/p>\n<p>T\u00e9 com a finalitat disminuir la prevalen\u00e7a de la c\u00e0ries dental entre els escolars.<\/p>\n<p><u>Normes b\u00e0siques d\u2019higiene i salut<\/u><\/p>\n<p>No s\u2019acceptar\u00e0 l\u2019entrada a l\u2019escola de cap nen\/a quan presenti:<\/p>\n<ul>\n<li>Brut\u00edcia o manifesta manca d\u2019higiene.<\/li>\n<li>Febre (temperatura superior a 37\u20195 \u00ba )<\/li>\n<li>Diarrea l\u00edquida o amb sang.<\/li>\n<li>Erupcions i altres alteracions de la pell (excepte si porten l\u2019informe del pediatre amb la indicaci\u00f3 que no s\u00f3n contagioses)<\/li>\n<li>Conjuntivitis purulenta sense tractament.<\/li>\n<\/ul>\n<p>Si durant l\u2019estada a l\u2019escola es detecta febre o s\u00edmptomes de malaltia de l\u2019alumne\/a s\u2019avisar\u00e0 la fam\u00edlia per tal que el vinguin a buscar el m\u00e9s aviat possible. Aix\u00ed mateix es podr\u00e0 demanar un certificat m\u00e8dic per poder acceptar un\/a nen\/a despr\u00e9s d\u2019haver passat una malaltia infecciosa.<\/p>\n<p><u>Polls<\/u><\/p>\n<p>Cada vegada que a l\u2019escola es detecti polls el centre enviar\u00e0 una circular per tal que prengueu les mesures necess\u00e0ries per a eliminar-los. S\u2019informar\u00e0 a la pediatra del CAP.<\/p>\n<p>Tamb\u00e9 agrair\u00edem que si vosaltres en trobeu ens ho feu saber per tal d\u2019eliminar-los el m\u00e9s aviat possible.<\/p>\n<p>&nbsp;<\/p>\n<p>&nbsp;<\/p>\n<p>&nbsp;<\/p>\n<p>&nbsp;<\/p>\n<p>&nbsp;<\/p>\n<p>&nbsp;<\/p>\n<p>&nbsp;<\/p>\n<p>&nbsp;<\/p>\n<p>&nbsp;<\/p>\n","protected":false},"excerpt":{"rendered":"<p>SALUT ESCOLAR\u00a0 Medicaments El Departament d\u2019Ensenyament ha marcat unes normes que hem de seguir estrictament. Com a norma general a l\u2019escola, NO s\u2019administraran medicaments. Cal que us organitzeu de manera que el subministrament de medicaci\u00f3 no coincideixi amb l\u2019horari escolar. En el cas que sigui realment imprescindible el medicament a l\u2019escola cal: &#8211; Portar el [&hellip;]<\/p>\n","protected":false},"author":1,"featured_media":0,"parent":0,"menu_order":80,"comment_status":"closed","ping_status":"closed","template":"page-templates\/side-menu.php","meta":{"_bbp_topic_count":0,"_bbp_reply_count":0,"_bbp_total_topic_count":0,"_bbp_total_reply_count":0,"_bbp_voice_count":0,"_bbp_anonymous_reply_count":0,"_bbp_topic_count_hidden":0,"_bbp_reply_count_hidden":0,"_bbp_forum_subforum_count":0,"site-sidebar-layout":"default","site-content-layout":"","ast-site-content-layout":"","site-content-style":"default","site-sidebar-style":"default","ast-global-header-display":"","ast-banner-title-visibility":"","ast-main-header-display":"","ast-hfb-above-header-display":"","ast-hfb-below-header-display":"","ast-hfb-mobile-header-display":"","site-post-title":"","ast-breadcrumbs-content":"","ast-featured-img":"","footer-sml-layout":"","theme-transparent-header-meta":"","adv-header-id-meta":"","stick-header-meta":"","header-above-stick-meta":"","header-main-stick-meta":"","header-below-stick-meta":"","astra-migrate-meta-layouts":"default","ast-page-background-enabled":"default","ast-page-background-meta":{"desktop":{"background-color":"var(--ast-global-color-4)","background-image":"","background-repeat":"repeat","background-position":"center center","background-size":"auto","background-attachment":"scroll","background-type":"","background-media":"","overlay-type":"","overlay-color":"","overlay-opacity":"","overlay-gradient":""},"tablet":{"background-color":"","background-image":"","background-repeat":"repeat","background-position":"center center","background-size":"auto","background-attachment":"scroll","background-type":"","background-media":"","overlay-type":"","overlay-color":"","overlay-opacity":"","overlay-gradient":""},"mobile":{"background-color":"","background-image":"","background-repeat":"repeat","background-position":"center center","background-size":"auto","background-attachment":"scroll","background-type":"","background-media":"","overlay-type":"","overlay-color":"","overlay-opacity":"","overlay-gradient":""}},"ast-content-background-meta":{"desktop":{"background-color":"var(--ast-global-color-5)","background-image":"","background-repeat":"repeat","background-position":"center center","background-size":"auto","background-attachment":"scroll","background-type":"","background-media":"","overlay-type":"","overlay-color":"","overlay-opacity":"","overlay-gradient":""},"tablet":{"background-color":"var(--ast-global-color-5)","background-image":"","background-repeat":"repeat","background-position":"center center","background-size":"auto","background-attachment":"scroll","background-type":"","background-media":"","overlay-type":"","overlay-color":"","overlay-opacity":"","overlay-gradient":""},"mobile":{"background-color":"var(--ast-global-color-5)","background-image":"","background-repeat":"repeat","background-position":"center center","background-size":"auto","background-attachment":"scroll","background-type":"","background-media":"","overlay-type":"","overlay-color":"","overlay-opacity":"","overlay-gradient":""}},"footnotes":""},"class_list":["post-38","page","type-page","status-publish","hentry"],"post_mailing_queue_ids":[],"_links":{"self":[{"href":"https:\/\/agora.xtec.cat\/escoladeponts\/wp-json\/wp\/v2\/pages\/38","targetHints":{"allow":["GET"]}}],"collection":[{"href":"https:\/\/agora.xtec.cat\/escoladeponts\/wp-json\/wp\/v2\/pages"}],"about":[{"href":"https:\/\/agora.xtec.cat\/escoladeponts\/wp-json\/wp\/v2\/types\/page"}],"author":[{"embeddable":true,"href":"https:\/\/agora.xtec.cat\/escoladeponts\/wp-json\/wp\/v2\/users\/1"}],"replies":[{"embeddable":true,"href":"https:\/\/agora.xtec.cat\/escoladeponts\/wp-json\/wp\/v2\/comments?post=38"}],"version-history":[{"count":3,"href":"https:\/\/agora.xtec.cat\/escoladeponts\/wp-json\/wp\/v2\/pages\/38\/revisions"}],"predecessor-version":[{"id":338,"href":"https:\/\/agora.xtec.cat\/escoladeponts\/wp-json\/wp\/v2\/pages\/38\/revisions\/338"}],"wp:attachment":[{"href":"https:\/\/agora.xtec.cat\/escoladeponts\/wp-json\/wp\/v2\/media?parent=38"}],"curies":[{"name":"wp","href":"https:\/\/api.w.org\/{rel}","templated":true}]}}