{"id":32,"date":"2014-09-18T12:31:33","date_gmt":"2014-09-18T11:31:33","guid":{"rendered":"http:\/\/agora.xtec.cat\/escoladeponts\/?page_id=32"},"modified":"2025-07-09T09:03:38","modified_gmt":"2025-07-09T07:03:38","slug":"calendari-del-curs","status":"publish","type":"page","link":"https:\/\/agora.xtec.cat\/escoladeponts\/calendari-del-curs\/","title":{"rendered":"Calendari del curs 2025-2026"},"content":{"rendered":"<p>&nbsp;<\/p>\n<p><b style=\"font-size: 14px;\"><span style=\"color: #ff00ff;\">\u00a0<span style=\"color: #3366ff;\">08-09-2025 Inici de curs<\/span><\/span><\/b><span style=\"color: #3366ff;\"><b style=\"font-size: 14px;\">\u00a0<\/b><\/span><\/p>\n<p><b style=\"font-size: 14px;\"><span style=\"color: #ff0000;\">11-09-2025 Diada Catalunya<\/span><\/b><\/p>\n<p><span style=\"color: #33cccc;\"><b style=\"font-size: 14px;\">12-09-2025 Festa local- Festa major<\/b><\/span><\/p>\n<p><b style=\"font-size: 14px;\"><span style=\"color: #ff0000;\">12-10-2025 El Pilar<\/span><\/b><\/p>\n<p><b style=\"font-size: 14px; background-color: #f9f9f9;\"><span style=\"color: #ff00ff;\">13-10-2025 Lliure disposici\u00f3<\/span><\/b><\/p>\n<p><b style=\"font-size: 14px;\"><span style=\"color: #ff0000;\">01-11-2025 Tots Sants<\/span><\/b><\/p>\n<p><b style=\"font-size: 14px; background-color: #f9f9f9;\"><span style=\"color: #ff00ff;\">03-11-2025 Lliure disposici\u00f3<\/span><\/b><\/p>\n<p><b style=\"font-size: 14px;\"><span style=\"color: #ff0000;\">06-12-2025 La Constituci\u00f3<\/span><\/b><\/p>\n<p><b style=\"font-size: 14px;\"><span style=\"color: #ff0000;\">08-12-2025 La Immaculada\u00a0<\/span><\/b><\/p>\n<p><span style=\"color: #3366ff;\"><b style=\"font-size: 14px;\">19-12-2025 Jornada intensiva (de les 9h a les 13h)<\/b><\/span><\/p>\n<p><b style=\"font-size: 14px; background-color: #f9f9f9;\"><span style=\"color: #ff6600;\">Del 20-12-2025 al 07-01-2026 (ambdos inclosos) Vacances de Nadal<\/span><\/b><\/p>\n<p><b style=\"font-size: 14px; background-color: #f9f9f9;\"><span style=\"color: #ff00ff;\">16-02-2026 Lliure disposici\u00f3 &#8211; Lali Lali<\/span><\/b><\/p>\n<p><span style=\"color: #33cccc;\"><b style=\"font-size: 14px;\">17-02-2026 Festa local &#8211; Carnestoltes<\/b><\/span><\/p>\n<p><b style=\"font-size: 14px; background-color: #f9f9f9;\"><span style=\"color: #ff6600;\">Del 28-03-2026 al 06-04-2026 (ambdos inclosos) Setmana Santa<\/span><\/b><\/p>\n<p><b style=\"font-size: 14px;\"><span style=\"color: #ff0000;\">01-05-2026 Festa del treball<\/span><\/b><\/p>\n<p><b style=\"font-size: 14px; background-color: #f9f9f9;\"><span style=\"color: #ff00ff;\">04-05-2026 Lliure disposici\u00f3<\/span><\/b><\/p>\n<p><span style=\"color: #3366ff;\"><b style=\"font-size: 14px;\">Del 8 al 19 de juny de 2026 Jornada intensiva (de les 9h a les 13h)<\/b><\/span><\/p>\n<p><span style=\"color: #3366ff;\"><b style=\"font-size: 14px;\">19-06-2026 Fi de curs<\/b><\/span><\/p>\n<p><b style=\"font-size: 14px; background-color: #f9f9f9;\"><span style=\"color: #ff0000;\">24-06-2026 Sant Joan<\/span><\/b><\/p>\n<p>&nbsp;<\/p>\n","protected":false},"excerpt":{"rendered":"<p>&nbsp; \u00a008-09-2025 Inici de curs\u00a0 11-09-2025 Diada Catalunya 12-09-2025 Festa local- Festa major 12-10-2025 El Pilar 13-10-2025 Lliure disposici\u00f3 01-11-2025 Tots Sants 03-11-2025 Lliure disposici\u00f3 06-12-2025 La Constituci\u00f3 08-12-2025 La Immaculada\u00a0 19-12-2025 Jornada intensiva (de les 9h a les 13h) Del 20-12-2025 al 07-01-2026 (ambdos inclosos) Vacances de Nadal 16-02-2026 Lliure disposici\u00f3 &#8211; Lali Lali [&hellip;]<\/p>\n","protected":false},"author":1,"featured_media":0,"parent":0,"menu_order":50,"comment_status":"closed","ping_status":"closed","template":"page-templates\/side-menu.php","meta":{"_bbp_topic_count":0,"_bbp_reply_count":0,"_bbp_total_topic_count":0,"_bbp_total_reply_count":0,"_bbp_voice_count":0,"_bbp_anonymous_reply_count":0,"_bbp_topic_count_hidden":0,"_bbp_reply_count_hidden":0,"_bbp_forum_subforum_count":0,"site-sidebar-layout":"default","site-content-layout":"","ast-site-content-layout":"","site-content-style":"default","site-sidebar-style":"default","ast-global-header-display":"","ast-banner-title-visibility":"","ast-main-header-display":"","ast-hfb-above-header-display":"","ast-hfb-below-header-display":"","ast-hfb-mobile-header-display":"","site-post-title":"","ast-breadcrumbs-content":"","ast-featured-img":"","footer-sml-layout":"","theme-transparent-header-meta":"","adv-header-id-meta":"","stick-header-meta":"","header-above-stick-meta":"","header-main-stick-meta":"","header-below-stick-meta":"","astra-migrate-meta-layouts":"default","ast-page-background-enabled":"default","ast-page-background-meta":{"desktop":{"background-color":"var(--ast-global-color-4)","background-image":"","background-repeat":"repeat","background-position":"center center","background-size":"auto","background-attachment":"scroll","background-type":"","background-media":"","overlay-type":"","overlay-color":"","overlay-opacity":"","overlay-gradient":""},"tablet":{"background-color":"","background-image":"","background-repeat":"repeat","background-position":"center center","background-size":"auto","background-attachment":"scroll","background-type":"","background-media":"","overlay-type":"","overlay-color":"","overlay-opacity":"","overlay-gradient":""},"mobile":{"background-color":"","background-image":"","background-repeat":"repeat","background-position":"center center","background-size":"auto","background-attachment":"scroll","background-type":"","background-media":"","overlay-type":"","overlay-color":"","overlay-opacity":"","overlay-gradient":""}},"ast-content-background-meta":{"desktop":{"background-color":"var(--ast-global-color-5)","background-image":"","background-repeat":"repeat","background-position":"center center","background-size":"auto","background-attachment":"scroll","background-type":"","background-media":"","overlay-type":"","overlay-color":"","overlay-opacity":"","overlay-gradient":""},"tablet":{"background-color":"var(--ast-global-color-5)","background-image":"","background-repeat":"repeat","background-position":"center center","background-size":"auto","background-attachment":"scroll","background-type":"","background-media":"","overlay-type":"","overlay-color":"","overlay-opacity":"","overlay-gradient":""},"mobile":{"background-color":"var(--ast-global-color-5)","background-image":"","background-repeat":"repeat","background-position":"center center","background-size":"auto","background-attachment":"scroll","background-type":"","background-media":"","overlay-type":"","overlay-color":"","overlay-opacity":"","overlay-gradient":""}},"footnotes":""},"class_list":["post-32","page","type-page","status-publish","hentry"],"post_mailing_queue_ids":[],"_links":{"self":[{"href":"https:\/\/agora.xtec.cat\/escoladeponts\/wp-json\/wp\/v2\/pages\/32","targetHints":{"allow":["GET"]}}],"collection":[{"href":"https:\/\/agora.xtec.cat\/escoladeponts\/wp-json\/wp\/v2\/pages"}],"about":[{"href":"https:\/\/agora.xtec.cat\/escoladeponts\/wp-json\/wp\/v2\/types\/page"}],"author":[{"embeddable":true,"href":"https:\/\/agora.xtec.cat\/escoladeponts\/wp-json\/wp\/v2\/users\/1"}],"replies":[{"embeddable":true,"href":"https:\/\/agora.xtec.cat\/escoladeponts\/wp-json\/wp\/v2\/comments?post=32"}],"version-history":[{"count":6,"href":"https:\/\/agora.xtec.cat\/escoladeponts\/wp-json\/wp\/v2\/pages\/32\/revisions"}],"predecessor-version":[{"id":269,"href":"https:\/\/agora.xtec.cat\/escoladeponts\/wp-json\/wp\/v2\/pages\/32\/revisions\/269"}],"wp:attachment":[{"href":"https:\/\/agora.xtec.cat\/escoladeponts\/wp-json\/wp\/v2\/media?parent=32"}],"curies":[{"name":"wp","href":"https:\/\/api.w.org\/{rel}","templated":true}]}}